{"id":7253,"date":"2015-08-24T23:23:50","date_gmt":"2015-08-24T22:23:50","guid":{"rendered":"https:\/\/www.saporedicina.com\/es\/?page_id=7253"},"modified":"2023-06-28T09:11:49","modified_gmt":"2023-06-28T08:11:49","slug":"homepage","status":"publish","type":"page","link":"https:\/\/www.saporedicina.com\/es\/","title":{"rendered":"Aprender Chino, Vivir o Viajar en China &#8211; Sapore di Cina"},"content":{"rendered":"<div class=\"section-one\">\n<div class=\"one-element\"><a href=\"https:\/\/www.saporedicina.com\/es\/viajar-china\/\"><img decoding=\"async\" src=\"https:\/\/www.saporedicina.com\/wp-content\/uploads\/landingpages\/travel_to_china.jpg\" alt=\"Viajar a China\" title=\"Viajar a China\" width=\"250\" height=\"250\" \/><\/p>\n<h2>Viajar a China<\/h2>\n<p>Visados,  hoteles, vuelos, trenes, tours y mucho m\u00e1s<\/p>\n<p><\/a><\/div>\n<div class=\"one-element\"><a href=\"https:\/\/www.saporedicina.com\/es\/vivir-china\/\"><img decoding=\"async\" src=\"https:\/\/www.saporedicina.com\/wp-content\/uploads\/landingpages\/live_in_china.jpg\" alt=\"Vivir en China\" title=\"Vivir en China\" width=\"250\" height=\"250\" \/><\/p>\n<h2>Vivir en China<\/h2>\n<p>Trabajos, universidades, apartamentos y mucho m\u00e1s<\/p>\n<p><\/a><\/div>\n<div class=\"one-element\"><a href=\"https:\/\/www.saporedicina.com\/es\/aprender-chino\/\"><img decoding=\"async\" src=\"https:\/\/www.saporedicina.com\/wp-content\/uploads\/landingpages\/learn_chinese.jpg\" alt=\"Aprender Chino\" title=\"Aprender Chino\" width=\"250\" height=\"250\" \/><\/p>\n<h2>Aprender Chino<\/h2>\n<p>Recursos online gratuitos, cursos y consejos<\/p>\n<p><\/a><\/div>\n<div class=\"one-element\"><a href=\"https:\/\/www.saporedicina.com\/es\/destinos-china\/\"><img decoding=\"async\" src=\"https:\/\/www.saporedicina.com\/wp-content\/uploads\/landingpages\/destinations.jpg\" alt=\"Destinos\" title=\"Destinos\" width=\"250\" height=\"250\" \/><\/p>\n<h2>Destinos<\/h2>\n<p>Itinerarios, gu\u00edas de ciudades y provincias<\/p>\n<p><\/a><\/div>\n<div class=\"one-element\"><a href=\"https:\/\/www.saporedicina.com\/es\/recursos\/\"><img decoding=\"async\" src=\"https:\/\/www.saporedicina.com\/wp-content\/uploads\/landingpages\/resources.jpg\" alt=\"Recursos\" title=\"Recursos\" width=\"250\" height=\"250\" \/><\/p>\n<h2>Recursos<\/h2>\n<p>Todo lo que necesitas para sobrevivir en China<\/p>\n<p><\/a><\/div>\n<div class=\"one-element\"><a href=\"https:\/\/www.saporedicina.com\/es\/articulos\/\"><img decoding=\"async\" src=\"https:\/\/www.saporedicina.com\/wp-content\/uploads\/landingpages\/last_articles.jpg\" alt=\"\u00daltimos Art\u00edculos\" title=\"\u00daltimos Art\u00edculos\" width=\"250\" height=\"250\" \/><\/p>\n<h2>\u00daltimos Art\u00edculos<\/h2>\n<p>Lee nuestros \u00faltimos art\u00edculos publicados&#8230;<\/p>\n<p><\/a><\/div>\n<\/div>\n<div class=\"section-as-seen\">\n<h3>as seen in<\/h3>\n<ul>\n<li><img decoding=\"async\" src=\"https:\/\/www.saporedicina.com\/wp-content\/uploads\/landingpages\/elpais3.png\" alt=\"ElPais\" title=\"ElPais\" width=\"160\" height=\"35\" ><\/li>\n<li><img decoding=\"async\" src=\"https:\/\/www.saporedicina.com\/wp-content\/uploads\/landingpages\/lavozdegalicia1.png\" alt=\"La voz de Galicia\" title=\"La Voz de Galicia\" width=\"90\" height=\"50\"><\/li>\n<li><img decoding=\"async\" src=\"https:\/\/www.saporedicina.com\/wp-content\/uploads\/landingpages\/thehuffingtonpost1.png\" alt=\"The Huffington Post\" title=\"The Huffigton Post\"  width=\"129\" height=\"50\"><\/li>\n<li><img decoding=\"async\" src=\"https:\/\/www.saporedicina.com\/wp-content\/uploads\/landingpages\/theguardian1.png\" alt=\"The Guardian\" title=\"The Guardian\" width=\"287\" height=\"50\"><\/li>\n<li><img decoding=\"async\" src=\"https:\/\/www.saporedicina.com\/wp-content\/uploads\/landingpages\/virgin1.png\" alt=\"Virgin\" title=\"Virgin\" width=\"57\" height=\"50\"><\/li>\n<li><img decoding=\"async\" src=\"https:\/\/www.saporedicina.com\/wp-content\/uploads\/landingpages\/bbc1.png\" alt=\"BBC\" title=\"BBC\" width=\"140\" height=\"40\"><\/li>\n<\/ul>\n<\/div>\n<div class=\"section-four\">\n<h1>Otros Destinos<\/h1>\n<div class=\"four-element\"><a href=\"#section5\"><img decoding=\"async\" src=\"https:\/\/www.saporedicina.com\/wp-content\/uploads\/landingpages\/china.jpg\" alt=\"China\" title=\"China\" width=\"241\" height=\"186\" \/><\/p>\n<h2>China<\/h2>\n<p><\/a><\/div>\n<div class=\"four-element\"><a href=\"https:\/\/www.saporedicina.com\/es\/hong-kong\/\"><img decoding=\"async\" src=\"https:\/\/www.saporedicina.com\/wp-content\/uploads\/landingpages\/hong-kong.jpg\" alt=\"Hong Kong\" title=\"Hong Kong\" width=\"241\" height=\"186\" \/><\/p>\n<h2>Hong Kong SAR<\/h2>\n<p><\/a><\/div>\n<div class=\"four-element\"><a href=\"https:\/\/www.saporedicina.com\/es\/taiwan\/\"><img decoding=\"async\" src=\"https:\/\/www.saporedicina.com\/wp-content\/uploads\/landingpages\/taiwan.jpg\" alt=\"Taiw\u00e1n\" title=\"Taiw\u00e1n\" width=\"241\" height=\"186\" \/><\/p>\n<h2>Taiw\u00e1n (RDC)<\/h2>\n<p><\/a><\/div>\n<div class=\"four-element\"><a href=\"https:\/\/www.saporedicina.com\/es\/singapur\/\"><img decoding=\"async\" src=\"https:\/\/www.saporedicina.com\/wp-content\/uploads\/landingpages\/singapore.jpg\" alt=\"Singapur\" title=\"Singapur\" width=\"241\" height=\"186\" \/><\/p>\n<h2>Singapur<\/h2>\n<p><\/a><\/div>\n<div class=\"four-element\"><a href=\"https:\/\/www.saporedicina.com\/es\/tailandia\/\" ><img decoding=\"async\" src=\"https:\/\/www.saporedicina.com\/wp-content\/uploads\/landingpages\/thailand.jpg\" alt=\"Tailandia\" title=\"Tailandia\" width=\"241\" height=\"186\" \/><\/p>\n<h2>Tailandia<\/h2>\n<p><\/a><\/div>\n<div class=\"four-element\"><a href=\"https:\/\/www.saporedicina.com\/es\/vietnam\/\"><img decoding=\"async\" src=\"https:\/\/www.saporedicina.com\/wp-content\/uploads\/landingpages\/vietnam.jpg\" alt=\"Vietnam\" title=\"Vietnam\" width=\"241\" height=\"186\" \/><\/p>\n<h2>Vietnam<\/h2>\n<p><\/a><\/div>\n<\/div>\n<div class=\"five-element\">\n<h2 id=\"section5\">Informaci\u00f3n general<\/h2>\n<p><img decoding=\"async\" src=\"https:\/\/www.saporedicina.com\/wp-content\/uploads\/landingpages\/china.jpg\" alt=\"China\" class=\"alignright\"  width=\"241\" height=\"186\" \/><\/p>\n<ul class=\"spaced-list\">\n<li><strong>Nombre oficial<\/strong>: Rep\u00fablica Popular China (\u4e2d\u534e\u4eba\u6c11\u5171\u548c\u56fd, Zh\u014dnghu\u00e1 R\u00e9nm\u00edn G\u00f2ngh\u00e9gu\u00f3)<\/li>\n<li><strong>Poblaci\u00f3n<\/strong>: 1.439.323.776 (2020)<\/li>\n<li><strong>Capital<\/strong>: Pek\u00edn (\u5317\u4eac, B\u011bij\u012bng)<\/li>\n<li><strong>Moneda<\/strong>: Renminbi (\u00a5, CNY) <\/li>\n<li><strong>Zona horaria<\/strong>: GMT +8<\/li>\n<li><strong>Idioma oficial<\/strong>: Chino mandar\u00edn<\/li>\n<li><strong>Prefijo telef\u00f3nico<\/strong>: +86<\/li>\n<\/ul>\n<\/div>\n<div class=\"five-element\">\n<h2>Viajar a China<\/h2>\n<h3>Turismo Internacional<\/h3>\n<p>China es el cuarto pa\u00eds del mundo en n\u00famero de turistas internacionales.<\/p>\n<h3>Infraestructuras<\/h3>\n<p>China cuenta con unas infraestructuras excelentes y modernas.<\/p>\n<h3>Industria Tur\u00edstica<\/h3>\n<p>China dispone de una sector muy desarrollado, pero sus instalaciones muchas veces est\u00e1n sobresaturadas por el importante incremento del turismo interno.<\/p>\n<h3>Seguridad<\/h3>\n<p>China es un pa\u00eds bastante seguro para los viajeros internacionales.<\/p>\n<h3>Principales Problemas<\/h3>\n<p>Barrera idiom\u00e1tica y diferencias culturales.<\/p>\n<h3>Visado<\/h3>\n<p>La mayor\u00eda de nacionalidades requieren visado para entrar a China. Hay algunas excepciones para viajeros en tr\u00e1nsito.<\/p>\n<h3>Otra Informaci\u00f3n Importante<\/h3>\n<p>Es obligatorio para los extranjeros registrar su estancia a la polic\u00eda local (los hoteles suelen hacerlo).<\/p>\n<h3>Art\u00edculos Destacados<\/h3>\n<ul>\n<li><a href=\"https:\/\/www.saporedicina.com\/es\/viajar-a-china\/\">Gu\u00eda de viaje para China<\/a><\/li>\n<li><a href=\"https:\/\/www.saporedicina.com\/es\/guia-tours-viaje-a-china\/\">Tours en China<\/a><\/li>\n<li><a href=\"https:\/\/www.saporedicina.com\/es\/seguro-viaje-china\/\">Seguro de viaje para China<\/a><\/li>\n<li><a href=\"https:\/\/www.saporedicina.com\/es\/mejores-vpn-china\/\">C\u00f3mo acceder a las webs bloqueadas en China con una VPN<\/a><\/li>\n<\/ul>\n<\/div>\n<div class=\"five-element\">\n<h2>Vivir en China<\/h2>\n<h3>Coste de Vida<\/h3>\n<p>Existen grandes diferencias en el coste de vida dependiendo de la zona del pa\u00eds. Mientras las principales urbes chinas tienen unos costes de vida pr\u00f3ximos a las ciudades de los pa\u00edses desarrollados, las ciudades de tercera a\u00fan presentan unos costes de vida bastante reducidos.<\/p>\n<h3>Mercado de Trabajo<\/h3>\n<p>China sigue presentando buenas oportunidades laborales para trabajadores cualificados en ciertos sectores productivos como educaci\u00f3n, ciencia, nuevas tecnolog\u00edas, comercio entre otros.<\/p>\n<h3>Salarios<\/h3>\n<p>Los salarios han crecido en los \u00faltimos a\u00f1os, pero con ciertas excepciones, a\u00fan est\u00e1n lejos de los destinos m\u00e1s competitivos.<\/p>\n<h3>Seguro M\u00e9dico<\/h3>\n<p>La cobertura del sistema de salud p\u00fablica en China es limitado y la calidad no es simpre comparable a occidente. Por esta raz\u00f3n es recomendable contar con un buen seguro de salud que cubra los costes de la atenci\u00f3n m\u00e9dica en centros privados.<\/p>\n<h3>Visado<\/h3>\n<p>El visado de trabajo est\u00e1 bastante restringido y puede ser dif\u00edcil de obtener. Para poder trabajar en China es necesario demostrar que el trabajador dispone de experiencia y conocimiento en uno de los sectores considerados clave para el pa\u00eds.<\/p>\n<h3>Art\u00edculos Destacados<\/h3>\n<ul>\n<li><a href=\"https:\/\/www.saporedicina.com\/es\/visado-trabajo-china\/\">Visado de trabajo para China<\/a><\/li>\n<li><a href=\"https:\/\/www.saporedicina.com\/es\/seguro-medico-china-expatriados\/\">Seguro m\u00e9dico para China<\/a><\/li>\n<li><a href=\"https:\/\/www.saporedicina.com\/es\/coste-de-vida-en-china\/\">Coste de vida en China<\/a><\/li>\n<li><a href=\"https:\/\/www.saporedicina.com\/es\/empresas-mudanzas-china\/\">Mudanzas internacionales para China<\/a><\/li>\n<\/ul>\n<\/div>\n<div class=\"five-element\">\n<h2>Negocios en China<\/h2>\n<h3>Apertura del Mercado<\/h3>\n<p>China tiene una econom\u00eda de mercado, pero existen restricciones en el movimiento de capitales, la inversi\u00f3n extranjera y su divisa est\u00e1 fuertemente regulada.<\/li>\n<h3>Seguridad Jur\u00eddica<\/h3>\n<p> Ha mejorado mucho en los \u00faltimos a\u00f1os, pero la legislaci\u00f3n sigue siendo ambigua y abierta a cierta arbitrariedad.<\/p>\n<h3>Creaci\u00f3n de una Sociedad<\/h3>\n<p> Crear una sociedad en China puede ser complicado por la burocracia, las restricciones que existen en ciertos sectores productivos y la arbitrariedad de las administraciones en la concesi\u00f3n de ciertos permisos.<\/p>\n<h3>Importaci\u00f3n y Exportaci\u00f3n<\/h3>\n<p> China es el mayor exportador del mundo tanto a nivel total como neto y representa un importante proporci\u00f3n de su producto interior bruto. A nivel de importaci\u00f3n es el segundo pa\u00eds por detr\u00e1s de Estados Unidos.<\/p>\n<h3>Mercado Interno<\/h3>\n<p> Pese a ser el pa\u00eds m\u00e1s poblado del mundo, el mercado interior a\u00fan est\u00e1 lejos de las econom\u00edas m\u00e1s desarrolladas. El mercado chino es bastante cerrado y es dif\u00edcil para nuevos productos y servicios procedentes del extranjero conmseguir demanda.<\/p>\n<h3>Art\u00edculos Destacados<\/h3>\n<ul>\n<li><a href=\"https:\/\/www.saporedicina.com\/es\/abrir-sociedad-china-wfoe-joint-venture\/\">Establecer una sociedad en China<\/a><\/li>\n<li><a href=\"https:\/\/www.saporedicina.com\/es\/ferias-comerciales-china\/\">Ferias comerciales en China<\/a><\/li>\n<li><a href=\"https:\/\/www.saporedicina.com\/es\/contratar-empleados-china\/\">Contratar empleados en China<\/a><\/li>\n<li><a href=\"https:\/\/www.saporedicina.com\/es\/visado-negocios-china\/\">Visado de negocios para China<\/a><\/li>\n<\/ul>\n<\/div>\n<div class=\"five-element\">\n<h2>Aprender chino<\/h2>\n<h3>Caracter\u00edsticas<\/h3>\n<p> El chino es un idioma tonal con multitud de dialectos, algunos de los cuales son inteligibles entre ellos. Sin embargo, los diferentes dialectos comparten una escritura y gram\u00e1tica com\u00fan.<\/p>\n<h3>Tiempo Necesario<\/h3>\n<p> Depende de muchos factores, generalmente se considera que un a\u00f1o de estudio exclusivo en un ambiente adecuado, es suficiente para adquirir un nivel que permite una comunicaci\u00f3n efectiva.<\/p>\n<h3>M\u00e1s F\u00e1cil<\/h3>\n<p> La gram\u00e1tica china no se basa en reglas tan estrictas como las lenguas occidentales y suele ser la parte que la mayor\u00eda de los estudiantes les resulta sencilla.<\/p>\n<h3>M\u00e1s Dif\u00edcil<\/h3>\n<p> La escritura y la pronunciaci\u00f3n suele ser la parte que da m\u00e1s problemas a los estudiantes no nativos, especialmente aquellos no asi\u00e1ticos.<\/p>\n<h3>Art\u00edculos Destacados<\/h3>\n<ul>\n<li><a href=\"https:\/\/www.saporedicina.com\/es\/cursos-de-chino\/\">Cursos de chino<\/a><\/li>\n<li><a href=\"https:\/\/www.saporedicina.com\/es\/test-nivel-chino\/\">Test de nivel de chino gratuito<\/a><\/li>\n<li><a href=\"https:\/\/www.saporedicina.com\/es\/apps-aprender-chino\/\">Mejores apps para aprender chino<\/a><\/li>\n<li><a href=\"https:\/\/www.saporedicina.com\/es\/guia-gramatica-china\/\">Gu\u00eda completa a la gram\u00e1tica china<\/a><\/li>\n<\/ul>\n<\/div>\n","protected":false},"excerpt":{"rendered":"<p>Viajar a China Visados, hoteles, vuelos, trenes, tours y mucho m\u00e1s Vivir en China Trabajos, universidades, apartamentos y mucho m\u00e1s Aprender Chino Recursos online gratuitos, cursos y consejos Destinos Itinerarios, gu\u00edas de ciudades y provincias Recursos Todo lo que necesitas para sobrevivir en China \u00daltimos Art\u00edculos Lee nuestros \u00faltimos art\u00edculos publicados&#8230; as seen in Otros [&hellip;]<\/p>\n","protected":false},"author":2,"featured_media":0,"parent":0,"menu_order":0,"comment_status":"closed","ping_status":"closed","template":"","meta":{"_uag_custom_page_level_css":"","site-sidebar-layout":"default","site-content-layout":"","ast-site-content-layout":"default","site-content-style":"default","site-sidebar-style":"default","ast-global-header-display":"","ast-banner-title-visibility":"","ast-main-header-display":"","ast-hfb-above-header-display":"","ast-hfb-below-header-display":"","ast-hfb-mobile-header-display":"","site-post-title":"","ast-breadcrumbs-content":"","ast-featured-img":"","footer-sml-layout":"","theme-transparent-header-meta":"","adv-header-id-meta":"","stick-header-meta":"","header-above-stick-meta":"","header-main-stick-meta":"","header-below-stick-meta":"","astra-migrate-meta-layouts":"default","ast-page-background-enabled":"default","ast-page-background-meta":{"desktop":{"background-color":"var(--ast-global-color-4)","background-image":"","background-repeat":"repeat","background-position":"center center","background-size":"auto","background-attachment":"scroll","background-type":"","background-media":"","overlay-type":"","overlay-color":"","overlay-opacity":"","overlay-gradient":""},"tablet":{"background-color":"","background-image":"","background-repeat":"repeat","background-position":"center center","background-size":"auto","background-attachment":"scroll","background-type":"","background-media":"","overlay-type":"","overlay-color":"","overlay-opacity":"","overlay-gradient":""},"mobile":{"background-color":"","background-image":"","background-repeat":"repeat","background-position":"center center","background-size":"auto","background-attachment":"scroll","background-type":"","background-media":"","overlay-type":"","overlay-color":"","overlay-opacity":"","overlay-gradient":""}},"ast-content-background-meta":{"desktop":{"background-color":"var(--ast-global-color-5)","background-image":"","background-repeat":"repeat","background-position":"center center","background-size":"auto","background-attachment":"scroll","background-type":"","background-media":"","overlay-type":"","overlay-color":"","overlay-opacity":"","overlay-gradient":""},"tablet":{"background-color":"var(--ast-global-color-5)","background-image":"","background-repeat":"repeat","background-position":"center center","background-size":"auto","background-attachment":"scroll","background-type":"","background-media":"","overlay-type":"","overlay-color":"","overlay-opacity":"","overlay-gradient":""},"mobile":{"background-color":"var(--ast-global-color-5)","background-image":"","background-repeat":"repeat","background-position":"center center","background-size":"auto","background-attachment":"scroll","background-type":"","background-media":"","overlay-type":"","overlay-color":"","overlay-opacity":"","overlay-gradient":""}},"footnotes":""},"class_list":["post-7253","page","type-page","status-publish","hentry"],"yoast_head":"<!-- This site is optimized with the Yoast SEO plugin v27.5 - https:\/\/yoast.com\/product\/yoast-seo-wordpress\/ -->\n<title>Aprender Chino, Vivir o Viajar en China - Sapore di Cina<\/title>\n<meta name=\"description\" content=\"C\u00f3mo aprender mandar\u00edn, viajar por China, vivir, trabajar, estudiar y entender la cultura del Reino del Medio.\" \/>\n<meta name=\"robots\" content=\"index, follow, max-snippet:-1, max-image-preview:large, max-video-preview:-1\" \/>\n<link rel=\"canonical\" href=\"https:\/\/www.saporedicina.com\/es\/\" \/>\n<meta property=\"og:locale\" content=\"es_ES\" \/>\n<meta property=\"og:type\" content=\"article\" \/>\n<meta property=\"og:title\" content=\"Aprender Chino, Vivir o Viajar en China - Sapore di Cina\" \/>\n<meta property=\"og:description\" content=\"C\u00f3mo aprender mandar\u00edn, viajar por China, vivir, trabajar, estudiar y entender la cultura del Reino del Medio.\" \/>\n<meta property=\"og:url\" content=\"https:\/\/www.saporedicina.com\/es\/\" \/>\n<meta property=\"og:site_name\" content=\"Sapore di Cina\" \/>\n<meta property=\"article:publisher\" content=\"https:\/\/www.facebook.com\/saporedicinaespanol\" \/>\n<meta property=\"article:modified_time\" content=\"2023-06-28T08:11:49+00:00\" \/>\n<meta property=\"og:image\" content=\"https:\/\/www.saporedicina.com\/wp-content\/uploads\/landingpages\/travel_to_china.jpg\" \/>\n<meta name=\"twitter:card\" content=\"summary_large_image\" \/>\n<meta name=\"twitter:site\" content=\"@sbortozhou\" \/>\n<meta name=\"twitter:label1\" content=\"Tiempo de lectura\" \/>\n\t<meta name=\"twitter:data1\" content=\"8 minutos\" \/>\n<script type=\"application\/ld+json\" class=\"yoast-schema-graph\">{\"@context\":\"https:\\\/\\\/schema.org\",\"@graph\":[{\"@type\":\"WebPage\",\"@id\":\"https:\\\/\\\/www.saporedicina.com\\\/es\\\/\",\"url\":\"https:\\\/\\\/www.saporedicina.com\\\/es\\\/\",\"name\":\"Aprender Chino, Vivir o Viajar en China - Sapore di Cina\",\"isPartOf\":{\"@id\":\"https:\\\/\\\/www.saporedicina.com\\\/es\\\/#website\"},\"primaryImageOfPage\":{\"@id\":\"https:\\\/\\\/www.saporedicina.com\\\/es\\\/#primaryimage\"},\"image\":{\"@id\":\"https:\\\/\\\/www.saporedicina.com\\\/es\\\/#primaryimage\"},\"thumbnailUrl\":\"https:\\\/\\\/www.saporedicina.com\\\/wp-content\\\/uploads\\\/landingpages\\\/travel_to_china.jpg\",\"datePublished\":\"2015-08-24T22:23:50+00:00\",\"dateModified\":\"2023-06-28T08:11:49+00:00\",\"description\":\"C\u00f3mo aprender mandar\u00edn, viajar por China, vivir, trabajar, estudiar y entender la cultura del Reino del Medio.\",\"breadcrumb\":{\"@id\":\"https:\\\/\\\/www.saporedicina.com\\\/es\\\/#breadcrumb\"},\"inLanguage\":\"es\",\"potentialAction\":[{\"@type\":\"ReadAction\",\"target\":[\"https:\\\/\\\/www.saporedicina.com\\\/es\\\/\"]}]},{\"@type\":\"ImageObject\",\"inLanguage\":\"es\",\"@id\":\"https:\\\/\\\/www.saporedicina.com\\\/es\\\/#primaryimage\",\"url\":\"https:\\\/\\\/www.saporedicina.com\\\/wp-content\\\/uploads\\\/landingpages\\\/travel_to_china.jpg\",\"contentUrl\":\"https:\\\/\\\/www.saporedicina.com\\\/wp-content\\\/uploads\\\/landingpages\\\/travel_to_china.jpg\"},{\"@type\":\"BreadcrumbList\",\"@id\":\"https:\\\/\\\/www.saporedicina.com\\\/es\\\/#breadcrumb\",\"itemListElement\":[{\"@type\":\"ListItem\",\"position\":1,\"name\":\"SDC\",\"item\":\"https:\\\/\\\/www.saporedicina.com\\\/es\\\/\"},{\"@type\":\"ListItem\",\"position\":2,\"name\":\"Aprender Chino, Vivir o Viajar en China &#8211; Sapore di Cina\"}]},{\"@type\":\"WebSite\",\"@id\":\"https:\\\/\\\/www.saporedicina.com\\\/es\\\/#website\",\"url\":\"https:\\\/\\\/www.saporedicina.com\\\/es\\\/\",\"name\":\"Sapore di Cina\",\"description\":\"Aprender Chino, Viajar, Estudiar o Trabajar en China y Asia\",\"publisher\":{\"@id\":\"https:\\\/\\\/www.saporedicina.com\\\/es\\\/#organization\"},\"alternateName\":\"SDC\",\"potentialAction\":[{\"@type\":\"SearchAction\",\"target\":{\"@type\":\"EntryPoint\",\"urlTemplate\":\"https:\\\/\\\/www.saporedicina.com\\\/es\\\/?s={search_term_string}\"},\"query-input\":{\"@type\":\"PropertyValueSpecification\",\"valueRequired\":true,\"valueName\":\"search_term_string\"}}],\"inLanguage\":\"es\"},{\"@type\":\"Organization\",\"@id\":\"https:\\\/\\\/www.saporedicina.com\\\/es\\\/#organization\",\"name\":\"Sapore di Cina\",\"url\":\"https:\\\/\\\/www.saporedicina.com\\\/es\\\/\",\"logo\":{\"@type\":\"ImageObject\",\"inLanguage\":\"es\",\"@id\":\"https:\\\/\\\/www.saporedicina.com\\\/es\\\/#\\\/schema\\\/logo\\\/image\\\/\",\"url\":\"https:\\\/\\\/www.saporedicina.com\\\/es\\\/wp-content\\\/uploads\\\/2019\\\/04\\\/logo.jpg\",\"contentUrl\":\"https:\\\/\\\/www.saporedicina.com\\\/es\\\/wp-content\\\/uploads\\\/2019\\\/04\\\/logo.jpg\",\"width\":800,\"height\":800,\"caption\":\"Sapore di Cina\"},\"image\":{\"@id\":\"https:\\\/\\\/www.saporedicina.com\\\/es\\\/#\\\/schema\\\/logo\\\/image\\\/\"},\"sameAs\":[\"https:\\\/\\\/www.facebook.com\\\/saporedicinaespanol\",\"https:\\\/\\\/x.com\\\/sbortozhou\",\"https:\\\/\\\/www.youtube.com\\\/channel\\\/UCl2ssfXqNmOeaY6l470UDlQ\\\/\"]}]}<\/script>\n<!-- \/ Yoast SEO plugin. -->","yoast_head_json":{"title":"Aprender Chino, Vivir o Viajar en China - Sapore di Cina","description":"C\u00f3mo aprender mandar\u00edn, viajar por China, vivir, trabajar, estudiar y entender la cultura del Reino del Medio.","robots":{"index":"index","follow":"follow","max-snippet":"max-snippet:-1","max-image-preview":"max-image-preview:large","max-video-preview":"max-video-preview:-1"},"canonical":"https:\/\/www.saporedicina.com\/es\/","og_locale":"es_ES","og_type":"article","og_title":"Aprender Chino, Vivir o Viajar en China - Sapore di Cina","og_description":"C\u00f3mo aprender mandar\u00edn, viajar por China, vivir, trabajar, estudiar y entender la cultura del Reino del Medio.","og_url":"https:\/\/www.saporedicina.com\/es\/","og_site_name":"Sapore di Cina","article_publisher":"https:\/\/www.facebook.com\/saporedicinaespanol","article_modified_time":"2023-06-28T08:11:49+00:00","og_image":[{"url":"https:\/\/www.saporedicina.com\/wp-content\/uploads\/landingpages\/travel_to_china.jpg","type":"","width":"","height":""}],"twitter_card":"summary_large_image","twitter_site":"@sbortozhou","twitter_misc":{"Tiempo de lectura":"8 minutos"},"schema":{"@context":"https:\/\/schema.org","@graph":[{"@type":"WebPage","@id":"https:\/\/www.saporedicina.com\/es\/","url":"https:\/\/www.saporedicina.com\/es\/","name":"Aprender Chino, Vivir o Viajar en China - Sapore di Cina","isPartOf":{"@id":"https:\/\/www.saporedicina.com\/es\/#website"},"primaryImageOfPage":{"@id":"https:\/\/www.saporedicina.com\/es\/#primaryimage"},"image":{"@id":"https:\/\/www.saporedicina.com\/es\/#primaryimage"},"thumbnailUrl":"https:\/\/www.saporedicina.com\/wp-content\/uploads\/landingpages\/travel_to_china.jpg","datePublished":"2015-08-24T22:23:50+00:00","dateModified":"2023-06-28T08:11:49+00:00","description":"C\u00f3mo aprender mandar\u00edn, viajar por China, vivir, trabajar, estudiar y entender la cultura del Reino del Medio.","breadcrumb":{"@id":"https:\/\/www.saporedicina.com\/es\/#breadcrumb"},"inLanguage":"es","potentialAction":[{"@type":"ReadAction","target":["https:\/\/www.saporedicina.com\/es\/"]}]},{"@type":"ImageObject","inLanguage":"es","@id":"https:\/\/www.saporedicina.com\/es\/#primaryimage","url":"https:\/\/www.saporedicina.com\/wp-content\/uploads\/landingpages\/travel_to_china.jpg","contentUrl":"https:\/\/www.saporedicina.com\/wp-content\/uploads\/landingpages\/travel_to_china.jpg"},{"@type":"BreadcrumbList","@id":"https:\/\/www.saporedicina.com\/es\/#breadcrumb","itemListElement":[{"@type":"ListItem","position":1,"name":"SDC","item":"https:\/\/www.saporedicina.com\/es\/"},{"@type":"ListItem","position":2,"name":"Aprender Chino, Vivir o Viajar en China &#8211; Sapore di Cina"}]},{"@type":"WebSite","@id":"https:\/\/www.saporedicina.com\/es\/#website","url":"https:\/\/www.saporedicina.com\/es\/","name":"Sapore di Cina","description":"Aprender Chino, Viajar, Estudiar o Trabajar en China y Asia","publisher":{"@id":"https:\/\/www.saporedicina.com\/es\/#organization"},"alternateName":"SDC","potentialAction":[{"@type":"SearchAction","target":{"@type":"EntryPoint","urlTemplate":"https:\/\/www.saporedicina.com\/es\/?s={search_term_string}"},"query-input":{"@type":"PropertyValueSpecification","valueRequired":true,"valueName":"search_term_string"}}],"inLanguage":"es"},{"@type":"Organization","@id":"https:\/\/www.saporedicina.com\/es\/#organization","name":"Sapore di Cina","url":"https:\/\/www.saporedicina.com\/es\/","logo":{"@type":"ImageObject","inLanguage":"es","@id":"https:\/\/www.saporedicina.com\/es\/#\/schema\/logo\/image\/","url":"https:\/\/www.saporedicina.com\/es\/wp-content\/uploads\/2019\/04\/logo.jpg","contentUrl":"https:\/\/www.saporedicina.com\/es\/wp-content\/uploads\/2019\/04\/logo.jpg","width":800,"height":800,"caption":"Sapore di Cina"},"image":{"@id":"https:\/\/www.saporedicina.com\/es\/#\/schema\/logo\/image\/"},"sameAs":["https:\/\/www.facebook.com\/saporedicinaespanol","https:\/\/x.com\/sbortozhou","https:\/\/www.youtube.com\/channel\/UCl2ssfXqNmOeaY6l470UDlQ\/"]}]}},"uagb_featured_image_src":{"full":false,"thumbnail":false,"medium":false,"medium_large":false,"large":false,"1536x1536":false,"2048x2048":false},"uagb_author_info":{"display_name":"Sapore di Cina","author_link":"https:\/\/www.saporedicina.com\/es\/author\/sborto\/"},"uagb_comment_info":0,"uagb_excerpt":"Viajar a China Visados, hoteles, vuelos, trenes, tours y mucho m\u00e1s Vivir en China Trabajos, universidades, apartamentos y mucho m\u00e1s Aprender Chino Recursos online gratuitos, cursos y consejos Destinos Itinerarios, gu\u00edas de ciudades y provincias Recursos Todo lo que necesitas para sobrevivir en China \u00daltimos Art\u00edculos Lee nuestros \u00faltimos art\u00edculos publicados&#8230; as seen in Otros&hellip;","_links":{"self":[{"href":"https:\/\/www.saporedicina.com\/es\/wp-json\/wp\/v2\/pages\/7253","targetHints":{"allow":["GET"]}}],"collection":[{"href":"https:\/\/www.saporedicina.com\/es\/wp-json\/wp\/v2\/pages"}],"about":[{"href":"https:\/\/www.saporedicina.com\/es\/wp-json\/wp\/v2\/types\/page"}],"author":[{"embeddable":true,"href":"https:\/\/www.saporedicina.com\/es\/wp-json\/wp\/v2\/users\/2"}],"replies":[{"embeddable":true,"href":"https:\/\/www.saporedicina.com\/es\/wp-json\/wp\/v2\/comments?post=7253"}],"version-history":[{"count":1,"href":"https:\/\/www.saporedicina.com\/es\/wp-json\/wp\/v2\/pages\/7253\/revisions"}],"predecessor-version":[{"id":25606,"href":"https:\/\/www.saporedicina.com\/es\/wp-json\/wp\/v2\/pages\/7253\/revisions\/25606"}],"wp:attachment":[{"href":"https:\/\/www.saporedicina.com\/es\/wp-json\/wp\/v2\/media?parent=7253"}],"curies":[{"name":"wp","href":"https:\/\/api.w.org\/{rel}","templated":true}]}}