{"id":7230,"date":"2015-08-24T18:18:33","date_gmt":"2015-08-24T17:18:33","guid":{"rendered":"https:\/\/www.saporedicina.com\/es\/?page_id=7230"},"modified":"2021-02-02T13:46:55","modified_gmt":"2021-02-02T12:46:55","slug":"vivir-china","status":"publish","type":"page","link":"https:\/\/www.saporedicina.com\/es\/vivir-china\/","title":{"rendered":"<center>Vivir en China<\/center>"},"content":{"rendered":"<div class=\"sublanding-section\">\n<div class=\"sublanding-element\"><a href=\"https:\/\/www.saporedicina.com\/es\/como-crear-una-sociedad-en-hong-kong-la-guia-completa\/\" target=\"_blank\" rel=\"noopener noreferrer\"><img decoding=\"async\" src=\"https:\/\/www.saporedicina.com\/wp-content\/uploads\/landingpages\/subpages-china\/hongkongcompany.jpg\" alt=\"Sociedad en Hong Kong\" title=\"Sociedad en Hong Kong\"width=\"241\" height=\"186\"\/><\/p>\n<h2>Sociedad en Hong Kong<\/h2>\n<p><\/a><\/div>\n<div class=\"sublanding-element\"><a href=\"https:\/\/www.saporedicina.com\/es\/abrir-sociedad-china-wfoe-joint-venture\/\" target=\"_blank\" rel=\"noopener noreferrer\"><img decoding=\"async\" src=\"https:\/\/www.saporedicina.com\/wp-content\/uploads\/landingpages\/subpages-china\/companychina.jpg\" alt=\"Company China\" title=\"Company China\"width=\"241\" height=\"186\"\/><\/p>\n<h2>Sociedad en China<\/h2>\n<p><\/a><\/div>\n<div class=\"sublanding-element\"><a href=\"https:\/\/www.saporedicina.com\/es\/seguro-medico-china-expatriados\/\" target=\"_blank\" rel=\"noopener noreferrer\"><img decoding=\"async\" src=\"https:\/\/www.saporedicina.com\/wp-content\/uploads\/landingpages\/subpages-china\/healthinsurance.jpg\" alt=\"Seguro de Salud\" title=\"Seguro de Salud\"width=\"241\" height=\"186\"\/><\/p>\n<h2>Seguro M\u00e9dico<\/h2>\n<p><\/a><\/div>\n<div class=\"sublanding-element\"><a href=\"https:\/\/www.saporedicina.com\/es\/vpn-como-conectarse-a-facebook-en-china\/\" target=\"_blank\" rel=\"noopener noreferrer\"><img decoding=\"async\" src=\"https:\/\/www.saporedicina.com\/wp-content\/uploads\/landingpages\/subpages-china\/vpnforchina.jpg\" alt=\"VPN para China\" title=\"VPN para China\"width=\"241\" height=\"186\"\/><\/p>\n<h2>VPN para China<\/h2>\n<p><\/a><\/div>\n<div class=\"sublanding-element\"><a href=\"https:\/\/www.saporedicina.com\/es\/coste-de-vida-en-china\/\" target=\"_blank\" rel=\"noopener noreferrer\"><img decoding=\"async\" src=\"https:\/\/www.saporedicina.com\/wp-content\/uploads\/landingpages\/subpages-china\/costofliving.jpg\" alt=\"Coste de la Vida en China\" title=\"Coste de la Vida en China\"width=\"241\" height=\"186\"\/><\/p>\n<h2>Coste de la Vida en China<\/h2>\n<p><\/a><\/div>\n<div class=\"sublanding-element\"><a href=\"https:\/\/www.saporedicina.com\/es\/internship-en-china\/\" target=\"_blank\" rel=\"noopener noreferrer\"><img decoding=\"async\" src=\"https:\/\/www.saporedicina.com\/wp-content\/uploads\/landingpages\/subpages-china\/internshipchina.jpg\" alt=\"Internship en China\" title=\"Internship en China\"width=\"241\" height=\"186\"\/><\/p>\n<h2>Internship en China<\/h2>\n<p><\/a><\/div>\n<div class=\"sublanding-element\"><a href=\"https:\/\/www.saporedicina.com\/es\/como-encontrar-trabajo-de-profesor-de-ingles-en-china\/\" target=\"_blank\" rel=\"noopener noreferrer\"><img decoding=\"async\" src=\"https:\/\/www.saporedicina.com\/wp-content\/uploads\/landingpages\/subpages-china\/teachenglish.jpg\" alt=\"Ense\u00f1ar Lenguas Extranjeras\" title=\"Ense\u00f1ar Lenguas Extranjeras\"width=\"241\" height=\"186\"\/><\/p>\n<h2>Ense\u00f1ar Lengua Extranjera<\/h2>\n<p><\/a><\/div>\n<div class=\"sublanding-element\"><a href=\"https:\/\/www.saporedicina.com\/es\/enviar-dinero-china\/\" target=\"_blank\" rel=\"noopener noreferrer\"><img decoding=\"async\" src=\"https:\/\/www.saporedicina.com\/wp-content\/uploads\/landingpages\/subpages-china\/transfer.jpg\" alt=\"Transferir dinero\" title=\"Transferir dinero\"width=\"241\" height=\"186\"\/><\/p>\n<h2>Transferir Dinero a Asia<\/h2>\n<p><\/a><\/div>\n<div class=\"sublanding-element\"><a href=\"https:\/\/www.saporedicina.com\/es\/mascarillas-antipolucion-china\/\" target=\"_blank\" rel=\"noopener noreferrer\"><img decoding=\"async\" src=\"https:\/\/www.saporedicina.com\/wp-content\/uploads\/landingpages\/subpages-china\/pollution-masks.jpg\" alt=\"Mascarillas anticontaminaci\u00f3n\" title=\"Mascarillas anticontaminaci\u00f3n\"width=\"241\" height=\"186\"\/><\/p>\n<h2>Mascaras anticontaminaci\u00f3n<\/h2>\n<p><\/a><\/div>\n<div class=\"sublanding-element\"><a href=\"https:\/\/www.saporedicina.com\/es\/hospitales-china\/\" target=\"_blank\" rel=\"noopener noreferrer\"><img decoding=\"async\" src=\"https:\/\/www.saporedicina.com\/wp-content\/uploads\/landingpages\/subpages-china\/hospitals-china.jpg\" alt=\"Hospitales en China\" title=\"Hospitales en China\"width=\"241\" height=\"186\"\/><\/p>\n<h2>Hospitales en China<\/h2>\n<p><\/a><\/div>\n<div class=\"sublanding-element\"><a href=\"https:\/\/www.saporedicina.com\/es\/amistades-y-networking-en-asia\/\" target=\"_blank\" rel=\"noopener noreferrer\"><img decoding=\"async\" src=\"https:\/\/www.saporedicina.com\/wp-content\/uploads\/landingpages\/subpages-china\/networking.jpg\" alt=\"Networking en China\" title=\"Networking en China\"width=\"241\" height=\"186\"\/><\/p>\n<h2>Networking en China<\/h2>\n<p><\/a><\/div>\n<div class=\"sublanding-element\"><a href=\"https:\/\/www.saporedicina.com\/es\/visado-chino\/\" target=\"_blank\" rel=\"noopener noreferrer\"><img decoding=\"async\" src=\"https:\/\/www.saporedicina.com\/wp-content\/uploads\/landingpages\/subpages-china\/visa.jpg\" alt=\"Visado Chino\" title=\"Visado Chino\"width=\"241\" height=\"186\"\/><\/p>\n<h2>Visado Chino<\/h2>\n<p><\/a><\/div>\n<div class=\"sublanding-element\"><a href=\"https:\/\/www.saporedicina.com\/es\/como-mudarse-a-china-para-estudiar-o-trabajar\/\" target=\"_blank\" rel=\"noopener noreferrer\"><img decoding=\"async\" src=\"https:\/\/www.saporedicina.com\/wp-content\/uploads\/landingpages\/subpages-china\/movingtochina.jpg\" alt=\"Mudarse a China\" title=\"Mudarse a China\"width=\"241\" height=\"186\"\/><\/p>\n<h2>Mudarse a China<\/h2>\n<p><\/a><\/div>\n<div class=\"sublanding-element\"><a href=\"https:\/\/www.saporedicina.com\/es\/mudarse-a-china-en-familia\/\" target=\"_blank\" rel=\"noopener noreferrer\"><img decoding=\"async\" src=\"https:\/\/www.saporedicina.com\/wp-content\/uploads\/landingpages\/subpages-china\/movewithfamily.jpg\" alt=\"Mudarse en Fam\u00edlia\" title=\"Mudarse en Fam\u00edlia\"width=\"241\" height=\"186\"\/><\/p>\n<h2>Mudarse en Fam\u00edlia<\/h2>\n<p><\/a><\/div>\n<div class=\"sublanding-element\"><a href=\"https:\/\/www.saporedicina.com\/es\/empresas-mudanzas-china\/\" target=\"_blank\" rel=\"noopener noreferrer\"><img decoding=\"async\" src=\"https:\/\/www.saporedicina.com\/wp-content\/uploads\/landingpages\/subpages-china\/relocationservices.jpg\" alt=\"Servicio de Reubicaci\u00f3n\" title=\"Servicio de Reubicaci\u00f3n\"width=\"241\" height=\"186\"\/><\/p>\n<h2>Servicio de Reubicaci\u00f3n<\/h2>\n<p><\/a><\/div>\n<div class=\"sublanding-element\"><a href=\"https:\/\/www.saporedicina.com\/es\/banca-personal-china\/\" target=\"_blank\" rel=\"noopener noreferrer\"><img decoding=\"async\" src=\"https:\/\/www.saporedicina.com\/wp-content\/uploads\/landingpages\/subpages-china\/bank.jpg\" alt=\"Cuenta banco en China\" title=\"Cuenta banco en China\"width=\"241\" height=\"186\"\/><\/p>\n<h2>Cuenta bancaria en China<\/h2>\n<p><\/a><\/div>\n<div class=\"sublanding-element\"><a href=\"https:\/\/www.saporedicina.com\/es\/mudarse-de-china\/\" target=\"_blank\" rel=\"noopener noreferrer\"><img decoding=\"async\" src=\"https:\/\/www.saporedicina.com\/wp-content\/uploads\/landingpages\/subpages-china\/movingoutchina.jpg\" alt=\"Mudarse desde China\" title=\"Mudarse desde China\"width=\"241\" height=\"186\"\/><\/p>\n<h2>Mudarse desde China<\/h2>\n<p><\/a><\/div>\n<div class=\"sublanding-element\"><a href=\"https:\/\/www.saporedicina.com\/es\/permiso-conducir-en-china\/\" target=\"_blank\" rel=\"noopener noreferrer\"><img decoding=\"async\" src=\"https:\/\/www.saporedicina.com\/wp-content\/uploads\/landingpages\/subpages-china\/driveonchina.jpg\" alt=\"Conducir en China\" title=\"Conducir en China\"width=\"241\" height=\"186\"\/><\/p>\n<h2>Conducir en China<\/h2>\n<p><\/a><\/div>\n<div class=\"sublanding-element\"><a href=\"https:\/\/www.saporedicina.com\/es\/vivir-trabajar-beijing-guia\/\" target=\"_blank\" rel=\"noopener noreferrer\"><img decoding=\"async\" src=\"https:\/\/www.saporedicina.com\/wp-content\/uploads\/landingpages\/subpages-china\/beijinglivework.jpg\" alt=\"Beijing\" title=\"Beijing\"width=\"241\" height=\"186\"\/><\/p>\n<h2>Gu\u00eda de Beijing<\/h2>\n<p><\/a><\/div>\n<div class=\"sublanding-element\"><a href=\"https:\/\/www.saporedicina.com\/es\/vivir-en-guangzhou\/\" target=\"_blank\" rel=\"noopener noreferrer\"><img decoding=\"async\" src=\"https:\/\/www.saporedicina.com\/wp-content\/uploads\/landingpages\/subpages-china\/guangzhou.jpg\" alt=\"Guangzhou\" title=\"Guangzhou\"width=\"241\" height=\"186\"\/><\/p>\n<h2>Gu\u00eda de Guangzhou<\/h2>\n<p><\/a><\/div>\n<div class=\"sublanding-element\"><a href=\"https:\/\/www.saporedicina.com\/es\/vivir-trabajar-hong-kong\/\" target=\"_blank\" rel=\"noopener noreferrer\"><img decoding=\"async\" src=\"https:\/\/www.saporedicina.com\/wp-content\/uploads\/landingpages\/subpages-china\/hongkong-live.jpg\" alt=\"Gu\u00eda de Hong Kong\" title=\"Gu\u00eda de Hong Kong\"width=\"241\" height=\"186\"\/><\/p>\n<h2>Gu\u00eda de Hong Kong<\/h2>\n<p><\/a><\/div>\n<div class=\"sublanding-element\"><a href=\"https:\/\/www.saporedicina.com\/es\/vivir-y-trabajar-shanghai-guia\/\" target=\"_blank\" rel=\"noopener noreferrer\"><img decoding=\"async\" src=\"https:\/\/www.saporedicina.com\/wp-content\/uploads\/landingpages\/subpages-china\/shanghailivework.jpg\" alt=\"Shanghai\" title=\"Shanghai\"width=\"241\" height=\"186\"\/><\/p>\n<h2>Gu\u00eda de Shanghai<\/h2>\n<p><\/a><\/div>\n<div class=\"sublanding-element\"><a href=\"https:\/\/www.saporedicina.com\/es\/vivir-en-shenzhen\/\" target=\"_blank\" rel=\"noopener noreferrer\"><img decoding=\"async\" src=\"https:\/\/www.saporedicina.com\/wp-content\/uploads\/landingpages\/subpages-china\/shenzhen.jpg\" alt=\"Shenzhen\" title=\"Shenzhen\"width=\"241\" height=\"186\"\/><\/p>\n<h2>Gu\u00eda de Shenzhen<\/h2>\n<p><\/a><\/div>\n<div class=\"sublanding-element\"><a href=\"https:\/\/www.saporedicina.com\/es\/vivir-en-taiyuan\/\" target=\"_blank\" rel=\"noopener noreferrer\"><img decoding=\"async\" src=\"https:\/\/www.saporedicina.com\/wp-content\/uploads\/landingpages\/subpages-china\/taiyuan.jpg\" alt=\"Taiyuan\" title=\"Taiyuan\"width=\"241\" height=\"186\"\/><\/p>\n<h2>Gu\u00eda de Taiyuan<\/h2>\n<p><\/a><\/div>\n<div class=\"sublanding-element\"><a href=\"https:\/\/www.saporedicina.com\/es\/alquilar-apartamento-beijing\/\" target=\"_blank\" rel=\"noopener noreferrer\"><img decoding=\"async\" src=\"https:\/\/www.saporedicina.com\/wp-content\/uploads\/landingpages\/subpages-china\/rentbeijing.jpg\" alt=\"Alquilar en Beijing\" title=\"Alquilar en Beijing\"width=\"241\" height=\"186\"\/><\/p>\n<h2>Alquilar en Beijing<\/h2>\n<p><\/a><\/div>\n<div class=\"sublanding-element\"><a href=\"https:\/\/www.saporedicina.com\/es\/apartmento-en-shanghai\/\" target=\"_blank\" rel=\"noopener noreferrer\"><img decoding=\"async\" src=\"https:\/\/www.saporedicina.com\/wp-content\/uploads\/landingpages\/subpages-china\/rentshanghai.jpg\" alt=\"Alquilar en Shanghai\" title=\"Alquilar en Shanghai\"width=\"241\" height=\"186\"\/><\/p>\n<h2>Alquilar en Shanghai<\/h2>\n<p><\/a><\/div>\n<\/div>\n","protected":false},"excerpt":{"rendered":"<p>Sociedad en Hong Kong Sociedad en China Seguro M\u00e9dico VPN para China Coste de la Vida en China Internship en China Ense\u00f1ar Lengua Extranjera Transferir Dinero a Asia Mascaras anticontaminaci\u00f3n Hospitales en China Networking en China Visado Chino Mudarse a China Mudarse en Fam\u00edlia Servicio de Reubicaci\u00f3n Cuenta bancaria en China Mudarse desde China Conducir [&hellip;]<\/p>\n","protected":false},"author":2,"featured_media":0,"parent":0,"menu_order":0,"comment_status":"closed","ping_status":"closed","template":"","meta":{"_uag_custom_page_level_css":"","site-sidebar-layout":"default","site-content-layout":"","ast-site-content-layout":"default","site-content-style":"default","site-sidebar-style":"default","ast-global-header-display":"","ast-banner-title-visibility":"","ast-main-header-display":"","ast-hfb-above-header-display":"","ast-hfb-below-header-display":"","ast-hfb-mobile-header-display":"","site-post-title":"","ast-breadcrumbs-content":"","ast-featured-img":"","footer-sml-layout":"","theme-transparent-header-meta":"","adv-header-id-meta":"","stick-header-meta":"","header-above-stick-meta":"","header-main-stick-meta":"","header-below-stick-meta":"","astra-migrate-meta-layouts":"default","ast-page-background-enabled":"default","ast-page-background-meta":{"desktop":{"background-color":"var(--ast-global-color-4)","background-image":"","background-repeat":"repeat","background-position":"center center","background-size":"auto","background-attachment":"scroll","background-type":"","background-media":"","overlay-type":"","overlay-color":"","overlay-opacity":"","overlay-gradient":""},"tablet":{"background-color":"","background-image":"","background-repeat":"repeat","background-position":"center center","background-size":"auto","background-attachment":"scroll","background-type":"","background-media":"","overlay-type":"","overlay-color":"","overlay-opacity":"","overlay-gradient":""},"mobile":{"background-color":"","background-image":"","background-repeat":"repeat","background-position":"center center","background-size":"auto","background-attachment":"scroll","background-type":"","background-media":"","overlay-type":"","overlay-color":"","overlay-opacity":"","overlay-gradient":""}},"ast-content-background-meta":{"desktop":{"background-color":"var(--ast-global-color-5)","background-image":"","background-repeat":"repeat","background-position":"center center","background-size":"auto","background-attachment":"scroll","background-type":"","background-media":"","overlay-type":"","overlay-color":"","overlay-opacity":"","overlay-gradient":""},"tablet":{"background-color":"var(--ast-global-color-5)","background-image":"","background-repeat":"repeat","background-position":"center center","background-size":"auto","background-attachment":"scroll","background-type":"","background-media":"","overlay-type":"","overlay-color":"","overlay-opacity":"","overlay-gradient":""},"mobile":{"background-color":"var(--ast-global-color-5)","background-image":"","background-repeat":"repeat","background-position":"center center","background-size":"auto","background-attachment":"scroll","background-type":"","background-media":"","overlay-type":"","overlay-color":"","overlay-opacity":"","overlay-gradient":""}},"footnotes":""},"class_list":["post-7230","page","type-page","status-publish","hentry"],"yoast_head":"<!-- This site is optimized with the Yoast SEO plugin v27.5 - https:\/\/yoast.com\/product\/yoast-seo-wordpress\/ -->\n<title>Vivir en China<\/title>\n<meta name=\"robots\" content=\"noindex, nofollow\" \/>\n<meta property=\"og:locale\" content=\"es_ES\" \/>\n<meta property=\"og:type\" content=\"article\" \/>\n<meta property=\"og:title\" content=\"Vivir en China\" \/>\n<meta property=\"og:description\" content=\"Sociedad en Hong Kong Sociedad en China Seguro M\u00e9dico VPN para China Coste de la Vida en China Internship en China Ense\u00f1ar Lengua Extranjera Transferir Dinero a Asia Mascaras anticontaminaci\u00f3n Hospitales en China Networking en China Visado Chino Mudarse a China Mudarse en Fam\u00edlia Servicio de Reubicaci\u00f3n Cuenta bancaria en China Mudarse desde China Conducir [&hellip;]\" \/>\n<meta property=\"og:url\" content=\"https:\/\/www.saporedicina.com\/es\/vivir-china\/\" \/>\n<meta property=\"og:site_name\" content=\"Sapore di Cina\" \/>\n<meta property=\"article:publisher\" content=\"https:\/\/www.facebook.com\/saporedicinaespanol\" \/>\n<meta property=\"article:modified_time\" content=\"2021-02-02T12:46:55+00:00\" \/>\n<meta property=\"og:image\" content=\"https:\/\/www.saporedicina.com\/wp-content\/uploads\/landingpages\/subpages-china\/hongkongcompany.jpg\" \/>\n<meta name=\"twitter:card\" content=\"summary_large_image\" \/>\n<meta name=\"twitter:site\" content=\"@sbortozhou\" \/>\n<script type=\"application\/ld+json\" class=\"yoast-schema-graph\">{\"@context\":\"https:\\\/\\\/schema.org\",\"@graph\":[{\"@type\":\"WebPage\",\"@id\":\"https:\\\/\\\/www.saporedicina.com\\\/es\\\/vivir-china\\\/\",\"url\":\"https:\\\/\\\/www.saporedicina.com\\\/es\\\/vivir-china\\\/\",\"name\":\"Vivir en China\",\"isPartOf\":{\"@id\":\"https:\\\/\\\/www.saporedicina.com\\\/es\\\/#website\"},\"primaryImageOfPage\":{\"@id\":\"https:\\\/\\\/www.saporedicina.com\\\/es\\\/vivir-china\\\/#primaryimage\"},\"image\":{\"@id\":\"https:\\\/\\\/www.saporedicina.com\\\/es\\\/vivir-china\\\/#primaryimage\"},\"thumbnailUrl\":\"https:\\\/\\\/www.saporedicina.com\\\/wp-content\\\/uploads\\\/landingpages\\\/subpages-china\\\/hongkongcompany.jpg\",\"datePublished\":\"2015-08-24T17:18:33+00:00\",\"dateModified\":\"2021-02-02T12:46:55+00:00\",\"breadcrumb\":{\"@id\":\"https:\\\/\\\/www.saporedicina.com\\\/es\\\/vivir-china\\\/#breadcrumb\"},\"inLanguage\":\"es\",\"potentialAction\":[{\"@type\":\"ReadAction\",\"target\":[\"https:\\\/\\\/www.saporedicina.com\\\/es\\\/vivir-china\\\/\"]}]},{\"@type\":\"ImageObject\",\"inLanguage\":\"es\",\"@id\":\"https:\\\/\\\/www.saporedicina.com\\\/es\\\/vivir-china\\\/#primaryimage\",\"url\":\"https:\\\/\\\/www.saporedicina.com\\\/wp-content\\\/uploads\\\/landingpages\\\/subpages-china\\\/hongkongcompany.jpg\",\"contentUrl\":\"https:\\\/\\\/www.saporedicina.com\\\/wp-content\\\/uploads\\\/landingpages\\\/subpages-china\\\/hongkongcompany.jpg\"},{\"@type\":\"BreadcrumbList\",\"@id\":\"https:\\\/\\\/www.saporedicina.com\\\/es\\\/vivir-china\\\/#breadcrumb\",\"itemListElement\":[{\"@type\":\"ListItem\",\"position\":1,\"name\":\"SDC\",\"item\":\"https:\\\/\\\/www.saporedicina.com\\\/es\\\/\"},{\"@type\":\"ListItem\",\"position\":2,\"name\":\"Vivir en China\"}]},{\"@type\":\"WebSite\",\"@id\":\"https:\\\/\\\/www.saporedicina.com\\\/es\\\/#website\",\"url\":\"https:\\\/\\\/www.saporedicina.com\\\/es\\\/\",\"name\":\"Sapore di Cina\",\"description\":\"Aprender Chino, Viajar, Estudiar o Trabajar en China y Asia\",\"publisher\":{\"@id\":\"https:\\\/\\\/www.saporedicina.com\\\/es\\\/#organization\"},\"alternateName\":\"SDC\",\"potentialAction\":[{\"@type\":\"SearchAction\",\"target\":{\"@type\":\"EntryPoint\",\"urlTemplate\":\"https:\\\/\\\/www.saporedicina.com\\\/es\\\/?s={search_term_string}\"},\"query-input\":{\"@type\":\"PropertyValueSpecification\",\"valueRequired\":true,\"valueName\":\"search_term_string\"}}],\"inLanguage\":\"es\"},{\"@type\":\"Organization\",\"@id\":\"https:\\\/\\\/www.saporedicina.com\\\/es\\\/#organization\",\"name\":\"Sapore di Cina\",\"url\":\"https:\\\/\\\/www.saporedicina.com\\\/es\\\/\",\"logo\":{\"@type\":\"ImageObject\",\"inLanguage\":\"es\",\"@id\":\"https:\\\/\\\/www.saporedicina.com\\\/es\\\/#\\\/schema\\\/logo\\\/image\\\/\",\"url\":\"https:\\\/\\\/www.saporedicina.com\\\/es\\\/wp-content\\\/uploads\\\/2019\\\/04\\\/logo.jpg\",\"contentUrl\":\"https:\\\/\\\/www.saporedicina.com\\\/es\\\/wp-content\\\/uploads\\\/2019\\\/04\\\/logo.jpg\",\"width\":800,\"height\":800,\"caption\":\"Sapore di Cina\"},\"image\":{\"@id\":\"https:\\\/\\\/www.saporedicina.com\\\/es\\\/#\\\/schema\\\/logo\\\/image\\\/\"},\"sameAs\":[\"https:\\\/\\\/www.facebook.com\\\/saporedicinaespanol\",\"https:\\\/\\\/x.com\\\/sbortozhou\",\"https:\\\/\\\/www.youtube.com\\\/channel\\\/UCl2ssfXqNmOeaY6l470UDlQ\\\/\"]}]}<\/script>\n<!-- \/ Yoast SEO plugin. -->","yoast_head_json":{"title":"Vivir en China","robots":{"index":"noindex","follow":"nofollow"},"og_locale":"es_ES","og_type":"article","og_title":"Vivir en China","og_description":"Sociedad en Hong Kong Sociedad en China Seguro M\u00e9dico VPN para China Coste de la Vida en China Internship en China Ense\u00f1ar Lengua Extranjera Transferir Dinero a Asia Mascaras anticontaminaci\u00f3n Hospitales en China Networking en China Visado Chino Mudarse a China Mudarse en Fam\u00edlia Servicio de Reubicaci\u00f3n Cuenta bancaria en China Mudarse desde China Conducir [&hellip;]","og_url":"https:\/\/www.saporedicina.com\/es\/vivir-china\/","og_site_name":"Sapore di Cina","article_publisher":"https:\/\/www.facebook.com\/saporedicinaespanol","article_modified_time":"2021-02-02T12:46:55+00:00","og_image":[{"url":"https:\/\/www.saporedicina.com\/wp-content\/uploads\/landingpages\/subpages-china\/hongkongcompany.jpg","type":"","width":"","height":""}],"twitter_card":"summary_large_image","twitter_site":"@sbortozhou","schema":{"@context":"https:\/\/schema.org","@graph":[{"@type":"WebPage","@id":"https:\/\/www.saporedicina.com\/es\/vivir-china\/","url":"https:\/\/www.saporedicina.com\/es\/vivir-china\/","name":"Vivir en China","isPartOf":{"@id":"https:\/\/www.saporedicina.com\/es\/#website"},"primaryImageOfPage":{"@id":"https:\/\/www.saporedicina.com\/es\/vivir-china\/#primaryimage"},"image":{"@id":"https:\/\/www.saporedicina.com\/es\/vivir-china\/#primaryimage"},"thumbnailUrl":"https:\/\/www.saporedicina.com\/wp-content\/uploads\/landingpages\/subpages-china\/hongkongcompany.jpg","datePublished":"2015-08-24T17:18:33+00:00","dateModified":"2021-02-02T12:46:55+00:00","breadcrumb":{"@id":"https:\/\/www.saporedicina.com\/es\/vivir-china\/#breadcrumb"},"inLanguage":"es","potentialAction":[{"@type":"ReadAction","target":["https:\/\/www.saporedicina.com\/es\/vivir-china\/"]}]},{"@type":"ImageObject","inLanguage":"es","@id":"https:\/\/www.saporedicina.com\/es\/vivir-china\/#primaryimage","url":"https:\/\/www.saporedicina.com\/wp-content\/uploads\/landingpages\/subpages-china\/hongkongcompany.jpg","contentUrl":"https:\/\/www.saporedicina.com\/wp-content\/uploads\/landingpages\/subpages-china\/hongkongcompany.jpg"},{"@type":"BreadcrumbList","@id":"https:\/\/www.saporedicina.com\/es\/vivir-china\/#breadcrumb","itemListElement":[{"@type":"ListItem","position":1,"name":"SDC","item":"https:\/\/www.saporedicina.com\/es\/"},{"@type":"ListItem","position":2,"name":"Vivir en China"}]},{"@type":"WebSite","@id":"https:\/\/www.saporedicina.com\/es\/#website","url":"https:\/\/www.saporedicina.com\/es\/","name":"Sapore di Cina","description":"Aprender Chino, Viajar, Estudiar o Trabajar en China y Asia","publisher":{"@id":"https:\/\/www.saporedicina.com\/es\/#organization"},"alternateName":"SDC","potentialAction":[{"@type":"SearchAction","target":{"@type":"EntryPoint","urlTemplate":"https:\/\/www.saporedicina.com\/es\/?s={search_term_string}"},"query-input":{"@type":"PropertyValueSpecification","valueRequired":true,"valueName":"search_term_string"}}],"inLanguage":"es"},{"@type":"Organization","@id":"https:\/\/www.saporedicina.com\/es\/#organization","name":"Sapore di Cina","url":"https:\/\/www.saporedicina.com\/es\/","logo":{"@type":"ImageObject","inLanguage":"es","@id":"https:\/\/www.saporedicina.com\/es\/#\/schema\/logo\/image\/","url":"https:\/\/www.saporedicina.com\/es\/wp-content\/uploads\/2019\/04\/logo.jpg","contentUrl":"https:\/\/www.saporedicina.com\/es\/wp-content\/uploads\/2019\/04\/logo.jpg","width":800,"height":800,"caption":"Sapore di Cina"},"image":{"@id":"https:\/\/www.saporedicina.com\/es\/#\/schema\/logo\/image\/"},"sameAs":["https:\/\/www.facebook.com\/saporedicinaespanol","https:\/\/x.com\/sbortozhou","https:\/\/www.youtube.com\/channel\/UCl2ssfXqNmOeaY6l470UDlQ\/"]}]}},"uagb_featured_image_src":{"full":false,"thumbnail":false,"medium":false,"medium_large":false,"large":false,"1536x1536":false,"2048x2048":false},"uagb_author_info":{"display_name":"Sapore di Cina","author_link":"https:\/\/www.saporedicina.com\/es\/author\/sborto\/"},"uagb_comment_info":0,"uagb_excerpt":"Sociedad en Hong Kong Sociedad en China Seguro M\u00e9dico VPN para China Coste de la Vida en China Internship en China Ense\u00f1ar Lengua Extranjera Transferir Dinero a Asia Mascaras anticontaminaci\u00f3n Hospitales en China Networking en China Visado Chino Mudarse a China Mudarse en Fam\u00edlia Servicio de Reubicaci\u00f3n Cuenta bancaria en China Mudarse desde China Conducir&hellip;","_links":{"self":[{"href":"https:\/\/www.saporedicina.com\/es\/wp-json\/wp\/v2\/pages\/7230","targetHints":{"allow":["GET"]}}],"collection":[{"href":"https:\/\/www.saporedicina.com\/es\/wp-json\/wp\/v2\/pages"}],"about":[{"href":"https:\/\/www.saporedicina.com\/es\/wp-json\/wp\/v2\/types\/page"}],"author":[{"embeddable":true,"href":"https:\/\/www.saporedicina.com\/es\/wp-json\/wp\/v2\/users\/2"}],"replies":[{"embeddable":true,"href":"https:\/\/www.saporedicina.com\/es\/wp-json\/wp\/v2\/comments?post=7230"}],"version-history":[{"count":0,"href":"https:\/\/www.saporedicina.com\/es\/wp-json\/wp\/v2\/pages\/7230\/revisions"}],"wp:attachment":[{"href":"https:\/\/www.saporedicina.com\/es\/wp-json\/wp\/v2\/media?parent=7230"}],"curies":[{"name":"wp","href":"https:\/\/api.w.org\/{rel}","templated":true}]}}