{"id":7228,"date":"2015-08-24T16:54:18","date_gmt":"2015-08-24T15:54:18","guid":{"rendered":"https:\/\/www.saporedicina.com\/es\/?page_id=7228"},"modified":"2020-11-26T11:42:32","modified_gmt":"2020-11-26T10:42:32","slug":"aprender-chino","status":"publish","type":"page","link":"https:\/\/www.saporedicina.com\/es\/aprender-chino\/","title":{"rendered":"<center>Aprender Chino<\/center>"},"content":{"rendered":"<div class=\"sublanding-section\">\n<div class=\"sublanding-element\"><a href=\"https:\/\/www.saporedicina.com\/es\/cursos-de-chino\/\" target=\"_blank\" rel=\"noopener noreferrer\"><img decoding=\"async\" src=\"https:\/\/www.saporedicina.com\/wp-content\/uploads\/landingpages\/subpages-china\/chinesecourses.jpg\" alt=\"Cursos de Chino\" title=\"Cursos de Chino\"width=\"241\" height=\"186\"\/><\/p>\n<h2>Cursos de Chino<\/h2>\n<p><\/a><\/div>\n<div class=\"sublanding-element\"><a href=\"https:\/\/www.saporedicina.com\/es\/fluentu-la-mejor-forma-de-aprender-chino-mediante-videos\/\" target=\"_blank\" rel=\"noopener noreferrer\"><img decoding=\"async\" src=\"https:\/\/www.saporedicina.com\/wp-content\/uploads\/landingpages\/subpages-china\/fluentu.jpg\" alt=\"Aprender chino con v\u00eddeos\" title=\"Aprender chino con v\u00eddeos\"width=\"241\" height=\"186\"\/><\/p>\n<h2>Aprender chino con v\u00eddeos<\/h2>\n<p><\/a><\/div>\n<div class=\"sublanding-element\"><a href=\"https:\/\/www.saporedicina.com\/es\/aprende-chino-mediante-podcasts\/\" target=\"_blank\" rel=\"noopener noreferrer\"><img decoding=\"async\" src=\"https:\/\/www.saporedicina.com\/wp-content\/uploads\/landingpages\/subpages-china\/chineseclass101.jpg\" alt=\"Lecciones de Chino: ChineseClass101\" title=\"Lecciones de Chino: ChineseClass101\"width=\"241\" height=\"186\"\/><\/p>\n<h2>Lecciones de Chino<\/h2>\n<p><\/a><\/div>\n<div class=\"sublanding-element\"><a href=\"https:\/\/www.saporedicina.com\/es\/test-nivel-chino\/\" target=\"_blank\" rel=\"noopener noreferrer\"><img decoding=\"async\" src=\"https:\/\/www.saporedicina.com\/wp-content\/uploads\/landingpages\/subpages-china\/hsk.jpg\" alt=\"ex\u00e1men HSK\" title=\"ex\u00e1men HSK\"width=\"241\" height=\"186\"\/><\/p>\n<h2>Ex\u00e1menes HSK<\/h2>\n<p><\/a><\/div>\n<div class=\"sublanding-element\"><a href=\"https:\/\/www.saporedicina.com\/es\/chinesepod-resena\/\" target=\"_blank\" rel=\"noopener noreferrer\"><img decoding=\"async\" src=\"https:\/\/www.saporedicina.com\/wp-content\/uploads\/landingpages\/subpages-china\/chinesepod.jpg\" alt=\"Aprende Chino con Podcasts\" title=\"Aprende Chino con Podcasts\"width=\"241\" height=\"186\"\/><\/p>\n<h2>Aprende Chino con Podcasts<\/h2>\n<p><\/a><\/div>\n<div class=\"sublanding-element\"><a href=\"https:\/\/www.saporedicina.com\/es\/skritter-resena\/\" target=\"_blank\" rel=\"noopener noreferrer\"><img decoding=\"async\" src=\"https:\/\/www.saporedicina.com\/wp-content\/uploads\/landingpages\/subpages-china\/skritter.jpg\" alt=\"Aprender los Caracteres chinos\" title=\"Aprender los Caracteres chinos\"width=\"241\" height=\"186\"\/><\/p>\n<h2>Escribir Caracteres Chinos<\/h2>\n<p><\/a><\/div>\n<div class=\"sublanding-element\"><a href=\"https:\/\/www.saporedicina.com\/es\/periodico-chino-simplificado-entrevista-a-sean\/\" target=\"_blank\" rel=\"noopener noreferrer\"><img decoding=\"async\" src=\"https:\/\/www.saporedicina.com\/wp-content\/uploads\/landingpages\/subpages-china\/tcb.jpg\" alt=\"Leer en chino\" title=\"Leer en chino\"width=\"241\" height=\"186\"\/><\/p>\n<h2>Leer en chino<\/h2>\n<p><\/a><\/div>\n<div class=\"sublanding-element\"><a href=\"https:\/\/www.saporedicina.com\/es\/resena-curso-hacking-chinese\/\" target=\"_blank\" rel=\"noopener noreferrer\"><img decoding=\"async\" src=\"https:\/\/www.saporedicina.com\/wp-content\/uploads\/landingpages\/subpages-china\/hackingchinese.jpg\" alt=\"C\u00f3mo Aprender Chino\" title=\"C\u00f3mo Aprender Chino\"width=\"241\" height=\"186\"\/><\/p>\n<h2>C\u00f3mo Aprender Chino<\/h2>\n<p><\/a><\/div>\n<div class=\"sublanding-element\"><a href=\"https:\/\/www.saporedicina.com\/es\/las-mejores-apps-para-aprender-chino-en-tu-smartphone-o-tablet\/\" target=\"_blank\" rel=\"noopener noreferrer\"><img decoding=\"async\" src=\"https:\/\/www.saporedicina.com\/wp-content\/uploads\/landingpages\/subpages-china\/bestchineseapps.jpg\" alt=\"Las Mejores Apps\" title=\"Las Mejores Apps\"width=\"241\" height=\"186\"\/><\/p>\n<h2>Las Mejores Apps<\/h2>\n<p><\/a><\/div>\n<div class=\"sublanding-element\"><a href=\"https:\/\/www.saporedicina.com\/es\/clases-particulares-chino-online\/\" target=\"_blank\" rel=\"noopener noreferrer\"><img decoding=\"async\" src=\"https:\/\/www.saporedicina.com\/wp-content\/uploads\/landingpages\/subpages-china\/chinese1on1.jpg\" alt=\"Clases Particulares Online\" title=\"Clases Particulares Online\"width=\"241\" height=\"186\"\/><\/p>\n<h2>Clases Particulares Online<\/h2>\n<p><\/a><\/div>\n<div class=\"sublanding-element\"><a href=\"https:\/\/www.saporedicina.com\/es\/aprender-chino-online\/\" target=\"_blank\" rel=\"noopener noreferrer\"><img decoding=\"async\" src=\"https:\/\/www.saporedicina.com\/wp-content\/uploads\/landingpages\/subpages-china\/learnchinese.jpg\" alt=\"Recursos Online Gratuitos\" title=\"Recursos Online Gratuitos\"width=\"241\" height=\"186\"\/><\/p>\n<h2>Recursos Online Gratuitos<\/h2>\n<p><\/a><\/div>\n<div class=\"sublanding-element\"><a href=\"https:\/\/www.saporedicina.com\/es\/mandarin-companion-novelas-en-chino-adaptadas-a-los-principiantes\/\" target=\"_blank\" rel=\"noopener noreferrer\"><img decoding=\"async\" src=\"https:\/\/www.saporedicina.com\/wp-content\/uploads\/landingpages\/subpages-china\/mandarincompanion.jpg\" alt=\"Novelas para principiantes\" title=\"Novelas para principiantes\"width=\"241\" height=\"186\"\/><\/p>\n<h2>Novelas para principiantes<\/h2>\n<p><\/a><\/div>\n<div class=\"sublanding-element\"><a href=\"https:\/\/www.saporedicina.com\/es\/anki-flashcards\/\" target=\"_blank\" rel=\"noopener noreferrer\"><img decoding=\"async\" src=\"https:\/\/www.saporedicina.com\/wp-content\/uploads\/landingpages\/subpages-china\/anki.jpg\" alt=\"Anki Flashcards\" title=\"Anki Flashcards\"width=\"241\" height=\"186\"\/><\/p>\n<h2>Flashcards Anki<\/h2>\n<p><\/a><\/div>\n<div class=\"sublanding-element\"><a href=\"https:\/\/www.saporedicina.com\/es\/guia-gramatica-china\/\" target=\"_blank\" rel=\"noopener noreferrer\"><img decoding=\"async\" src=\"https:\/\/www.saporedicina.com\/wp-content\/uploads\/landingpages\/subpages-china\/chinesegramar.jpg\" alt=\"Gram\u00e1tica China\" title=\"Gram\u00e1tica China\"width=\"241\" height=\"186\"\/><\/p>\n<h2>Gram\u00e1tica China<\/h2>\n<p><\/a><\/div>\n<div class=\"sublanding-element\"><a href=\"https:\/\/www.saporedicina.com\/es\/instituto-confucio\/\" target=\"_blank\" rel=\"noopener noreferrer\"><img decoding=\"async\" src=\"https:\/\/www.saporedicina.com\/wp-content\/uploads\/landingpages\/subpages-china\/confucio.jpg\" alt=\"Instituto Confucio\" title=\"Instituto Confucio\"width=\"241\" height=\"186\"\/><\/p>\n<h2>Instituto Confucio<\/h2>\n<p><\/a><\/div>\n<div class=\"sublanding-element\"><a href=\"https:\/\/www.saporedicina.com\/es\/chengyu-expresiones-idiomaticas\/\" target=\"_blank\" rel=\"noopener noreferrer\"><img decoding=\"async\" src=\"https:\/\/www.saporedicina.com\/wp-content\/uploads\/landingpages\/subpages-china\/chengyu.jpg\" alt=\"Chengyu\" title=\"Chengyu\"width=\"241\" height=\"186\"\/><\/p>\n<h2>Chengyu<\/h2>\n<p><\/a><\/div>\n<div class=\"sublanding-element\"><a href=\"https:\/\/www.saporedicina.com\/es\/estudiar-chino-en-china-cual-es-la-mejor-opcion-para-ti\/\" target=\"_blank\" rel=\"noopener noreferrer\"><img decoding=\"async\" src=\"https:\/\/www.saporedicina.com\/wp-content\/uploads\/landingpages\/subpages-china\/studychineseinchina.jpg\" alt=\"Aprender Chino en China\" title=\"Aprender Chino en China\"width=\"241\" height=\"186\"\/><\/p>\n<h2>Aprender Chino en China<\/h2>\n<p><\/a><\/div>\n<div class=\"sublanding-element\"><a href=\"https:\/\/www.saporedicina.com\/es\/estudiar-chino-en-beijing-la-guia-completa\/\" target=\"_blank\" rel=\"noopener noreferrer\"><img decoding=\"async\" src=\"https:\/\/www.saporedicina.com\/wp-content\/uploads\/landingpages\/subpages-china\/studychineseinbeijing.jpg\" alt=\"Aprender Chino en Beijing\" title=\"Aprender Chino en Beijing\"width=\"241\" height=\"186\"\/><\/p>\n<h2>Aprender Chino en Beijing<\/h2>\n<p><\/a><\/div>\n<div class=\"sublanding-element\"><a href=\"https:\/\/www.saporedicina.com\/es\/estudiar-chino-shanghai\/\" target=\"_blank\" rel=\"noopener noreferrer\"><img decoding=\"async\" src=\"https:\/\/www.saporedicina.com\/wp-content\/uploads\/landingpages\/subpages-china\/studychineseshanghai.jpg\" alt=\"Aprender Chino en Shanghai\" title=\"Aprender Chino en Shanghai\"width=\"241\" height=\"186\"\/><\/p>\n<h2>Aprender Chino en Shanghai<\/h2>\n<p><\/a><\/div>\n<div class=\"sublanding-element\"><a href=\"https:\/\/www.saporedicina.com\/es\/cuanto-tiempo-se-tarda-en-aprender-mandarin\/\" target=\"_blank\" rel=\"noopener noreferrer\"><img decoding=\"async\" src=\"https:\/\/www.saporedicina.com\/wp-content\/uploads\/landingpages\/subpages-china\/howlongittakestolearnchienese.jpg\" alt=\"How long it takes\" title=\"How long it takes\"width=\"241\" height=\"186\"\/><\/p>\n<h2>Cuanto tiempo se necesita<\/h2>\n<p><\/a><\/div>\n<\/div>\n","protected":false},"excerpt":{"rendered":"<p>Cursos de Chino Aprender chino con v\u00eddeos Lecciones de Chino Ex\u00e1menes HSK Aprende Chino con Podcasts Escribir Caracteres Chinos Leer en chino C\u00f3mo Aprender Chino Las Mejores Apps Clases Particulares Online Recursos Online Gratuitos Novelas para principiantes Flashcards Anki Gram\u00e1tica China Instituto Confucio Chengyu Aprender Chino en China Aprender Chino en Beijing Aprender Chino en [&hellip;]<\/p>\n","protected":false},"author":2,"featured_media":0,"parent":0,"menu_order":0,"comment_status":"closed","ping_status":"closed","template":"","meta":{"_uag_custom_page_level_css":"","site-sidebar-layout":"default","site-content-layout":"","ast-site-content-layout":"default","site-content-style":"default","site-sidebar-style":"default","ast-global-header-display":"","ast-banner-title-visibility":"","ast-main-header-display":"","ast-hfb-above-header-display":"","ast-hfb-below-header-display":"","ast-hfb-mobile-header-display":"","site-post-title":"","ast-breadcrumbs-content":"","ast-featured-img":"","footer-sml-layout":"","theme-transparent-header-meta":"","adv-header-id-meta":"","stick-header-meta":"","header-above-stick-meta":"","header-main-stick-meta":"","header-below-stick-meta":"","astra-migrate-meta-layouts":"default","ast-page-background-enabled":"default","ast-page-background-meta":{"desktop":{"background-color":"var(--ast-global-color-4)","background-image":"","background-repeat":"repeat","background-position":"center center","background-size":"auto","background-attachment":"scroll","background-type":"","background-media":"","overlay-type":"","overlay-color":"","overlay-opacity":"","overlay-gradient":""},"tablet":{"background-color":"","background-image":"","background-repeat":"repeat","background-position":"center center","background-size":"auto","background-attachment":"scroll","background-type":"","background-media":"","overlay-type":"","overlay-color":"","overlay-opacity":"","overlay-gradient":""},"mobile":{"background-color":"","background-image":"","background-repeat":"repeat","background-position":"center center","background-size":"auto","background-attachment":"scroll","background-type":"","background-media":"","overlay-type":"","overlay-color":"","overlay-opacity":"","overlay-gradient":""}},"ast-content-background-meta":{"desktop":{"background-color":"var(--ast-global-color-5)","background-image":"","background-repeat":"repeat","background-position":"center center","background-size":"auto","background-attachment":"scroll","background-type":"","background-media":"","overlay-type":"","overlay-color":"","overlay-opacity":"","overlay-gradient":""},"tablet":{"background-color":"var(--ast-global-color-5)","background-image":"","background-repeat":"repeat","background-position":"center center","background-size":"auto","background-attachment":"scroll","background-type":"","background-media":"","overlay-type":"","overlay-color":"","overlay-opacity":"","overlay-gradient":""},"mobile":{"background-color":"var(--ast-global-color-5)","background-image":"","background-repeat":"repeat","background-position":"center center","background-size":"auto","background-attachment":"scroll","background-type":"","background-media":"","overlay-type":"","overlay-color":"","overlay-opacity":"","overlay-gradient":""}},"footnotes":""},"class_list":["post-7228","page","type-page","status-publish","hentry"],"yoast_head":"<!-- This site is optimized with the Yoast SEO plugin v27.5 - https:\/\/yoast.com\/product\/yoast-seo-wordpress\/ -->\n<title>Aprender Chino<\/title>\n<meta name=\"robots\" content=\"noindex, nofollow\" \/>\n<meta property=\"og:locale\" content=\"es_ES\" \/>\n<meta property=\"og:type\" content=\"article\" \/>\n<meta property=\"og:title\" content=\"Aprender Chino\" \/>\n<meta property=\"og:description\" content=\"Cursos de Chino Aprender chino con v\u00eddeos Lecciones de Chino Ex\u00e1menes HSK Aprende Chino con Podcasts Escribir Caracteres Chinos Leer en chino C\u00f3mo Aprender Chino Las Mejores Apps Clases Particulares Online Recursos Online Gratuitos Novelas para principiantes Flashcards Anki Gram\u00e1tica China Instituto Confucio Chengyu Aprender Chino en China Aprender Chino en Beijing Aprender Chino en [&hellip;]\" \/>\n<meta property=\"og:url\" content=\"https:\/\/www.saporedicina.com\/es\/aprender-chino\/\" \/>\n<meta property=\"og:site_name\" content=\"Sapore di Cina\" \/>\n<meta property=\"article:publisher\" content=\"https:\/\/www.facebook.com\/saporedicinaespanol\" \/>\n<meta property=\"article:modified_time\" content=\"2020-11-26T10:42:32+00:00\" \/>\n<meta property=\"og:image\" content=\"https:\/\/www.saporedicina.com\/wp-content\/uploads\/landingpages\/subpages-china\/chinesecourses.jpg\" \/>\n<meta name=\"twitter:card\" content=\"summary_large_image\" \/>\n<meta name=\"twitter:site\" content=\"@sbortozhou\" \/>\n<script type=\"application\/ld+json\" class=\"yoast-schema-graph\">{\"@context\":\"https:\\\/\\\/schema.org\",\"@graph\":[{\"@type\":\"WebPage\",\"@id\":\"https:\\\/\\\/www.saporedicina.com\\\/es\\\/aprender-chino\\\/\",\"url\":\"https:\\\/\\\/www.saporedicina.com\\\/es\\\/aprender-chino\\\/\",\"name\":\"Aprender Chino\",\"isPartOf\":{\"@id\":\"https:\\\/\\\/www.saporedicina.com\\\/es\\\/#website\"},\"primaryImageOfPage\":{\"@id\":\"https:\\\/\\\/www.saporedicina.com\\\/es\\\/aprender-chino\\\/#primaryimage\"},\"image\":{\"@id\":\"https:\\\/\\\/www.saporedicina.com\\\/es\\\/aprender-chino\\\/#primaryimage\"},\"thumbnailUrl\":\"https:\\\/\\\/www.saporedicina.com\\\/wp-content\\\/uploads\\\/landingpages\\\/subpages-china\\\/chinesecourses.jpg\",\"datePublished\":\"2015-08-24T15:54:18+00:00\",\"dateModified\":\"2020-11-26T10:42:32+00:00\",\"breadcrumb\":{\"@id\":\"https:\\\/\\\/www.saporedicina.com\\\/es\\\/aprender-chino\\\/#breadcrumb\"},\"inLanguage\":\"es\",\"potentialAction\":[{\"@type\":\"ReadAction\",\"target\":[\"https:\\\/\\\/www.saporedicina.com\\\/es\\\/aprender-chino\\\/\"]}]},{\"@type\":\"ImageObject\",\"inLanguage\":\"es\",\"@id\":\"https:\\\/\\\/www.saporedicina.com\\\/es\\\/aprender-chino\\\/#primaryimage\",\"url\":\"https:\\\/\\\/www.saporedicina.com\\\/wp-content\\\/uploads\\\/landingpages\\\/subpages-china\\\/chinesecourses.jpg\",\"contentUrl\":\"https:\\\/\\\/www.saporedicina.com\\\/wp-content\\\/uploads\\\/landingpages\\\/subpages-china\\\/chinesecourses.jpg\"},{\"@type\":\"BreadcrumbList\",\"@id\":\"https:\\\/\\\/www.saporedicina.com\\\/es\\\/aprender-chino\\\/#breadcrumb\",\"itemListElement\":[{\"@type\":\"ListItem\",\"position\":1,\"name\":\"SDC\",\"item\":\"https:\\\/\\\/www.saporedicina.com\\\/es\\\/\"},{\"@type\":\"ListItem\",\"position\":2,\"name\":\"Aprender Chino\"}]},{\"@type\":\"WebSite\",\"@id\":\"https:\\\/\\\/www.saporedicina.com\\\/es\\\/#website\",\"url\":\"https:\\\/\\\/www.saporedicina.com\\\/es\\\/\",\"name\":\"Sapore di Cina\",\"description\":\"Aprender Chino, Viajar, Estudiar o Trabajar en China y Asia\",\"publisher\":{\"@id\":\"https:\\\/\\\/www.saporedicina.com\\\/es\\\/#organization\"},\"alternateName\":\"SDC\",\"potentialAction\":[{\"@type\":\"SearchAction\",\"target\":{\"@type\":\"EntryPoint\",\"urlTemplate\":\"https:\\\/\\\/www.saporedicina.com\\\/es\\\/?s={search_term_string}\"},\"query-input\":{\"@type\":\"PropertyValueSpecification\",\"valueRequired\":true,\"valueName\":\"search_term_string\"}}],\"inLanguage\":\"es\"},{\"@type\":\"Organization\",\"@id\":\"https:\\\/\\\/www.saporedicina.com\\\/es\\\/#organization\",\"name\":\"Sapore di Cina\",\"url\":\"https:\\\/\\\/www.saporedicina.com\\\/es\\\/\",\"logo\":{\"@type\":\"ImageObject\",\"inLanguage\":\"es\",\"@id\":\"https:\\\/\\\/www.saporedicina.com\\\/es\\\/#\\\/schema\\\/logo\\\/image\\\/\",\"url\":\"https:\\\/\\\/www.saporedicina.com\\\/es\\\/wp-content\\\/uploads\\\/2019\\\/04\\\/logo.jpg\",\"contentUrl\":\"https:\\\/\\\/www.saporedicina.com\\\/es\\\/wp-content\\\/uploads\\\/2019\\\/04\\\/logo.jpg\",\"width\":800,\"height\":800,\"caption\":\"Sapore di Cina\"},\"image\":{\"@id\":\"https:\\\/\\\/www.saporedicina.com\\\/es\\\/#\\\/schema\\\/logo\\\/image\\\/\"},\"sameAs\":[\"https:\\\/\\\/www.facebook.com\\\/saporedicinaespanol\",\"https:\\\/\\\/x.com\\\/sbortozhou\",\"https:\\\/\\\/www.youtube.com\\\/channel\\\/UCl2ssfXqNmOeaY6l470UDlQ\\\/\"]}]}<\/script>\n<!-- \/ Yoast SEO plugin. -->","yoast_head_json":{"title":"Aprender Chino","robots":{"index":"noindex","follow":"nofollow"},"og_locale":"es_ES","og_type":"article","og_title":"Aprender Chino","og_description":"Cursos de Chino Aprender chino con v\u00eddeos Lecciones de Chino Ex\u00e1menes HSK Aprende Chino con Podcasts Escribir Caracteres Chinos Leer en chino C\u00f3mo Aprender Chino Las Mejores Apps Clases Particulares Online Recursos Online Gratuitos Novelas para principiantes Flashcards Anki Gram\u00e1tica China Instituto Confucio Chengyu Aprender Chino en China Aprender Chino en Beijing Aprender Chino en [&hellip;]","og_url":"https:\/\/www.saporedicina.com\/es\/aprender-chino\/","og_site_name":"Sapore di Cina","article_publisher":"https:\/\/www.facebook.com\/saporedicinaespanol","article_modified_time":"2020-11-26T10:42:32+00:00","og_image":[{"url":"https:\/\/www.saporedicina.com\/wp-content\/uploads\/landingpages\/subpages-china\/chinesecourses.jpg","type":"","width":"","height":""}],"twitter_card":"summary_large_image","twitter_site":"@sbortozhou","schema":{"@context":"https:\/\/schema.org","@graph":[{"@type":"WebPage","@id":"https:\/\/www.saporedicina.com\/es\/aprender-chino\/","url":"https:\/\/www.saporedicina.com\/es\/aprender-chino\/","name":"Aprender Chino","isPartOf":{"@id":"https:\/\/www.saporedicina.com\/es\/#website"},"primaryImageOfPage":{"@id":"https:\/\/www.saporedicina.com\/es\/aprender-chino\/#primaryimage"},"image":{"@id":"https:\/\/www.saporedicina.com\/es\/aprender-chino\/#primaryimage"},"thumbnailUrl":"https:\/\/www.saporedicina.com\/wp-content\/uploads\/landingpages\/subpages-china\/chinesecourses.jpg","datePublished":"2015-08-24T15:54:18+00:00","dateModified":"2020-11-26T10:42:32+00:00","breadcrumb":{"@id":"https:\/\/www.saporedicina.com\/es\/aprender-chino\/#breadcrumb"},"inLanguage":"es","potentialAction":[{"@type":"ReadAction","target":["https:\/\/www.saporedicina.com\/es\/aprender-chino\/"]}]},{"@type":"ImageObject","inLanguage":"es","@id":"https:\/\/www.saporedicina.com\/es\/aprender-chino\/#primaryimage","url":"https:\/\/www.saporedicina.com\/wp-content\/uploads\/landingpages\/subpages-china\/chinesecourses.jpg","contentUrl":"https:\/\/www.saporedicina.com\/wp-content\/uploads\/landingpages\/subpages-china\/chinesecourses.jpg"},{"@type":"BreadcrumbList","@id":"https:\/\/www.saporedicina.com\/es\/aprender-chino\/#breadcrumb","itemListElement":[{"@type":"ListItem","position":1,"name":"SDC","item":"https:\/\/www.saporedicina.com\/es\/"},{"@type":"ListItem","position":2,"name":"Aprender Chino"}]},{"@type":"WebSite","@id":"https:\/\/www.saporedicina.com\/es\/#website","url":"https:\/\/www.saporedicina.com\/es\/","name":"Sapore di Cina","description":"Aprender Chino, Viajar, Estudiar o Trabajar en China y Asia","publisher":{"@id":"https:\/\/www.saporedicina.com\/es\/#organization"},"alternateName":"SDC","potentialAction":[{"@type":"SearchAction","target":{"@type":"EntryPoint","urlTemplate":"https:\/\/www.saporedicina.com\/es\/?s={search_term_string}"},"query-input":{"@type":"PropertyValueSpecification","valueRequired":true,"valueName":"search_term_string"}}],"inLanguage":"es"},{"@type":"Organization","@id":"https:\/\/www.saporedicina.com\/es\/#organization","name":"Sapore di Cina","url":"https:\/\/www.saporedicina.com\/es\/","logo":{"@type":"ImageObject","inLanguage":"es","@id":"https:\/\/www.saporedicina.com\/es\/#\/schema\/logo\/image\/","url":"https:\/\/www.saporedicina.com\/es\/wp-content\/uploads\/2019\/04\/logo.jpg","contentUrl":"https:\/\/www.saporedicina.com\/es\/wp-content\/uploads\/2019\/04\/logo.jpg","width":800,"height":800,"caption":"Sapore di Cina"},"image":{"@id":"https:\/\/www.saporedicina.com\/es\/#\/schema\/logo\/image\/"},"sameAs":["https:\/\/www.facebook.com\/saporedicinaespanol","https:\/\/x.com\/sbortozhou","https:\/\/www.youtube.com\/channel\/UCl2ssfXqNmOeaY6l470UDlQ\/"]}]}},"uagb_featured_image_src":{"full":false,"thumbnail":false,"medium":false,"medium_large":false,"large":false,"1536x1536":false,"2048x2048":false},"uagb_author_info":{"display_name":"Sapore di Cina","author_link":"https:\/\/www.saporedicina.com\/es\/author\/sborto\/"},"uagb_comment_info":0,"uagb_excerpt":"Cursos de Chino Aprender chino con v\u00eddeos Lecciones de Chino Ex\u00e1menes HSK Aprende Chino con Podcasts Escribir Caracteres Chinos Leer en chino C\u00f3mo Aprender Chino Las Mejores Apps Clases Particulares Online Recursos Online Gratuitos Novelas para principiantes Flashcards Anki Gram\u00e1tica China Instituto Confucio Chengyu Aprender Chino en China Aprender Chino en Beijing Aprender Chino en&hellip;","_links":{"self":[{"href":"https:\/\/www.saporedicina.com\/es\/wp-json\/wp\/v2\/pages\/7228","targetHints":{"allow":["GET"]}}],"collection":[{"href":"https:\/\/www.saporedicina.com\/es\/wp-json\/wp\/v2\/pages"}],"about":[{"href":"https:\/\/www.saporedicina.com\/es\/wp-json\/wp\/v2\/types\/page"}],"author":[{"embeddable":true,"href":"https:\/\/www.saporedicina.com\/es\/wp-json\/wp\/v2\/users\/2"}],"replies":[{"embeddable":true,"href":"https:\/\/www.saporedicina.com\/es\/wp-json\/wp\/v2\/comments?post=7228"}],"version-history":[{"count":0,"href":"https:\/\/www.saporedicina.com\/es\/wp-json\/wp\/v2\/pages\/7228\/revisions"}],"wp:attachment":[{"href":"https:\/\/www.saporedicina.com\/es\/wp-json\/wp\/v2\/media?parent=7228"}],"curies":[{"name":"wp","href":"https:\/\/api.w.org\/{rel}","templated":true}]}}