{"id":6011,"date":"2015-05-02T18:36:26","date_gmt":"2015-05-02T17:36:26","guid":{"rendered":"https:\/\/www.saporedicina.com\/es\/?page_id=6011"},"modified":"2021-02-16T09:36:58","modified_gmt":"2021-02-16T08:36:58","slug":"write-for-us","status":"publish","type":"page","link":"https:\/\/www.saporedicina.com\/es\/write-for-us\/","title":{"rendered":"Escribe para Nosotros"},"content":{"rendered":"<p>\u00a1Hola!<\/p>\n<p>Si piensas que tiene algo interesante que contar y te gustar\u00eda compartirlo con los lectores de SDC, eres bienvenido. Simplemente rellena el formulario que se encuentra al final de esta p\u00e1gina.<\/p>\n<h2>\u00bfPor qu\u00e9 deber\u00edas escribir para nosotros?<\/h2>\n<p>SDC tiene m\u00e1s de 200,000 visitantes al mes, todos interesados en China. Si quieres hacerte conocer en una publico as\u00ed o mostrarte en audiencia m\u00e1s amplia que la de tu blog, este es lugar apropiado.<\/p>\n<h2>Las cuatro mandamientos de SDC<\/h2>\n<p>1. No se aceptan art\u00edculos con menos de 800 palabras (a menos que est\u00e9 galer\u00edas fotogr\u00e1ficas);<\/p>\n<p>2. No aceptamos los art\u00edculos de las agencias de marketing o spammers SEO;  <\/p>\n<p>3. El articulo debe estar escrito en una forma informativa (es decir, igual que todos nuestros art\u00edculos). No aceptamos infomerciales u otros tipos de publicidad descarada (no, ni siquiera si pagas);<\/p>\n<p>4. Si nunca has escrito un art\u00edculo en tu vida, SDC no es el lugar para empezar a hacerlo. Aceptamos solamente art\u00edculos de gente que ha escrito antes ya que leer uno de tus art\u00edculos es la \u00fanica manera que tenemos para evaluar tu estilo.<\/p>\n<h2>\u00bfCrees que puedes cumplir con los cuatro mandamientos? \u00a1Entonces ponte en contacto con nosotros!<\/h2>\n\n<div class=\"wpcf7 no-js\" id=\"wpcf7-f6009-o1\" lang=\"es-ES\" dir=\"ltr\" data-wpcf7-id=\"6009\">\n<div class=\"screen-reader-response\"><p role=\"status\" aria-live=\"polite\" aria-atomic=\"true\"><\/p> <ul><\/ul><\/div>\n<form action=\"\/es\/wp-json\/wp\/v2\/pages\/6011#wpcf7-f6009-o1\" method=\"post\" class=\"wpcf7-form init wpcf7-acceptance-as-validation\" aria-label=\"Formulario de contacto\" novalidate=\"novalidate\" data-status=\"init\">\n<fieldset class=\"hidden-fields-container\"><input type=\"hidden\" name=\"_wpcf7\" value=\"6009\" \/><input type=\"hidden\" name=\"_wpcf7_version\" value=\"6.1.5\" \/><input type=\"hidden\" name=\"_wpcf7_locale\" value=\"es_ES\" \/><input type=\"hidden\" name=\"_wpcf7_unit_tag\" value=\"wpcf7-f6009-o1\" \/><input type=\"hidden\" name=\"_wpcf7_container_post\" value=\"0\" \/><input type=\"hidden\" name=\"_wpcf7_posted_data_hash\" value=\"\" \/><input type=\"hidden\" name=\"_wpcf7cf_hidden_group_fields\" value=\"[]\" \/><input type=\"hidden\" name=\"_wpcf7cf_hidden_groups\" value=\"[]\" \/><input type=\"hidden\" name=\"_wpcf7cf_visible_groups\" value=\"[]\" \/><input type=\"hidden\" name=\"_wpcf7cf_repeaters\" value=\"[]\" \/><input type=\"hidden\" name=\"_wpcf7cf_steps\" value=\"{}\" \/><input type=\"hidden\" name=\"_wpcf7cf_options\" value=\"{&quot;form_id&quot;:6009,&quot;conditions&quot;:[],&quot;settings&quot;:{&quot;animation&quot;:&quot;yes&quot;,&quot;animation_intime&quot;:200,&quot;animation_outtime&quot;:200,&quot;conditions_ui&quot;:&quot;normal&quot;,&quot;notice_dismissed&quot;:false,&quot;notice_dismissed_rollback-cf7-5.3.2&quot;:true}}\" \/>\n<\/fieldset>\n<p>Nombre\n<\/p>\n<p><span class=\"wpcf7-form-control-wrap\" data-name=\"your-name\"><input size=\"40\" maxlength=\"400\" class=\"wpcf7-form-control wpcf7-text wpcf7-validates-as-required\" aria-required=\"true\" aria-invalid=\"false\" value=\"\" type=\"text\" name=\"your-name\" \/><\/span>\n<\/p>\n<p>Correo Electr\u00f3nico\n<\/p>\n<p><span id=\"wpcf7-69f2201c4c367-wrapper\" class=\"wpcf7-form-control-wrap youremail-wrap\" ><label for=\"wpcf7-69f2201c4c367-field\" class=\"hp-message\">Por favor, deja este campo vac\u00edo.<\/label><input id=\"wpcf7-69f2201c4c367-field\"  class=\"wpcf7-form-control wpcf7-text\" type=\"text\" name=\"youremail\" value=\"\" size=\"40\" tabindex=\"-1\" autocomplete=\"off\" \/><\/span><span class=\"wpcf7-form-control-wrap\" data-name=\"your-email\"><input size=\"40\" maxlength=\"400\" class=\"wpcf7-form-control wpcf7-email wpcf7-validates-as-required wpcf7-text wpcf7-validates-as-email\" aria-required=\"true\" aria-invalid=\"false\" value=\"\" type=\"email\" name=\"your-email\" \/><\/span>\n<\/p>\n<p>T\u00edtulo (indicativo) del art\u00edculo que escribir\u00edas:\n<\/p>\n<p><span class=\"wpcf7-form-control-wrap\" data-name=\"text-595\"><input size=\"40\" maxlength=\"400\" class=\"wpcf7-form-control wpcf7-text wpcf7-validates-as-required\" aria-required=\"true\" aria-invalid=\"false\" value=\"\" type=\"text\" name=\"text-595\" \/><\/span>\n<\/p>\n<p>Link a un art\u00edculo que ya hayas publicado:\n<\/p>\n<p><span class=\"wpcf7-form-control-wrap\" data-name=\"text-821\"><input size=\"40\" maxlength=\"400\" class=\"wpcf7-form-control wpcf7-text wpcf7-validates-as-required\" aria-required=\"true\" aria-invalid=\"false\" value=\"\" type=\"text\" name=\"text-821\" \/><\/span>\n<\/p>\n<p>Link de tu sitio web (si tienes alguno):\n<\/p>\n<p><span class=\"wpcf7-form-control-wrap\" data-name=\"text-158\"><input size=\"40\" maxlength=\"400\" class=\"wpcf7-form-control wpcf7-text\" aria-invalid=\"false\" value=\"\" type=\"text\" name=\"text-158\" \/><\/span>\n<\/p>\n<p>\u00bfHas estado alguna vez en China?\n<\/p>\n<p><span class=\"wpcf7-form-control-wrap\" data-name=\"menu-56\"><select class=\"wpcf7-form-control wpcf7-select wpcf7-validates-as-required\" aria-required=\"true\" aria-invalid=\"false\" name=\"menu-56\"><option value=\"\">&#8212;Por favor, elige una opci\u00f3n&#8212;<\/option><option value=\"S\u00ed, vivo en China\">S\u00ed, vivo en China<\/option><option value=\"S\u00ed, he vivido en China\">S\u00ed, he vivido en China<\/option><option value=\"S\u00ed, he viajado a China\">S\u00ed, he viajado a China<\/option><option value=\"No, pero mi trabajo est\u00e1 relacionado con China\">No, pero mi trabajo est\u00e1 relacionado con China<\/option><option value=\"No\">No<\/option><\/select><\/span>\n<\/p>\n<p>Este formulario recopila su nombre, correo electr\u00f3nico y otra informaci\u00f3n necesaria para que podamos responder a su consulta. Para obtener m\u00e1s informaci\u00f3n sobre d\u00f3nde, c\u00f3mo y por qu\u00e9 almacenamos sus datos (y c\u00f3mo puede acceder a ellos), puede leer nuestra <a href=\"https:\/\/www.saporedicina.com\/es\/privacy-policy\/\" rel=\"noopener\" target=\"_blank\">Pol\u00edtica de Privacidad<\/a>\n<\/p>\n<p><span class=\"wpcf7-form-control-wrap\" data-name=\"notification1\"><span class=\"wpcf7-form-control wpcf7-acceptance\"><span class=\"wpcf7-list-item\"><input type=\"checkbox\" name=\"notification1\" value=\"1\" aria-invalid=\"false\" \/><\/span><\/span><\/span> Acepto que este formulario recopile mi nombre, mi correo electr\u00f3nico y otra informaci\u00f3n.\n<\/p>\n<p><span class=\"wpcf7-form-control-wrap\" data-name=\"notification2\"><span class=\"wpcf7-form-control wpcf7-acceptance\"><span class=\"wpcf7-list-item\"><input type=\"checkbox\" name=\"notification2\" value=\"1\" aria-invalid=\"false\" \/><\/span><\/span><\/span> Acepto los <a href=\"#\" onClick=\"MyWindow=window.open('https:\/\/www.saporedicina.com\/es\/terms.html','MyWindow',width=200,height=500); return false;\">T\u00e9rminos y Condiciones<\/a> de este sitio web.\n<\/p>\n<p><input class=\"wpcf7-form-control wpcf7-submit has-spinner\" type=\"submit\" value=\"Enviar su Solicitud\" \/>\n<\/p><input\n                    class=\"apbct_special_field apbct_email_id__wp_contact_form_7\"\n                    name=\"apbct__email_id__wp_contact_form_7\"\n                    aria-label=\"apbct__label_id__wp_contact_form_7\"\n                    type=\"text\" size=\"30\" maxlength=\"200\" autocomplete=\"off\"\n                    value=\"\"\n                \/><div class=\"wpcf7-response-output\" aria-hidden=\"true\"><\/div>\n<\/form>\n<\/div>\n\n","protected":false},"excerpt":{"rendered":"<p>\u00a1Hola! Si piensas que tiene algo interesante que contar y te gustar\u00eda compartirlo con los lectores de SDC, eres bienvenido. Simplemente rellena el formulario que se encuentra al final de esta p\u00e1gina. \u00bfPor qu\u00e9 deber\u00edas escribir para nosotros? SDC tiene m\u00e1s de 200,000 visitantes al mes, todos interesados en China. Si quieres hacerte conocer en [&hellip;]<\/p>\n","protected":false},"author":2,"featured_media":0,"parent":0,"menu_order":0,"comment_status":"closed","ping_status":"closed","template":"","meta":{"_uag_custom_page_level_css":"","site-sidebar-layout":"default","site-content-layout":"","ast-site-content-layout":"default","site-content-style":"default","site-sidebar-style":"default","ast-global-header-display":"","ast-banner-title-visibility":"","ast-main-header-display":"","ast-hfb-above-header-display":"","ast-hfb-below-header-display":"","ast-hfb-mobile-header-display":"","site-post-title":"","ast-breadcrumbs-content":"","ast-featured-img":"","footer-sml-layout":"","theme-transparent-header-meta":"","adv-header-id-meta":"","stick-header-meta":"","header-above-stick-meta":"","header-main-stick-meta":"","header-below-stick-meta":"","astra-migrate-meta-layouts":"default","ast-page-background-enabled":"default","ast-page-background-meta":{"desktop":{"background-color":"var(--ast-global-color-4)","background-image":"","background-repeat":"repeat","background-position":"center center","background-size":"auto","background-attachment":"scroll","background-type":"","background-media":"","overlay-type":"","overlay-color":"","overlay-opacity":"","overlay-gradient":""},"tablet":{"background-color":"","background-image":"","background-repeat":"repeat","background-position":"center center","background-size":"auto","background-attachment":"scroll","background-type":"","background-media":"","overlay-type":"","overlay-color":"","overlay-opacity":"","overlay-gradient":""},"mobile":{"background-color":"","background-image":"","background-repeat":"repeat","background-position":"center center","background-size":"auto","background-attachment":"scroll","background-type":"","background-media":"","overlay-type":"","overlay-color":"","overlay-opacity":"","overlay-gradient":""}},"ast-content-background-meta":{"desktop":{"background-color":"var(--ast-global-color-5)","background-image":"","background-repeat":"repeat","background-position":"center center","background-size":"auto","background-attachment":"scroll","background-type":"","background-media":"","overlay-type":"","overlay-color":"","overlay-opacity":"","overlay-gradient":""},"tablet":{"background-color":"var(--ast-global-color-5)","background-image":"","background-repeat":"repeat","background-position":"center center","background-size":"auto","background-attachment":"scroll","background-type":"","background-media":"","overlay-type":"","overlay-color":"","overlay-opacity":"","overlay-gradient":""},"mobile":{"background-color":"var(--ast-global-color-5)","background-image":"","background-repeat":"repeat","background-position":"center center","background-size":"auto","background-attachment":"scroll","background-type":"","background-media":"","overlay-type":"","overlay-color":"","overlay-opacity":"","overlay-gradient":""}},"footnotes":""},"class_list":["post-6011","page","type-page","status-publish","hentry"],"yoast_head":"<!-- This site is optimized with the Yoast SEO plugin v27.5 - https:\/\/yoast.com\/product\/yoast-seo-wordpress\/ -->\n<title>Escribe para SDC<\/title>\n<meta name=\"description\" content=\"Estas buscando un lugar para publicar tus art\u00edculos, escribe para Sapore Di Cina (SDC) una de las webs de referencia sobre vivir y viajar en China\" \/>\n<meta name=\"robots\" content=\"noindex, nofollow\" \/>\n<meta property=\"og:locale\" content=\"es_ES\" \/>\n<meta property=\"og:type\" content=\"article\" \/>\n<meta property=\"og:title\" content=\"Escribe para SDC\" \/>\n<meta property=\"og:description\" content=\"Estas buscando un lugar para publicar tus art\u00edculos, escribe para Sapore Di Cina (SDC) una de las webs de referencia sobre vivir y viajar en China\" \/>\n<meta property=\"og:url\" content=\"https:\/\/www.saporedicina.com\/es\/write-for-us\/\" \/>\n<meta property=\"og:site_name\" content=\"Sapore di Cina\" \/>\n<meta property=\"article:publisher\" content=\"https:\/\/www.facebook.com\/saporedicinaespanol\" \/>\n<meta property=\"article:modified_time\" content=\"2021-02-16T08:36:58+00:00\" \/>\n<meta property=\"og:image\" content=\"https:\/\/www.saporedicina.com\/es\/wp-content\/uploads\/2013\/03\/quienessomos.jpg\" \/>\n\t<meta property=\"og:image:width\" content=\"700\" \/>\n\t<meta property=\"og:image:height\" content=\"376\" \/>\n\t<meta property=\"og:image:type\" content=\"image\/jpeg\" \/>\n<meta name=\"twitter:card\" content=\"summary_large_image\" \/>\n<meta name=\"twitter:site\" content=\"@sbortozhou\" \/>\n<meta name=\"twitter:label1\" content=\"Tiempo de lectura\" \/>\n\t<meta name=\"twitter:data1\" content=\"1 minuto\" \/>\n<script type=\"application\/ld+json\" class=\"yoast-schema-graph\">{\"@context\":\"https:\\\/\\\/schema.org\",\"@graph\":[{\"@type\":[\"WebPage\",\"ContactPage\"],\"@id\":\"https:\\\/\\\/www.saporedicina.com\\\/es\\\/write-for-us\\\/\",\"url\":\"https:\\\/\\\/www.saporedicina.com\\\/es\\\/write-for-us\\\/\",\"name\":\"Escribe para SDC\",\"isPartOf\":{\"@id\":\"https:\\\/\\\/www.saporedicina.com\\\/es\\\/#website\"},\"datePublished\":\"2015-05-02T17:36:26+00:00\",\"dateModified\":\"2021-02-16T08:36:58+00:00\",\"description\":\"Estas buscando un lugar para publicar tus art\u00edculos, escribe para Sapore Di Cina (SDC) una de las webs de referencia sobre vivir y viajar en China\",\"breadcrumb\":{\"@id\":\"https:\\\/\\\/www.saporedicina.com\\\/es\\\/write-for-us\\\/#breadcrumb\"},\"inLanguage\":\"es\",\"potentialAction\":[{\"@type\":\"ReadAction\",\"target\":[\"https:\\\/\\\/www.saporedicina.com\\\/es\\\/write-for-us\\\/\"]}]},{\"@type\":\"BreadcrumbList\",\"@id\":\"https:\\\/\\\/www.saporedicina.com\\\/es\\\/write-for-us\\\/#breadcrumb\",\"itemListElement\":[{\"@type\":\"ListItem\",\"position\":1,\"name\":\"SDC\",\"item\":\"https:\\\/\\\/www.saporedicina.com\\\/es\\\/\"},{\"@type\":\"ListItem\",\"position\":2,\"name\":\"Escribe para Nosotros\"}]},{\"@type\":\"WebSite\",\"@id\":\"https:\\\/\\\/www.saporedicina.com\\\/es\\\/#website\",\"url\":\"https:\\\/\\\/www.saporedicina.com\\\/es\\\/\",\"name\":\"Sapore di Cina\",\"description\":\"Aprender Chino, Viajar, Estudiar o Trabajar en China y Asia\",\"publisher\":{\"@id\":\"https:\\\/\\\/www.saporedicina.com\\\/es\\\/#organization\"},\"alternateName\":\"SDC\",\"potentialAction\":[{\"@type\":\"SearchAction\",\"target\":{\"@type\":\"EntryPoint\",\"urlTemplate\":\"https:\\\/\\\/www.saporedicina.com\\\/es\\\/?s={search_term_string}\"},\"query-input\":{\"@type\":\"PropertyValueSpecification\",\"valueRequired\":true,\"valueName\":\"search_term_string\"}}],\"inLanguage\":\"es\"},{\"@type\":\"Organization\",\"@id\":\"https:\\\/\\\/www.saporedicina.com\\\/es\\\/#organization\",\"name\":\"Sapore di Cina\",\"url\":\"https:\\\/\\\/www.saporedicina.com\\\/es\\\/\",\"logo\":{\"@type\":\"ImageObject\",\"inLanguage\":\"es\",\"@id\":\"https:\\\/\\\/www.saporedicina.com\\\/es\\\/#\\\/schema\\\/logo\\\/image\\\/\",\"url\":\"https:\\\/\\\/www.saporedicina.com\\\/es\\\/wp-content\\\/uploads\\\/2019\\\/04\\\/logo.jpg\",\"contentUrl\":\"https:\\\/\\\/www.saporedicina.com\\\/es\\\/wp-content\\\/uploads\\\/2019\\\/04\\\/logo.jpg\",\"width\":800,\"height\":800,\"caption\":\"Sapore di Cina\"},\"image\":{\"@id\":\"https:\\\/\\\/www.saporedicina.com\\\/es\\\/#\\\/schema\\\/logo\\\/image\\\/\"},\"sameAs\":[\"https:\\\/\\\/www.facebook.com\\\/saporedicinaespanol\",\"https:\\\/\\\/x.com\\\/sbortozhou\",\"https:\\\/\\\/www.youtube.com\\\/channel\\\/UCl2ssfXqNmOeaY6l470UDlQ\\\/\"]}]}<\/script>\n<!-- \/ Yoast SEO plugin. -->","yoast_head_json":{"title":"Escribe para SDC","description":"Estas buscando un lugar para publicar tus art\u00edculos, escribe para Sapore Di Cina (SDC) una de las webs de referencia sobre vivir y viajar en China","robots":{"index":"noindex","follow":"nofollow"},"og_locale":"es_ES","og_type":"article","og_title":"Escribe para SDC","og_description":"Estas buscando un lugar para publicar tus art\u00edculos, escribe para Sapore Di Cina (SDC) una de las webs de referencia sobre vivir y viajar en China","og_url":"https:\/\/www.saporedicina.com\/es\/write-for-us\/","og_site_name":"Sapore di Cina","article_publisher":"https:\/\/www.facebook.com\/saporedicinaespanol","article_modified_time":"2021-02-16T08:36:58+00:00","og_image":[{"width":700,"height":376,"url":"https:\/\/www.saporedicina.com\/es\/wp-content\/uploads\/2013\/03\/quienessomos.jpg","type":"image\/jpeg"}],"twitter_card":"summary_large_image","twitter_site":"@sbortozhou","twitter_misc":{"Tiempo de lectura":"1 minuto"},"schema":{"@context":"https:\/\/schema.org","@graph":[{"@type":["WebPage","ContactPage"],"@id":"https:\/\/www.saporedicina.com\/es\/write-for-us\/","url":"https:\/\/www.saporedicina.com\/es\/write-for-us\/","name":"Escribe para SDC","isPartOf":{"@id":"https:\/\/www.saporedicina.com\/es\/#website"},"datePublished":"2015-05-02T17:36:26+00:00","dateModified":"2021-02-16T08:36:58+00:00","description":"Estas buscando un lugar para publicar tus art\u00edculos, escribe para Sapore Di Cina (SDC) una de las webs de referencia sobre vivir y viajar en China","breadcrumb":{"@id":"https:\/\/www.saporedicina.com\/es\/write-for-us\/#breadcrumb"},"inLanguage":"es","potentialAction":[{"@type":"ReadAction","target":["https:\/\/www.saporedicina.com\/es\/write-for-us\/"]}]},{"@type":"BreadcrumbList","@id":"https:\/\/www.saporedicina.com\/es\/write-for-us\/#breadcrumb","itemListElement":[{"@type":"ListItem","position":1,"name":"SDC","item":"https:\/\/www.saporedicina.com\/es\/"},{"@type":"ListItem","position":2,"name":"Escribe para Nosotros"}]},{"@type":"WebSite","@id":"https:\/\/www.saporedicina.com\/es\/#website","url":"https:\/\/www.saporedicina.com\/es\/","name":"Sapore di Cina","description":"Aprender Chino, Viajar, Estudiar o Trabajar en China y Asia","publisher":{"@id":"https:\/\/www.saporedicina.com\/es\/#organization"},"alternateName":"SDC","potentialAction":[{"@type":"SearchAction","target":{"@type":"EntryPoint","urlTemplate":"https:\/\/www.saporedicina.com\/es\/?s={search_term_string}"},"query-input":{"@type":"PropertyValueSpecification","valueRequired":true,"valueName":"search_term_string"}}],"inLanguage":"es"},{"@type":"Organization","@id":"https:\/\/www.saporedicina.com\/es\/#organization","name":"Sapore di Cina","url":"https:\/\/www.saporedicina.com\/es\/","logo":{"@type":"ImageObject","inLanguage":"es","@id":"https:\/\/www.saporedicina.com\/es\/#\/schema\/logo\/image\/","url":"https:\/\/www.saporedicina.com\/es\/wp-content\/uploads\/2019\/04\/logo.jpg","contentUrl":"https:\/\/www.saporedicina.com\/es\/wp-content\/uploads\/2019\/04\/logo.jpg","width":800,"height":800,"caption":"Sapore di Cina"},"image":{"@id":"https:\/\/www.saporedicina.com\/es\/#\/schema\/logo\/image\/"},"sameAs":["https:\/\/www.facebook.com\/saporedicinaespanol","https:\/\/x.com\/sbortozhou","https:\/\/www.youtube.com\/channel\/UCl2ssfXqNmOeaY6l470UDlQ\/"]}]}},"uagb_featured_image_src":{"full":false,"thumbnail":false,"medium":false,"medium_large":false,"large":false,"1536x1536":false,"2048x2048":false},"uagb_author_info":{"display_name":"Sapore di Cina","author_link":"https:\/\/www.saporedicina.com\/es\/author\/sborto\/"},"uagb_comment_info":0,"uagb_excerpt":"\u00a1Hola! Si piensas que tiene algo interesante que contar y te gustar\u00eda compartirlo con los lectores de SDC, eres bienvenido. Simplemente rellena el formulario que se encuentra al final de esta p\u00e1gina. \u00bfPor qu\u00e9 deber\u00edas escribir para nosotros? SDC tiene m\u00e1s de 200,000 visitantes al mes, todos interesados en China. Si quieres hacerte conocer en&hellip;","_links":{"self":[{"href":"https:\/\/www.saporedicina.com\/es\/wp-json\/wp\/v2\/pages\/6011","targetHints":{"allow":["GET"]}}],"collection":[{"href":"https:\/\/www.saporedicina.com\/es\/wp-json\/wp\/v2\/pages"}],"about":[{"href":"https:\/\/www.saporedicina.com\/es\/wp-json\/wp\/v2\/types\/page"}],"author":[{"embeddable":true,"href":"https:\/\/www.saporedicina.com\/es\/wp-json\/wp\/v2\/users\/2"}],"replies":[{"embeddable":true,"href":"https:\/\/www.saporedicina.com\/es\/wp-json\/wp\/v2\/comments?post=6011"}],"version-history":[{"count":0,"href":"https:\/\/www.saporedicina.com\/es\/wp-json\/wp\/v2\/pages\/6011\/revisions"}],"wp:attachment":[{"href":"https:\/\/www.saporedicina.com\/es\/wp-json\/wp\/v2\/media?parent=6011"}],"curies":[{"name":"wp","href":"https:\/\/api.w.org\/{rel}","templated":true}]}}