{"id":5994,"date":"2015-05-02T18:03:33","date_gmt":"2015-05-02T17:03:33","guid":{"rendered":"https:\/\/www.saporedicina.com\/es\/?page_id=5994"},"modified":"2022-05-24T10:05:54","modified_gmt":"2022-05-24T09:05:54","slug":"media","status":"publish","type":"page","link":"https:\/\/www.saporedicina.com\/es\/media\/","title":{"rendered":"Dicen de nosotros&#8230;"},"content":{"rendered":"<p>En los \u00faltimos a\u00f1os SDC ha sido citada en m\u00e1s de 500 sitios web entre los que se encuentran El Pa\u00eds, eldiario.es, la BBC, The Guardian, The Verge, Virgin.com, The Huffington Post, Tech in Asia, Trivago, Homeaway, China Law Blog, The Beijinger, la web oficial de la Expo 2015, Sinosplice, ChinesePod, Yo Yo Chinese, Hacking Chinese, The Chairman&#8217;s Bao, Far West China, Expat Blog, Trabajo en China, Chinalati Radio 24, RAI TV, Videolina y tantos otros.<\/p>\n<p>Hemos aparecido tambi\u00e9n en un e-book titulado \u00ab<a href=\"https:\/\/ltl-school.com\/learn-chinese\/\" target=\"_blank\" rel=\"noopener noreferrer\">How to Learn Chinese<\/a>\u00ab.<\/p>\n<p>Aparte de la clara intenci\u00f3n de alardear, hemos creado esta p\u00e1gina para recoger algunos de los art\u00edculos que hemos publicado en otros sitios web, ya que, a menudo, est\u00e1n entre los mejores que hemos escrito. Tal vez puedas echar un vistazo a los t\u00edtulos y ver si encuentras alguno de tu inter\u00e9s!<\/p>\n<h2>Art\u00edculos publicados en Espa\u00f1ol (Selecci\u00f3n):<\/h2>\n<ul>\n<li>\u00ab<a href=\"https:\/\/magazine.trivago.es\/que-comer-y-donde-comer-en-shanghai\/\" target=\"_blank\" rel=\"noopener noreferrer\">Viaje a Shanghai: Qu\u00e9 comer y d\u00f3nde (Parte 1)<\/a>\u00ab, publicado en Trivago<\/li>\n<\/ul>\n<ul>\n<li>\u00ab<a href=\"https:\/\/magazine.trivago.es\/viaje-shanghai-que-comer-y-donde-parte-2\/\" target=\"_blank\" rel=\"noopener noreferrer\">Viaje a Shanghai: Qu\u00e9 comer y d\u00f3nde (Parte 2)<\/a>\u00ab, publicado en Trivago<\/li>\n<\/ul>\n<ul>\n<li>\u00ab<a href=\"https:\/\/magazine.trivago.es\/shanghai-fuera-de-los-circuitos-habituales\/\" target=\"_blank\" rel=\"noopener noreferrer\">Shangh\u00e1i fuera de los circuitos habituales<\/a>\u00ab, publicado en Trivago<\/li>\n<\/ul>\n<ul>\n<li>\u00ab<a href=\"https:\/\/www.homeaway.es\/guias-de-viaje\/destinos-de-vacaciones\/mundo\/visitar-china\" target=\"_blank\" rel=\"noopener noreferrer\">10 Lugares para visitar en China que quiz\u00e1s no conozcas<\/a>\u00ab, publicado en Home Aaway<\/li>\n<\/ul>\n<ul>\n<li>\u00ab<a href=\"https:\/\/www.qualitycourses.es\/\" target=\"_blank\" rel=\"noopener noreferrer\">C\u00f3mo las nuevas tecnolog\u00edas pueden ayudarte a aprender chino.<\/a>\u00ab, publicado en Qualitycourses<\/li>\n<\/ul>\n<ul>\n<li>\u00ab<a href=\"https:\/\/xixerone.com\/kashgar-china.html\" target=\"_blank\" rel=\"noopener noreferrer\">Descubriendo Kashgar<\/a>\u00ab, publicado en Xixerone<\/li>\n<\/ul>\n<ul>\n<li>\u00ab<a href=\"https:\/\/www.viajablog.com\/consejos-visitar-gran-muralla-china\/\" target=\"_blank\" rel=\"noopener noreferrer\">Consejos para visitar La Gran Muralla China<\/a>\u00ab, publicado en viajablog<\/li>\n<\/ul>\n","protected":false},"excerpt":{"rendered":"<p>En los \u00faltimos a\u00f1os SDC ha sido citada en m\u00e1s de 500 sitios web entre los que se encuentran El Pa\u00eds, eldiario.es, la BBC, The Guardian, The Verge, Virgin.com, The Huffington Post, Tech in Asia, Trivago, Homeaway, China Law Blog, The Beijinger, la web oficial de la Expo 2015, Sinosplice, ChinesePod, Yo Yo Chinese, Hacking [&hellip;]<\/p>\n","protected":false},"author":2,"featured_media":0,"parent":0,"menu_order":0,"comment_status":"closed","ping_status":"closed","template":"","meta":{"_uag_custom_page_level_css":"","site-sidebar-layout":"default","site-content-layout":"","ast-site-content-layout":"default","site-content-style":"default","site-sidebar-style":"default","ast-global-header-display":"","ast-banner-title-visibility":"","ast-main-header-display":"","ast-hfb-above-header-display":"","ast-hfb-below-header-display":"","ast-hfb-mobile-header-display":"","site-post-title":"","ast-breadcrumbs-content":"","ast-featured-img":"","footer-sml-layout":"","theme-transparent-header-meta":"","adv-header-id-meta":"","stick-header-meta":"","header-above-stick-meta":"","header-main-stick-meta":"","header-below-stick-meta":"","astra-migrate-meta-layouts":"default","ast-page-background-enabled":"default","ast-page-background-meta":{"desktop":{"background-color":"var(--ast-global-color-4)","background-image":"","background-repeat":"repeat","background-position":"center center","background-size":"auto","background-attachment":"scroll","background-type":"","background-media":"","overlay-type":"","overlay-color":"","overlay-opacity":"","overlay-gradient":""},"tablet":{"background-color":"","background-image":"","background-repeat":"repeat","background-position":"center center","background-size":"auto","background-attachment":"scroll","background-type":"","background-media":"","overlay-type":"","overlay-color":"","overlay-opacity":"","overlay-gradient":""},"mobile":{"background-color":"","background-image":"","background-repeat":"repeat","background-position":"center center","background-size":"auto","background-attachment":"scroll","background-type":"","background-media":"","overlay-type":"","overlay-color":"","overlay-opacity":"","overlay-gradient":""}},"ast-content-background-meta":{"desktop":{"background-color":"var(--ast-global-color-5)","background-image":"","background-repeat":"repeat","background-position":"center center","background-size":"auto","background-attachment":"scroll","background-type":"","background-media":"","overlay-type":"","overlay-color":"","overlay-opacity":"","overlay-gradient":""},"tablet":{"background-color":"var(--ast-global-color-5)","background-image":"","background-repeat":"repeat","background-position":"center center","background-size":"auto","background-attachment":"scroll","background-type":"","background-media":"","overlay-type":"","overlay-color":"","overlay-opacity":"","overlay-gradient":""},"mobile":{"background-color":"var(--ast-global-color-5)","background-image":"","background-repeat":"repeat","background-position":"center center","background-size":"auto","background-attachment":"scroll","background-type":"","background-media":"","overlay-type":"","overlay-color":"","overlay-opacity":"","overlay-gradient":""}},"footnotes":""},"class_list":["post-5994","page","type-page","status-publish","hentry"],"yoast_head":"<!-- This site is optimized with the Yoast SEO plugin v27.5 - https:\/\/yoast.com\/product\/yoast-seo-wordpress\/ -->\n<title>Dicen de nosotros...<\/title>\n<meta name=\"description\" content=\"Lista de publicaciones de Saporedicina.com\" \/>\n<meta name=\"robots\" content=\"noindex, nofollow\" \/>\n<meta property=\"og:locale\" content=\"es_ES\" \/>\n<meta property=\"og:type\" content=\"article\" \/>\n<meta property=\"og:title\" content=\"Dicen de nosotros...\" \/>\n<meta property=\"og:description\" content=\"Lista de publicaciones de Saporedicina.com\" \/>\n<meta property=\"og:url\" content=\"https:\/\/www.saporedicina.com\/es\/media\/\" \/>\n<meta property=\"og:site_name\" content=\"Sapore di Cina\" \/>\n<meta property=\"article:publisher\" content=\"https:\/\/www.facebook.com\/saporedicinaespanol\" \/>\n<meta property=\"article:modified_time\" content=\"2022-05-24T09:05:54+00:00\" \/>\n<meta property=\"og:image\" content=\"https:\/\/www.saporedicina.com\/es\/wp-content\/uploads\/2013\/03\/quienessomos.jpg\" \/>\n\t<meta property=\"og:image:width\" content=\"700\" \/>\n\t<meta property=\"og:image:height\" content=\"376\" \/>\n\t<meta property=\"og:image:type\" content=\"image\/jpeg\" \/>\n<meta name=\"twitter:card\" content=\"summary_large_image\" \/>\n<meta name=\"twitter:site\" content=\"@sbortozhou\" \/>\n<meta name=\"twitter:label1\" content=\"Tiempo de lectura\" \/>\n\t<meta name=\"twitter:data1\" content=\"1 minuto\" \/>\n<script type=\"application\/ld+json\" class=\"yoast-schema-graph\">{\"@context\":\"https:\\\/\\\/schema.org\",\"@graph\":[{\"@type\":[\"WebPage\",\"AboutPage\"],\"@id\":\"https:\\\/\\\/www.saporedicina.com\\\/es\\\/media\\\/\",\"url\":\"https:\\\/\\\/www.saporedicina.com\\\/es\\\/media\\\/\",\"name\":\"Dicen de nosotros...\",\"isPartOf\":{\"@id\":\"https:\\\/\\\/www.saporedicina.com\\\/es\\\/#website\"},\"datePublished\":\"2015-05-02T17:03:33+00:00\",\"dateModified\":\"2022-05-24T09:05:54+00:00\",\"description\":\"Lista de publicaciones de Saporedicina.com\",\"breadcrumb\":{\"@id\":\"https:\\\/\\\/www.saporedicina.com\\\/es\\\/media\\\/#breadcrumb\"},\"inLanguage\":\"es\",\"potentialAction\":[{\"@type\":\"ReadAction\",\"target\":[\"https:\\\/\\\/www.saporedicina.com\\\/es\\\/media\\\/\"]}]},{\"@type\":\"BreadcrumbList\",\"@id\":\"https:\\\/\\\/www.saporedicina.com\\\/es\\\/media\\\/#breadcrumb\",\"itemListElement\":[{\"@type\":\"ListItem\",\"position\":1,\"name\":\"SDC\",\"item\":\"https:\\\/\\\/www.saporedicina.com\\\/es\\\/\"},{\"@type\":\"ListItem\",\"position\":2,\"name\":\"Dicen de nosotros&#8230;\"}]},{\"@type\":\"WebSite\",\"@id\":\"https:\\\/\\\/www.saporedicina.com\\\/es\\\/#website\",\"url\":\"https:\\\/\\\/www.saporedicina.com\\\/es\\\/\",\"name\":\"Sapore di Cina\",\"description\":\"Aprender Chino, Viajar, Estudiar o Trabajar en China y Asia\",\"publisher\":{\"@id\":\"https:\\\/\\\/www.saporedicina.com\\\/es\\\/#organization\"},\"alternateName\":\"SDC\",\"potentialAction\":[{\"@type\":\"SearchAction\",\"target\":{\"@type\":\"EntryPoint\",\"urlTemplate\":\"https:\\\/\\\/www.saporedicina.com\\\/es\\\/?s={search_term_string}\"},\"query-input\":{\"@type\":\"PropertyValueSpecification\",\"valueRequired\":true,\"valueName\":\"search_term_string\"}}],\"inLanguage\":\"es\"},{\"@type\":\"Organization\",\"@id\":\"https:\\\/\\\/www.saporedicina.com\\\/es\\\/#organization\",\"name\":\"Sapore di Cina\",\"url\":\"https:\\\/\\\/www.saporedicina.com\\\/es\\\/\",\"logo\":{\"@type\":\"ImageObject\",\"inLanguage\":\"es\",\"@id\":\"https:\\\/\\\/www.saporedicina.com\\\/es\\\/#\\\/schema\\\/logo\\\/image\\\/\",\"url\":\"https:\\\/\\\/www.saporedicina.com\\\/es\\\/wp-content\\\/uploads\\\/2019\\\/04\\\/logo.jpg\",\"contentUrl\":\"https:\\\/\\\/www.saporedicina.com\\\/es\\\/wp-content\\\/uploads\\\/2019\\\/04\\\/logo.jpg\",\"width\":800,\"height\":800,\"caption\":\"Sapore di Cina\"},\"image\":{\"@id\":\"https:\\\/\\\/www.saporedicina.com\\\/es\\\/#\\\/schema\\\/logo\\\/image\\\/\"},\"sameAs\":[\"https:\\\/\\\/www.facebook.com\\\/saporedicinaespanol\",\"https:\\\/\\\/x.com\\\/sbortozhou\",\"https:\\\/\\\/www.youtube.com\\\/channel\\\/UCl2ssfXqNmOeaY6l470UDlQ\\\/\"]}]}<\/script>\n<!-- \/ Yoast SEO plugin. -->","yoast_head_json":{"title":"Dicen de nosotros...","description":"Lista de publicaciones de Saporedicina.com","robots":{"index":"noindex","follow":"nofollow"},"og_locale":"es_ES","og_type":"article","og_title":"Dicen de nosotros...","og_description":"Lista de publicaciones de Saporedicina.com","og_url":"https:\/\/www.saporedicina.com\/es\/media\/","og_site_name":"Sapore di Cina","article_publisher":"https:\/\/www.facebook.com\/saporedicinaespanol","article_modified_time":"2022-05-24T09:05:54+00:00","og_image":[{"width":700,"height":376,"url":"https:\/\/www.saporedicina.com\/es\/wp-content\/uploads\/2013\/03\/quienessomos.jpg","type":"image\/jpeg"}],"twitter_card":"summary_large_image","twitter_site":"@sbortozhou","twitter_misc":{"Tiempo de lectura":"1 minuto"},"schema":{"@context":"https:\/\/schema.org","@graph":[{"@type":["WebPage","AboutPage"],"@id":"https:\/\/www.saporedicina.com\/es\/media\/","url":"https:\/\/www.saporedicina.com\/es\/media\/","name":"Dicen de nosotros...","isPartOf":{"@id":"https:\/\/www.saporedicina.com\/es\/#website"},"datePublished":"2015-05-02T17:03:33+00:00","dateModified":"2022-05-24T09:05:54+00:00","description":"Lista de publicaciones de Saporedicina.com","breadcrumb":{"@id":"https:\/\/www.saporedicina.com\/es\/media\/#breadcrumb"},"inLanguage":"es","potentialAction":[{"@type":"ReadAction","target":["https:\/\/www.saporedicina.com\/es\/media\/"]}]},{"@type":"BreadcrumbList","@id":"https:\/\/www.saporedicina.com\/es\/media\/#breadcrumb","itemListElement":[{"@type":"ListItem","position":1,"name":"SDC","item":"https:\/\/www.saporedicina.com\/es\/"},{"@type":"ListItem","position":2,"name":"Dicen de nosotros&#8230;"}]},{"@type":"WebSite","@id":"https:\/\/www.saporedicina.com\/es\/#website","url":"https:\/\/www.saporedicina.com\/es\/","name":"Sapore di Cina","description":"Aprender Chino, Viajar, Estudiar o Trabajar en China y Asia","publisher":{"@id":"https:\/\/www.saporedicina.com\/es\/#organization"},"alternateName":"SDC","potentialAction":[{"@type":"SearchAction","target":{"@type":"EntryPoint","urlTemplate":"https:\/\/www.saporedicina.com\/es\/?s={search_term_string}"},"query-input":{"@type":"PropertyValueSpecification","valueRequired":true,"valueName":"search_term_string"}}],"inLanguage":"es"},{"@type":"Organization","@id":"https:\/\/www.saporedicina.com\/es\/#organization","name":"Sapore di Cina","url":"https:\/\/www.saporedicina.com\/es\/","logo":{"@type":"ImageObject","inLanguage":"es","@id":"https:\/\/www.saporedicina.com\/es\/#\/schema\/logo\/image\/","url":"https:\/\/www.saporedicina.com\/es\/wp-content\/uploads\/2019\/04\/logo.jpg","contentUrl":"https:\/\/www.saporedicina.com\/es\/wp-content\/uploads\/2019\/04\/logo.jpg","width":800,"height":800,"caption":"Sapore di Cina"},"image":{"@id":"https:\/\/www.saporedicina.com\/es\/#\/schema\/logo\/image\/"},"sameAs":["https:\/\/www.facebook.com\/saporedicinaespanol","https:\/\/x.com\/sbortozhou","https:\/\/www.youtube.com\/channel\/UCl2ssfXqNmOeaY6l470UDlQ\/"]}]}},"uagb_featured_image_src":{"full":false,"thumbnail":false,"medium":false,"medium_large":false,"large":false,"1536x1536":false,"2048x2048":false},"uagb_author_info":{"display_name":"Sapore di Cina","author_link":"https:\/\/www.saporedicina.com\/es\/author\/sborto\/"},"uagb_comment_info":0,"uagb_excerpt":"En los \u00faltimos a\u00f1os SDC ha sido citada en m\u00e1s de 500 sitios web entre los que se encuentran El Pa\u00eds, eldiario.es, la BBC, The Guardian, The Verge, Virgin.com, The Huffington Post, Tech in Asia, Trivago, Homeaway, China Law Blog, The Beijinger, la web oficial de la Expo 2015, Sinosplice, ChinesePod, Yo Yo Chinese, Hacking&hellip;","_links":{"self":[{"href":"https:\/\/www.saporedicina.com\/es\/wp-json\/wp\/v2\/pages\/5994","targetHints":{"allow":["GET"]}}],"collection":[{"href":"https:\/\/www.saporedicina.com\/es\/wp-json\/wp\/v2\/pages"}],"about":[{"href":"https:\/\/www.saporedicina.com\/es\/wp-json\/wp\/v2\/types\/page"}],"author":[{"embeddable":true,"href":"https:\/\/www.saporedicina.com\/es\/wp-json\/wp\/v2\/users\/2"}],"replies":[{"embeddable":true,"href":"https:\/\/www.saporedicina.com\/es\/wp-json\/wp\/v2\/comments?post=5994"}],"version-history":[{"count":1,"href":"https:\/\/www.saporedicina.com\/es\/wp-json\/wp\/v2\/pages\/5994\/revisions"}],"predecessor-version":[{"id":25224,"href":"https:\/\/www.saporedicina.com\/es\/wp-json\/wp\/v2\/pages\/5994\/revisions\/25224"}],"wp:attachment":[{"href":"https:\/\/www.saporedicina.com\/es\/wp-json\/wp\/v2\/media?parent=5994"}],"curies":[{"name":"wp","href":"https:\/\/api.w.org\/{rel}","templated":true}]}}