{"id":242,"date":"2013-03-13T13:43:56","date_gmt":"2013-03-13T05:43:56","guid":{"rendered":"https:\/\/www.saporedicina.com\/es\/?page_id=242"},"modified":"2021-01-13T11:41:22","modified_gmt":"2021-01-13T10:41:22","slug":"disclosure","status":"publish","type":"page","link":"https:\/\/www.saporedicina.com\/es\/disclosure\/","title":{"rendered":"Disclosure"},"content":{"rendered":"<p><em>Sapore di Cina<\/em> es un sitio web independiente. Mantener el sitio web cuesta m\u00e1s de 1.000 USD por mes (traductores, escritores, servidor, software, contabilidad, etc.) y mucho tiempo.<\/p>\n<p>\u00bfPor qu\u00e9 te contamos todo esto?<\/p>\n<p>Porque si compras alguno de los productos que te recomendamos a trav\u00e9s de uno de los enlaces de esta web es posible que ganemos una comisi\u00f3n por recomendarte (normalmente alrededor del 10% pero puede variar seg\u00fan el servicio).<\/p>\n<p>Para ti, no hay ninguna diferencia. O compras el producto a trav\u00e9s de nuestro enlace o de una b\u00fasqueda aleatoria en Google, seguir\u00e1s pagando el mismo precio y terminar\u00e1s con el mismo producto (de hecho, a menudo ofrecemos una mejor oferta, ya que algunos de nuestros colaboradores nos han ofrecido un descuento para nuestros lectores).<\/p>\n<p>Sin embargo, para nosotros, s\u00ed marca la diferencia, ya que si recomendamos a suficientes personas, podemos ganar suficiente dinero para cubrir todos nuestros gastos, dedicar m\u00e1s tiempo a este sitio web y asegurar una mejor calidad general del contenido.<\/p>\n<p>Como creemos que la mejor manera que vuelvas a <em>Sapore di Cina<\/em> es ofrecerte el mejor contenido posible, nuestro objetivo es publicar rese\u00f1as imparciales, se\u00f1alando las fortalezas y debilidades de los productos de los que hablamos.<\/p>\n<p>A continuaci\u00f3n encuentras la lista de los productos que, a d\u00eda de hoy, obtenemos una comisi\u00f3n:<\/p>\n<ul class=\"space-list\">\n<li>Productos seleccionados de Amazon, como libros o dispositivos electr\u00f3nicos, algunos cursos seleccionados de Coursera y Udemy, cursos de Ruta Emprendedora y algunas aplicaciones y libros electr\u00f3nicos seleccionados de Itunes;<\/li>\n<li>Varios cursos de chino, aplicaciones y plataformas de aprendizaje en l\u00ednea: Skritter, FluentU, Yo Yo Chinese, ChineseClass101, Hacking Chinese, Italki, LingQ, LTL, Preply, eChineseLearning y The Chairman&#8217;s Bao;<\/li>\n<li>Agoda, Booking y Trip, que permiten reservar un hotel en Asia;<\/li>\n<li>World Nomads, International Citizens Insurance, FrontierAssicurazioni, Iati e IMG, que son algunas compa\u00f1\u00edas de seguros para viajeros y expatriados, que pueden cubrir diferentes necesidades e idiomas;<\/li>\n<li>Expedia, Trip Flights, Momondo, Edreams y Vayama, que permiten comparar precios y reservar vuelos para y dentro de Asia;<\/li>\n<li> China Highlights y cTrip, que permiten reservar billetes de tren en China. 12GoAsia y Baolau, que permiten reservar un billete de avi\u00f3n, tren, autob\u00fas o ferry en el sudeste asi\u00e1tico, y Russian Train, que permite reservar un billete de tren para el Transiberiano;<\/li>\n<li>Get Your Guide, G Adventures, Tour Radar and Klook, que permiten reservar un tour en Asia;<\/li>\n<li>Varios servicios para negocios y hacer transferencias de dinero, como TransferWise, Aspire, STICPAY, A2 Hosting y Sage;<\/li>\n<li>Visa HQ e iVisa, que permiten solicitar un visado para China y otros pa\u00edses asi\u00e1ticos, China Visa Direct, que permite solicitar una visado de grupo online para China, y Vietnam Discovery Travel, que permite solicitar una visado para Vietnam; <\/li>\n<li>TriGlobal, que ofrece servicios de mudanzas internacionales;<\/li>\n<li>Toll Free Forwarding, Kall8 y CallHippo, que ofrecen servicios de n\u00fameros de tel\u00e9fono virtuales y los siguientes servicios para tarjetas SIM prepagas: SIM Easy, Travel SIM, One SIM Card, Holafly, World SIM, Flexi Roam y Klook;<\/li>\n<li>Vypr VPN, Express VPN, Pure VPN, Nord VPN, VPN Area, Torguard VPN, Astrill VPN, Hide My Ass VPN, CyberGhost VPN, Ivacy VPN, Surfshark, Strong VPN, TunnelBear, es decir, algunos de las VPN m\u00e1s populares que existen; <\/li>\n<li>Teavivre, que permite comprar t\u00e9 chino directamente desde China;<\/li>\n<\/ul>\n<p>Adem\u00e1s, si utilizas uno de nuestros formularios de contacto para solicitar el nombre de una agencia de viajes, una agencia para mudarte a Asia a trabajar o estudiar, una agencia para establecer una empresa en Asia u obtener una tarjeta prepagada para su empresa, una agencia de visados, un corredor de seguros, una escuela china u otro tipo de servicio proporcionado por terceros, de acuerdo a sus necesidades, podemos recomendarle una agencia que nos d\u00e9 una comisi\u00f3n a cambio de esa recomendaci\u00f3n . Tambi\u00e9n en este caso, para ti, el precio sigue siendo el mismo.<\/p>\n<p><strong>Todos los contenidos de este sitio web son y ser\u00e1n gratuitos. Y no tienes que comprar nada. Escribimos esta declaraci\u00f3n de intenciones para que est\u00e9s correctamente informado<\/strong><\/p>\n<p>El equipo de Saporedicina.com<\/p>\n<p><strong> \u00daltima modificaci\u00f3n: 13 de enero de 2021 <\/strong><\/p>\n","protected":false},"excerpt":{"rendered":"<p>Sapore di Cina es un sitio web independiente. Mantener el sitio web cuesta m\u00e1s de 1.000 USD por mes (traductores, escritores, servidor, software, contabilidad, etc.) y mucho tiempo. \u00bfPor qu\u00e9 te contamos todo esto? Porque si compras alguno de los productos que te recomendamos a trav\u00e9s de uno de los enlaces de esta web es [&hellip;]<\/p>\n","protected":false},"author":1,"featured_media":0,"parent":0,"menu_order":0,"comment_status":"closed","ping_status":"open","template":"","meta":{"_uag_custom_page_level_css":"","site-sidebar-layout":"default","site-content-layout":"","ast-site-content-layout":"default","site-content-style":"default","site-sidebar-style":"default","ast-global-header-display":"","ast-banner-title-visibility":"","ast-main-header-display":"","ast-hfb-above-header-display":"","ast-hfb-below-header-display":"","ast-hfb-mobile-header-display":"","site-post-title":"","ast-breadcrumbs-content":"","ast-featured-img":"","footer-sml-layout":"","theme-transparent-header-meta":"","adv-header-id-meta":"","stick-header-meta":"","header-above-stick-meta":"","header-main-stick-meta":"","header-below-stick-meta":"","astra-migrate-meta-layouts":"default","ast-page-background-enabled":"default","ast-page-background-meta":{"desktop":{"background-color":"var(--ast-global-color-4)","background-image":"","background-repeat":"repeat","background-position":"center center","background-size":"auto","background-attachment":"scroll","background-type":"","background-media":"","overlay-type":"","overlay-color":"","overlay-opacity":"","overlay-gradient":""},"tablet":{"background-color":"","background-image":"","background-repeat":"repeat","background-position":"center center","background-size":"auto","background-attachment":"scroll","background-type":"","background-media":"","overlay-type":"","overlay-color":"","overlay-opacity":"","overlay-gradient":""},"mobile":{"background-color":"","background-image":"","background-repeat":"repeat","background-position":"center center","background-size":"auto","background-attachment":"scroll","background-type":"","background-media":"","overlay-type":"","overlay-color":"","overlay-opacity":"","overlay-gradient":""}},"ast-content-background-meta":{"desktop":{"background-color":"var(--ast-global-color-5)","background-image":"","background-repeat":"repeat","background-position":"center center","background-size":"auto","background-attachment":"scroll","background-type":"","background-media":"","overlay-type":"","overlay-color":"","overlay-opacity":"","overlay-gradient":""},"tablet":{"background-color":"var(--ast-global-color-5)","background-image":"","background-repeat":"repeat","background-position":"center center","background-size":"auto","background-attachment":"scroll","background-type":"","background-media":"","overlay-type":"","overlay-color":"","overlay-opacity":"","overlay-gradient":""},"mobile":{"background-color":"var(--ast-global-color-5)","background-image":"","background-repeat":"repeat","background-position":"center center","background-size":"auto","background-attachment":"scroll","background-type":"","background-media":"","overlay-type":"","overlay-color":"","overlay-opacity":"","overlay-gradient":""}},"footnotes":""},"class_list":["post-242","page","type-page","status-publish","hentry"],"yoast_head":"<!-- This site is optimized with the Yoast SEO plugin v27.6 - https:\/\/yoast.com\/product\/yoast-seo-wordpress\/ -->\n<title>Disclosure<\/title>\n<meta name=\"robots\" content=\"noindex, follow\" \/>\n<meta property=\"og:locale\" content=\"es_ES\" \/>\n<meta property=\"og:type\" content=\"article\" \/>\n<meta property=\"og:title\" content=\"Disclosure\" \/>\n<meta property=\"og:description\" content=\"Sapore di Cina es un sitio web independiente. Mantener el sitio web cuesta m\u00e1s de 1.000 USD por mes (traductores, escritores, servidor, software, contabilidad, etc.) y mucho tiempo. \u00bfPor qu\u00e9 te contamos todo esto? Porque si compras alguno de los productos que te recomendamos a trav\u00e9s de uno de los enlaces de esta web es [&hellip;]\" \/>\n<meta property=\"og:url\" content=\"https:\/\/www.saporedicina.com\/es\/disclosure\/\" \/>\n<meta property=\"og:site_name\" content=\"Sapore di Cina\" \/>\n<meta property=\"article:publisher\" content=\"https:\/\/www.facebook.com\/saporedicinaespanol\" \/>\n<meta property=\"article:modified_time\" content=\"2021-01-13T10:41:22+00:00\" \/>\n<meta property=\"og:image\" content=\"https:\/\/www.saporedicina.com\/es\/wp-content\/uploads\/2013\/03\/quienessomos.jpg\" \/>\n\t<meta property=\"og:image:width\" content=\"700\" \/>\n\t<meta property=\"og:image:height\" content=\"376\" \/>\n\t<meta property=\"og:image:type\" content=\"image\/jpeg\" \/>\n<meta name=\"twitter:card\" content=\"summary_large_image\" \/>\n<meta name=\"twitter:site\" content=\"@sbortozhou\" \/>\n<meta name=\"twitter:label1\" content=\"Tiempo de lectura\" \/>\n\t<meta name=\"twitter:data1\" content=\"3 minutos\" \/>\n<script type=\"application\/ld+json\" class=\"yoast-schema-graph\">{\"@context\":\"https:\\\/\\\/schema.org\",\"@graph\":[{\"@type\":\"WebPage\",\"@id\":\"https:\\\/\\\/www.saporedicina.com\\\/es\\\/disclosure\\\/\",\"url\":\"https:\\\/\\\/www.saporedicina.com\\\/es\\\/disclosure\\\/\",\"name\":\"Disclosure\",\"isPartOf\":{\"@id\":\"https:\\\/\\\/www.saporedicina.com\\\/es\\\/#website\"},\"datePublished\":\"2013-03-13T05:43:56+00:00\",\"dateModified\":\"2021-01-13T10:41:22+00:00\",\"breadcrumb\":{\"@id\":\"https:\\\/\\\/www.saporedicina.com\\\/es\\\/disclosure\\\/#breadcrumb\"},\"inLanguage\":\"es\",\"potentialAction\":[{\"@type\":\"ReadAction\",\"target\":[\"https:\\\/\\\/www.saporedicina.com\\\/es\\\/disclosure\\\/\"]}]},{\"@type\":\"BreadcrumbList\",\"@id\":\"https:\\\/\\\/www.saporedicina.com\\\/es\\\/disclosure\\\/#breadcrumb\",\"itemListElement\":[{\"@type\":\"ListItem\",\"position\":1,\"name\":\"SDC\",\"item\":\"https:\\\/\\\/www.saporedicina.com\\\/es\\\/\"},{\"@type\":\"ListItem\",\"position\":2,\"name\":\"Disclosure\"}]},{\"@type\":\"WebSite\",\"@id\":\"https:\\\/\\\/www.saporedicina.com\\\/es\\\/#website\",\"url\":\"https:\\\/\\\/www.saporedicina.com\\\/es\\\/\",\"name\":\"Sapore di Cina\",\"description\":\"Aprender Chino, Viajar, Estudiar o Trabajar en China y Asia\",\"publisher\":{\"@id\":\"https:\\\/\\\/www.saporedicina.com\\\/es\\\/#organization\"},\"alternateName\":\"SDC\",\"potentialAction\":[{\"@type\":\"SearchAction\",\"target\":{\"@type\":\"EntryPoint\",\"urlTemplate\":\"https:\\\/\\\/www.saporedicina.com\\\/es\\\/?s={search_term_string}\"},\"query-input\":{\"@type\":\"PropertyValueSpecification\",\"valueRequired\":true,\"valueName\":\"search_term_string\"}}],\"inLanguage\":\"es\"},{\"@type\":\"Organization\",\"@id\":\"https:\\\/\\\/www.saporedicina.com\\\/es\\\/#organization\",\"name\":\"Sapore di Cina\",\"url\":\"https:\\\/\\\/www.saporedicina.com\\\/es\\\/\",\"logo\":{\"@type\":\"ImageObject\",\"inLanguage\":\"es\",\"@id\":\"https:\\\/\\\/www.saporedicina.com\\\/es\\\/#\\\/schema\\\/logo\\\/image\\\/\",\"url\":\"https:\\\/\\\/www.saporedicina.com\\\/es\\\/wp-content\\\/uploads\\\/2019\\\/04\\\/logo.jpg\",\"contentUrl\":\"https:\\\/\\\/www.saporedicina.com\\\/es\\\/wp-content\\\/uploads\\\/2019\\\/04\\\/logo.jpg\",\"width\":800,\"height\":800,\"caption\":\"Sapore di Cina\"},\"image\":{\"@id\":\"https:\\\/\\\/www.saporedicina.com\\\/es\\\/#\\\/schema\\\/logo\\\/image\\\/\"},\"sameAs\":[\"https:\\\/\\\/www.facebook.com\\\/saporedicinaespanol\",\"https:\\\/\\\/x.com\\\/sbortozhou\",\"https:\\\/\\\/www.youtube.com\\\/channel\\\/UCl2ssfXqNmOeaY6l470UDlQ\\\/\"]}]}<\/script>\n<!-- \/ Yoast SEO plugin. -->","yoast_head_json":{"title":"Disclosure","robots":{"index":"noindex","follow":"follow"},"og_locale":"es_ES","og_type":"article","og_title":"Disclosure","og_description":"Sapore di Cina es un sitio web independiente. Mantener el sitio web cuesta m\u00e1s de 1.000 USD por mes (traductores, escritores, servidor, software, contabilidad, etc.) y mucho tiempo. \u00bfPor qu\u00e9 te contamos todo esto? Porque si compras alguno de los productos que te recomendamos a trav\u00e9s de uno de los enlaces de esta web es [&hellip;]","og_url":"https:\/\/www.saporedicina.com\/es\/disclosure\/","og_site_name":"Sapore di Cina","article_publisher":"https:\/\/www.facebook.com\/saporedicinaespanol","article_modified_time":"2021-01-13T10:41:22+00:00","og_image":[{"width":700,"height":376,"url":"https:\/\/www.saporedicina.com\/es\/wp-content\/uploads\/2013\/03\/quienessomos.jpg","type":"image\/jpeg"}],"twitter_card":"summary_large_image","twitter_site":"@sbortozhou","twitter_misc":{"Tiempo de lectura":"3 minutos"},"schema":{"@context":"https:\/\/schema.org","@graph":[{"@type":"WebPage","@id":"https:\/\/www.saporedicina.com\/es\/disclosure\/","url":"https:\/\/www.saporedicina.com\/es\/disclosure\/","name":"Disclosure","isPartOf":{"@id":"https:\/\/www.saporedicina.com\/es\/#website"},"datePublished":"2013-03-13T05:43:56+00:00","dateModified":"2021-01-13T10:41:22+00:00","breadcrumb":{"@id":"https:\/\/www.saporedicina.com\/es\/disclosure\/#breadcrumb"},"inLanguage":"es","potentialAction":[{"@type":"ReadAction","target":["https:\/\/www.saporedicina.com\/es\/disclosure\/"]}]},{"@type":"BreadcrumbList","@id":"https:\/\/www.saporedicina.com\/es\/disclosure\/#breadcrumb","itemListElement":[{"@type":"ListItem","position":1,"name":"SDC","item":"https:\/\/www.saporedicina.com\/es\/"},{"@type":"ListItem","position":2,"name":"Disclosure"}]},{"@type":"WebSite","@id":"https:\/\/www.saporedicina.com\/es\/#website","url":"https:\/\/www.saporedicina.com\/es\/","name":"Sapore di Cina","description":"Aprender Chino, Viajar, Estudiar o Trabajar en China y Asia","publisher":{"@id":"https:\/\/www.saporedicina.com\/es\/#organization"},"alternateName":"SDC","potentialAction":[{"@type":"SearchAction","target":{"@type":"EntryPoint","urlTemplate":"https:\/\/www.saporedicina.com\/es\/?s={search_term_string}"},"query-input":{"@type":"PropertyValueSpecification","valueRequired":true,"valueName":"search_term_string"}}],"inLanguage":"es"},{"@type":"Organization","@id":"https:\/\/www.saporedicina.com\/es\/#organization","name":"Sapore di Cina","url":"https:\/\/www.saporedicina.com\/es\/","logo":{"@type":"ImageObject","inLanguage":"es","@id":"https:\/\/www.saporedicina.com\/es\/#\/schema\/logo\/image\/","url":"https:\/\/www.saporedicina.com\/es\/wp-content\/uploads\/2019\/04\/logo.jpg","contentUrl":"https:\/\/www.saporedicina.com\/es\/wp-content\/uploads\/2019\/04\/logo.jpg","width":800,"height":800,"caption":"Sapore di Cina"},"image":{"@id":"https:\/\/www.saporedicina.com\/es\/#\/schema\/logo\/image\/"},"sameAs":["https:\/\/www.facebook.com\/saporedicinaespanol","https:\/\/x.com\/sbortozhou","https:\/\/www.youtube.com\/channel\/UCl2ssfXqNmOeaY6l470UDlQ\/"]}]}},"uagb_featured_image_src":{"full":false,"thumbnail":false,"medium":false,"medium_large":false,"large":false,"1536x1536":false,"2048x2048":false},"uagb_author_info":{"display_name":"Sapore di Cina","author_link":"https:\/\/www.saporedicina.com\/es\/author\/furio\/"},"uagb_comment_info":0,"uagb_excerpt":"Sapore di Cina es un sitio web independiente. Mantener el sitio web cuesta m\u00e1s de 1.000 USD por mes (traductores, escritores, servidor, software, contabilidad, etc.) y mucho tiempo. \u00bfPor qu\u00e9 te contamos todo esto? Porque si compras alguno de los productos que te recomendamos a trav\u00e9s de uno de los enlaces de esta web es&hellip;","_links":{"self":[{"href":"https:\/\/www.saporedicina.com\/es\/wp-json\/wp\/v2\/pages\/242","targetHints":{"allow":["GET"]}}],"collection":[{"href":"https:\/\/www.saporedicina.com\/es\/wp-json\/wp\/v2\/pages"}],"about":[{"href":"https:\/\/www.saporedicina.com\/es\/wp-json\/wp\/v2\/types\/page"}],"author":[{"embeddable":true,"href":"https:\/\/www.saporedicina.com\/es\/wp-json\/wp\/v2\/users\/1"}],"replies":[{"embeddable":true,"href":"https:\/\/www.saporedicina.com\/es\/wp-json\/wp\/v2\/comments?post=242"}],"version-history":[{"count":0,"href":"https:\/\/www.saporedicina.com\/es\/wp-json\/wp\/v2\/pages\/242\/revisions"}],"wp:attachment":[{"href":"https:\/\/www.saporedicina.com\/es\/wp-json\/wp\/v2\/media?parent=242"}],"curies":[{"name":"wp","href":"https:\/\/api.w.org\/{rel}","templated":true}]}}