{"id":21916,"date":"2020-05-01T13:33:54","date_gmt":"2020-05-01T12:33:54","guid":{"rendered":"https:\/\/www.saporedicina.com\/es\/?page_id=21916"},"modified":"2020-11-09T11:47:51","modified_gmt":"2020-11-09T10:47:51","slug":"insurance-inquiry","status":"publish","type":"page","link":"https:\/\/www.saporedicina.com\/es\/insurance-inquiry\/","title":{"rendered":"\u00bfNecesitas ayuda con tu seguro m\u00e9dico?"},"content":{"rendered":"<p>\u00bfVives en Asia o vas a mudarte a vivir a Asia y necesitas ayuda para elegir el seguro m\u00e9dico m\u00e1s adecuado para ti? Rellena el formulario a continuaci\u00f3n para recibir un asesoramiento personalizado y gratuito sobre los seguros m\u00e9dicos en China y un presupuesto del broker que recomendamos en este momento.<\/p>\n<p>P.D.: Ten en cuenta que Saporedicina.com solo ofrece informaci\u00f3n, no vende p\u00f3lizas de seguro.<\/p>\n\n<div class=\"wpcf7 no-js\" id=\"wpcf7-f14404-o1\" lang=\"es-ES\" dir=\"ltr\" data-wpcf7-id=\"14404\">\n<div class=\"screen-reader-response\"><p role=\"status\" aria-live=\"polite\" aria-atomic=\"true\"><\/p> <ul><\/ul><\/div>\n<form action=\"\/es\/wp-json\/wp\/v2\/pages\/21916#wpcf7-f14404-o1\" method=\"post\" class=\"wpcf7-form init wpcf7-acceptance-as-validation\" aria-label=\"Formulario de contacto\" novalidate=\"novalidate\" data-status=\"init\">\n<fieldset class=\"hidden-fields-container\"><input type=\"hidden\" name=\"_wpcf7\" value=\"14404\" \/><input type=\"hidden\" name=\"_wpcf7_version\" value=\"6.1.6\" \/><input type=\"hidden\" name=\"_wpcf7_locale\" value=\"es_ES\" \/><input type=\"hidden\" name=\"_wpcf7_unit_tag\" value=\"wpcf7-f14404-o1\" \/><input type=\"hidden\" name=\"_wpcf7_container_post\" value=\"0\" \/><input type=\"hidden\" name=\"_wpcf7_posted_data_hash\" value=\"\" \/><input type=\"hidden\" name=\"_wpcf7cf_hidden_group_fields\" value=\"[]\" \/><input type=\"hidden\" name=\"_wpcf7cf_hidden_groups\" value=\"[]\" \/><input type=\"hidden\" name=\"_wpcf7cf_visible_groups\" value=\"[]\" \/><input type=\"hidden\" name=\"_wpcf7cf_repeaters\" value=\"[]\" \/><input type=\"hidden\" name=\"_wpcf7cf_steps\" value=\"{}\" \/><input type=\"hidden\" name=\"_wpcf7cf_options\" value=\"{&quot;form_id&quot;:14404,&quot;conditions&quot;:[{&quot;then_field&quot;:&quot;company&quot;,&quot;and_rules&quot;:[{&quot;if_field&quot;:&quot;insurance-type2&quot;,&quot;operator&quot;:&quot;equals&quot;,&quot;if_value&quot;:&quot;Empresa&quot;}]},{&quot;then_field&quot;:&quot;-1&quot;,&quot;and_rules&quot;:[{&quot;if_field&quot;:&quot;-1&quot;,&quot;operator&quot;:&quot;equals&quot;,&quot;if_value&quot;:&quot;Representative Office&quot;}]},{&quot;then_field&quot;:&quot;-1&quot;,&quot;and_rules&quot;:[{&quot;if_field&quot;:&quot;-1&quot;,&quot;operator&quot;:&quot;equals&quot;,&quot;if_value&quot;:&quot;Wholly Foreign Owned Enterprise (WFOE)&quot;}]},{&quot;then_field&quot;:&quot;-1&quot;,&quot;and_rules&quot;:[{&quot;if_field&quot;:&quot;-1&quot;,&quot;operator&quot;:&quot;equals&quot;,&quot;if_value&quot;:&quot;Other&quot;}]},{&quot;then_field&quot;:&quot;-1&quot;,&quot;and_rules&quot;:[{&quot;if_field&quot;:&quot;-1&quot;,&quot;operator&quot;:&quot;equals&quot;,&quot;if_value&quot;:&quot;Umbrella Company \\\/ Employment Solutions&quot;}]}],&quot;settings&quot;:{&quot;animation&quot;:&quot;yes&quot;,&quot;animation_intime&quot;:200,&quot;animation_outtime&quot;:200,&quot;conditions_ui&quot;:&quot;normal&quot;,&quot;notice_dismissed&quot;:false,&quot;notice_dismissed_rollback-cf7-5.3.2&quot;:true}}\" \/>\n<\/fieldset>\n<p>Nombre\n<\/p>\n<p><span class=\"wpcf7-form-control-wrap\" data-name=\"your-name\"><input size=\"40\" maxlength=\"400\" class=\"wpcf7-form-control wpcf7-text wpcf7-validates-as-required\" aria-required=\"true\" aria-invalid=\"false\" value=\"\" type=\"text\" name=\"your-name\" \/><\/span>\n<\/p>\n<p>Correo Electr\u00f3nico\n<\/p>\n<p><span id=\"wpcf7-6a06d3deac412-wrapper\" class=\"wpcf7-form-control-wrap youremail-wrap\" ><label for=\"wpcf7-6a06d3deac412-field\" class=\"hp-message\">Por favor, deja este campo vac\u00edo.<\/label><input id=\"wpcf7-6a06d3deac412-field\"  class=\"wpcf7-form-control wpcf7-text\" type=\"text\" name=\"youremail\" value=\"\" size=\"40\" tabindex=\"-1\" autocomplete=\"off\" \/><\/span><span class=\"wpcf7-form-control-wrap\" data-name=\"your-email\"><input size=\"40\" maxlength=\"400\" class=\"wpcf7-form-control wpcf7-email wpcf7-validates-as-required wpcf7-text wpcf7-validates-as-email\" aria-required=\"true\" aria-invalid=\"false\" value=\"\" type=\"email\" name=\"your-email\" \/><\/span>\n<\/p>\n<p>N\u00famero de tel\u00e9fono m\u00f3bil (incluir prefijo del pa\u00eds)\n<\/p>\n<p><span class=\"wpcf7-form-control-wrap\" data-name=\"phone\"><input size=\"40\" maxlength=\"400\" class=\"wpcf7-form-control wpcf7-tel wpcf7-text wpcf7-validates-as-tel\" aria-invalid=\"false\" value=\"\" type=\"tel\" name=\"phone\" \/><\/span>\n<\/p>\n<p><label>WeChat ID<br \/>\n<span class=\"wpcf7-form-control-wrap\" data-name=\"wechat\"><input size=\"40\" maxlength=\"400\" class=\"wpcf7-form-control wpcf7-text\" aria-invalid=\"false\" value=\"\" type=\"text\" name=\"wechat\" \/><\/span> <\/label>\n<\/p>\n<p><label>\u00bfEn qu\u00e9 ciudad vivir\u00e1s?<br \/>\n<span class=\"wpcf7-form-control-wrap\" data-name=\"city\"><input size=\"40\" maxlength=\"400\" class=\"wpcf7-form-control wpcf7-text\" aria-invalid=\"false\" value=\"\" type=\"text\" name=\"city\" \/><\/span> <\/label>\n<\/p>\n<p>C\u00f3mo prefieres ser contactado\n<\/p>\n<p><span class=\"wpcf7-form-control-wrap\" data-name=\"comunication\"><span class=\"wpcf7-form-control wpcf7-checkbox wpcf7-validates-as-required\"><span class=\"wpcf7-list-item first\"><input type=\"checkbox\" name=\"comunication[]\" value=\"E-mail\" \/><span class=\"wpcf7-list-item-label\">E-mail<\/span><\/span><span class=\"wpcf7-list-item last\"><input type=\"checkbox\" name=\"comunication[]\" value=\"Tel\u00e9fono\" \/><span class=\"wpcf7-list-item-label\">Tel\u00e9fono<\/span><\/span><\/span><\/span>\n<\/p>\n<p>Seguro para\n<\/p>\n<p><span class=\"wpcf7-form-control-wrap\" data-name=\"country\"><select class=\"wpcf7-form-control wpcf7-select wpcf7-validates-as-required\" aria-required=\"true\" aria-invalid=\"false\" name=\"country\"><option value=\"China\">China<\/option><option value=\"Hong Kong\">Hong Kong<\/option><option value=\"Singapur\">Singapur<\/option><option value=\"Taiw\u00e1n\">Taiw\u00e1n<\/option><option value=\"Tailandia\">Tailandia<\/option><option value=\"Vietnam\">Vietnam<\/option><\/select><\/span> <\/ p>\n<\/p>\n<p>Pa\u00eds de residencia\n<\/p>\n<p><span class=\"wpcf7-form-control-wrap\" data-name=\"residency\"><input size=\"40\" maxlength=\"400\" class=\"wpcf7-form-control wpcf7-text wpcf7-validates-as-required\" aria-required=\"true\" aria-invalid=\"false\" value=\"\" type=\"text\" name=\"residency\" \/><\/span>\n<\/p>\n<p>Nacionalidad\n<\/p>\n<p><span class=\"wpcf7-form-control-wrap\" data-name=\"nationality\"><input size=\"40\" maxlength=\"400\" class=\"wpcf7-form-control wpcf7-text wpcf7-validates-as-required\" aria-required=\"true\" aria-invalid=\"false\" value=\"\" type=\"text\" name=\"nationality\" \/><\/span>\n<\/p>\n<p>G\u00e9nero\n<\/p>\n<p><span class=\"wpcf7-form-control-wrap\" data-name=\"gender\"><span class=\"wpcf7-form-control wpcf7-checkbox wpcf7-validates-as-required wpcf7-exclusive-checkbox\"><span class=\"wpcf7-list-item first\"><input type=\"checkbox\" name=\"gender\" value=\"Var\u00f3n\" \/><span class=\"wpcf7-list-item-label\">Var\u00f3n<\/span><\/span><span class=\"wpcf7-list-item last\"><input type=\"checkbox\" name=\"gender\" value=\"Mujer\" \/><span class=\"wpcf7-list-item-label\">Mujer<\/span><\/span><\/span><\/span>\n<\/p>\n<p>A\u00f1o de nacimiento\n<\/p>\n<p><span class=\"wpcf7-form-control-wrap\" data-name=\"birthday\"><input size=\"40\" maxlength=\"400\" class=\"wpcf7-form-control wpcf7-text wpcf7-validates-as-required\" aria-required=\"true\" aria-invalid=\"false\" value=\"\" type=\"text\" name=\"birthday\" \/><\/span>\n<\/p>\n<p>Tipo de Seguro\n<\/p>\n<p><span class=\"wpcf7-form-control-wrap\" data-name=\"insurance-type\"><select class=\"wpcf7-form-control wpcf7-select wpcf7-validates-as-required\" aria-required=\"true\" aria-invalid=\"false\" name=\"insurance-type\"><option value=\"Seguro m\u00e9dico\">Seguro m\u00e9dico<\/option><option value=\"Seguro de vida\">Seguro de vida<\/option><option value=\"Seguro de Viaje\">Seguro de Viaje<\/option><\/select><\/span>\n<\/p>\n<p>Tipo de Plan\n<\/p>\n<p><span class=\"wpcf7-form-control-wrap\" data-name=\"insurance-type2\"><select class=\"wpcf7-form-control wpcf7-select wpcf7-validates-as-required\" aria-required=\"true\" aria-invalid=\"false\" name=\"insurance-type2\"><option value=\"Individual\">Individual<\/option><option value=\"Grupo\">Grupo<\/option><option value=\"Empresa\">Empresa<\/option><\/select><\/span>\n<\/p>\n<div data-id=\"company\" data-orig_data_id=\"company\"  class=\"\" data-class=\"wpcf7cf_group\">\n\t<p>Nombre de la empresa\n\t<\/p>\n\t<p><span class=\"wpcf7-form-control-wrap\" data-name=\"company\"><input size=\"40\" maxlength=\"400\" class=\"wpcf7-form-control wpcf7-text\" aria-invalid=\"false\" value=\"\" type=\"text\" name=\"company\" \/><\/span>\n\t<\/p>\n<\/div>\n<p>Este formulario recopila su nombre, correo electr\u00f3nico y otra informaci\u00f3n necesaria para que podamos responder a su consulta. Para obtener m\u00e1s informaci\u00f3n sobre d\u00f3nde, c\u00f3mo y por qu\u00e9 almacenamos sus datos (y c\u00f3mo puede acceder a ellos), puede leer nuestra <a href=\"https:\/\/www.saporedicina.com\/es\/privacy-policy\/\" rel=\"noopener\" target=\"_blank\">Pol\u00edtica de Privacidad<\/a>\n<\/p>\n<p><span class=\"wpcf7-form-control-wrap\" data-name=\"notification1\"><span class=\"wpcf7-form-control wpcf7-acceptance\"><span class=\"wpcf7-list-item\"><input type=\"checkbox\" name=\"notification1\" value=\"1\" aria-invalid=\"false\" \/><\/span><\/span><\/span> Acepto que este formulario recopile mi nombre, mi correo electr\u00f3nico y otra informaci\u00f3n.\n<\/p>\n<p><span class=\"wpcf7-form-control-wrap\" data-name=\"notification2\"><span class=\"wpcf7-form-control wpcf7-acceptance\"><span class=\"wpcf7-list-item\"><input type=\"checkbox\" name=\"notification2\" value=\"1\" aria-invalid=\"false\" \/><\/span><\/span><\/span> Acepto los <a href=\"#\" onClick=\"MyWindow=window.open('https:\/\/www.saporedicina.com\/es\/terms.html','MyWindow',width=200,height=500); return false;\">T\u00e9rminos y Condiciones<\/a> de este sitio web.\n<\/p>\n<p><input class=\"wpcf7-form-control wpcf7-submit has-spinner\" type=\"submit\" value=\"Enviar su Solicitud\" \/>\n<\/p><input\n                    class=\"apbct_special_field apbct_email_id__wp_contact_form_7\"\n                    name=\"apbct__email_id__wp_contact_form_7\"\n                    aria-label=\"apbct__label_id__wp_contact_form_7\"\n                    type=\"text\" size=\"30\" maxlength=\"200\" autocomplete=\"off\"\n                    value=\"\"\n                \/><div class=\"wpcf7-response-output\" aria-hidden=\"true\"><\/div>\n<\/form>\n<\/div>\n\n","protected":false},"excerpt":{"rendered":"<p>\u00bfVives en Asia o vas a mudarte a vivir a Asia y necesitas ayuda para elegir el seguro m\u00e9dico m\u00e1s adecuado para ti? Rellena el formulario a continuaci\u00f3n para recibir un asesoramiento personalizado y gratuito sobre los seguros m\u00e9dicos en China y un presupuesto del broker que recomendamos en este momento. P.D.: Ten en cuenta [&hellip;]<\/p>\n","protected":false},"author":2,"featured_media":0,"parent":0,"menu_order":0,"comment_status":"closed","ping_status":"closed","template":"","meta":{"_uag_custom_page_level_css":"","site-sidebar-layout":"default","site-content-layout":"","ast-site-content-layout":"default","site-content-style":"default","site-sidebar-style":"default","ast-global-header-display":"","ast-banner-title-visibility":"","ast-main-header-display":"","ast-hfb-above-header-display":"","ast-hfb-below-header-display":"","ast-hfb-mobile-header-display":"","site-post-title":"","ast-breadcrumbs-content":"","ast-featured-img":"","footer-sml-layout":"","theme-transparent-header-meta":"","adv-header-id-meta":"","stick-header-meta":"","header-above-stick-meta":"","header-main-stick-meta":"","header-below-stick-meta":"","astra-migrate-meta-layouts":"default","ast-page-background-enabled":"default","ast-page-background-meta":{"desktop":{"background-color":"var(--ast-global-color-4)","background-image":"","background-repeat":"repeat","background-position":"center center","background-size":"auto","background-attachment":"scroll","background-type":"","background-media":"","overlay-type":"","overlay-color":"","overlay-opacity":"","overlay-gradient":""},"tablet":{"background-color":"","background-image":"","background-repeat":"repeat","background-position":"center center","background-size":"auto","background-attachment":"scroll","background-type":"","background-media":"","overlay-type":"","overlay-color":"","overlay-opacity":"","overlay-gradient":""},"mobile":{"background-color":"","background-image":"","background-repeat":"repeat","background-position":"center center","background-size":"auto","background-attachment":"scroll","background-type":"","background-media":"","overlay-type":"","overlay-color":"","overlay-opacity":"","overlay-gradient":""}},"ast-content-background-meta":{"desktop":{"background-color":"var(--ast-global-color-5)","background-image":"","background-repeat":"repeat","background-position":"center center","background-size":"auto","background-attachment":"scroll","background-type":"","background-media":"","overlay-type":"","overlay-color":"","overlay-opacity":"","overlay-gradient":""},"tablet":{"background-color":"var(--ast-global-color-5)","background-image":"","background-repeat":"repeat","background-position":"center center","background-size":"auto","background-attachment":"scroll","background-type":"","background-media":"","overlay-type":"","overlay-color":"","overlay-opacity":"","overlay-gradient":""},"mobile":{"background-color":"var(--ast-global-color-5)","background-image":"","background-repeat":"repeat","background-position":"center center","background-size":"auto","background-attachment":"scroll","background-type":"","background-media":"","overlay-type":"","overlay-color":"","overlay-opacity":"","overlay-gradient":""}},"footnotes":""},"class_list":["post-21916","page","type-page","status-publish","hentry"],"yoast_head":"<!-- This site is optimized with the Yoast SEO plugin v27.6 - https:\/\/yoast.com\/product\/yoast-seo-wordpress\/ -->\n<title>\u00bfNecesitas ayuda con tu seguro m\u00e9dico?<\/title>\n<meta name=\"robots\" content=\"noindex, nofollow\" \/>\n<meta property=\"og:locale\" content=\"es_ES\" \/>\n<meta property=\"og:type\" content=\"article\" \/>\n<meta property=\"og:title\" content=\"\u00bfNecesitas ayuda con tu seguro m\u00e9dico?\" \/>\n<meta property=\"og:description\" content=\"\u00bfVives en Asia o vas a mudarte a vivir a Asia y necesitas ayuda para elegir el seguro m\u00e9dico m\u00e1s adecuado para ti? Rellena el formulario a continuaci\u00f3n para recibir un asesoramiento personalizado y gratuito sobre los seguros m\u00e9dicos en China y un presupuesto del broker que recomendamos en este momento. P.D.: Ten en cuenta [&hellip;]\" \/>\n<meta property=\"og:url\" content=\"https:\/\/www.saporedicina.com\/es\/insurance-inquiry\/\" \/>\n<meta property=\"og:site_name\" content=\"Sapore di Cina\" \/>\n<meta property=\"article:publisher\" content=\"https:\/\/www.facebook.com\/saporedicinaespanol\" \/>\n<meta property=\"article:modified_time\" content=\"2020-11-09T10:47:51+00:00\" \/>\n<meta property=\"og:image\" content=\"https:\/\/www.saporedicina.com\/es\/wp-content\/uploads\/2013\/03\/quienessomos.jpg\" \/>\n\t<meta property=\"og:image:width\" content=\"700\" \/>\n\t<meta property=\"og:image:height\" content=\"376\" \/>\n\t<meta property=\"og:image:type\" content=\"image\/jpeg\" \/>\n<meta name=\"twitter:card\" content=\"summary_large_image\" \/>\n<meta name=\"twitter:site\" content=\"@sbortozhou\" \/>\n<script type=\"application\/ld+json\" class=\"yoast-schema-graph\">{\"@context\":\"https:\\\/\\\/schema.org\",\"@graph\":[{\"@type\":\"WebPage\",\"@id\":\"https:\\\/\\\/www.saporedicina.com\\\/es\\\/insurance-inquiry\\\/\",\"url\":\"https:\\\/\\\/www.saporedicina.com\\\/es\\\/insurance-inquiry\\\/\",\"name\":\"\u00bfNecesitas ayuda con tu seguro m\u00e9dico?\",\"isPartOf\":{\"@id\":\"https:\\\/\\\/www.saporedicina.com\\\/es\\\/#website\"},\"datePublished\":\"2020-05-01T12:33:54+00:00\",\"dateModified\":\"2020-11-09T10:47:51+00:00\",\"breadcrumb\":{\"@id\":\"https:\\\/\\\/www.saporedicina.com\\\/es\\\/insurance-inquiry\\\/#breadcrumb\"},\"inLanguage\":\"es\",\"potentialAction\":[{\"@type\":\"ReadAction\",\"target\":[\"https:\\\/\\\/www.saporedicina.com\\\/es\\\/insurance-inquiry\\\/\"]}]},{\"@type\":\"BreadcrumbList\",\"@id\":\"https:\\\/\\\/www.saporedicina.com\\\/es\\\/insurance-inquiry\\\/#breadcrumb\",\"itemListElement\":[{\"@type\":\"ListItem\",\"position\":1,\"name\":\"SDC\",\"item\":\"https:\\\/\\\/www.saporedicina.com\\\/es\\\/\"},{\"@type\":\"ListItem\",\"position\":2,\"name\":\"\u00bfNecesitas ayuda con tu seguro m\u00e9dico?\"}]},{\"@type\":\"WebSite\",\"@id\":\"https:\\\/\\\/www.saporedicina.com\\\/es\\\/#website\",\"url\":\"https:\\\/\\\/www.saporedicina.com\\\/es\\\/\",\"name\":\"Sapore di Cina\",\"description\":\"Aprender Chino, Viajar, Estudiar o Trabajar en China y Asia\",\"publisher\":{\"@id\":\"https:\\\/\\\/www.saporedicina.com\\\/es\\\/#organization\"},\"alternateName\":\"SDC\",\"potentialAction\":[{\"@type\":\"SearchAction\",\"target\":{\"@type\":\"EntryPoint\",\"urlTemplate\":\"https:\\\/\\\/www.saporedicina.com\\\/es\\\/?s={search_term_string}\"},\"query-input\":{\"@type\":\"PropertyValueSpecification\",\"valueRequired\":true,\"valueName\":\"search_term_string\"}}],\"inLanguage\":\"es\"},{\"@type\":\"Organization\",\"@id\":\"https:\\\/\\\/www.saporedicina.com\\\/es\\\/#organization\",\"name\":\"Sapore di Cina\",\"url\":\"https:\\\/\\\/www.saporedicina.com\\\/es\\\/\",\"logo\":{\"@type\":\"ImageObject\",\"inLanguage\":\"es\",\"@id\":\"https:\\\/\\\/www.saporedicina.com\\\/es\\\/#\\\/schema\\\/logo\\\/image\\\/\",\"url\":\"https:\\\/\\\/www.saporedicina.com\\\/es\\\/wp-content\\\/uploads\\\/2019\\\/04\\\/logo.jpg\",\"contentUrl\":\"https:\\\/\\\/www.saporedicina.com\\\/es\\\/wp-content\\\/uploads\\\/2019\\\/04\\\/logo.jpg\",\"width\":800,\"height\":800,\"caption\":\"Sapore di Cina\"},\"image\":{\"@id\":\"https:\\\/\\\/www.saporedicina.com\\\/es\\\/#\\\/schema\\\/logo\\\/image\\\/\"},\"sameAs\":[\"https:\\\/\\\/www.facebook.com\\\/saporedicinaespanol\",\"https:\\\/\\\/x.com\\\/sbortozhou\",\"https:\\\/\\\/www.youtube.com\\\/channel\\\/UCl2ssfXqNmOeaY6l470UDlQ\\\/\"]}]}<\/script>\n<!-- \/ Yoast SEO plugin. -->","yoast_head_json":{"title":"\u00bfNecesitas ayuda con tu seguro m\u00e9dico?","robots":{"index":"noindex","follow":"nofollow"},"og_locale":"es_ES","og_type":"article","og_title":"\u00bfNecesitas ayuda con tu seguro m\u00e9dico?","og_description":"\u00bfVives en Asia o vas a mudarte a vivir a Asia y necesitas ayuda para elegir el seguro m\u00e9dico m\u00e1s adecuado para ti? Rellena el formulario a continuaci\u00f3n para recibir un asesoramiento personalizado y gratuito sobre los seguros m\u00e9dicos en China y un presupuesto del broker que recomendamos en este momento. P.D.: Ten en cuenta [&hellip;]","og_url":"https:\/\/www.saporedicina.com\/es\/insurance-inquiry\/","og_site_name":"Sapore di Cina","article_publisher":"https:\/\/www.facebook.com\/saporedicinaespanol","article_modified_time":"2020-11-09T10:47:51+00:00","og_image":[{"width":700,"height":376,"url":"https:\/\/www.saporedicina.com\/es\/wp-content\/uploads\/2013\/03\/quienessomos.jpg","type":"image\/jpeg"}],"twitter_card":"summary_large_image","twitter_site":"@sbortozhou","schema":{"@context":"https:\/\/schema.org","@graph":[{"@type":"WebPage","@id":"https:\/\/www.saporedicina.com\/es\/insurance-inquiry\/","url":"https:\/\/www.saporedicina.com\/es\/insurance-inquiry\/","name":"\u00bfNecesitas ayuda con tu seguro m\u00e9dico?","isPartOf":{"@id":"https:\/\/www.saporedicina.com\/es\/#website"},"datePublished":"2020-05-01T12:33:54+00:00","dateModified":"2020-11-09T10:47:51+00:00","breadcrumb":{"@id":"https:\/\/www.saporedicina.com\/es\/insurance-inquiry\/#breadcrumb"},"inLanguage":"es","potentialAction":[{"@type":"ReadAction","target":["https:\/\/www.saporedicina.com\/es\/insurance-inquiry\/"]}]},{"@type":"BreadcrumbList","@id":"https:\/\/www.saporedicina.com\/es\/insurance-inquiry\/#breadcrumb","itemListElement":[{"@type":"ListItem","position":1,"name":"SDC","item":"https:\/\/www.saporedicina.com\/es\/"},{"@type":"ListItem","position":2,"name":"\u00bfNecesitas ayuda con tu seguro m\u00e9dico?"}]},{"@type":"WebSite","@id":"https:\/\/www.saporedicina.com\/es\/#website","url":"https:\/\/www.saporedicina.com\/es\/","name":"Sapore di Cina","description":"Aprender Chino, Viajar, Estudiar o Trabajar en China y Asia","publisher":{"@id":"https:\/\/www.saporedicina.com\/es\/#organization"},"alternateName":"SDC","potentialAction":[{"@type":"SearchAction","target":{"@type":"EntryPoint","urlTemplate":"https:\/\/www.saporedicina.com\/es\/?s={search_term_string}"},"query-input":{"@type":"PropertyValueSpecification","valueRequired":true,"valueName":"search_term_string"}}],"inLanguage":"es"},{"@type":"Organization","@id":"https:\/\/www.saporedicina.com\/es\/#organization","name":"Sapore di Cina","url":"https:\/\/www.saporedicina.com\/es\/","logo":{"@type":"ImageObject","inLanguage":"es","@id":"https:\/\/www.saporedicina.com\/es\/#\/schema\/logo\/image\/","url":"https:\/\/www.saporedicina.com\/es\/wp-content\/uploads\/2019\/04\/logo.jpg","contentUrl":"https:\/\/www.saporedicina.com\/es\/wp-content\/uploads\/2019\/04\/logo.jpg","width":800,"height":800,"caption":"Sapore di Cina"},"image":{"@id":"https:\/\/www.saporedicina.com\/es\/#\/schema\/logo\/image\/"},"sameAs":["https:\/\/www.facebook.com\/saporedicinaespanol","https:\/\/x.com\/sbortozhou","https:\/\/www.youtube.com\/channel\/UCl2ssfXqNmOeaY6l470UDlQ\/"]}]}},"uagb_featured_image_src":{"full":false,"thumbnail":false,"medium":false,"medium_large":false,"large":false,"1536x1536":false,"2048x2048":false},"uagb_author_info":{"display_name":"Sapore di Cina","author_link":"https:\/\/www.saporedicina.com\/es\/author\/sborto\/"},"uagb_comment_info":0,"uagb_excerpt":"\u00bfVives en Asia o vas a mudarte a vivir a Asia y necesitas ayuda para elegir el seguro m\u00e9dico m\u00e1s adecuado para ti? Rellena el formulario a continuaci\u00f3n para recibir un asesoramiento personalizado y gratuito sobre los seguros m\u00e9dicos en China y un presupuesto del broker que recomendamos en este momento. P.D.: Ten en cuenta&hellip;","_links":{"self":[{"href":"https:\/\/www.saporedicina.com\/es\/wp-json\/wp\/v2\/pages\/21916","targetHints":{"allow":["GET"]}}],"collection":[{"href":"https:\/\/www.saporedicina.com\/es\/wp-json\/wp\/v2\/pages"}],"about":[{"href":"https:\/\/www.saporedicina.com\/es\/wp-json\/wp\/v2\/types\/page"}],"author":[{"embeddable":true,"href":"https:\/\/www.saporedicina.com\/es\/wp-json\/wp\/v2\/users\/2"}],"replies":[{"embeddable":true,"href":"https:\/\/www.saporedicina.com\/es\/wp-json\/wp\/v2\/comments?post=21916"}],"version-history":[{"count":0,"href":"https:\/\/www.saporedicina.com\/es\/wp-json\/wp\/v2\/pages\/21916\/revisions"}],"wp:attachment":[{"href":"https:\/\/www.saporedicina.com\/es\/wp-json\/wp\/v2\/media?parent=21916"}],"curies":[{"name":"wp","href":"https:\/\/api.w.org\/{rel}","templated":true}]}}