{"id":21442,"date":"2020-03-24T19:15:34","date_gmt":"2020-03-24T18:15:34","guid":{"rendered":"https:\/\/www.saporedicina.com\/es\/?page_id=21442"},"modified":"2020-12-04T09:48:38","modified_gmt":"2020-12-04T08:48:38","slug":"taiwan","status":"publish","type":"page","link":"https:\/\/www.saporedicina.com\/es\/taiwan\/","title":{"rendered":"Vivir y Trabajar en Taiw\u00e1n &#8211; Sapore di Cina"},"content":{"rendered":"<div class=\"section-one\">\n<div class=\"one-element\">\n<a href=\"https:\/\/www.saporedicina.com\/es\/viaje-taiwan\/\"><img decoding=\"async\" src=\"https:\/\/www.saporedicina.com\/wp-content\/uploads\/landingpages\/travel_to_china.jpg\" alt=\"Viajar a Taiwan\" title=\"Viajar a Taiwan\" width=\"250\" height=\"250\" \/><\/p>\n<h2>Viajar a Taiw\u00e1n<\/h2>\n<p>Visados, seguros, hoteles, internet, dinero, tours y m\u00e1s<\/p>\n<p><\/a><\/div>\n<div class=\"one-element\">\n<a href=\"https:\/\/www.saporedicina.com\/es\/aprender-chino\/\"><br \/>\n<img decoding=\"async\" src=\"https:\/\/www.saporedicina.com\/wp-content\/uploads\/landingpages\/learn_chinese.jpg\" alt=\"Learn Chinese\" title=\"Learn Chinese\" width=\"250\" height=\"250\" \/><\/p>\n<h2>Aprender chino<\/h2>\n<p>Recursos online gratuitos, cursos, gu\u00edas y consejos<\/p>\n<p><\/a><\/div>\n<div class=\"one-element\">\n<a href=\"https:\/\/www.saporedicina.com\/es\/category\/taiwan\/\"><br \/>\n<img decoding=\"async\" src=\"https:\/\/www.saporedicina.com\/wp-content\/uploads\/landingpages\/last_articles.jpg\" alt=\"\u00daltimos articulos sobre Taiw\u00e1n\" title=\"\u00daltimos articulos sobre Taiw\u00e1n\" width=\"250\" height=\"250\" \/><\/p>\n<h2>\u00daltimos art\u00edculos<\/h2>\n<p>Lee nuestros \u00faltimos art\u00edculos publicados&#8230; <\/p>\n<p><\/a><\/div>\n<\/div>\n<div class=\"section-as-seen\">\n<h3>as seen in<\/h3>\n<ul>\n<li><img decoding=\"async\" src=\"https:\/\/www.saporedicina.com\/wp-content\/uploads\/landingpages\/elpais3.png\" alt=\"ElPais\" title=\"ElPais\" width=\"160\" height=\"35\" ><\/li>\n<li><img decoding=\"async\" src=\"https:\/\/www.saporedicina.com\/wp-content\/uploads\/landingpages\/lavozdegalicia1.png\" alt=\"La voz de Galicia\" title=\"La Voz de Galicia\" width=\"90\" height=\"50\"><\/li>\n<li><img decoding=\"async\" src=\"https:\/\/www.saporedicina.com\/wp-content\/uploads\/landingpages\/thehuffingtonpost1.png\" alt=\"The Huffington Post\" title=\"The Huffigton Post\"  width=\"129\" height=\"50\"><\/li>\n<li><img decoding=\"async\" src=\"https:\/\/www.saporedicina.com\/wp-content\/uploads\/landingpages\/theguardian1.png\" alt=\"The Guardian\" title=\"The Guardian\" width=\"287\" height=\"50\"><\/li>\n<li><img decoding=\"async\" src=\"https:\/\/www.saporedicina.com\/wp-content\/uploads\/landingpages\/virgin1.png\" alt=\"Virgin\" title=\"Virgin\" width=\"57\" height=\"50\"><\/li>\n<li><img decoding=\"async\" src=\"https:\/\/www.saporedicina.com\/wp-content\/uploads\/landingpages\/bbc1.png\" alt=\"BBC\" title=\"BBC\" width=\"140\" height=\"40\"><\/li>\n<\/ul>\n<\/div>\n<div class=\"section-four\">\n<h1>Otros Destinos<\/h1>\n<div class=\"four-element\"><a href=\"https:\/\/www.saporedicina.com\/es\/\"><img decoding=\"async\" src=\"https:\/\/www.saporedicina.com\/wp-content\/uploads\/landingpages\/china.jpg\" alt=\"China\" title=\"China\"\/><\/p>\n<h2>China<\/h2>\n<p><\/a><\/div>\n<div class=\"four-element\"><a href=\"https:\/\/www.saporedicina.com\/es\/hong-kong\/\"><img decoding=\"async\" src=\"https:\/\/www.saporedicina.com\/wp-content\/uploads\/landingpages\/hong-kong.jpg\" alt=\"Hong Kong\" title=\"Hong Kong\"\/><\/p>\n<h2>Hong Kong SAR<\/h2>\n<p><\/a><\/div>\n<div class=\"four-element\"><a href=\"#section5\"><img decoding=\"async\" src=\"https:\/\/www.saporedicina.com\/wp-content\/uploads\/landingpages\/taiwan.jpg\" alt=\"Taiw\u00e1n\" title=\"Taiw\u00e1n\"\/><\/p>\n<h2>Taiw\u00e1n (RDC)<\/h2>\n<p><\/a><\/div>\n<div class=\"four-element\"><a href=\"https:\/\/www.saporedicina.com\/es\/singapur\/\"><img decoding=\"async\" src=\"https:\/\/www.saporedicina.com\/wp-content\/uploads\/landingpages\/singapore.jpg\" alt=\"Singapur\" title=\"Singapur\"\/><\/p>\n<h2>Singapur<\/h2>\n<p><\/a><\/div>\n<div class=\"four-element\"><a href=\"https:\/\/www.saporedicina.com\/es\/tailandia\/\" ><img decoding=\"async\" src=\"https:\/\/www.saporedicina.com\/wp-content\/uploads\/landingpages\/thailand.jpg\" alt=\"Tailandia\" title=\"Tailandia\"\/><\/p>\n<h2>Tailandia<\/h2>\n<p><\/a><\/div>\n<div class=\"four-element\"><a href=\"https:\/\/www.saporedicina.com\/es\/vietnam\/\"><img decoding=\"async\" src=\"https:\/\/www.saporedicina.com\/wp-content\/uploads\/landingpages\/vietnam.jpg\" alt=\"Vietnam\" title=\"Vietnam\"\/><\/p>\n<h2>Vietnam<\/h2>\n<p><\/a><\/div>\n<\/div>\n<div class=\"five-element\">\n<h2 id=\"section5\">Informaci\u00f3n general<\/h2>\n<p><img decoding=\"async\" src=\"https:\/\/www.saporedicina.com\/wp-content\/uploads\/landingpages\/taiwan.jpg\" alt=\"Taiwan\" class=\"alignright\" \/><\/p>\n<ul class=\"spaced-list\">\n<li><strong>Nombre oficial<\/strong>: Rep\u00fablica de China (\u4e2d\u83ef\u6c11\u570b)<\/li>\n<li><strong>Poblaci\u00f3n<\/strong>: 23.816.775 (2020)<\/li>\n<li><strong>Capital<\/strong>: Taipei<\/li>\n<li><strong>Moneda<\/strong>: Nuevo d\u00f3lar taiwan\u00e9s ($, TWD)<\/li>\n<li><strong>Zona horaria<\/strong>: GMT +8<\/li>\n<li><strong>Idioma oficial<\/strong>: Chino mandar\u00edn<\/li>\n<li><strong>Prefijo telef\u00f3nico<\/strong>: +886<\/li>\n<\/ul>\n<\/div>\n<div class=\"five-element\">\n<h2>Viajar a Taiw\u00e1n (RDC)<\/h2>\n<h3>Turismo Internacional<\/h3>\n<p>Con algo m\u00e1s de 11 millones de visitantes extrajeros, la isla de Taiw\u00e1n no est\u00e1 entre los 10 destinos m\u00e1s visitados de Asia.<\/p>\n<h3>Infraestructuras<\/h3>\n<p>Taiw\u00e1n dispone de buenas infraestructuras y bastante eficientes, pero no son tan modernas como otras zonas de Asia equivalentes. <\/p>\n<h3>Industria Tur\u00edstica<\/h3>\n<p>La industria tur\u00edstica en Taiw\u00e1n est\u00e1 bien desarrollada y es uno de los mayores sectores econ\u00f3micos de la isla.<\/p>\n<h3>Seguridad<\/h3>\n<p>Como muchos lugares en Asia oriental, Taiw\u00e1n es seguro para los viajeros internacionales<\/p>\n<h3>Principales Problemas<\/h3>\n<p>La barrera idiom\u00e1tica suele ser el principal problema entre los turistas internacionales.<\/p>\n<h3>Visado<\/h3>\n<p>Nacionales de 54 pa\u00edses pueden permanecer en Taiw\u00e1n por turismo o negocios hasta 90 d\u00edas sin necesidad de visado. Otros 12 pa\u00edses disponen de exenciones de 14, 21 o 30 d\u00edas. <\/p>\n<h3>Art\u00edculos Destacados<\/h3>\n<ul>\n<li><a href=\"https:\/\/www.saporedicina.com\/es\/viaje-taiwan\/\">Gu\u00eda de viaje para Taiwan<\/a><\/li>\n<li><a href=\"https:\/\/www.saporedicina.com\/es\/tours-taiwan\/\">Tours en Taiw\u00e1n<\/a><\/li>\n<li><a href=\"https:\/\/www.saporedicina.com\/es\/seguro-viaje-medico-taiwan\/\">Seguro de viaje para Taiw\u00e1n<\/a><\/li>\n<li><a href=\"https:\/\/www.saporedicina.com\/es\/sim-prepago-taiwan\/\">Tarjetas SIM prepago para Taiw\u00e1n<\/a><\/li>\n<\/ul>\n<\/div>\n<div class=\"five-element\">\n<h2>Vivir en Taiwan (RDC)<\/h2>\n<h3>Coste de Vida<\/h3>\n<p>El coste de vida en Taiw\u00e1n es relativamente bajo si se considera el nivel de desarrollo de la isla. Sin embargo, existen grandes diferencias entre el coste de vida de la capital Taipei y otras zonas.<\/p>\n<h3>Mercado de Trabajo<\/h3>\n<p>La paulatina reducci\u00f3n del crecimiento econ\u00f3mico ha hecho que las oportunidades laborales sean mucho menores que en el pasado. Sin embargo, en algunos sectores como educaci\u00f3n, finanzas y marketing a\u00fan se pueden encotrar buenas oportunidades. <\/p>\n<h3>Salarios<\/h3>\n<p>Los salarios en Taiw\u00e1n siguen siendo relativamente bajos comparados con otras zonas de similar desarrollo econ\u00f3mico.<\/p>\n<h3>Seguro M\u00e9dico<\/h3>\n<p>La prestaci\u00f3n m\u00e9dica p\u00fablica est\u00e1 disponible para nacionales y extranjeros residentes. Sin embargo, existe copago, la cobertura es limitada y muchas veces se encuentra saturada. Por estos motivos es recomendable contar con un buen seguro privado.<\/p>\n<h3>Visado<\/h3>\n<p>El proceso para obtener el visado de trabajo es algo menos restrictivo que en China Continetal. Sin embargo, al igual que China Continental solo trabajadores calificados y con experiencia demostrable en el sector pueden obtener este tipo de visado.<\/p>\n<h3>Art\u00edculos Destacados<\/h3>\n<ul>\n<li><a href=\"https:\/\/www.saporedicina.com\/es\/visado-para-taiwan\/\">Visado para Taiwan<\/a><\/li>\n<li><a href=\"https:\/\/www.saporedicina.com\/es\/seguro-medico-taiwan-expatriados\/\">Seguro m\u00e9dico para Taiwan<\/a><\/li>\n<li><a href=\"https:\/\/www.saporedicina.com\/es\/coste-vida-taiwan\/\">Coste de la vida en Taiw\u00e1n<\/a><\/li>\n<\/ul>\n<\/div>\n<div class=\"five-element\">\n<h2>Aprender chino<\/h2>\n<h3>Caracter\u00edsticas<\/h3>\n<p>En Taiw\u00e1n el dialecto m\u00e1s extendido y usado es el mandar\u00edn (con particularidades locales). Otros dialectos son tambi\u00e9n oficiales y cuentan con una proporci\u00f3n bastante elevada de hablantes nativos como el hokkien y el hakka. En Taiw\u00e1n se usa la escritura tradiconal del chino.<\/p>\n<h3>Tiempo Necesario<\/h3>\n<p>Aunque aprender la escritura tradicional puede ser un poco m\u00e1s complicado que la simplificada, no existen grandes diferencias en el tiempo para aprender alguna de las dos variantes. Un a\u00f1o en inmersi\u00f3n y estudio a tiempo completo, pueden ser suficientes para desarrollar un uso relativamente completo de la lengua.<\/p>\n<h3>M\u00e1s F\u00e1cil<\/h3>\n<p>La gram\u00e1tica suele ser el aspecto que los estudiantes destacan como m\u00e1s sencillo a la hora de aprender chino.<\/p>\n<h3>M\u00e1s Dif\u00edcil<\/h3>\n<p>La escritura y la pronunciaci\u00f3n suelen ser los aspectos que los estudiantes encuentran m\u00e1s dificultades.<\/p>\n<h3>Art\u00edculos Destacados<\/h3>\n<ul>\n<li><a href=\"https:\/\/www.saporedicina.com\/es\/estudiar-chino-taipei\/\">Estudiar chino en Taiw\u00e1n<\/a><\/li>\n<li><a href=\"https:\/\/www.saporedicina.com\/es\/cursos-de-chino\/\">Cursos de chino<\/a><\/li>\n<li><a href=\"https:\/\/www.saporedicina.com\/es\/apps-aprender-chino\/\">Apps aprender chino<\/a><\/li>\n<li><a href=\"https:\/\/www.saporedicina.com\/es\/test-nivel-chino\/\">Test de nivel gratuito<\/a><\/li>\n<\/ul>\n<\/div>\n","protected":false},"excerpt":{"rendered":"<p>Viajar a Taiw\u00e1n Visados, seguros, hoteles, internet, dinero, tours y m\u00e1s Aprender chino Recursos online gratuitos, cursos, gu\u00edas y consejos \u00daltimos art\u00edculos Lee nuestros \u00faltimos art\u00edculos publicados&#8230; as seen in Otros Destinos China Hong Kong SAR Taiw\u00e1n (RDC) Singapur Tailandia Vietnam Informaci\u00f3n general Nombre oficial: Rep\u00fablica de China (\u4e2d\u83ef\u6c11\u570b) Poblaci\u00f3n: 23.816.775 (2020) Capital: Taipei Moneda: [&hellip;]<\/p>\n","protected":false},"author":2,"featured_media":0,"parent":0,"menu_order":0,"comment_status":"closed","ping_status":"closed","template":"","meta":{"_uag_custom_page_level_css":"","site-sidebar-layout":"default","site-content-layout":"","ast-site-content-layout":"default","site-content-style":"default","site-sidebar-style":"default","ast-global-header-display":"","ast-banner-title-visibility":"","ast-main-header-display":"","ast-hfb-above-header-display":"","ast-hfb-below-header-display":"","ast-hfb-mobile-header-display":"","site-post-title":"","ast-breadcrumbs-content":"","ast-featured-img":"","footer-sml-layout":"","theme-transparent-header-meta":"","adv-header-id-meta":"","stick-header-meta":"","header-above-stick-meta":"","header-main-stick-meta":"","header-below-stick-meta":"","astra-migrate-meta-layouts":"default","ast-page-background-enabled":"default","ast-page-background-meta":{"desktop":{"background-color":"var(--ast-global-color-4)","background-image":"","background-repeat":"repeat","background-position":"center center","background-size":"auto","background-attachment":"scroll","background-type":"","background-media":"","overlay-type":"","overlay-color":"","overlay-opacity":"","overlay-gradient":""},"tablet":{"background-color":"","background-image":"","background-repeat":"repeat","background-position":"center center","background-size":"auto","background-attachment":"scroll","background-type":"","background-media":"","overlay-type":"","overlay-color":"","overlay-opacity":"","overlay-gradient":""},"mobile":{"background-color":"","background-image":"","background-repeat":"repeat","background-position":"center center","background-size":"auto","background-attachment":"scroll","background-type":"","background-media":"","overlay-type":"","overlay-color":"","overlay-opacity":"","overlay-gradient":""}},"ast-content-background-meta":{"desktop":{"background-color":"var(--ast-global-color-5)","background-image":"","background-repeat":"repeat","background-position":"center center","background-size":"auto","background-attachment":"scroll","background-type":"","background-media":"","overlay-type":"","overlay-color":"","overlay-opacity":"","overlay-gradient":""},"tablet":{"background-color":"var(--ast-global-color-5)","background-image":"","background-repeat":"repeat","background-position":"center center","background-size":"auto","background-attachment":"scroll","background-type":"","background-media":"","overlay-type":"","overlay-color":"","overlay-opacity":"","overlay-gradient":""},"mobile":{"background-color":"var(--ast-global-color-5)","background-image":"","background-repeat":"repeat","background-position":"center center","background-size":"auto","background-attachment":"scroll","background-type":"","background-media":"","overlay-type":"","overlay-color":"","overlay-opacity":"","overlay-gradient":""}},"footnotes":""},"class_list":["post-21442","page","type-page","status-publish","hentry"],"yoast_head":"<!-- This site is optimized with the Yoast SEO plugin v27.4 - https:\/\/yoast.com\/product\/yoast-seo-wordpress\/ -->\n<title>Viajar, vivir, trabajar o estudiar en Taiwan - Sapore di Cina<\/title>\n<meta name=\"description\" content=\"Toda la informaci\u00f3n que necesitas para viajar, vivir, trabajar o aprender chino en Taiw\u00e1n o Rep\u00fablica de China (RDC)\" \/>\n<meta name=\"robots\" content=\"index, follow, max-snippet:-1, max-image-preview:large, max-video-preview:-1\" \/>\n<link rel=\"canonical\" href=\"https:\/\/www.saporedicina.com\/es\/taiwan\/\" \/>\n<meta property=\"og:locale\" content=\"es_ES\" \/>\n<meta property=\"og:type\" content=\"article\" \/>\n<meta property=\"og:title\" content=\"Viajar, vivir, trabajar o estudiar en Taiwan - Sapore di Cina\" \/>\n<meta property=\"og:description\" content=\"Toda la informaci\u00f3n que necesitas para viajar, vivir, trabajar o aprender chino en Taiw\u00e1n o Rep\u00fablica de China (RDC)\" \/>\n<meta property=\"og:url\" content=\"https:\/\/www.saporedicina.com\/es\/taiwan\/\" \/>\n<meta property=\"og:site_name\" content=\"Sapore di Cina\" \/>\n<meta property=\"article:publisher\" content=\"https:\/\/www.facebook.com\/saporedicinaespanol\" \/>\n<meta property=\"article:modified_time\" content=\"2020-12-04T08:48:38+00:00\" \/>\n<meta property=\"og:image\" content=\"https:\/\/www.saporedicina.com\/wp-content\/uploads\/landingpages\/travel_to_china.jpg\" \/>\n<meta name=\"twitter:card\" content=\"summary_large_image\" \/>\n<meta name=\"twitter:site\" content=\"@sbortozhou\" \/>\n<meta name=\"twitter:label1\" content=\"Tiempo de lectura\" \/>\n\t<meta name=\"twitter:data1\" content=\"3 minutos\" \/>\n<script type=\"application\/ld+json\" class=\"yoast-schema-graph\">{\"@context\":\"https:\\\/\\\/schema.org\",\"@graph\":[{\"@type\":\"WebPage\",\"@id\":\"https:\\\/\\\/www.saporedicina.com\\\/es\\\/taiwan\\\/\",\"url\":\"https:\\\/\\\/www.saporedicina.com\\\/es\\\/taiwan\\\/\",\"name\":\"Viajar, vivir, trabajar o estudiar en Taiwan - Sapore di Cina\",\"isPartOf\":{\"@id\":\"https:\\\/\\\/www.saporedicina.com\\\/es\\\/#website\"},\"primaryImageOfPage\":{\"@id\":\"https:\\\/\\\/www.saporedicina.com\\\/es\\\/taiwan\\\/#primaryimage\"},\"image\":{\"@id\":\"https:\\\/\\\/www.saporedicina.com\\\/es\\\/taiwan\\\/#primaryimage\"},\"thumbnailUrl\":\"https:\\\/\\\/www.saporedicina.com\\\/wp-content\\\/uploads\\\/landingpages\\\/travel_to_china.jpg\",\"datePublished\":\"2020-03-24T18:15:34+00:00\",\"dateModified\":\"2020-12-04T08:48:38+00:00\",\"description\":\"Toda la informaci\u00f3n que necesitas para viajar, vivir, trabajar o aprender chino en Taiw\u00e1n o Rep\u00fablica de China (RDC)\",\"breadcrumb\":{\"@id\":\"https:\\\/\\\/www.saporedicina.com\\\/es\\\/taiwan\\\/#breadcrumb\"},\"inLanguage\":\"es\",\"potentialAction\":[{\"@type\":\"ReadAction\",\"target\":[\"https:\\\/\\\/www.saporedicina.com\\\/es\\\/taiwan\\\/\"]}]},{\"@type\":\"ImageObject\",\"inLanguage\":\"es\",\"@id\":\"https:\\\/\\\/www.saporedicina.com\\\/es\\\/taiwan\\\/#primaryimage\",\"url\":\"https:\\\/\\\/www.saporedicina.com\\\/wp-content\\\/uploads\\\/landingpages\\\/travel_to_china.jpg\",\"contentUrl\":\"https:\\\/\\\/www.saporedicina.com\\\/wp-content\\\/uploads\\\/landingpages\\\/travel_to_china.jpg\"},{\"@type\":\"BreadcrumbList\",\"@id\":\"https:\\\/\\\/www.saporedicina.com\\\/es\\\/taiwan\\\/#breadcrumb\",\"itemListElement\":[{\"@type\":\"ListItem\",\"position\":1,\"name\":\"SDC\",\"item\":\"https:\\\/\\\/www.saporedicina.com\\\/es\\\/\"},{\"@type\":\"ListItem\",\"position\":2,\"name\":\"Vivir y Trabajar en Taiw\u00e1n &#8211; Sapore di Cina\"}]},{\"@type\":\"WebSite\",\"@id\":\"https:\\\/\\\/www.saporedicina.com\\\/es\\\/#website\",\"url\":\"https:\\\/\\\/www.saporedicina.com\\\/es\\\/\",\"name\":\"Sapore di Cina\",\"description\":\"Aprender Chino, Viajar, Estudiar o Trabajar en China y Asia\",\"publisher\":{\"@id\":\"https:\\\/\\\/www.saporedicina.com\\\/es\\\/#organization\"},\"alternateName\":\"SDC\",\"potentialAction\":[{\"@type\":\"SearchAction\",\"target\":{\"@type\":\"EntryPoint\",\"urlTemplate\":\"https:\\\/\\\/www.saporedicina.com\\\/es\\\/?s={search_term_string}\"},\"query-input\":{\"@type\":\"PropertyValueSpecification\",\"valueRequired\":true,\"valueName\":\"search_term_string\"}}],\"inLanguage\":\"es\"},{\"@type\":\"Organization\",\"@id\":\"https:\\\/\\\/www.saporedicina.com\\\/es\\\/#organization\",\"name\":\"Sapore di Cina\",\"url\":\"https:\\\/\\\/www.saporedicina.com\\\/es\\\/\",\"logo\":{\"@type\":\"ImageObject\",\"inLanguage\":\"es\",\"@id\":\"https:\\\/\\\/www.saporedicina.com\\\/es\\\/#\\\/schema\\\/logo\\\/image\\\/\",\"url\":\"https:\\\/\\\/www.saporedicina.com\\\/es\\\/wp-content\\\/uploads\\\/2019\\\/04\\\/logo.jpg\",\"contentUrl\":\"https:\\\/\\\/www.saporedicina.com\\\/es\\\/wp-content\\\/uploads\\\/2019\\\/04\\\/logo.jpg\",\"width\":800,\"height\":800,\"caption\":\"Sapore di Cina\"},\"image\":{\"@id\":\"https:\\\/\\\/www.saporedicina.com\\\/es\\\/#\\\/schema\\\/logo\\\/image\\\/\"},\"sameAs\":[\"https:\\\/\\\/www.facebook.com\\\/saporedicinaespanol\",\"https:\\\/\\\/x.com\\\/sbortozhou\",\"https:\\\/\\\/www.youtube.com\\\/channel\\\/UCl2ssfXqNmOeaY6l470UDlQ\\\/\"]}]}<\/script>\n<!-- \/ Yoast SEO plugin. -->","yoast_head_json":{"title":"Viajar, vivir, trabajar o estudiar en Taiwan - Sapore di Cina","description":"Toda la informaci\u00f3n que necesitas para viajar, vivir, trabajar o aprender chino en Taiw\u00e1n o Rep\u00fablica de China (RDC)","robots":{"index":"index","follow":"follow","max-snippet":"max-snippet:-1","max-image-preview":"max-image-preview:large","max-video-preview":"max-video-preview:-1"},"canonical":"https:\/\/www.saporedicina.com\/es\/taiwan\/","og_locale":"es_ES","og_type":"article","og_title":"Viajar, vivir, trabajar o estudiar en Taiwan - Sapore di Cina","og_description":"Toda la informaci\u00f3n que necesitas para viajar, vivir, trabajar o aprender chino en Taiw\u00e1n o Rep\u00fablica de China (RDC)","og_url":"https:\/\/www.saporedicina.com\/es\/taiwan\/","og_site_name":"Sapore di Cina","article_publisher":"https:\/\/www.facebook.com\/saporedicinaespanol","article_modified_time":"2020-12-04T08:48:38+00:00","og_image":[{"url":"https:\/\/www.saporedicina.com\/wp-content\/uploads\/landingpages\/travel_to_china.jpg","type":"","width":"","height":""}],"twitter_card":"summary_large_image","twitter_site":"@sbortozhou","twitter_misc":{"Tiempo de lectura":"3 minutos"},"schema":{"@context":"https:\/\/schema.org","@graph":[{"@type":"WebPage","@id":"https:\/\/www.saporedicina.com\/es\/taiwan\/","url":"https:\/\/www.saporedicina.com\/es\/taiwan\/","name":"Viajar, vivir, trabajar o estudiar en Taiwan - Sapore di Cina","isPartOf":{"@id":"https:\/\/www.saporedicina.com\/es\/#website"},"primaryImageOfPage":{"@id":"https:\/\/www.saporedicina.com\/es\/taiwan\/#primaryimage"},"image":{"@id":"https:\/\/www.saporedicina.com\/es\/taiwan\/#primaryimage"},"thumbnailUrl":"https:\/\/www.saporedicina.com\/wp-content\/uploads\/landingpages\/travel_to_china.jpg","datePublished":"2020-03-24T18:15:34+00:00","dateModified":"2020-12-04T08:48:38+00:00","description":"Toda la informaci\u00f3n que necesitas para viajar, vivir, trabajar o aprender chino en Taiw\u00e1n o Rep\u00fablica de China (RDC)","breadcrumb":{"@id":"https:\/\/www.saporedicina.com\/es\/taiwan\/#breadcrumb"},"inLanguage":"es","potentialAction":[{"@type":"ReadAction","target":["https:\/\/www.saporedicina.com\/es\/taiwan\/"]}]},{"@type":"ImageObject","inLanguage":"es","@id":"https:\/\/www.saporedicina.com\/es\/taiwan\/#primaryimage","url":"https:\/\/www.saporedicina.com\/wp-content\/uploads\/landingpages\/travel_to_china.jpg","contentUrl":"https:\/\/www.saporedicina.com\/wp-content\/uploads\/landingpages\/travel_to_china.jpg"},{"@type":"BreadcrumbList","@id":"https:\/\/www.saporedicina.com\/es\/taiwan\/#breadcrumb","itemListElement":[{"@type":"ListItem","position":1,"name":"SDC","item":"https:\/\/www.saporedicina.com\/es\/"},{"@type":"ListItem","position":2,"name":"Vivir y Trabajar en Taiw\u00e1n &#8211; Sapore di Cina"}]},{"@type":"WebSite","@id":"https:\/\/www.saporedicina.com\/es\/#website","url":"https:\/\/www.saporedicina.com\/es\/","name":"Sapore di Cina","description":"Aprender Chino, Viajar, Estudiar o Trabajar en China y Asia","publisher":{"@id":"https:\/\/www.saporedicina.com\/es\/#organization"},"alternateName":"SDC","potentialAction":[{"@type":"SearchAction","target":{"@type":"EntryPoint","urlTemplate":"https:\/\/www.saporedicina.com\/es\/?s={search_term_string}"},"query-input":{"@type":"PropertyValueSpecification","valueRequired":true,"valueName":"search_term_string"}}],"inLanguage":"es"},{"@type":"Organization","@id":"https:\/\/www.saporedicina.com\/es\/#organization","name":"Sapore di Cina","url":"https:\/\/www.saporedicina.com\/es\/","logo":{"@type":"ImageObject","inLanguage":"es","@id":"https:\/\/www.saporedicina.com\/es\/#\/schema\/logo\/image\/","url":"https:\/\/www.saporedicina.com\/es\/wp-content\/uploads\/2019\/04\/logo.jpg","contentUrl":"https:\/\/www.saporedicina.com\/es\/wp-content\/uploads\/2019\/04\/logo.jpg","width":800,"height":800,"caption":"Sapore di Cina"},"image":{"@id":"https:\/\/www.saporedicina.com\/es\/#\/schema\/logo\/image\/"},"sameAs":["https:\/\/www.facebook.com\/saporedicinaespanol","https:\/\/x.com\/sbortozhou","https:\/\/www.youtube.com\/channel\/UCl2ssfXqNmOeaY6l470UDlQ\/"]}]}},"uagb_featured_image_src":{"full":false,"thumbnail":false,"medium":false,"medium_large":false,"large":false,"1536x1536":false,"2048x2048":false},"uagb_author_info":{"display_name":"Sapore di Cina","author_link":"https:\/\/www.saporedicina.com\/es\/author\/sborto\/"},"uagb_comment_info":0,"uagb_excerpt":"Viajar a Taiw\u00e1n Visados, seguros, hoteles, internet, dinero, tours y m\u00e1s Aprender chino Recursos online gratuitos, cursos, gu\u00edas y consejos \u00daltimos art\u00edculos Lee nuestros \u00faltimos art\u00edculos publicados&#8230; as seen in Otros Destinos China Hong Kong SAR Taiw\u00e1n (RDC) Singapur Tailandia Vietnam Informaci\u00f3n general Nombre oficial: Rep\u00fablica de China (\u4e2d\u83ef\u6c11\u570b) Poblaci\u00f3n: 23.816.775 (2020) Capital: Taipei Moneda:&hellip;","_links":{"self":[{"href":"https:\/\/www.saporedicina.com\/es\/wp-json\/wp\/v2\/pages\/21442","targetHints":{"allow":["GET"]}}],"collection":[{"href":"https:\/\/www.saporedicina.com\/es\/wp-json\/wp\/v2\/pages"}],"about":[{"href":"https:\/\/www.saporedicina.com\/es\/wp-json\/wp\/v2\/types\/page"}],"author":[{"embeddable":true,"href":"https:\/\/www.saporedicina.com\/es\/wp-json\/wp\/v2\/users\/2"}],"replies":[{"embeddable":true,"href":"https:\/\/www.saporedicina.com\/es\/wp-json\/wp\/v2\/comments?post=21442"}],"version-history":[{"count":0,"href":"https:\/\/www.saporedicina.com\/es\/wp-json\/wp\/v2\/pages\/21442\/revisions"}],"wp:attachment":[{"href":"https:\/\/www.saporedicina.com\/es\/wp-json\/wp\/v2\/media?parent=21442"}],"curies":[{"name":"wp","href":"https:\/\/api.w.org\/{rel}","templated":true}]}}