{"id":21441,"date":"2020-03-24T19:15:30","date_gmt":"2020-03-24T18:15:30","guid":{"rendered":"https:\/\/www.saporedicina.com\/es\/?page_id=21441"},"modified":"2020-12-04T09:48:28","modified_gmt":"2020-12-04T08:48:28","slug":"singapur","status":"publish","type":"page","link":"https:\/\/www.saporedicina.com\/es\/singapur\/","title":{"rendered":"Vivir y Trabajar en Singapur &#8211; Sapore di Cina"},"content":{"rendered":"<div class=\"section-one\">\n<div class=\"one-element\">\n<a href=\"https:\/\/www.saporedicina.com\/es\/viajar-singapur\/\"><br \/>\n<img decoding=\"async\" src=\"https:\/\/www.saporedicina.com\/wp-content\/uploads\/landingpages\/travel_to_china.jpg\" alt=\"Viajar a Singapur\" title=\"Viajar a Singapur\" width=\"250\" height=\"250\" \/><\/p>\n<h2>Viajar a Singapur<\/h2>\n<p>Visados, seguros, hoteles, internet, dinero, tours y m\u00e1s<\/p>\n<p><\/a><\/div>\n<div class=\"one-element\">\n<a href=\"https:\/\/www.saporedicina.com\/es\/negocios-asia\/\"><br \/>\n<img decoding=\"async\" src=\"https:\/\/www.saporedicina.com\/wp-content\/uploads\/landingpages\/resources.jpg\" alt=\"Negocios en Asia\" title=\"Negocios en Asia\" width=\"250\" height=\"250\" \/><\/p>\n<h2>Negocios en Asia<\/h2>\n<p>Todo lo que necesitas para hacer negocios en Singapur y Asia<\/p>\n<p><\/a><\/div>\n<div class=\"one-element\">\n<a href=\"https:\/\/www.saporedicina.com\/es\/category\/singapur\/\"><br \/>\n<img decoding=\"async\" src=\"https:\/\/www.saporedicina.com\/wp-content\/uploads\/landingpages\/last_articles.jpg\" alt=\"\u00daltimos articulos sobre Singapur\" title=\"\u00daltimos articulos sobre Singapur\" width=\"250\" height=\"250\" \/><\/p>\n<h2>\u00daltimos articulos<\/h2>\n<p>Lee nuestros \u00faltimos art\u00edculos publicados&#8230; <\/p>\n<p><\/a><\/div>\n<\/div>\n<div class=\"section-as-seen\">\n<h3>as seen in<\/h3>\n<ul>\n<li><img decoding=\"async\" src=\"https:\/\/www.saporedicina.com\/wp-content\/uploads\/landingpages\/elpais3.png\" alt=\"ElPais\" title=\"ElPais\" width=\"160\" height=\"35\" ><\/li>\n<li><img decoding=\"async\" src=\"https:\/\/www.saporedicina.com\/wp-content\/uploads\/landingpages\/lavozdegalicia1.png\" alt=\"La voz de Galicia\" title=\"La Voz de Galicia\" width=\"90\" height=\"50\"><\/li>\n<li><img decoding=\"async\" src=\"https:\/\/www.saporedicina.com\/wp-content\/uploads\/landingpages\/thehuffingtonpost1.png\" alt=\"The Huffington Post\" title=\"The Huffigton Post\"  width=\"129\" height=\"50\"><\/li>\n<li><img decoding=\"async\" src=\"https:\/\/www.saporedicina.com\/wp-content\/uploads\/landingpages\/theguardian1.png\" alt=\"The Guardian\" title=\"The Guardian\" width=\"287\" height=\"50\"><\/li>\n<li><img decoding=\"async\" src=\"https:\/\/www.saporedicina.com\/wp-content\/uploads\/landingpages\/virgin1.png\" alt=\"Virgin\" title=\"Virgin\" width=\"57\" height=\"50\"><\/li>\n<li><img decoding=\"async\" src=\"https:\/\/www.saporedicina.com\/wp-content\/uploads\/landingpages\/bbc1.png\" alt=\"BBC\" title=\"BBC\" width=\"140\" height=\"40\"><\/li>\n<\/ul>\n<\/div>\n<div class=\"section-four\">\n<h1>Otros Destinos<\/h1>\n<div class=\"four-element\"><a href=\"https:\/\/www.saporedicina.com\/es\/\"><img decoding=\"async\" src=\"https:\/\/www.saporedicina.com\/wp-content\/uploads\/landingpages\/china.jpg\" alt=\"China\" title=\"China\" width=\"241\" height=\"186\" \/><\/p>\n<h2>China<\/h2>\n<p><\/a><\/div>\n<div class=\"four-element\"><a href=\"#section5\"><img decoding=\"async\" src=\"https:\/\/www.saporedicina.com\/wp-content\/uploads\/landingpages\/hong-kong.jpg\" alt=\"Hong Kong\" title=\"Hong Kong\" width=\"241\" height=\"186\" \/><\/p>\n<h2>Hong Kong SAR<\/h2>\n<p><\/a><\/div>\n<div class=\"four-element\"><a href=\"https:\/\/www.saporedicina.com\/es\/taiwan\/\"><img decoding=\"async\" src=\"https:\/\/www.saporedicina.com\/wp-content\/uploads\/landingpages\/taiwan.jpg\" alt=\"Taiw\u00e1n\" title=\"Taiw\u00e1n\" width=\"241\" height=\"186\" \/><\/p>\n<h2>Taiw\u00e1n (RDC)<\/h2>\n<p><\/a><\/div>\n<div class=\"four-element\"><a href=\"https:\/\/www.saporedicina.com\/es\/singapur\/\"><img decoding=\"async\" src=\"https:\/\/www.saporedicina.com\/wp-content\/uploads\/landingpages\/singapore.jpg\" alt=\"Singapur\" title=\"Singapur\" width=\"241\" height=\"186\" \/><\/p>\n<h2>Singapur<\/h2>\n<p><\/a><\/div>\n<div class=\"four-element\"><a href=\"https:\/\/www.saporedicina.com\/es\/tailandia\/\" ><img decoding=\"async\" src=\"https:\/\/www.saporedicina.com\/wp-content\/uploads\/landingpages\/thailand.jpg\" alt=\"Tailandia\" title=\"Tailandia\" width=\"241\" height=\"186\" \/><\/p>\n<h2>Tailandia<\/h2>\n<p><\/a><\/div>\n<div class=\"four-element\"><a href=\"https:\/\/www.saporedicina.com\/es\/vietnam\/\"><img decoding=\"async\" src=\"https:\/\/www.saporedicina.com\/wp-content\/uploads\/landingpages\/vietnam.jpg\" alt=\"Vietnam\" title=\"Vietnam\" width=\"241\" height=\"186\" \/><\/p>\n<h2>Vietnam<\/h2>\n<p><\/a><\/div>\n<\/div>\n<div class=\"five-element\">\n<h2 id=\"section5\">Informaci\u00f3n general<\/h2>\n<p><img decoding=\"async\" src=\"https:\/\/www.saporedicina.com\/wp-content\/uploads\/landingpages\/singapore.jpg\" alt=\"Singapur\" class=\"alignright\" width=\"241\" height=\"186\" \/><\/p>\n<ul class=\"spaced-list\">\n<li><strong>Nombre oficial<\/strong>: Rep\u00fablica de Singapur (\u65b0\u52a0\u5761\u5171\u548c\u56fd, X\u012bnj\u012bap\u014d G\u00f2ngh\u00e9gu\u00f3, Republik Singapura, \u0b9a\u0bbf\u0b99\u0bcd\u0b95\u0baa\u0bcd\u0baa\u0bc2\u0bb0\u0bcd \u0b95\u0bc1\u0b9f\u0bbf\u0baf\u0bb0\u0b9a\u0bc1, Si\u1e45kapp\u016br Ku\u1e6diyarasu)<\/li>\n<li><strong>Poblaci\u00f3n<\/strong>: 5.850.342 (2020)<\/li>\n<li><strong>Capital<\/strong>: Ciudad de Singapur<\/li>\n<li><strong>Moneda<\/strong>: D\u00f3lar de Singapur ($, SGD)<\/li>\n<li><strong>Zona horaria<\/strong>: GMT +8<\/li>\n<li><strong>Idiomas oficiales<\/strong>: Chino, ingl\u00e9s, malayo y tamil<\/li>\n<li><strong>Prefijo telef\u00f3nico<\/strong>: +65<\/li>\n<\/ul>\n<\/div>\n<div class=\"five-element\">\n<h2>Viajar a Singapur<\/h2>\n<h3>Turismo Internacional<\/h3>\n<p>Con m\u00e1s de 18 millones de turistas internacionales anuales, este peque\u00f1o pa\u00eds es uno de los 10 principales destinos tur\u00edsticos de Asia y una de las 5 ciudades m\u00e1s visitadas del mundo.<\/p>\n<h3>Infraestructuras<\/h3>\n<p>Singapur cuenta con unas infraestructuras modernas y eficientes. <\/p>\n<h3>Industria Tur\u00edstica<\/h3>\n<p>La industria tur\u00edstica est\u00e1 bien desarrollada y supone un importante sector en la econom\u00eda del pa\u00eds. Algunos de los principales activos tur\u00edsticos son las compras, casinos y el turismo sanitario.<\/p>\n<h3>Seguridad<\/h3>\n<p>Singapur es un pa\u00eds extremadamente seguro para los viajeros.<\/p>\n<h3>Principales Problemas para los Turistas<\/h3>\n<p>La legislaci\u00f3n en Singapur puede ser muy estricta. Comportamientos considerados inc\u00edvicos y que en muchos pa\u00edses son tolerados, en Singapur pueden acarrear cuantiosas multas.<\/p>\n<h3>Visado<\/h3>\n<p>Numerosas nacionalidades pueden permanecer 30 o 90 d\u00edas en Singapur sin necesidad de visado<\/p>\n<h3>Art\u00edculos Destacados<\/h3>\n<ul>\n<li><a href=\"https:\/\/www.saporedicina.com\/es\/viajar-singapur\/\">Gu\u00eda de viaje a Singapur<\/a><\/li>\n<li><a href=\"https:\/\/www.saporedicina.com\/es\/tours-singapur\/\">Tours en Singapur<\/a><\/li>\n<li><a href=\"https:\/\/www.saporedicina.com\/es\/seguro-viaje-singapur\/\">Seguro de viaje para Singapur<\/a><\/li>\n<li><a href=\"https:\/\/www.saporedicina.com\/es\/mejores-hoteles-singapur\/\">Hoteles en Singapur<\/a><\/li>\n<\/ul>\n<\/div>\n<div class=\"five-element\">\n<h2>Vivir en Singapur<\/h2>\n<h3>Coste de Vida<\/h3>\n<p>Singapur es uno de los lugares del mundo donde el coste de vida es m\u00e1s elvado, especialmente en alojamiento y ocio. <\/p>\n<h3>Mercado de Trabajo<\/h3>\n<p>Singapur tiene una econom\u00eda desarrollada, din\u00e1mica e innovadora por lo que ofrece muchas posibilidades laborales en varios sectores.<\/p>\n<h3>Salarios<\/h3>\n<p>En Singapur no existe salario m\u00ednimo y es uno de los pa\u00edses desarrollados donde hay m\u00e1s desigualdad en las rentas. Por este motivo, para trabajos muy cualificados, Singapur puede ofrecer salarios atractivos.<\/p>\n<h3>Seguro M\u00e9dico<\/h3>\n<p>La atenci\u00f3n m\u00e9dica tanto p\u00fablica como privada en Singapur es de alta calidad pero tambi\u00e9n muy costosa. Aunque, parte de la atenci\u00f3n m\u00e9dica est\u00e1 subvencionada parcialmente por el estado, solo se ofrece a ciudadanos o residentes permanentes. Por este motivo, disponer de un seguro de salud en Singapur es esencial.  <\/p>\n<h3>Visado<\/h3>\n<p>Aunque los visados de trabajo no son f\u00e1ciles de obtener, Singapur es menos restrictiva que muchos pa\u00edses asi\u00e1ticos a la hora de conceder este tipo de visados.<\/p>\n<h3>Art\u00edculos Destacados<\/h3>\n<ul>\n<li><a href=\"https:\/\/www.saporedicina.com\/es\/visado-singapur\/\">Visado para Singapur<\/a><\/li>\n<li><a href=\"https:\/\/www.saporedicina.com\/es\/coste-vida-singapur\/\">Coste de vida en Singapur<\/a><\/li>\n<li><a href=\"https:\/\/www.saporedicina.com\/es\/empresas-mudanzas-singapur\/\">Empresas de mudanzas internacionales en Singapur<\/a><\/li>\n<li><a href=\"https:\/\/www.saporedicina.com\/es\/buscar-trabajo-singapur\/\">Encontrar trabajo en Singapur<\/a><\/li>\n<\/ul>\n<\/div>\n<div class=\"five-element\">\n<h2>Negocios en Singapur<\/h2>\n<h3>Apertura del Mercado<\/h3>\n<p>La econom\u00eda de Singapur es considerada una de las m\u00e1s libres, innovadoras, d\u00edanmicas, competitivas y \u00abbusiness-friendly\u00bb del mundo.<\/p>\n<h3>Seguridad Jur\u00eddica<\/h3>\n<p>El ordenamiento jur\u00eddico en Singapur est\u00e1 basado en el derecho ingl\u00e9s y a nivel de negocios ofrece una excelente seguridad jur\u00eddica<\/p>\n<h3>Creaci\u00f3n de una Sociedad<\/h3>\n<p>Crear y gestionar una sociedad en Singapur es f\u00e1cil y relativamente econ\u00f3mico.<\/p>\n<h3>Importaci\u00f3n y Exportaci\u00f3n<\/h3>\n<p>Tradicionalmente Singapur ha sido uno de los puertos de transbordo m\u00e1s importantes de asia por lo que es uno de los principales puntos de entrada en Asia de productos extranjeros.<\/p>\n<h3>Art\u00edculos Destacados<\/h3>\n<ul>\n<li><a href=\"https:\/\/www.saporedicina.com\/es\/abrir-sociedad-singapur\/\">Crear una sociedad en Singapur<\/a><\/li>\n<\/ul>\n<\/div>\n<div class=\"five-element\">\n<h2>Idioma<\/h2>\n<h3>Idiomas hablados en Singapur<\/h2>\n<p>Los dos idiomas m\u00e1s usados en Singapur son el ingl\u00e9s y el chino, con un 35% de hablantes nativos cada uno. Otros idiomas oficiales son el Malay, usado por un 10% de la poblaci\u00f3n y el Tamil por 3.3%.<\/p>\n<h3>Chino en Singapur<\/h3>\n<p>En Singapur se usa el chino simplificado y el dialecto oficial es el mandar\u00edn. Sin embargo, casi la mitad de los hablantes nativos de chino hablan otras variedades dialectales como hokkien, teochew o canton\u00e9s.<\/p>\n<h3>Art\u00edculos Destacados<\/h3>\n<ul>\n<li><a href=\"https:\/\/www.saporedicina.com\/es\/estudiar-chino-singapur\/\">Estudiar chino en Singapur<\/a><\/li>\n<li><a href=\"https:\/\/www.saporedicina.com\/es\/cursos-de-chino\/\">Cursos de chino<\/a><\/li>\n<li><a href=\"https:\/\/www.saporedicina.com\/es\/apps-aprender-chino\/\">Apps para aprender chino<\/a><\/li>\n<li><a href=\"https:\/\/www.saporedicina.com\/es\/test-nivel-chino\/\">Test de nivel de chino gratuito<\/a><\/li>\n<\/ul>\n<\/div>\n","protected":false},"excerpt":{"rendered":"<p>Viajar a Singapur Visados, seguros, hoteles, internet, dinero, tours y m\u00e1s Negocios en Asia Todo lo que necesitas para hacer negocios en Singapur y Asia \u00daltimos articulos Lee nuestros \u00faltimos art\u00edculos publicados&#8230; as seen in Otros Destinos China Hong Kong SAR Taiw\u00e1n (RDC) Singapur Tailandia Vietnam Informaci\u00f3n general Nombre oficial: Rep\u00fablica de Singapur (\u65b0\u52a0\u5761\u5171\u548c\u56fd, X\u012bnj\u012bap\u014d [&hellip;]<\/p>\n","protected":false},"author":2,"featured_media":0,"parent":0,"menu_order":0,"comment_status":"closed","ping_status":"closed","template":"","meta":{"_uag_custom_page_level_css":"","site-sidebar-layout":"default","site-content-layout":"","ast-site-content-layout":"default","site-content-style":"default","site-sidebar-style":"default","ast-global-header-display":"","ast-banner-title-visibility":"","ast-main-header-display":"","ast-hfb-above-header-display":"","ast-hfb-below-header-display":"","ast-hfb-mobile-header-display":"","site-post-title":"","ast-breadcrumbs-content":"","ast-featured-img":"","footer-sml-layout":"","theme-transparent-header-meta":"","adv-header-id-meta":"","stick-header-meta":"","header-above-stick-meta":"","header-main-stick-meta":"","header-below-stick-meta":"","astra-migrate-meta-layouts":"default","ast-page-background-enabled":"default","ast-page-background-meta":{"desktop":{"background-color":"var(--ast-global-color-4)","background-image":"","background-repeat":"repeat","background-position":"center center","background-size":"auto","background-attachment":"scroll","background-type":"","background-media":"","overlay-type":"","overlay-color":"","overlay-opacity":"","overlay-gradient":""},"tablet":{"background-color":"","background-image":"","background-repeat":"repeat","background-position":"center center","background-size":"auto","background-attachment":"scroll","background-type":"","background-media":"","overlay-type":"","overlay-color":"","overlay-opacity":"","overlay-gradient":""},"mobile":{"background-color":"","background-image":"","background-repeat":"repeat","background-position":"center center","background-size":"auto","background-attachment":"scroll","background-type":"","background-media":"","overlay-type":"","overlay-color":"","overlay-opacity":"","overlay-gradient":""}},"ast-content-background-meta":{"desktop":{"background-color":"var(--ast-global-color-5)","background-image":"","background-repeat":"repeat","background-position":"center center","background-size":"auto","background-attachment":"scroll","background-type":"","background-media":"","overlay-type":"","overlay-color":"","overlay-opacity":"","overlay-gradient":""},"tablet":{"background-color":"var(--ast-global-color-5)","background-image":"","background-repeat":"repeat","background-position":"center center","background-size":"auto","background-attachment":"scroll","background-type":"","background-media":"","overlay-type":"","overlay-color":"","overlay-opacity":"","overlay-gradient":""},"mobile":{"background-color":"var(--ast-global-color-5)","background-image":"","background-repeat":"repeat","background-position":"center center","background-size":"auto","background-attachment":"scroll","background-type":"","background-media":"","overlay-type":"","overlay-color":"","overlay-opacity":"","overlay-gradient":""}},"footnotes":""},"class_list":["post-21441","page","type-page","status-publish","hentry"],"yoast_head":"<!-- This site is optimized with the Yoast SEO plugin v27.5 - https:\/\/yoast.com\/product\/yoast-seo-wordpress\/ -->\n<title>Viajar, vivir, trabajar, estudiar o hacer negocios en Singapur<\/title>\n<meta name=\"description\" content=\"Toda la informaci\u00f3n que necesitas para vivir, estudiar, encotrar trabajo y hacer negocios en Singapur\" \/>\n<meta name=\"robots\" content=\"index, follow, max-snippet:-1, max-image-preview:large, max-video-preview:-1\" \/>\n<link rel=\"canonical\" href=\"https:\/\/www.saporedicina.com\/es\/singapur\/\" \/>\n<meta property=\"og:locale\" content=\"es_ES\" \/>\n<meta property=\"og:type\" content=\"article\" \/>\n<meta property=\"og:title\" content=\"Viajar, vivir, trabajar, estudiar o hacer negocios en Singapur\" \/>\n<meta property=\"og:description\" content=\"Toda la informaci\u00f3n que necesitas para vivir, estudiar, encotrar trabajo y hacer negocios en Singapur\" \/>\n<meta property=\"og:url\" content=\"https:\/\/www.saporedicina.com\/es\/singapur\/\" \/>\n<meta property=\"og:site_name\" content=\"Sapore di Cina\" \/>\n<meta property=\"article:publisher\" content=\"https:\/\/www.facebook.com\/saporedicinaespanol\" \/>\n<meta property=\"article:modified_time\" content=\"2020-12-04T08:48:28+00:00\" \/>\n<meta property=\"og:image\" content=\"https:\/\/www.saporedicina.com\/wp-content\/uploads\/landingpages\/travel_to_china.jpg\" \/>\n<meta name=\"twitter:card\" content=\"summary_large_image\" \/>\n<meta name=\"twitter:site\" content=\"@sbortozhou\" \/>\n<meta name=\"twitter:label1\" content=\"Tiempo de lectura\" \/>\n\t<meta name=\"twitter:data1\" content=\"3 minutos\" \/>\n<script type=\"application\/ld+json\" class=\"yoast-schema-graph\">{\"@context\":\"https:\\\/\\\/schema.org\",\"@graph\":[{\"@type\":\"WebPage\",\"@id\":\"https:\\\/\\\/www.saporedicina.com\\\/es\\\/singapur\\\/\",\"url\":\"https:\\\/\\\/www.saporedicina.com\\\/es\\\/singapur\\\/\",\"name\":\"Viajar, vivir, trabajar, estudiar o hacer negocios en Singapur\",\"isPartOf\":{\"@id\":\"https:\\\/\\\/www.saporedicina.com\\\/es\\\/#website\"},\"primaryImageOfPage\":{\"@id\":\"https:\\\/\\\/www.saporedicina.com\\\/es\\\/singapur\\\/#primaryimage\"},\"image\":{\"@id\":\"https:\\\/\\\/www.saporedicina.com\\\/es\\\/singapur\\\/#primaryimage\"},\"thumbnailUrl\":\"https:\\\/\\\/www.saporedicina.com\\\/wp-content\\\/uploads\\\/landingpages\\\/travel_to_china.jpg\",\"datePublished\":\"2020-03-24T18:15:30+00:00\",\"dateModified\":\"2020-12-04T08:48:28+00:00\",\"description\":\"Toda la informaci\u00f3n que necesitas para vivir, estudiar, encotrar trabajo y hacer negocios en Singapur\",\"breadcrumb\":{\"@id\":\"https:\\\/\\\/www.saporedicina.com\\\/es\\\/singapur\\\/#breadcrumb\"},\"inLanguage\":\"es\",\"potentialAction\":[{\"@type\":\"ReadAction\",\"target\":[\"https:\\\/\\\/www.saporedicina.com\\\/es\\\/singapur\\\/\"]}]},{\"@type\":\"ImageObject\",\"inLanguage\":\"es\",\"@id\":\"https:\\\/\\\/www.saporedicina.com\\\/es\\\/singapur\\\/#primaryimage\",\"url\":\"https:\\\/\\\/www.saporedicina.com\\\/wp-content\\\/uploads\\\/landingpages\\\/travel_to_china.jpg\",\"contentUrl\":\"https:\\\/\\\/www.saporedicina.com\\\/wp-content\\\/uploads\\\/landingpages\\\/travel_to_china.jpg\"},{\"@type\":\"BreadcrumbList\",\"@id\":\"https:\\\/\\\/www.saporedicina.com\\\/es\\\/singapur\\\/#breadcrumb\",\"itemListElement\":[{\"@type\":\"ListItem\",\"position\":1,\"name\":\"SDC\",\"item\":\"https:\\\/\\\/www.saporedicina.com\\\/es\\\/\"},{\"@type\":\"ListItem\",\"position\":2,\"name\":\"Vivir y Trabajar en Singapur &#8211; Sapore di Cina\"}]},{\"@type\":\"WebSite\",\"@id\":\"https:\\\/\\\/www.saporedicina.com\\\/es\\\/#website\",\"url\":\"https:\\\/\\\/www.saporedicina.com\\\/es\\\/\",\"name\":\"Sapore di Cina\",\"description\":\"Aprender Chino, Viajar, Estudiar o Trabajar en China y Asia\",\"publisher\":{\"@id\":\"https:\\\/\\\/www.saporedicina.com\\\/es\\\/#organization\"},\"alternateName\":\"SDC\",\"potentialAction\":[{\"@type\":\"SearchAction\",\"target\":{\"@type\":\"EntryPoint\",\"urlTemplate\":\"https:\\\/\\\/www.saporedicina.com\\\/es\\\/?s={search_term_string}\"},\"query-input\":{\"@type\":\"PropertyValueSpecification\",\"valueRequired\":true,\"valueName\":\"search_term_string\"}}],\"inLanguage\":\"es\"},{\"@type\":\"Organization\",\"@id\":\"https:\\\/\\\/www.saporedicina.com\\\/es\\\/#organization\",\"name\":\"Sapore di Cina\",\"url\":\"https:\\\/\\\/www.saporedicina.com\\\/es\\\/\",\"logo\":{\"@type\":\"ImageObject\",\"inLanguage\":\"es\",\"@id\":\"https:\\\/\\\/www.saporedicina.com\\\/es\\\/#\\\/schema\\\/logo\\\/image\\\/\",\"url\":\"https:\\\/\\\/www.saporedicina.com\\\/es\\\/wp-content\\\/uploads\\\/2019\\\/04\\\/logo.jpg\",\"contentUrl\":\"https:\\\/\\\/www.saporedicina.com\\\/es\\\/wp-content\\\/uploads\\\/2019\\\/04\\\/logo.jpg\",\"width\":800,\"height\":800,\"caption\":\"Sapore di Cina\"},\"image\":{\"@id\":\"https:\\\/\\\/www.saporedicina.com\\\/es\\\/#\\\/schema\\\/logo\\\/image\\\/\"},\"sameAs\":[\"https:\\\/\\\/www.facebook.com\\\/saporedicinaespanol\",\"https:\\\/\\\/x.com\\\/sbortozhou\",\"https:\\\/\\\/www.youtube.com\\\/channel\\\/UCl2ssfXqNmOeaY6l470UDlQ\\\/\"]}]}<\/script>\n<!-- \/ Yoast SEO plugin. -->","yoast_head_json":{"title":"Viajar, vivir, trabajar, estudiar o hacer negocios en Singapur","description":"Toda la informaci\u00f3n que necesitas para vivir, estudiar, encotrar trabajo y hacer negocios en Singapur","robots":{"index":"index","follow":"follow","max-snippet":"max-snippet:-1","max-image-preview":"max-image-preview:large","max-video-preview":"max-video-preview:-1"},"canonical":"https:\/\/www.saporedicina.com\/es\/singapur\/","og_locale":"es_ES","og_type":"article","og_title":"Viajar, vivir, trabajar, estudiar o hacer negocios en Singapur","og_description":"Toda la informaci\u00f3n que necesitas para vivir, estudiar, encotrar trabajo y hacer negocios en Singapur","og_url":"https:\/\/www.saporedicina.com\/es\/singapur\/","og_site_name":"Sapore di Cina","article_publisher":"https:\/\/www.facebook.com\/saporedicinaespanol","article_modified_time":"2020-12-04T08:48:28+00:00","og_image":[{"url":"https:\/\/www.saporedicina.com\/wp-content\/uploads\/landingpages\/travel_to_china.jpg","type":"","width":"","height":""}],"twitter_card":"summary_large_image","twitter_site":"@sbortozhou","twitter_misc":{"Tiempo de lectura":"3 minutos"},"schema":{"@context":"https:\/\/schema.org","@graph":[{"@type":"WebPage","@id":"https:\/\/www.saporedicina.com\/es\/singapur\/","url":"https:\/\/www.saporedicina.com\/es\/singapur\/","name":"Viajar, vivir, trabajar, estudiar o hacer negocios en Singapur","isPartOf":{"@id":"https:\/\/www.saporedicina.com\/es\/#website"},"primaryImageOfPage":{"@id":"https:\/\/www.saporedicina.com\/es\/singapur\/#primaryimage"},"image":{"@id":"https:\/\/www.saporedicina.com\/es\/singapur\/#primaryimage"},"thumbnailUrl":"https:\/\/www.saporedicina.com\/wp-content\/uploads\/landingpages\/travel_to_china.jpg","datePublished":"2020-03-24T18:15:30+00:00","dateModified":"2020-12-04T08:48:28+00:00","description":"Toda la informaci\u00f3n que necesitas para vivir, estudiar, encotrar trabajo y hacer negocios en Singapur","breadcrumb":{"@id":"https:\/\/www.saporedicina.com\/es\/singapur\/#breadcrumb"},"inLanguage":"es","potentialAction":[{"@type":"ReadAction","target":["https:\/\/www.saporedicina.com\/es\/singapur\/"]}]},{"@type":"ImageObject","inLanguage":"es","@id":"https:\/\/www.saporedicina.com\/es\/singapur\/#primaryimage","url":"https:\/\/www.saporedicina.com\/wp-content\/uploads\/landingpages\/travel_to_china.jpg","contentUrl":"https:\/\/www.saporedicina.com\/wp-content\/uploads\/landingpages\/travel_to_china.jpg"},{"@type":"BreadcrumbList","@id":"https:\/\/www.saporedicina.com\/es\/singapur\/#breadcrumb","itemListElement":[{"@type":"ListItem","position":1,"name":"SDC","item":"https:\/\/www.saporedicina.com\/es\/"},{"@type":"ListItem","position":2,"name":"Vivir y Trabajar en Singapur &#8211; Sapore di Cina"}]},{"@type":"WebSite","@id":"https:\/\/www.saporedicina.com\/es\/#website","url":"https:\/\/www.saporedicina.com\/es\/","name":"Sapore di Cina","description":"Aprender Chino, Viajar, Estudiar o Trabajar en China y Asia","publisher":{"@id":"https:\/\/www.saporedicina.com\/es\/#organization"},"alternateName":"SDC","potentialAction":[{"@type":"SearchAction","target":{"@type":"EntryPoint","urlTemplate":"https:\/\/www.saporedicina.com\/es\/?s={search_term_string}"},"query-input":{"@type":"PropertyValueSpecification","valueRequired":true,"valueName":"search_term_string"}}],"inLanguage":"es"},{"@type":"Organization","@id":"https:\/\/www.saporedicina.com\/es\/#organization","name":"Sapore di Cina","url":"https:\/\/www.saporedicina.com\/es\/","logo":{"@type":"ImageObject","inLanguage":"es","@id":"https:\/\/www.saporedicina.com\/es\/#\/schema\/logo\/image\/","url":"https:\/\/www.saporedicina.com\/es\/wp-content\/uploads\/2019\/04\/logo.jpg","contentUrl":"https:\/\/www.saporedicina.com\/es\/wp-content\/uploads\/2019\/04\/logo.jpg","width":800,"height":800,"caption":"Sapore di Cina"},"image":{"@id":"https:\/\/www.saporedicina.com\/es\/#\/schema\/logo\/image\/"},"sameAs":["https:\/\/www.facebook.com\/saporedicinaespanol","https:\/\/x.com\/sbortozhou","https:\/\/www.youtube.com\/channel\/UCl2ssfXqNmOeaY6l470UDlQ\/"]}]}},"uagb_featured_image_src":{"full":false,"thumbnail":false,"medium":false,"medium_large":false,"large":false,"1536x1536":false,"2048x2048":false},"uagb_author_info":{"display_name":"Sapore di Cina","author_link":"https:\/\/www.saporedicina.com\/es\/author\/sborto\/"},"uagb_comment_info":0,"uagb_excerpt":"Viajar a Singapur Visados, seguros, hoteles, internet, dinero, tours y m\u00e1s Negocios en Asia Todo lo que necesitas para hacer negocios en Singapur y Asia \u00daltimos articulos Lee nuestros \u00faltimos art\u00edculos publicados&#8230; as seen in Otros Destinos China Hong Kong SAR Taiw\u00e1n (RDC) Singapur Tailandia Vietnam Informaci\u00f3n general Nombre oficial: Rep\u00fablica de Singapur (\u65b0\u52a0\u5761\u5171\u548c\u56fd, X\u012bnj\u012bap\u014d&hellip;","_links":{"self":[{"href":"https:\/\/www.saporedicina.com\/es\/wp-json\/wp\/v2\/pages\/21441","targetHints":{"allow":["GET"]}}],"collection":[{"href":"https:\/\/www.saporedicina.com\/es\/wp-json\/wp\/v2\/pages"}],"about":[{"href":"https:\/\/www.saporedicina.com\/es\/wp-json\/wp\/v2\/types\/page"}],"author":[{"embeddable":true,"href":"https:\/\/www.saporedicina.com\/es\/wp-json\/wp\/v2\/users\/2"}],"replies":[{"embeddable":true,"href":"https:\/\/www.saporedicina.com\/es\/wp-json\/wp\/v2\/comments?post=21441"}],"version-history":[{"count":0,"href":"https:\/\/www.saporedicina.com\/es\/wp-json\/wp\/v2\/pages\/21441\/revisions"}],"wp:attachment":[{"href":"https:\/\/www.saporedicina.com\/es\/wp-json\/wp\/v2\/media?parent=21441"}],"curies":[{"name":"wp","href":"https:\/\/api.w.org\/{rel}","templated":true}]}}