{"id":21440,"date":"2020-03-24T19:15:38","date_gmt":"2020-03-24T18:15:38","guid":{"rendered":"https:\/\/www.saporedicina.com\/es\/?page_id=21440"},"modified":"2020-12-04T09:48:00","modified_gmt":"2020-12-04T08:48:00","slug":"hong-kong","status":"publish","type":"page","link":"https:\/\/www.saporedicina.com\/es\/hong-kong\/","title":{"rendered":"Viajar, vivir, trabajar, estudiar o hacer negocios en Hong Kong"},"content":{"rendered":"<div class=\"section-one\">\n<div class=\"one-element\">\n<a href=\"https:\/\/www.saporedicina.com\/es\/viaje-hong-kong\/\"><br \/>\n<img decoding=\"async\" src=\"https:\/\/www.saporedicina.com\/wp-content\/uploads\/landingpages\/travel_to_china.jpg\" alt=\"Viajar a Hong Kong\" title=\"Viajar a Hong Kong\" width=\"250\" height=\"250\" \/><\/p>\n<h2>Viajar a Hong Kong<\/h2>\n<p>Visados, seguros, hoteles, internet, dinero, tours y m\u00e1s<\/p>\n<p><\/a><\/div>\n<div class=\"one-element\">\n<a href=\"https:\/\/www.saporedicina.com\/es\/negocios-asia\/\"><br \/>\n<img decoding=\"async\" src=\"https:\/\/www.saporedicina.com\/wp-content\/uploads\/landingpages\/resources.jpg\" alt=\"Negocios en Asia\" title=\"Negocios en Asia\" width=\"250\" height=\"250\" \/><\/p>\n<h2>Negocios en Asia<\/h2>\n<p>Todo lo que necesitas para hacer negocios en Hong Kong y Asia&#8230;.<\/p>\n<p><\/a><\/div>\n<div class=\"one-element\">\n<a href=\"https:\/\/www.saporedicina.com\/es\/category\/hong-kong\/\"><br \/>\n<img decoding=\"async\" src=\"https:\/\/www.saporedicina.com\/wp-content\/uploads\/landingpages\/last_articles.jpg\" alt=\"\u00daltimos articulos sobre Hong Kong\" title=\"\u00daltimos articulos sobre Hong Kong\" width=\"250\" height=\"250\" \/><\/p>\n<h2>\u00daltimos articulos<\/h2>\n<p>Lee nuestros \u00faltimos art\u00edculos publicados&#8230;<\/p>\n<p><\/a><\/div>\n<\/div>\n<div class=\"section-as-seen\">\n<h3>as seen in<\/h3>\n<ul>\n<li><img decoding=\"async\" src=\"https:\/\/www.saporedicina.com\/wp-content\/uploads\/landingpages\/elpais3.png\" alt=\"ElPais\" title=\"ElPais\" width=\"160\" height=\"35\" ><\/li>\n<li><img decoding=\"async\" src=\"https:\/\/www.saporedicina.com\/wp-content\/uploads\/landingpages\/lavozdegalicia1.png\" alt=\"La voz de Galicia\" title=\"La Voz de Galicia\" width=\"90\" height=\"50\"><\/li>\n<li><img decoding=\"async\" src=\"https:\/\/www.saporedicina.com\/wp-content\/uploads\/landingpages\/thehuffingtonpost1.png\" alt=\"The Huffington Post\" title=\"The Huffigton Post\"  width=\"129\" height=\"50\"><\/li>\n<li><img decoding=\"async\" src=\"https:\/\/www.saporedicina.com\/wp-content\/uploads\/landingpages\/theguardian1.png\" alt=\"The Guardian\" title=\"The Guardian\" width=\"287\" height=\"50\"><\/li>\n<li><img decoding=\"async\" src=\"https:\/\/www.saporedicina.com\/wp-content\/uploads\/landingpages\/virgin1.png\" alt=\"Virgin\" title=\"Virgin\" width=\"57\" height=\"50\"><\/li>\n<li><img decoding=\"async\" src=\"https:\/\/www.saporedicina.com\/wp-content\/uploads\/landingpages\/bbc1.png\" alt=\"BBC\" title=\"BBC\" width=\"140\" height=\"40\"><\/li>\n<\/ul>\n<\/div>\n<div class=\"section-four\">\n<h1>Otros Destinos<\/h1>\n<div class=\"four-element\"><a href=\"https:\/\/www.saporedicina.com\/es\/\"><img decoding=\"async\" src=\"https:\/\/www.saporedicina.com\/wp-content\/uploads\/landingpages\/china.jpg\" alt=\"China\" title=\"China\" width=\"241\" height=\"186\" \/><\/p>\n<h2>China<\/h2>\n<p><\/a><\/div>\n<div class=\"four-element\"><a href=\"#section5\"><img decoding=\"async\" src=\"https:\/\/www.saporedicina.com\/wp-content\/uploads\/landingpages\/hong-kong.jpg\" alt=\"Hong Kong\" title=\"Hong Kong\" width=\"241\" height=\"186\" \/><\/p>\n<h2>Hong Kong SAR<\/h2>\n<p><\/a><\/div>\n<div class=\"four-element\"><a href=\"https:\/\/www.saporedicina.com\/es\/taiwan\/\"><img decoding=\"async\" src=\"https:\/\/www.saporedicina.com\/wp-content\/uploads\/landingpages\/taiwan.jpg\" alt=\"Taiw\u00e1n\" title=\"Taiw\u00e1n\" width=\"241\" height=\"186\" \/><\/p>\n<h2>Taiw\u00e1n (RDC)<\/h2>\n<p><\/a><\/div>\n<div class=\"four-element\"><a href=\"https:\/\/www.saporedicina.com\/es\/singapur\/\"><img decoding=\"async\" src=\"https:\/\/www.saporedicina.com\/wp-content\/uploads\/landingpages\/singapore.jpg\" alt=\"Singapur\" title=\"Singapur\" width=\"241\" height=\"186\" \/><\/p>\n<h2>Singapur<\/h2>\n<p><\/a><\/div>\n<div class=\"four-element\"><a href=\"https:\/\/www.saporedicina.com\/es\/tailandia\/\" ><img decoding=\"async\" src=\"https:\/\/www.saporedicina.com\/wp-content\/uploads\/landingpages\/thailand.jpg\" alt=\"Tailandia\" title=\"Tailandia\" width=\"241\" height=\"186\" \/><\/p>\n<h2>Tailandia<\/h2>\n<p><\/a><\/div>\n<div class=\"four-element\"><a href=\"https:\/\/www.saporedicina.com\/es\/vietnam\/\"><img decoding=\"async\" src=\"https:\/\/www.saporedicina.com\/wp-content\/uploads\/landingpages\/vietnam.jpg\" alt=\"Vietnam\" title=\"Vietnam\" width=\"241\" height=\"186\" \/><\/p>\n<h2>Vietnam<\/h2>\n<p><\/a><\/div>\n<\/div>\n<div class=\"five-element\">\n<h2 id=\"section5\">Informaci\u00f3n general<\/h2>\n<p><img decoding=\"async\" src=\"https:\/\/www.saporedicina.com\/wp-content\/uploads\/landingpages\/hong-kong.jpg\" alt=\"Hong Kong\" class=\"alignright\" \/><\/p>\n<ul class=\"spaced-list\">\n<li><strong>Nombre oficial<\/strong>: Regi\u00f3n Administrativa Especial de Hong Kong de la Rep\u00fablica Popular China<\/li>\n<li><strong>Poblaci\u00f3n<\/strong>: 7.496.981 (2020)<\/li>\n<li><strong>Pa\u00eds<\/strong>: China<\/li>\n<li><strong>Moneda<\/strong>: D\u00f3lar de Hong Kong ($, HKD)<\/li>\n<li><strong>Zona horaria<\/strong>: GMT +8<\/li>\n<li><strong>Idiomas oficiales<\/strong>: Chino e ingl\u00e9s<\/li>\n<li><strong>Prefijo telef\u00f3nico<\/strong>: +852<\/li>\n<\/ul>\n<\/div>\n<div class=\"five-element\">\n<h2>Viajar a Hong Kong SAR<\/h2>\n<h3>Turismo Internacional<\/h3>\n<p>Hong Kong s\u00f3lo, recibe alrededor de 29 millones de turistas internacionales anuales lo que le sit\u00faa en la ciudad m\u00e1s visitada del mundo. Si se compara esta regi\u00f3n independientemente de China Continetal, Hong Kong se situa en la posici\u00f3n 13 del ranking mundial.<\/p>\n<h3>Infraestructuras<\/h3>\n<p>Hong Kong posee unas infraestructuras modernas y eficientes, aunque se pueden saturar en horas punta.<\/p>\n<h3>Industria Tur\u00edstica<\/h3>\n<p>Hong Kong tiene una industria tur\u00edstica desarrollada y orientada a las compras de productos internacionales.<\/p>\n<h3>Seguridad<\/h3>\n<p>Hong Kong es bastante seguro para los viajeros internacionales.<\/p>\n<h3>Principales Problemas<\/h3>\n<p>El alojamiento suele ser caro. Las estafas en la compra de ciertos productos tambi\u00e9n es un problema com\u00fan.<\/p>\n<h3>Visado<\/h3>\n<p>Muchas nacionalidades no necesitan visado para visitar Hong Kong por turismo. Las exenciones de visado por turismo van de 7 a 180 d\u00edas dependiendo de la nacionalidad. <\/p>\n<h3>Art\u00edculos Destacados<\/h3>\n<ul>\n<li><a href=\"https:\/\/www.saporedicina.com\/es\/viaje-hong-kong\/\">Gu\u00eda de viaje a Hong Kong<\/a><\/li>\n<li><a href=\"https:\/\/www.saporedicina.com\/es\/tour-hong-kong\/\">Tours en Hong Kong<\/a><\/li>\n<li><a href=\"https:\/\/www.saporedicina.com\/es\/seguro-medico-hong-kong\/\">Seguro de viaje para Hong Kong<\/a><\/li>\n<li><a href=\"https:\/\/www.saporedicina.com\/es\/tarjetas-sim-china\/\">SIM prepago para China<\/a><\/li>\n<\/ul>\n<\/div>\n<div class=\"five-element\">\n<h2>Vivir en Hong Kong SAR<\/h2>\n<h3>Coste de Vida<\/h3>\n<p>El coste de vida en Hong Kong es elevado sobretodo en lo que se refiere a vivienda y algunos productos b\u00e1sicos. <\/p>\n<h3>Mercado de Trabajo<\/h3>\n<p>Hong Kong presenta buenas oportunidades laborales en sectores como finanzas, comercio internacional y turismo.<\/p>\n<h3>Salarios<\/h3>\n<p>Los salarios en Hong Kong son competitivos sobretodo en el sector financiero. Sin embargo, el alto coste de vida puede hacer que algunos salarios se queden un poco cortos.<\/p>\n<h3>Seguro M\u00e9dico<\/h3>\n<p>Hong Kong posee un sistema p\u00fablico de salud bastante bueno, pero suele estar bastante saturado. Por este motivo muchos extranjeros optan por contratar un seguro de salud privado.<\/p>\n<h3>Visado<\/h3>\n<p>Aunque existen varios tipos de visados de trabajo para Hong Kong, obtenerlos es dif\u00edcil. Normalmente se exige m\u00ednimo un t\u00edtulo de grado, experiencia relevante en el puesto, un salario m\u00ednimo seg\u00fan los est\u00e1ndares de Hong Kong y demostrar que el puesto de trabajo no lo puede ocupar un trabajador local.<\/p>\n<h3>Art\u00edculos Destacados<\/h3>\n<ul>\n<li><a href=\"https:\/\/www.saporedicina.com\/es\/visado-hong-kong\/\">Visado Hong Kong<\/a><\/li>\n<li><a href=\"https:\/\/www.saporedicina.com\/es\/coste-vida-hong-kong\/\">Coste de vida en Hong Kong<\/a><\/li>\n<li><a href=\"https:\/\/www.saporedicina.com\/es\/vivir-trabajar-hong-kong\/\">Gu\u00eda para vivir en Hong Kong<\/a><\/li>\n<li><a href=\"https:\/\/www.saporedicina.com\/es\/empresas-mudanzas-hong-kong\/\">Mudanzas internacionales para Hong Kong<\/a><\/li>\n<\/ul>\n<\/div>\n<div class=\"five-element\">\n<h2>Negocios en Hong Kong SAR<\/h2>\n<h3>Apertura del Mercado<\/h3>\n<p>Hong Kong es una de las grandes puertas de entrada al mercado as\u00edatico para empresas internacionales y actualmente, una buena parte de las exportaciones de China pasan por aqu\u00ed. Su facilidad en la apertura y gesti\u00f3n de sociedades, baja imposici\u00f3n y altos niveles de liberalismo econ\u00f3mico, convierten Hong Kong en un lugar atractivo para hacer negocios.<\/p>\n<h3>Seguridad Jur\u00eddica<\/h3>\n<p>El sistema jur\u00eddico en Hong Kong est\u00e1 fuertemente influenciado por en el sistema ingl\u00e9s y por tanto ofrece una alta seguridad jur\u00eddica.  <\/p>\n<h3>Creaci\u00f3n de una Sociedad<\/h3>\n<p>Crear una sociedad en Hong Kong es sencillo y barato, incluso se puede realizar el proceso desde el extranjero con la ayuda de una agencia.<\/p>\n<h3>Art\u00edculos Destacados<\/h3>\n<ul>\n<li><a href=\"https:\/\/www.saporedicina.com\/es\/sociedad-hong-kong\/\">Crear una sociedad en Hong Kong<\/a><\/li>\n<li><a href=\"https:\/\/www.saporedicina.com\/es\/abrir-una-cuenta-bancaria-de-negocios-en-hong-kong\/\">Cuenta bancaria de negocios en Hong Kong<\/a><\/li>\n<li><a href=\"https:\/\/www.saporedicina.com\/es\/ferias-comerciales-hong-kong\/\">Ferias comerciales en Hong Kong<\/a><\/li>\n<li><a href=\"https:\/\/www.saporedicina.com\/es\/coworking-hong-kong\/\">Espacios coworking en Hong Kong<\/a><\/li>\n<\/ul>\n<\/div>\n<div class=\"five-element\">\n<h2>Idioma<\/h2>\n<h3>Idiomas hablados en Hong Kong<\/h3>\n<p>Aunque el ingl\u00e9s es lengua oficial, actualmente menos del 5% de la poblaci\u00f3n lo usa de forma habitual. Sin embargo, casi la mitad de la poblaci\u00f3n tiene el ingl\u00e9s como segunda lengua. El chino (canton\u00e9s) es sin duda el idioma m\u00e1s hablado siendo la primera lengua por un 95% de la poblaci\u00f3n. Adem\u00e1s, mucha gente tambien es capaz de hablar mandar\u00edn. <\/p>\n<h3>Caracter\u00edsticas<\/h3>\n<p>En Hong Kong se utiliza las escritura china tradicional y la mayor\u00eda de poblaci\u00f3n habla la variante dialectal cantonesa. El cant\u00f3nes es ininteligible para hablantes nativos de mandar\u00edn (el dialecto oficial de China Continental).<\/p>\n<h3>Art\u00edculos Destacados<\/h3>\n<ul>\n<li><a href=\"https:\/\/www.saporedicina.com\/es\/estudiar-chino-hong-kong\/\">Estudiar chino en Hong Kong<\/a><\/li>\n<li><a href=\"https:\/\/www.saporedicina.com\/es\/cursos-de-chino\/\">Cursos de chino<\/a><\/li>\n<li><a href=\"https:\/\/www.saporedicina.com\/es\/apps-aprender-chino\/\">Mejores apps para aprender chino<\/a><\/li>\n<li><a href=\"https:\/\/www.saporedicina.com\/es\/test-nivel-chino\/\">Test de nivel de chino gratuito<\/a><\/li>\n<\/ul>\n<\/div>\n","protected":false},"excerpt":{"rendered":"<p>Viajar a Hong Kong Visados, seguros, hoteles, internet, dinero, tours y m\u00e1s Negocios en Asia Todo lo que necesitas para hacer negocios en Hong Kong y Asia&#8230;. \u00daltimos articulos Lee nuestros \u00faltimos art\u00edculos publicados&#8230; as seen in Otros Destinos China Hong Kong SAR Taiw\u00e1n (RDC) Singapur Tailandia Vietnam Informaci\u00f3n general Nombre oficial: Regi\u00f3n Administrativa Especial [&hellip;]<\/p>\n","protected":false},"author":2,"featured_media":0,"parent":0,"menu_order":0,"comment_status":"closed","ping_status":"closed","template":"","meta":{"_uag_custom_page_level_css":"","site-sidebar-layout":"default","site-content-layout":"","ast-site-content-layout":"default","site-content-style":"default","site-sidebar-style":"default","ast-global-header-display":"","ast-banner-title-visibility":"","ast-main-header-display":"","ast-hfb-above-header-display":"","ast-hfb-below-header-display":"","ast-hfb-mobile-header-display":"","site-post-title":"","ast-breadcrumbs-content":"","ast-featured-img":"","footer-sml-layout":"","theme-transparent-header-meta":"","adv-header-id-meta":"","stick-header-meta":"","header-above-stick-meta":"","header-main-stick-meta":"","header-below-stick-meta":"","astra-migrate-meta-layouts":"default","ast-page-background-enabled":"default","ast-page-background-meta":{"desktop":{"background-color":"var(--ast-global-color-4)","background-image":"","background-repeat":"repeat","background-position":"center center","background-size":"auto","background-attachment":"scroll","background-type":"","background-media":"","overlay-type":"","overlay-color":"","overlay-opacity":"","overlay-gradient":""},"tablet":{"background-color":"","background-image":"","background-repeat":"repeat","background-position":"center center","background-size":"auto","background-attachment":"scroll","background-type":"","background-media":"","overlay-type":"","overlay-color":"","overlay-opacity":"","overlay-gradient":""},"mobile":{"background-color":"","background-image":"","background-repeat":"repeat","background-position":"center center","background-size":"auto","background-attachment":"scroll","background-type":"","background-media":"","overlay-type":"","overlay-color":"","overlay-opacity":"","overlay-gradient":""}},"ast-content-background-meta":{"desktop":{"background-color":"var(--ast-global-color-5)","background-image":"","background-repeat":"repeat","background-position":"center center","background-size":"auto","background-attachment":"scroll","background-type":"","background-media":"","overlay-type":"","overlay-color":"","overlay-opacity":"","overlay-gradient":""},"tablet":{"background-color":"var(--ast-global-color-5)","background-image":"","background-repeat":"repeat","background-position":"center center","background-size":"auto","background-attachment":"scroll","background-type":"","background-media":"","overlay-type":"","overlay-color":"","overlay-opacity":"","overlay-gradient":""},"mobile":{"background-color":"var(--ast-global-color-5)","background-image":"","background-repeat":"repeat","background-position":"center center","background-size":"auto","background-attachment":"scroll","background-type":"","background-media":"","overlay-type":"","overlay-color":"","overlay-opacity":"","overlay-gradient":""}},"footnotes":""},"class_list":["post-21440","page","type-page","status-publish","hentry"],"yoast_head":"<!-- This site is optimized with the Yoast SEO plugin v27.4 - https:\/\/yoast.com\/product\/yoast-seo-wordpress\/ -->\n<title>Viajar, vivir, trabajar, estudiar o hacer negocios en Hong Kong<\/title>\n<meta name=\"description\" content=\"Toda la informaci\u00f3n que necesitas para viajar, vivir, encontrar trabajo, estudiar o hacer negocios en Hong Kong\" \/>\n<meta name=\"robots\" content=\"index, follow, max-snippet:-1, max-image-preview:large, max-video-preview:-1\" \/>\n<link rel=\"canonical\" href=\"https:\/\/www.saporedicina.com\/es\/hong-kong\/\" \/>\n<meta property=\"og:locale\" content=\"es_ES\" \/>\n<meta property=\"og:type\" content=\"article\" \/>\n<meta property=\"og:title\" content=\"Viajar, vivir, trabajar, estudiar o hacer negocios en Hong Kong\" \/>\n<meta property=\"og:description\" content=\"Toda la informaci\u00f3n que necesitas para viajar, vivir, encontrar trabajo, estudiar o hacer negocios en Hong Kong\" \/>\n<meta property=\"og:url\" content=\"https:\/\/www.saporedicina.com\/es\/hong-kong\/\" \/>\n<meta property=\"og:site_name\" content=\"Sapore di Cina\" \/>\n<meta property=\"article:publisher\" content=\"https:\/\/www.facebook.com\/saporedicinaespanol\" \/>\n<meta property=\"article:modified_time\" content=\"2020-12-04T08:48:00+00:00\" \/>\n<meta property=\"og:image\" content=\"https:\/\/www.saporedicina.com\/wp-content\/uploads\/landingpages\/travel_to_china.jpg\" \/>\n<meta name=\"twitter:card\" content=\"summary_large_image\" \/>\n<meta name=\"twitter:site\" content=\"@sbortozhou\" \/>\n<meta name=\"twitter:label1\" content=\"Tiempo de lectura\" \/>\n\t<meta name=\"twitter:data1\" content=\"4 minutos\" \/>\n<script type=\"application\/ld+json\" class=\"yoast-schema-graph\">{\"@context\":\"https:\\\/\\\/schema.org\",\"@graph\":[{\"@type\":\"WebPage\",\"@id\":\"https:\\\/\\\/www.saporedicina.com\\\/es\\\/hong-kong\\\/\",\"url\":\"https:\\\/\\\/www.saporedicina.com\\\/es\\\/hong-kong\\\/\",\"name\":\"Viajar, vivir, trabajar, estudiar o hacer negocios en Hong Kong\",\"isPartOf\":{\"@id\":\"https:\\\/\\\/www.saporedicina.com\\\/es\\\/#website\"},\"primaryImageOfPage\":{\"@id\":\"https:\\\/\\\/www.saporedicina.com\\\/es\\\/hong-kong\\\/#primaryimage\"},\"image\":{\"@id\":\"https:\\\/\\\/www.saporedicina.com\\\/es\\\/hong-kong\\\/#primaryimage\"},\"thumbnailUrl\":\"https:\\\/\\\/www.saporedicina.com\\\/wp-content\\\/uploads\\\/landingpages\\\/travel_to_china.jpg\",\"datePublished\":\"2020-03-24T18:15:38+00:00\",\"dateModified\":\"2020-12-04T08:48:00+00:00\",\"description\":\"Toda la informaci\u00f3n que necesitas para viajar, vivir, encontrar trabajo, estudiar o hacer negocios en Hong Kong\",\"breadcrumb\":{\"@id\":\"https:\\\/\\\/www.saporedicina.com\\\/es\\\/hong-kong\\\/#breadcrumb\"},\"inLanguage\":\"es\",\"potentialAction\":[{\"@type\":\"ReadAction\",\"target\":[\"https:\\\/\\\/www.saporedicina.com\\\/es\\\/hong-kong\\\/\"]}]},{\"@type\":\"ImageObject\",\"inLanguage\":\"es\",\"@id\":\"https:\\\/\\\/www.saporedicina.com\\\/es\\\/hong-kong\\\/#primaryimage\",\"url\":\"https:\\\/\\\/www.saporedicina.com\\\/wp-content\\\/uploads\\\/landingpages\\\/travel_to_china.jpg\",\"contentUrl\":\"https:\\\/\\\/www.saporedicina.com\\\/wp-content\\\/uploads\\\/landingpages\\\/travel_to_china.jpg\"},{\"@type\":\"BreadcrumbList\",\"@id\":\"https:\\\/\\\/www.saporedicina.com\\\/es\\\/hong-kong\\\/#breadcrumb\",\"itemListElement\":[{\"@type\":\"ListItem\",\"position\":1,\"name\":\"SDC\",\"item\":\"https:\\\/\\\/www.saporedicina.com\\\/es\\\/\"},{\"@type\":\"ListItem\",\"position\":2,\"name\":\"Viajar, vivir, trabajar, estudiar o hacer negocios en Hong Kong\"}]},{\"@type\":\"WebSite\",\"@id\":\"https:\\\/\\\/www.saporedicina.com\\\/es\\\/#website\",\"url\":\"https:\\\/\\\/www.saporedicina.com\\\/es\\\/\",\"name\":\"Sapore di Cina\",\"description\":\"Aprender Chino, Viajar, Estudiar o Trabajar en China y Asia\",\"publisher\":{\"@id\":\"https:\\\/\\\/www.saporedicina.com\\\/es\\\/#organization\"},\"alternateName\":\"SDC\",\"potentialAction\":[{\"@type\":\"SearchAction\",\"target\":{\"@type\":\"EntryPoint\",\"urlTemplate\":\"https:\\\/\\\/www.saporedicina.com\\\/es\\\/?s={search_term_string}\"},\"query-input\":{\"@type\":\"PropertyValueSpecification\",\"valueRequired\":true,\"valueName\":\"search_term_string\"}}],\"inLanguage\":\"es\"},{\"@type\":\"Organization\",\"@id\":\"https:\\\/\\\/www.saporedicina.com\\\/es\\\/#organization\",\"name\":\"Sapore di Cina\",\"url\":\"https:\\\/\\\/www.saporedicina.com\\\/es\\\/\",\"logo\":{\"@type\":\"ImageObject\",\"inLanguage\":\"es\",\"@id\":\"https:\\\/\\\/www.saporedicina.com\\\/es\\\/#\\\/schema\\\/logo\\\/image\\\/\",\"url\":\"https:\\\/\\\/www.saporedicina.com\\\/es\\\/wp-content\\\/uploads\\\/2019\\\/04\\\/logo.jpg\",\"contentUrl\":\"https:\\\/\\\/www.saporedicina.com\\\/es\\\/wp-content\\\/uploads\\\/2019\\\/04\\\/logo.jpg\",\"width\":800,\"height\":800,\"caption\":\"Sapore di Cina\"},\"image\":{\"@id\":\"https:\\\/\\\/www.saporedicina.com\\\/es\\\/#\\\/schema\\\/logo\\\/image\\\/\"},\"sameAs\":[\"https:\\\/\\\/www.facebook.com\\\/saporedicinaespanol\",\"https:\\\/\\\/x.com\\\/sbortozhou\",\"https:\\\/\\\/www.youtube.com\\\/channel\\\/UCl2ssfXqNmOeaY6l470UDlQ\\\/\"]}]}<\/script>\n<!-- \/ Yoast SEO plugin. -->","yoast_head_json":{"title":"Viajar, vivir, trabajar, estudiar o hacer negocios en Hong Kong","description":"Toda la informaci\u00f3n que necesitas para viajar, vivir, encontrar trabajo, estudiar o hacer negocios en Hong Kong","robots":{"index":"index","follow":"follow","max-snippet":"max-snippet:-1","max-image-preview":"max-image-preview:large","max-video-preview":"max-video-preview:-1"},"canonical":"https:\/\/www.saporedicina.com\/es\/hong-kong\/","og_locale":"es_ES","og_type":"article","og_title":"Viajar, vivir, trabajar, estudiar o hacer negocios en Hong Kong","og_description":"Toda la informaci\u00f3n que necesitas para viajar, vivir, encontrar trabajo, estudiar o hacer negocios en Hong Kong","og_url":"https:\/\/www.saporedicina.com\/es\/hong-kong\/","og_site_name":"Sapore di Cina","article_publisher":"https:\/\/www.facebook.com\/saporedicinaespanol","article_modified_time":"2020-12-04T08:48:00+00:00","og_image":[{"url":"https:\/\/www.saporedicina.com\/wp-content\/uploads\/landingpages\/travel_to_china.jpg","type":"","width":"","height":""}],"twitter_card":"summary_large_image","twitter_site":"@sbortozhou","twitter_misc":{"Tiempo de lectura":"4 minutos"},"schema":{"@context":"https:\/\/schema.org","@graph":[{"@type":"WebPage","@id":"https:\/\/www.saporedicina.com\/es\/hong-kong\/","url":"https:\/\/www.saporedicina.com\/es\/hong-kong\/","name":"Viajar, vivir, trabajar, estudiar o hacer negocios en Hong Kong","isPartOf":{"@id":"https:\/\/www.saporedicina.com\/es\/#website"},"primaryImageOfPage":{"@id":"https:\/\/www.saporedicina.com\/es\/hong-kong\/#primaryimage"},"image":{"@id":"https:\/\/www.saporedicina.com\/es\/hong-kong\/#primaryimage"},"thumbnailUrl":"https:\/\/www.saporedicina.com\/wp-content\/uploads\/landingpages\/travel_to_china.jpg","datePublished":"2020-03-24T18:15:38+00:00","dateModified":"2020-12-04T08:48:00+00:00","description":"Toda la informaci\u00f3n que necesitas para viajar, vivir, encontrar trabajo, estudiar o hacer negocios en Hong Kong","breadcrumb":{"@id":"https:\/\/www.saporedicina.com\/es\/hong-kong\/#breadcrumb"},"inLanguage":"es","potentialAction":[{"@type":"ReadAction","target":["https:\/\/www.saporedicina.com\/es\/hong-kong\/"]}]},{"@type":"ImageObject","inLanguage":"es","@id":"https:\/\/www.saporedicina.com\/es\/hong-kong\/#primaryimage","url":"https:\/\/www.saporedicina.com\/wp-content\/uploads\/landingpages\/travel_to_china.jpg","contentUrl":"https:\/\/www.saporedicina.com\/wp-content\/uploads\/landingpages\/travel_to_china.jpg"},{"@type":"BreadcrumbList","@id":"https:\/\/www.saporedicina.com\/es\/hong-kong\/#breadcrumb","itemListElement":[{"@type":"ListItem","position":1,"name":"SDC","item":"https:\/\/www.saporedicina.com\/es\/"},{"@type":"ListItem","position":2,"name":"Viajar, vivir, trabajar, estudiar o hacer negocios en Hong Kong"}]},{"@type":"WebSite","@id":"https:\/\/www.saporedicina.com\/es\/#website","url":"https:\/\/www.saporedicina.com\/es\/","name":"Sapore di Cina","description":"Aprender Chino, Viajar, Estudiar o Trabajar en China y Asia","publisher":{"@id":"https:\/\/www.saporedicina.com\/es\/#organization"},"alternateName":"SDC","potentialAction":[{"@type":"SearchAction","target":{"@type":"EntryPoint","urlTemplate":"https:\/\/www.saporedicina.com\/es\/?s={search_term_string}"},"query-input":{"@type":"PropertyValueSpecification","valueRequired":true,"valueName":"search_term_string"}}],"inLanguage":"es"},{"@type":"Organization","@id":"https:\/\/www.saporedicina.com\/es\/#organization","name":"Sapore di Cina","url":"https:\/\/www.saporedicina.com\/es\/","logo":{"@type":"ImageObject","inLanguage":"es","@id":"https:\/\/www.saporedicina.com\/es\/#\/schema\/logo\/image\/","url":"https:\/\/www.saporedicina.com\/es\/wp-content\/uploads\/2019\/04\/logo.jpg","contentUrl":"https:\/\/www.saporedicina.com\/es\/wp-content\/uploads\/2019\/04\/logo.jpg","width":800,"height":800,"caption":"Sapore di Cina"},"image":{"@id":"https:\/\/www.saporedicina.com\/es\/#\/schema\/logo\/image\/"},"sameAs":["https:\/\/www.facebook.com\/saporedicinaespanol","https:\/\/x.com\/sbortozhou","https:\/\/www.youtube.com\/channel\/UCl2ssfXqNmOeaY6l470UDlQ\/"]}]}},"uagb_featured_image_src":{"full":false,"thumbnail":false,"medium":false,"medium_large":false,"large":false,"1536x1536":false,"2048x2048":false},"uagb_author_info":{"display_name":"Sapore di Cina","author_link":"https:\/\/www.saporedicina.com\/es\/author\/sborto\/"},"uagb_comment_info":0,"uagb_excerpt":"Viajar a Hong Kong Visados, seguros, hoteles, internet, dinero, tours y m\u00e1s Negocios en Asia Todo lo que necesitas para hacer negocios en Hong Kong y Asia&#8230;. \u00daltimos articulos Lee nuestros \u00faltimos art\u00edculos publicados&#8230; as seen in Otros Destinos China Hong Kong SAR Taiw\u00e1n (RDC) Singapur Tailandia Vietnam Informaci\u00f3n general Nombre oficial: Regi\u00f3n Administrativa Especial&hellip;","_links":{"self":[{"href":"https:\/\/www.saporedicina.com\/es\/wp-json\/wp\/v2\/pages\/21440","targetHints":{"allow":["GET"]}}],"collection":[{"href":"https:\/\/www.saporedicina.com\/es\/wp-json\/wp\/v2\/pages"}],"about":[{"href":"https:\/\/www.saporedicina.com\/es\/wp-json\/wp\/v2\/types\/page"}],"author":[{"embeddable":true,"href":"https:\/\/www.saporedicina.com\/es\/wp-json\/wp\/v2\/users\/2"}],"replies":[{"embeddable":true,"href":"https:\/\/www.saporedicina.com\/es\/wp-json\/wp\/v2\/comments?post=21440"}],"version-history":[{"count":0,"href":"https:\/\/www.saporedicina.com\/es\/wp-json\/wp\/v2\/pages\/21440\/revisions"}],"wp:attachment":[{"href":"https:\/\/www.saporedicina.com\/es\/wp-json\/wp\/v2\/media?parent=21440"}],"curies":[{"name":"wp","href":"https:\/\/api.w.org\/{rel}","templated":true}]}}