{"id":11679,"date":"2017-03-16T18:55:50","date_gmt":"2017-03-16T17:55:50","guid":{"rendered":"https:\/\/www.saporedicina.com\/es\/?page_id=11679"},"modified":"2020-11-26T11:47:39","modified_gmt":"2020-11-26T10:47:39","slug":"recursos-vietnam","status":"publish","type":"page","link":"https:\/\/www.saporedicina.com\/es\/recursos-vietnam\/","title":{"rendered":"<center>Recursos para Vietnam<\/center>"},"content":{"rendered":"<div class=\"sublanding-section\">\n<div class=\"sublanding-element\"><a href=\"https:\/\/www.saporedicina.com\/es\/visado-vietnam\/\" target=\"_blank\" rel=\"noopener noreferrer\"><img decoding=\"async\" src=\"https:\/\/www.saporedicina.com\/wp-content\/uploads\/landingpages\/subpages-vietnam\/visa-vietnam.jpg\" alt=\"Visado para Vietnam\" title=\"Visado para Vietnam\"width=\"241\" height=\"186\"\/><\/p>\n<h2>Visado para Vietnam<\/h2>\n<p><\/a><\/div>\n<div class=\"sublanding-element\"><a href=\"https:\/\/www.saporedicina.com\/es\/viajar-tren-vietnam\/\" target=\"_blank\" rel=\"noopener noreferrer\"><img decoding=\"async\" src=\"https:\/\/www.saporedicina.com\/wp-content\/uploads\/landingpages\/subpages-vietnam\/vietnam-train.jpg\" alt=\"Trenes en Vietnam\" title=\"Trenes en Vietnam\"width=\"241\" height=\"186\"\/><\/p>\n<h2>Trenes en Vietnam<\/h2>\n<p><\/a><\/div>\n<div class=\"sublanding-element\"><a href=\"https:\/\/www.saporedicina.com\/es\/viajar-vietnam-autobus\/\" target=\"_blank\" rel=\"noopener noreferrer\"><img decoding=\"async\" src=\"https:\/\/www.saporedicina.com\/wp-content\/uploads\/landingpages\/subpages-vietnam\/bus-vietnam.jpg\" alt=\"Buses en Vietnam\" title=\"Buses en Vietnam\"width=\"241\" height=\"186\"\/><\/p>\n<h2>Buses en Vietnam<\/h2>\n<p><\/a><\/div>\n<div class=\"sublanding-element\"><a href=\"https:\/\/www.saporedicina.com\/es\/sim-prepago-vietnam\/\" target=\"_blank\" rel=\"noopener noreferrer\"><img decoding=\"async\" src=\"https:\/\/www.saporedicina.com\/wp-content\/uploads\/landingpages\/subpages-vietnam\/sim-vietnam.jpg\" alt=\"Tarjetas SIM Vietnam\" title=\"Tarjetas SIM Vietnam\"width=\"241\" height=\"186\"\/><\/p>\n<h2>Tarjetas SIM Vietnam<\/h2>\n<p><\/a><\/div>\n<div class=\"sublanding-element\"><a href=\"https:\/\/www.saporedicina.com\/es\/apps-viajar-vietnam\/\" target=\"_blank\" rel=\"noopener noreferrer\"><img decoding=\"async\" src=\"https:\/\/www.saporedicina.com\/wp-content\/uploads\/landingpages\/subpages-vietnam\/apps-vietnam.jpg\" alt=\"Apps viajar a Vietnam\" title=\"Apps viajar a Vietnam\"width=\"241\" height=\"186\"\/><\/p>\n<h2>Apps para Vietnam<\/h2>\n<p><\/a><\/div>\n<div class=\"sublanding-element\"><a href=\"https:\/\/www.saporedicina.com\/es\/mejor-vpn-vietnam\/\" target=\"_blank\" rel=\"noopener noreferrer\"><img decoding=\"async\" src=\"https:\/\/www.saporedicina.com\/wp-content\/uploads\/landingpages\/subpages-china\/vpnforchina.jpg\" alt=\"Access Twitter in Vietnam\" title=\"Access Twitter in Vietnam\"width=\"241\" height=\"186\"\/><\/p>\n<h2>VPN para Vietnam<\/h2>\n<p><\/a><\/div>\n<div class=\"sublanding-element\"><a href=\"https:\/\/www.saporedicina.com\/es\/seguro-medico-vietnam-viajeros\/\" target=\"_blank\" rel=\"noopener noreferrer\"><img decoding=\"async\" src=\"https:\/\/www.saporedicina.com\/wp-content\/uploads\/landingpages\/subpages-china\/healthinsurance.jpg\" alt=\"Seguro M\u00e9dico\" title=\"Seguro M\u00e9dico\"width=\"241\" height=\"186\"\/><\/p>\n<h2>Seguro M\u00e9dico<\/h2>\n<p><\/a><\/div>\n<div class=\"sublanding-element\"><a href=\"https:\/\/www.saporedicina.com\/es\/hoteles-en-vietnam-ofertas-y-consejos\/\" target=\"_blank\" rel=\"noopener noreferrer\"><img decoding=\"async\" src=\"https:\/\/www.saporedicina.com\/wp-content\/uploads\/landingpages\/subpages-vietnam\/hotelinvietnam.jpg\" alt=\"Reservar un Hotel en Vietnam\" title=\"Reservar un Hotel en Vietnam\"width=\"241\" height=\"186\"\/><\/p>\n<h2>Hoteles en Vietnam<\/h2>\n<p><\/a><\/div>\n<div class=\"sublanding-element\"><a href=\"https:\/\/www.saporedicina.com\/es\/transferir-dinero-al-extranjero\/\" target=\"_blank\" rel=\"noopener noreferrer\"><img decoding=\"async\" src=\"https:\/\/www.saporedicina.com\/wp-content\/uploads\/landingpages\/subpages-china\/transfer.jpg\" alt=\"Transferir dinero\" title=\"Transferir dinero\"width=\"241\" height=\"186\"\/><\/p>\n<h2>Transferir Dinero a Vietnam<\/h2>\n<p><\/a><\/div>\n<div class=\"sublanding-element\"><a href=\"https:\/\/www.saporedicina.com\/es\/numero-de-telefono-virtual-la-mejor-manera-de-recibir-llamadas-en-china\/\" target=\"_blank\" rel=\"noopener noreferrer\"><img decoding=\"async\" src=\"https:\/\/www.saporedicina.com\/wp-content\/uploads\/landingpages\/subpages-china\/virtualphonenumberinchina.jpg\" alt=\"N\u00famero de Tel\u00e9fono Virtual\" title=\"N\u00famero de Tel\u00e9fono Virtual\"width=\"241\" height=\"186\"\/><\/p>\n<h2>N\u00famero de Tel\u00e9fono Virtual<\/h2>\n<p><\/a><\/div>\n<div class=\"sublanding-element\"><a href=\"https:\/\/www.saporedicina.com\/es\/empresas-mudanzas-vietnam-tailandia\/\" target=\"_blank\" rel=\"noopener noreferrer\"><img decoding=\"async\" src=\"https:\/\/www.saporedicina.com\/wp-content\/uploads\/landingpages\/subpages-vietnam\/moving.jpg\" alt=\"Servicio de Reubicaci\u00f3n\" title=\"Servicio de Reubicaci\u00f3n\"width=\"241\" height=\"186\"\/><\/p>\n<h2>Servicio de Reubicaci\u00f3n<\/h2>\n<p><\/a><\/div>\n<div class=\"sublanding-element\"><a href=\"https:\/\/www.saporedicina.com\/es\/que-hay-en-mi-mochila-cuando-viajo-por-asia\/\" target=\"_blank\" rel=\"noopener noreferrer\"><img decoding=\"async\" src=\"https:\/\/www.saporedicina.com\/wp-content\/uploads\/landingpages\/subpages-china\/whattobringtochina.jpg\" alt=\"What to Bring in China\" title=\"What to Bring in China\"width=\"241\" height=\"186\"\/><\/p>\n<h2>Qu\u00e9 llevar a Vietnam<\/h2>\n<p><\/a><\/div>\n<\/div>\n","protected":false},"excerpt":{"rendered":"<p>Visado para Vietnam Trenes en Vietnam Buses en Vietnam Tarjetas SIM Vietnam Apps para Vietnam VPN para Vietnam Seguro M\u00e9dico Hoteles en Vietnam Transferir Dinero a Vietnam N\u00famero de Tel\u00e9fono Virtual Servicio de Reubicaci\u00f3n Qu\u00e9 llevar a Vietnam<\/p>\n","protected":false},"author":2,"featured_media":0,"parent":0,"menu_order":0,"comment_status":"closed","ping_status":"closed","template":"","meta":{"_uag_custom_page_level_css":"","site-sidebar-layout":"default","site-content-layout":"","ast-site-content-layout":"default","site-content-style":"default","site-sidebar-style":"default","ast-global-header-display":"","ast-banner-title-visibility":"","ast-main-header-display":"","ast-hfb-above-header-display":"","ast-hfb-below-header-display":"","ast-hfb-mobile-header-display":"","site-post-title":"","ast-breadcrumbs-content":"","ast-featured-img":"","footer-sml-layout":"","theme-transparent-header-meta":"","adv-header-id-meta":"","stick-header-meta":"","header-above-stick-meta":"","header-main-stick-meta":"","header-below-stick-meta":"","astra-migrate-meta-layouts":"default","ast-page-background-enabled":"default","ast-page-background-meta":{"desktop":{"background-color":"var(--ast-global-color-4)","background-image":"","background-repeat":"repeat","background-position":"center center","background-size":"auto","background-attachment":"scroll","background-type":"","background-media":"","overlay-type":"","overlay-color":"","overlay-opacity":"","overlay-gradient":""},"tablet":{"background-color":"","background-image":"","background-repeat":"repeat","background-position":"center center","background-size":"auto","background-attachment":"scroll","background-type":"","background-media":"","overlay-type":"","overlay-color":"","overlay-opacity":"","overlay-gradient":""},"mobile":{"background-color":"","background-image":"","background-repeat":"repeat","background-position":"center center","background-size":"auto","background-attachment":"scroll","background-type":"","background-media":"","overlay-type":"","overlay-color":"","overlay-opacity":"","overlay-gradient":""}},"ast-content-background-meta":{"desktop":{"background-color":"var(--ast-global-color-5)","background-image":"","background-repeat":"repeat","background-position":"center center","background-size":"auto","background-attachment":"scroll","background-type":"","background-media":"","overlay-type":"","overlay-color":"","overlay-opacity":"","overlay-gradient":""},"tablet":{"background-color":"var(--ast-global-color-5)","background-image":"","background-repeat":"repeat","background-position":"center center","background-size":"auto","background-attachment":"scroll","background-type":"","background-media":"","overlay-type":"","overlay-color":"","overlay-opacity":"","overlay-gradient":""},"mobile":{"background-color":"var(--ast-global-color-5)","background-image":"","background-repeat":"repeat","background-position":"center center","background-size":"auto","background-attachment":"scroll","background-type":"","background-media":"","overlay-type":"","overlay-color":"","overlay-opacity":"","overlay-gradient":""}},"footnotes":""},"class_list":["post-11679","page","type-page","status-publish","hentry"],"yoast_head":"<!-- This site is optimized with the Yoast SEO plugin v27.5 - https:\/\/yoast.com\/product\/yoast-seo-wordpress\/ -->\n<title>Recursos para Vietnam<\/title>\n<meta name=\"robots\" content=\"noindex, nofollow\" \/>\n<meta property=\"og:locale\" content=\"es_ES\" \/>\n<meta property=\"og:type\" content=\"article\" \/>\n<meta property=\"og:title\" content=\"Recursos para Vietnam\" \/>\n<meta property=\"og:description\" content=\"Visado para Vietnam Trenes en Vietnam Buses en Vietnam Tarjetas SIM Vietnam Apps para Vietnam VPN para Vietnam Seguro M\u00e9dico Hoteles en Vietnam Transferir Dinero a Vietnam N\u00famero de Tel\u00e9fono Virtual Servicio de Reubicaci\u00f3n Qu\u00e9 llevar a Vietnam\" \/>\n<meta property=\"og:url\" content=\"https:\/\/www.saporedicina.com\/es\/recursos-vietnam\/\" \/>\n<meta property=\"og:site_name\" content=\"Sapore di Cina\" \/>\n<meta property=\"article:publisher\" content=\"https:\/\/www.facebook.com\/saporedicinaespanol\" \/>\n<meta property=\"article:modified_time\" content=\"2020-11-26T10:47:39+00:00\" \/>\n<meta property=\"og:image\" content=\"https:\/\/www.saporedicina.com\/wp-content\/uploads\/landingpages\/subpages-vietnam\/visa-vietnam.jpg\" \/>\n<meta name=\"twitter:card\" content=\"summary_large_image\" \/>\n<meta name=\"twitter:site\" content=\"@sbortozhou\" \/>\n<script type=\"application\/ld+json\" class=\"yoast-schema-graph\">{\"@context\":\"https:\\\/\\\/schema.org\",\"@graph\":[{\"@type\":\"WebPage\",\"@id\":\"https:\\\/\\\/www.saporedicina.com\\\/es\\\/recursos-vietnam\\\/\",\"url\":\"https:\\\/\\\/www.saporedicina.com\\\/es\\\/recursos-vietnam\\\/\",\"name\":\"Recursos para Vietnam\",\"isPartOf\":{\"@id\":\"https:\\\/\\\/www.saporedicina.com\\\/es\\\/#website\"},\"primaryImageOfPage\":{\"@id\":\"https:\\\/\\\/www.saporedicina.com\\\/es\\\/recursos-vietnam\\\/#primaryimage\"},\"image\":{\"@id\":\"https:\\\/\\\/www.saporedicina.com\\\/es\\\/recursos-vietnam\\\/#primaryimage\"},\"thumbnailUrl\":\"https:\\\/\\\/www.saporedicina.com\\\/wp-content\\\/uploads\\\/landingpages\\\/subpages-vietnam\\\/visa-vietnam.jpg\",\"datePublished\":\"2017-03-16T17:55:50+00:00\",\"dateModified\":\"2020-11-26T10:47:39+00:00\",\"breadcrumb\":{\"@id\":\"https:\\\/\\\/www.saporedicina.com\\\/es\\\/recursos-vietnam\\\/#breadcrumb\"},\"inLanguage\":\"es\",\"potentialAction\":[{\"@type\":\"ReadAction\",\"target\":[\"https:\\\/\\\/www.saporedicina.com\\\/es\\\/recursos-vietnam\\\/\"]}]},{\"@type\":\"ImageObject\",\"inLanguage\":\"es\",\"@id\":\"https:\\\/\\\/www.saporedicina.com\\\/es\\\/recursos-vietnam\\\/#primaryimage\",\"url\":\"https:\\\/\\\/www.saporedicina.com\\\/wp-content\\\/uploads\\\/landingpages\\\/subpages-vietnam\\\/visa-vietnam.jpg\",\"contentUrl\":\"https:\\\/\\\/www.saporedicina.com\\\/wp-content\\\/uploads\\\/landingpages\\\/subpages-vietnam\\\/visa-vietnam.jpg\"},{\"@type\":\"BreadcrumbList\",\"@id\":\"https:\\\/\\\/www.saporedicina.com\\\/es\\\/recursos-vietnam\\\/#breadcrumb\",\"itemListElement\":[{\"@type\":\"ListItem\",\"position\":1,\"name\":\"SDC\",\"item\":\"https:\\\/\\\/www.saporedicina.com\\\/es\\\/\"},{\"@type\":\"ListItem\",\"position\":2,\"name\":\"Recursos para Vietnam\"}]},{\"@type\":\"WebSite\",\"@id\":\"https:\\\/\\\/www.saporedicina.com\\\/es\\\/#website\",\"url\":\"https:\\\/\\\/www.saporedicina.com\\\/es\\\/\",\"name\":\"Sapore di Cina\",\"description\":\"Aprender Chino, Viajar, Estudiar o Trabajar en China y Asia\",\"publisher\":{\"@id\":\"https:\\\/\\\/www.saporedicina.com\\\/es\\\/#organization\"},\"alternateName\":\"SDC\",\"potentialAction\":[{\"@type\":\"SearchAction\",\"target\":{\"@type\":\"EntryPoint\",\"urlTemplate\":\"https:\\\/\\\/www.saporedicina.com\\\/es\\\/?s={search_term_string}\"},\"query-input\":{\"@type\":\"PropertyValueSpecification\",\"valueRequired\":true,\"valueName\":\"search_term_string\"}}],\"inLanguage\":\"es\"},{\"@type\":\"Organization\",\"@id\":\"https:\\\/\\\/www.saporedicina.com\\\/es\\\/#organization\",\"name\":\"Sapore di Cina\",\"url\":\"https:\\\/\\\/www.saporedicina.com\\\/es\\\/\",\"logo\":{\"@type\":\"ImageObject\",\"inLanguage\":\"es\",\"@id\":\"https:\\\/\\\/www.saporedicina.com\\\/es\\\/#\\\/schema\\\/logo\\\/image\\\/\",\"url\":\"https:\\\/\\\/www.saporedicina.com\\\/es\\\/wp-content\\\/uploads\\\/2019\\\/04\\\/logo.jpg\",\"contentUrl\":\"https:\\\/\\\/www.saporedicina.com\\\/es\\\/wp-content\\\/uploads\\\/2019\\\/04\\\/logo.jpg\",\"width\":800,\"height\":800,\"caption\":\"Sapore di Cina\"},\"image\":{\"@id\":\"https:\\\/\\\/www.saporedicina.com\\\/es\\\/#\\\/schema\\\/logo\\\/image\\\/\"},\"sameAs\":[\"https:\\\/\\\/www.facebook.com\\\/saporedicinaespanol\",\"https:\\\/\\\/x.com\\\/sbortozhou\",\"https:\\\/\\\/www.youtube.com\\\/channel\\\/UCl2ssfXqNmOeaY6l470UDlQ\\\/\"]}]}<\/script>\n<!-- \/ Yoast SEO plugin. -->","yoast_head_json":{"title":"Recursos para Vietnam","robots":{"index":"noindex","follow":"nofollow"},"og_locale":"es_ES","og_type":"article","og_title":"Recursos para Vietnam","og_description":"Visado para Vietnam Trenes en Vietnam Buses en Vietnam Tarjetas SIM Vietnam Apps para Vietnam VPN para Vietnam Seguro M\u00e9dico Hoteles en Vietnam Transferir Dinero a Vietnam N\u00famero de Tel\u00e9fono Virtual Servicio de Reubicaci\u00f3n Qu\u00e9 llevar a Vietnam","og_url":"https:\/\/www.saporedicina.com\/es\/recursos-vietnam\/","og_site_name":"Sapore di Cina","article_publisher":"https:\/\/www.facebook.com\/saporedicinaespanol","article_modified_time":"2020-11-26T10:47:39+00:00","og_image":[{"url":"https:\/\/www.saporedicina.com\/wp-content\/uploads\/landingpages\/subpages-vietnam\/visa-vietnam.jpg","type":"","width":"","height":""}],"twitter_card":"summary_large_image","twitter_site":"@sbortozhou","schema":{"@context":"https:\/\/schema.org","@graph":[{"@type":"WebPage","@id":"https:\/\/www.saporedicina.com\/es\/recursos-vietnam\/","url":"https:\/\/www.saporedicina.com\/es\/recursos-vietnam\/","name":"Recursos para Vietnam","isPartOf":{"@id":"https:\/\/www.saporedicina.com\/es\/#website"},"primaryImageOfPage":{"@id":"https:\/\/www.saporedicina.com\/es\/recursos-vietnam\/#primaryimage"},"image":{"@id":"https:\/\/www.saporedicina.com\/es\/recursos-vietnam\/#primaryimage"},"thumbnailUrl":"https:\/\/www.saporedicina.com\/wp-content\/uploads\/landingpages\/subpages-vietnam\/visa-vietnam.jpg","datePublished":"2017-03-16T17:55:50+00:00","dateModified":"2020-11-26T10:47:39+00:00","breadcrumb":{"@id":"https:\/\/www.saporedicina.com\/es\/recursos-vietnam\/#breadcrumb"},"inLanguage":"es","potentialAction":[{"@type":"ReadAction","target":["https:\/\/www.saporedicina.com\/es\/recursos-vietnam\/"]}]},{"@type":"ImageObject","inLanguage":"es","@id":"https:\/\/www.saporedicina.com\/es\/recursos-vietnam\/#primaryimage","url":"https:\/\/www.saporedicina.com\/wp-content\/uploads\/landingpages\/subpages-vietnam\/visa-vietnam.jpg","contentUrl":"https:\/\/www.saporedicina.com\/wp-content\/uploads\/landingpages\/subpages-vietnam\/visa-vietnam.jpg"},{"@type":"BreadcrumbList","@id":"https:\/\/www.saporedicina.com\/es\/recursos-vietnam\/#breadcrumb","itemListElement":[{"@type":"ListItem","position":1,"name":"SDC","item":"https:\/\/www.saporedicina.com\/es\/"},{"@type":"ListItem","position":2,"name":"Recursos para Vietnam"}]},{"@type":"WebSite","@id":"https:\/\/www.saporedicina.com\/es\/#website","url":"https:\/\/www.saporedicina.com\/es\/","name":"Sapore di Cina","description":"Aprender Chino, Viajar, Estudiar o Trabajar en China y Asia","publisher":{"@id":"https:\/\/www.saporedicina.com\/es\/#organization"},"alternateName":"SDC","potentialAction":[{"@type":"SearchAction","target":{"@type":"EntryPoint","urlTemplate":"https:\/\/www.saporedicina.com\/es\/?s={search_term_string}"},"query-input":{"@type":"PropertyValueSpecification","valueRequired":true,"valueName":"search_term_string"}}],"inLanguage":"es"},{"@type":"Organization","@id":"https:\/\/www.saporedicina.com\/es\/#organization","name":"Sapore di Cina","url":"https:\/\/www.saporedicina.com\/es\/","logo":{"@type":"ImageObject","inLanguage":"es","@id":"https:\/\/www.saporedicina.com\/es\/#\/schema\/logo\/image\/","url":"https:\/\/www.saporedicina.com\/es\/wp-content\/uploads\/2019\/04\/logo.jpg","contentUrl":"https:\/\/www.saporedicina.com\/es\/wp-content\/uploads\/2019\/04\/logo.jpg","width":800,"height":800,"caption":"Sapore di Cina"},"image":{"@id":"https:\/\/www.saporedicina.com\/es\/#\/schema\/logo\/image\/"},"sameAs":["https:\/\/www.facebook.com\/saporedicinaespanol","https:\/\/x.com\/sbortozhou","https:\/\/www.youtube.com\/channel\/UCl2ssfXqNmOeaY6l470UDlQ\/"]}]}},"uagb_featured_image_src":{"full":false,"thumbnail":false,"medium":false,"medium_large":false,"large":false,"1536x1536":false,"2048x2048":false},"uagb_author_info":{"display_name":"Sapore di Cina","author_link":"https:\/\/www.saporedicina.com\/es\/author\/sborto\/"},"uagb_comment_info":0,"uagb_excerpt":"Visado para Vietnam Trenes en Vietnam Buses en Vietnam Tarjetas SIM Vietnam Apps para Vietnam VPN para Vietnam Seguro M\u00e9dico Hoteles en Vietnam Transferir Dinero a Vietnam N\u00famero de Tel\u00e9fono Virtual Servicio de Reubicaci\u00f3n Qu\u00e9 llevar a Vietnam","_links":{"self":[{"href":"https:\/\/www.saporedicina.com\/es\/wp-json\/wp\/v2\/pages\/11679","targetHints":{"allow":["GET"]}}],"collection":[{"href":"https:\/\/www.saporedicina.com\/es\/wp-json\/wp\/v2\/pages"}],"about":[{"href":"https:\/\/www.saporedicina.com\/es\/wp-json\/wp\/v2\/types\/page"}],"author":[{"embeddable":true,"href":"https:\/\/www.saporedicina.com\/es\/wp-json\/wp\/v2\/users\/2"}],"replies":[{"embeddable":true,"href":"https:\/\/www.saporedicina.com\/es\/wp-json\/wp\/v2\/comments?post=11679"}],"version-history":[{"count":0,"href":"https:\/\/www.saporedicina.com\/es\/wp-json\/wp\/v2\/pages\/11679\/revisions"}],"wp:attachment":[{"href":"https:\/\/www.saporedicina.com\/es\/wp-json\/wp\/v2\/media?parent=11679"}],"curies":[{"name":"wp","href":"https:\/\/api.w.org\/{rel}","templated":true}]}}