{"id":11652,"date":"2017-03-16T13:12:26","date_gmt":"2017-03-16T12:12:26","guid":{"rendered":"https:\/\/www.saporedicina.com\/es\/?page_id=11652"},"modified":"2020-12-04T09:48:17","modified_gmt":"2020-12-04T08:48:17","slug":"vietnam","status":"publish","type":"page","link":"https:\/\/www.saporedicina.com\/es\/vietnam\/","title":{"rendered":"Vivir o Viajar en Vietnam &#8211; Sapore di Cina"},"content":{"rendered":"<div class=\"section-one\">\n<div class=\"one-element\"><a href=\"https:\/\/www.saporedicina.com\/es\/viaje-a-vietnam-la-guia-completa\/\"><img decoding=\"async\" src=\"https:\/\/www.saporedicina.com\/wp-content\/uploads\/landingpages\/travel_to_vietnam.jpg\" alt=\"Viajar a Vietnam\" title=\"Viajar a Vietnam\" width=\"250\" height=\"250\" \/><\/p>\n<h2>Viajar a Vietnam<\/h2>\n<p>Visados,  hoteles, trenes, tours y mucho m\u00e1s<\/p>\n<p><\/a><\/div>\n<div class=\"one-element\"><a href=\"https:\/\/www.saporedicina.com\/es\/tours-vietnam\/\"><img decoding=\"async\" src=\"https:\/\/www.saporedicina.com\/wp-content\/uploads\/landingpages\/tours_vietnam.jpg\" alt=\"Tours\" title=\"Tours\" width=\"250\" height=\"250\" \/><\/p>\n<h2>Tours en Vietnam<\/h2>\n<p>Itinerarios, consejos y agencias de viajes<\/p>\n<p><\/a><\/div>\n<div class=\"one-element\"><a href=\"https:\/\/www.saporedicina.com\/es\/hoteles-en-vietnam-ofertas-y-consejos\/\"><img decoding=\"async\" src=\"https:\/\/www.saporedicina.com\/wp-content\/uploads\/landingpages\/hotel_vietnam.jpg\" alt=\"Hoteles\" title=\"Hoteles\" width=\"250\" height=\"250\" \/><\/p>\n<h2>Hoteles en Vietnam<\/h2>\n<p>Sugerencias, portales y hoteles recomendados<\/p>\n<p><\/a><\/div>\n<div class=\"one-element\"><a href=\"https:\/\/www.saporedicina.com\/es\/destinos-vietnam\/\"><img decoding=\"async\" src=\"https:\/\/www.saporedicina.com\/wp-content\/uploads\/landingpages\/destinations_vietnam.jpg\" alt=\"Destinos\" title=\"Destinos\" width=\"250\" height=\"250\" \/><\/p>\n<h2>Destinos en Vietnam<\/h2>\n<p>Itinerarios, gu\u00edas de ciudades y lugares de inter\u00e9s<\/p>\n<p><\/a><\/div>\n<div class=\"one-element\"><a href=\"https:\/\/www.saporedicina.com\/es\/recursos-vietnam\/\"><img decoding=\"async\" src=\"https:\/\/www.saporedicina.com\/wp-content\/uploads\/landingpages\/resources.jpg\" alt=\"Recursos\" title=\"Recursos\"\/><\/p>\n<h2>Recursos<\/h2>\n<p>Todo lo que necesitas para sobrevivir en Vietnam<\/p>\n<p><\/a><\/div>\n<div class=\"one-element\"><a href=\"https:\/\/www.saporedicina.com\/es\/tag\/Vietnam\/\"><img decoding=\"async\" src=\"https:\/\/www.saporedicina.com\/wp-content\/uploads\/landingpages\/last_articles.jpg\" alt=\"\u00daltimos Art\u00edculos\" title=\"\u00daltimos Art\u00edculos\"\/><\/p>\n<h2>\u00daltimos Art\u00edculos<\/h2>\n<p>Lee nuestros \u00faltimos art\u00edculos publicados&#8230;<\/p>\n<p><\/a><\/div>\n<\/div>\n<div class=\"section-as-seen\">\n<h3>as seen in<\/h3>\n<ul>\n<li><img decoding=\"async\" src=\"https:\/\/www.saporedicina.com\/wp-content\/uploads\/landingpages\/elpais3.png\" alt=\"ElPais\" title=\"ElPais\" width=\"160\" height=\"35\" ><\/li>\n<li><img decoding=\"async\" src=\"https:\/\/www.saporedicina.com\/wp-content\/uploads\/landingpages\/lavozdegalicia1.png\" alt=\"La voz de Galicia\" title=\"La Voz de Galicia\" width=\"90\" height=\"50\"><\/li>\n<li><img decoding=\"async\" src=\"https:\/\/www.saporedicina.com\/wp-content\/uploads\/landingpages\/thehuffingtonpost1.png\" alt=\"The Huffington Post\" title=\"The Huffigton Post\"  width=\"129\" height=\"50\"><\/li>\n<li><img decoding=\"async\" src=\"https:\/\/www.saporedicina.com\/wp-content\/uploads\/landingpages\/theguardian1.png\" alt=\"The Guardian\" title=\"The Guardian\" width=\"287\" height=\"50\"><\/li>\n<li><img decoding=\"async\" src=\"https:\/\/www.saporedicina.com\/wp-content\/uploads\/landingpages\/virgin1.png\" alt=\"Virgin\" title=\"Virgin\" width=\"57\" height=\"50\"><\/li>\n<li><img decoding=\"async\" src=\"https:\/\/www.saporedicina.com\/wp-content\/uploads\/landingpages\/bbc1.png\" alt=\"BBC\" title=\"BBC\" width=\"140\" height=\"40\"><\/li>\n<\/ul>\n<\/div>\n<div class=\"section-four\">\n<h1>Otros Destinos<\/h1>\n<div class=\"four-element\"><a href=\"https:\/\/www.saporedicina.com\/es\/\"><img decoding=\"async\" src=\"https:\/\/www.saporedicina.com\/wp-content\/uploads\/landingpages\/china.jpg\" alt=\"China\" title=\"China\" width=\"241\" height=\"186\" \/><\/p>\n<h2>China<\/h2>\n<p><\/a><\/div>\n<div class=\"four-element\"><a href=\"https:\/\/www.saporedicina.com\/es\/hong-kong\/\"><img decoding=\"async\" src=\"https:\/\/www.saporedicina.com\/wp-content\/uploads\/landingpages\/hong-kong.jpg\" alt=\"Hong Kong\" title=\"Hong Kong\" width=\"241\" height=\"186\" \/><\/p>\n<h2>Hong Kong SAR<\/h2>\n<p><\/a><\/div>\n<div class=\"four-element\"><a href=\"https:\/\/www.saporedicina.com\/es\/taiwan\/\"><img decoding=\"async\" src=\"https:\/\/www.saporedicina.com\/wp-content\/uploads\/landingpages\/taiwan.jpg\" alt=\"Taiw\u00e1n\" title=\"Taiw\u00e1n\" width=\"241\" height=\"186\" \/><\/p>\n<h2>Taiw\u00e1n (RDC)<\/h2>\n<p><\/a><\/div>\n<div class=\"four-element\"><a href=\"https:\/\/www.saporedicina.com\/es\/singapur\/\"><img decoding=\"async\" src=\"https:\/\/www.saporedicina.com\/wp-content\/uploads\/landingpages\/singapore.jpg\" alt=\"Singapur\" title=\"Singapur\" width=\"241\" height=\"186\" \/><\/p>\n<h2>Singapur<\/h2>\n<p><\/a><\/div>\n<div class=\"four-element\"><a href=\"https:\/\/www.saporedicina.com\/es\/tailandia\/\" ><img decoding=\"async\" src=\"https:\/\/www.saporedicina.com\/wp-content\/uploads\/landingpages\/thailand.jpg\" alt=\"Tailandia\" title=\"Tailandia\" width=\"241\" height=\"186\" \/><\/p>\n<h2>Tailandia<\/h2>\n<p><\/a><\/div>\n<div class=\"four-element\"><a href=\"#section5\"><img decoding=\"async\" src=\"https:\/\/www.saporedicina.com\/wp-content\/uploads\/landingpages\/vietnam.jpg\" alt=\"Vietnam\" title=\"Vietnam\" width=\"241\" height=\"186\" \/><\/p>\n<h2>Vietnam<\/h2>\n<p><\/a><\/div>\n<\/div>\n<div class=\"five-element\">\n<h2 id=\"section5\">Informaci\u00f3n general<\/h2>\n<p><img decoding=\"async\" src=\"https:\/\/www.saporedicina.com\/wp-content\/uploads\/landingpages\/vietnam.jpg\" alt=\"Vietnam\" class=\"alignright\" width=\"241\" height=\"186\" \/><\/p>\n<ul class=\"spaced-list\">\n<li><strong>Nombre oficial<\/strong>: Rep\u00fablica Socialista de Vietnam (C\u1ed9ng h\u00f2a X\u00e3 h\u1ed9i ch\u1ee7 ngh\u0129a Vi\u1ec7t Nam)<\/li>\n<li><strong>Poblaci\u00f3n<\/strong>: 97.338.579 (2020)<\/li>\n<li><strong>Capital<\/strong>: Han\u00f3i<\/li>\n<li><strong>Moneda<\/strong>: \u0110\u1ed3ng vietnamita (\u20ab, VND)<\/li>\n<li><strong>Zona horaria<\/strong>: GMT +7<\/li>\n<li><strong>Idioma oficial<\/strong>: Vietnamita<\/li>\n<li><strong>Prefijo telef\u00f3nico<\/strong>: +84<\/li>\n<\/ul>\n<\/div>\n<div class=\"five-element\">\n<h2>Viajar a Vietnam<\/h2>\n<h3>Turismo Internacional<\/h3>\n<p>Vietnam es actualmente el octavo pa\u00eds asiatico en n\u00famero de turistas internacionales, aunque est\u00e1 creciendo r\u00e1pidamente.<\/p>\n<h3>Infraestructuras<\/h3>\n<p>Las infraestructuras en Vietnam a\u00fan son un poco deficientes, pero el pa\u00eds est\u00e1 haciendo un enorme esfuerzo para ponerlas al d\u00eda.<\/p>\n<h3>Industria Tur\u00edstica<\/h3>\n<p>Aunque su industria tur\u00edstica se est\u00e1 desarrollando r\u00e1pidamente y es un importante sector economico, a\u00fan no ha llegado a la popularidad de otros destinos de la zona. <\/p>\n<h3>Seguridad<\/h3>\n<p>Como la mayor\u00eda de pa\u00edses de la zona Vietnam es un pa\u00eds seguro para los viajeros internacionales.<\/p>\n<h3>Principales Problemas<\/h3>\n<p>Viajar en Vietnam a\u00fan no es tan f\u00e1cil como otros pa\u00edses asi\u00e1ticos donde la industr\u00eda tur\u00edstica est\u00e1 m\u00e1s desarollada. <\/p>\n<h3>Visado<\/h3>\n<p>El visado tur\u00edstico para Vietnam es m\u00e1s restrictivo que otros pa\u00edses de su entorno. Sin embargo, para varios pa\u00edses se ofrece la posibilidad de visitar el pa\u00eds sin visado durante un m\u00e1ximo de 15 d\u00edas. <\/p>\n<h3>Art\u00edculos Destacados<\/h3>\n<ul>\n<li><a href=\"https:\/\/www.saporedicina.com\/es\/viaje-a-vietnam-la-guia-completa\/\">Gu\u00eda de viaje para Vietnam<\/a><\/li>\n<li><a href=\"https:\/\/www.saporedicina.com\/es\/tours-vietnam\/\">Tours en Vietnam<\/a><\/li>\n<li><a href=\"https:\/\/www.saporedicina.com\/es\/seguro-medico-vietnam-viajeros\/\">Seguro de viaje para Vietnam<\/a><\/li>\n<li><a href=\"https:\/\/www.saporedicina.com\/es\/hoteles-en-vietnam-ofertas-y-consejos\/\">Hoteles en Vietnam<\/a><\/li>\n<li><a href=\"https:\/\/www.saporedicina.com\/es\/sim-prepago-vietnam\/\">Tarjetas SIM prepago para Vietnam<\/a><\/li>\n<\/ul>\n<\/div>\n<div class=\"five-element\">\n<h2>Vivir en Vietnam<\/h2>\n<h3>Coste de Vida<\/h3>\n<p>El coste de vida en Vietnam es bastante econ\u00f3mico, sin embargo est\u00e1 creciendo r\u00e1pidamente en las grandes ciudades.<\/p>\n<h3>Mercado de Trabajo<\/h3>\n<p>El pa\u00eds est\u00e1 experimentando un r\u00e1pido crecimiento y aunque el mercado de trabajo a\u00fan no es muy atractivo, cada vez hay m\u00e1s buenas oportunidades para extranjeros.<\/p>\n<h3>Salarios<\/h3>\n<p>Los salarios en Vietnam a\u00fan son relativamente bajos en la mayor\u00eda de sectores.<\/p>\n<h3>Seguro M\u00e9dico<\/h3>\n<p>El sistema p\u00fablico de salud en Vietnam es algo deficiente y no es gratuito. Por este motivo, la mayor\u00eda de expatriados optan por un seguro m\u00e9dico privado que cubra la atenci\u00f3n m\u00e9dica en hospitales privados. Los hospitales privados en Vietnam cuentan con mejores equipamientos y servicio. <\/p>\n<h3>Visado<\/h3>\n<p>Obtener un Visado de trabajo en Vietnam es un proceso complejo y las restricciones son similares a otros pa\u00edses as\u00edaticos.<\/p>\n<h3>Art\u00edculos Destacados<\/h3>\n<ul>\n<li><a href=\"https:\/\/www.saporedicina.com\/es\/visado-vietnam\/\">Visado para Vietnam<\/a><\/li>\n<li><a href=\"https:\/\/www.saporedicina.com\/es\/coste-vida-vietnam\/\">Coste de vida en Vietnam<\/a><\/li>\n<li><a href=\"https:\/\/www.saporedicina.com\/es\/empresas-mudanzas-vietnam-tailandia\/\">Mudanzas internacionales para Vietnam<\/a><\/li>\n<li><a href=\"https:\/\/www.saporedicina.com\/es\/trabajo-vietnam\/\">Encontrar trabajo en Vietnam<\/a><\/li>\n<\/ul>\n<\/div>\n","protected":false},"excerpt":{"rendered":"<p>Viajar a Vietnam Visados, hoteles, trenes, tours y mucho m\u00e1s Tours en Vietnam Itinerarios, consejos y agencias de viajes Hoteles en Vietnam Sugerencias, portales y hoteles recomendados Destinos en Vietnam Itinerarios, gu\u00edas de ciudades y lugares de inter\u00e9s Recursos Todo lo que necesitas para sobrevivir en Vietnam \u00daltimos Art\u00edculos Lee nuestros \u00faltimos art\u00edculos publicados&#8230; as [&hellip;]<\/p>\n","protected":false},"author":2,"featured_media":0,"parent":0,"menu_order":0,"comment_status":"closed","ping_status":"closed","template":"","meta":{"_uag_custom_page_level_css":"","site-sidebar-layout":"default","site-content-layout":"","ast-site-content-layout":"default","site-content-style":"default","site-sidebar-style":"default","ast-global-header-display":"","ast-banner-title-visibility":"","ast-main-header-display":"","ast-hfb-above-header-display":"","ast-hfb-below-header-display":"","ast-hfb-mobile-header-display":"","site-post-title":"","ast-breadcrumbs-content":"","ast-featured-img":"","footer-sml-layout":"","theme-transparent-header-meta":"","adv-header-id-meta":"","stick-header-meta":"","header-above-stick-meta":"","header-main-stick-meta":"","header-below-stick-meta":"","astra-migrate-meta-layouts":"default","ast-page-background-enabled":"default","ast-page-background-meta":{"desktop":{"background-color":"var(--ast-global-color-4)","background-image":"","background-repeat":"repeat","background-position":"center center","background-size":"auto","background-attachment":"scroll","background-type":"","background-media":"","overlay-type":"","overlay-color":"","overlay-opacity":"","overlay-gradient":""},"tablet":{"background-color":"","background-image":"","background-repeat":"repeat","background-position":"center center","background-size":"auto","background-attachment":"scroll","background-type":"","background-media":"","overlay-type":"","overlay-color":"","overlay-opacity":"","overlay-gradient":""},"mobile":{"background-color":"","background-image":"","background-repeat":"repeat","background-position":"center center","background-size":"auto","background-attachment":"scroll","background-type":"","background-media":"","overlay-type":"","overlay-color":"","overlay-opacity":"","overlay-gradient":""}},"ast-content-background-meta":{"desktop":{"background-color":"var(--ast-global-color-5)","background-image":"","background-repeat":"repeat","background-position":"center center","background-size":"auto","background-attachment":"scroll","background-type":"","background-media":"","overlay-type":"","overlay-color":"","overlay-opacity":"","overlay-gradient":""},"tablet":{"background-color":"var(--ast-global-color-5)","background-image":"","background-repeat":"repeat","background-position":"center center","background-size":"auto","background-attachment":"scroll","background-type":"","background-media":"","overlay-type":"","overlay-color":"","overlay-opacity":"","overlay-gradient":""},"mobile":{"background-color":"var(--ast-global-color-5)","background-image":"","background-repeat":"repeat","background-position":"center center","background-size":"auto","background-attachment":"scroll","background-type":"","background-media":"","overlay-type":"","overlay-color":"","overlay-opacity":"","overlay-gradient":""}},"footnotes":""},"class_list":["post-11652","page","type-page","status-publish","hentry"],"yoast_head":"<!-- This site is optimized with the Yoast SEO plugin v27.5 - https:\/\/yoast.com\/product\/yoast-seo-wordpress\/ -->\n<title>Vivir, trabajar o viajar en Vietnam - Sapore di Cina<\/title>\n<meta name=\"description\" content=\"Toda la informaci\u00f3n que necesitas para vivir, trabajar, viajar en Vietnam y entender la cultura de la pen\u00ednsula de Indochina\" \/>\n<meta name=\"robots\" content=\"index, follow, max-snippet:-1, max-image-preview:large, max-video-preview:-1\" \/>\n<link rel=\"canonical\" href=\"https:\/\/www.saporedicina.com\/es\/vietnam\/\" \/>\n<meta property=\"og:locale\" content=\"es_ES\" \/>\n<meta property=\"og:type\" content=\"article\" \/>\n<meta property=\"og:title\" content=\"Vivir, trabajar o viajar en Vietnam - Sapore di Cina\" \/>\n<meta property=\"og:description\" content=\"Toda la informaci\u00f3n que necesitas para vivir, trabajar, viajar en Vietnam y entender la cultura de la pen\u00ednsula de Indochina\" \/>\n<meta property=\"og:url\" content=\"https:\/\/www.saporedicina.com\/es\/vietnam\/\" \/>\n<meta property=\"og:site_name\" content=\"Sapore di Cina\" \/>\n<meta property=\"article:publisher\" content=\"https:\/\/www.facebook.com\/saporedicinaespanol\" \/>\n<meta property=\"article:modified_time\" content=\"2020-12-04T08:48:17+00:00\" \/>\n<meta property=\"og:image\" content=\"https:\/\/www.saporedicina.com\/wp-content\/uploads\/landingpages\/travel_to_vietnam.jpg\" \/>\n<meta name=\"twitter:card\" content=\"summary_large_image\" \/>\n<meta name=\"twitter:site\" content=\"@sbortozhou\" \/>\n<meta name=\"twitter:label1\" content=\"Tiempo de lectura\" \/>\n\t<meta name=\"twitter:data1\" content=\"2 minutos\" \/>\n<script type=\"application\/ld+json\" class=\"yoast-schema-graph\">{\"@context\":\"https:\\\/\\\/schema.org\",\"@graph\":[{\"@type\":\"WebPage\",\"@id\":\"https:\\\/\\\/www.saporedicina.com\\\/es\\\/vietnam\\\/\",\"url\":\"https:\\\/\\\/www.saporedicina.com\\\/es\\\/vietnam\\\/\",\"name\":\"Vivir, trabajar o viajar en Vietnam - Sapore di Cina\",\"isPartOf\":{\"@id\":\"https:\\\/\\\/www.saporedicina.com\\\/es\\\/#website\"},\"primaryImageOfPage\":{\"@id\":\"https:\\\/\\\/www.saporedicina.com\\\/es\\\/vietnam\\\/#primaryimage\"},\"image\":{\"@id\":\"https:\\\/\\\/www.saporedicina.com\\\/es\\\/vietnam\\\/#primaryimage\"},\"thumbnailUrl\":\"https:\\\/\\\/www.saporedicina.com\\\/wp-content\\\/uploads\\\/landingpages\\\/travel_to_vietnam.jpg\",\"datePublished\":\"2017-03-16T12:12:26+00:00\",\"dateModified\":\"2020-12-04T08:48:17+00:00\",\"description\":\"Toda la informaci\u00f3n que necesitas para vivir, trabajar, viajar en Vietnam y entender la cultura de la pen\u00ednsula de Indochina\",\"breadcrumb\":{\"@id\":\"https:\\\/\\\/www.saporedicina.com\\\/es\\\/vietnam\\\/#breadcrumb\"},\"inLanguage\":\"es\",\"potentialAction\":[{\"@type\":\"ReadAction\",\"target\":[\"https:\\\/\\\/www.saporedicina.com\\\/es\\\/vietnam\\\/\"]}]},{\"@type\":\"ImageObject\",\"inLanguage\":\"es\",\"@id\":\"https:\\\/\\\/www.saporedicina.com\\\/es\\\/vietnam\\\/#primaryimage\",\"url\":\"https:\\\/\\\/www.saporedicina.com\\\/wp-content\\\/uploads\\\/landingpages\\\/travel_to_vietnam.jpg\",\"contentUrl\":\"https:\\\/\\\/www.saporedicina.com\\\/wp-content\\\/uploads\\\/landingpages\\\/travel_to_vietnam.jpg\"},{\"@type\":\"BreadcrumbList\",\"@id\":\"https:\\\/\\\/www.saporedicina.com\\\/es\\\/vietnam\\\/#breadcrumb\",\"itemListElement\":[{\"@type\":\"ListItem\",\"position\":1,\"name\":\"SDC\",\"item\":\"https:\\\/\\\/www.saporedicina.com\\\/es\\\/\"},{\"@type\":\"ListItem\",\"position\":2,\"name\":\"Vivir o Viajar en Vietnam &#8211; Sapore di Cina\"}]},{\"@type\":\"WebSite\",\"@id\":\"https:\\\/\\\/www.saporedicina.com\\\/es\\\/#website\",\"url\":\"https:\\\/\\\/www.saporedicina.com\\\/es\\\/\",\"name\":\"Sapore di Cina\",\"description\":\"Aprender Chino, Viajar, Estudiar o Trabajar en China y Asia\",\"publisher\":{\"@id\":\"https:\\\/\\\/www.saporedicina.com\\\/es\\\/#organization\"},\"alternateName\":\"SDC\",\"potentialAction\":[{\"@type\":\"SearchAction\",\"target\":{\"@type\":\"EntryPoint\",\"urlTemplate\":\"https:\\\/\\\/www.saporedicina.com\\\/es\\\/?s={search_term_string}\"},\"query-input\":{\"@type\":\"PropertyValueSpecification\",\"valueRequired\":true,\"valueName\":\"search_term_string\"}}],\"inLanguage\":\"es\"},{\"@type\":\"Organization\",\"@id\":\"https:\\\/\\\/www.saporedicina.com\\\/es\\\/#organization\",\"name\":\"Sapore di Cina\",\"url\":\"https:\\\/\\\/www.saporedicina.com\\\/es\\\/\",\"logo\":{\"@type\":\"ImageObject\",\"inLanguage\":\"es\",\"@id\":\"https:\\\/\\\/www.saporedicina.com\\\/es\\\/#\\\/schema\\\/logo\\\/image\\\/\",\"url\":\"https:\\\/\\\/www.saporedicina.com\\\/es\\\/wp-content\\\/uploads\\\/2019\\\/04\\\/logo.jpg\",\"contentUrl\":\"https:\\\/\\\/www.saporedicina.com\\\/es\\\/wp-content\\\/uploads\\\/2019\\\/04\\\/logo.jpg\",\"width\":800,\"height\":800,\"caption\":\"Sapore di Cina\"},\"image\":{\"@id\":\"https:\\\/\\\/www.saporedicina.com\\\/es\\\/#\\\/schema\\\/logo\\\/image\\\/\"},\"sameAs\":[\"https:\\\/\\\/www.facebook.com\\\/saporedicinaespanol\",\"https:\\\/\\\/x.com\\\/sbortozhou\",\"https:\\\/\\\/www.youtube.com\\\/channel\\\/UCl2ssfXqNmOeaY6l470UDlQ\\\/\"]}]}<\/script>\n<!-- \/ Yoast SEO plugin. -->","yoast_head_json":{"title":"Vivir, trabajar o viajar en Vietnam - Sapore di Cina","description":"Toda la informaci\u00f3n que necesitas para vivir, trabajar, viajar en Vietnam y entender la cultura de la pen\u00ednsula de Indochina","robots":{"index":"index","follow":"follow","max-snippet":"max-snippet:-1","max-image-preview":"max-image-preview:large","max-video-preview":"max-video-preview:-1"},"canonical":"https:\/\/www.saporedicina.com\/es\/vietnam\/","og_locale":"es_ES","og_type":"article","og_title":"Vivir, trabajar o viajar en Vietnam - Sapore di Cina","og_description":"Toda la informaci\u00f3n que necesitas para vivir, trabajar, viajar en Vietnam y entender la cultura de la pen\u00ednsula de Indochina","og_url":"https:\/\/www.saporedicina.com\/es\/vietnam\/","og_site_name":"Sapore di Cina","article_publisher":"https:\/\/www.facebook.com\/saporedicinaespanol","article_modified_time":"2020-12-04T08:48:17+00:00","og_image":[{"url":"https:\/\/www.saporedicina.com\/wp-content\/uploads\/landingpages\/travel_to_vietnam.jpg","type":"","width":"","height":""}],"twitter_card":"summary_large_image","twitter_site":"@sbortozhou","twitter_misc":{"Tiempo de lectura":"2 minutos"},"schema":{"@context":"https:\/\/schema.org","@graph":[{"@type":"WebPage","@id":"https:\/\/www.saporedicina.com\/es\/vietnam\/","url":"https:\/\/www.saporedicina.com\/es\/vietnam\/","name":"Vivir, trabajar o viajar en Vietnam - Sapore di Cina","isPartOf":{"@id":"https:\/\/www.saporedicina.com\/es\/#website"},"primaryImageOfPage":{"@id":"https:\/\/www.saporedicina.com\/es\/vietnam\/#primaryimage"},"image":{"@id":"https:\/\/www.saporedicina.com\/es\/vietnam\/#primaryimage"},"thumbnailUrl":"https:\/\/www.saporedicina.com\/wp-content\/uploads\/landingpages\/travel_to_vietnam.jpg","datePublished":"2017-03-16T12:12:26+00:00","dateModified":"2020-12-04T08:48:17+00:00","description":"Toda la informaci\u00f3n que necesitas para vivir, trabajar, viajar en Vietnam y entender la cultura de la pen\u00ednsula de Indochina","breadcrumb":{"@id":"https:\/\/www.saporedicina.com\/es\/vietnam\/#breadcrumb"},"inLanguage":"es","potentialAction":[{"@type":"ReadAction","target":["https:\/\/www.saporedicina.com\/es\/vietnam\/"]}]},{"@type":"ImageObject","inLanguage":"es","@id":"https:\/\/www.saporedicina.com\/es\/vietnam\/#primaryimage","url":"https:\/\/www.saporedicina.com\/wp-content\/uploads\/landingpages\/travel_to_vietnam.jpg","contentUrl":"https:\/\/www.saporedicina.com\/wp-content\/uploads\/landingpages\/travel_to_vietnam.jpg"},{"@type":"BreadcrumbList","@id":"https:\/\/www.saporedicina.com\/es\/vietnam\/#breadcrumb","itemListElement":[{"@type":"ListItem","position":1,"name":"SDC","item":"https:\/\/www.saporedicina.com\/es\/"},{"@type":"ListItem","position":2,"name":"Vivir o Viajar en Vietnam &#8211; Sapore di Cina"}]},{"@type":"WebSite","@id":"https:\/\/www.saporedicina.com\/es\/#website","url":"https:\/\/www.saporedicina.com\/es\/","name":"Sapore di Cina","description":"Aprender Chino, Viajar, Estudiar o Trabajar en China y Asia","publisher":{"@id":"https:\/\/www.saporedicina.com\/es\/#organization"},"alternateName":"SDC","potentialAction":[{"@type":"SearchAction","target":{"@type":"EntryPoint","urlTemplate":"https:\/\/www.saporedicina.com\/es\/?s={search_term_string}"},"query-input":{"@type":"PropertyValueSpecification","valueRequired":true,"valueName":"search_term_string"}}],"inLanguage":"es"},{"@type":"Organization","@id":"https:\/\/www.saporedicina.com\/es\/#organization","name":"Sapore di Cina","url":"https:\/\/www.saporedicina.com\/es\/","logo":{"@type":"ImageObject","inLanguage":"es","@id":"https:\/\/www.saporedicina.com\/es\/#\/schema\/logo\/image\/","url":"https:\/\/www.saporedicina.com\/es\/wp-content\/uploads\/2019\/04\/logo.jpg","contentUrl":"https:\/\/www.saporedicina.com\/es\/wp-content\/uploads\/2019\/04\/logo.jpg","width":800,"height":800,"caption":"Sapore di Cina"},"image":{"@id":"https:\/\/www.saporedicina.com\/es\/#\/schema\/logo\/image\/"},"sameAs":["https:\/\/www.facebook.com\/saporedicinaespanol","https:\/\/x.com\/sbortozhou","https:\/\/www.youtube.com\/channel\/UCl2ssfXqNmOeaY6l470UDlQ\/"]}]}},"uagb_featured_image_src":{"full":false,"thumbnail":false,"medium":false,"medium_large":false,"large":false,"1536x1536":false,"2048x2048":false},"uagb_author_info":{"display_name":"Sapore di Cina","author_link":"https:\/\/www.saporedicina.com\/es\/author\/sborto\/"},"uagb_comment_info":0,"uagb_excerpt":"Viajar a Vietnam Visados, hoteles, trenes, tours y mucho m\u00e1s Tours en Vietnam Itinerarios, consejos y agencias de viajes Hoteles en Vietnam Sugerencias, portales y hoteles recomendados Destinos en Vietnam Itinerarios, gu\u00edas de ciudades y lugares de inter\u00e9s Recursos Todo lo que necesitas para sobrevivir en Vietnam \u00daltimos Art\u00edculos Lee nuestros \u00faltimos art\u00edculos publicados&#8230; as&hellip;","_links":{"self":[{"href":"https:\/\/www.saporedicina.com\/es\/wp-json\/wp\/v2\/pages\/11652","targetHints":{"allow":["GET"]}}],"collection":[{"href":"https:\/\/www.saporedicina.com\/es\/wp-json\/wp\/v2\/pages"}],"about":[{"href":"https:\/\/www.saporedicina.com\/es\/wp-json\/wp\/v2\/types\/page"}],"author":[{"embeddable":true,"href":"https:\/\/www.saporedicina.com\/es\/wp-json\/wp\/v2\/users\/2"}],"replies":[{"embeddable":true,"href":"https:\/\/www.saporedicina.com\/es\/wp-json\/wp\/v2\/comments?post=11652"}],"version-history":[{"count":0,"href":"https:\/\/www.saporedicina.com\/es\/wp-json\/wp\/v2\/pages\/11652\/revisions"}],"wp:attachment":[{"href":"https:\/\/www.saporedicina.com\/es\/wp-json\/wp\/v2\/media?parent=11652"}],"curies":[{"name":"wp","href":"https:\/\/api.w.org\/{rel}","templated":true}]}}