{"id":9239,"date":"2015-08-24T14:49:49","date_gmt":"2015-08-24T13:49:49","guid":{"rendered":"https:\/\/www.saporedicina.com\/english\/?page_id=9239"},"modified":"2023-07-23T06:11:43","modified_gmt":"2023-07-23T05:11:43","slug":"homepage","status":"publish","type":"page","link":"https:\/\/www.saporedicina.com\/english\/","title":{"rendered":"Learn Chinese, Live or Travel in China &#8211; Sapore di Cina"},"content":{"rendered":"<div class=\"section-one\">\n<div class=\"one-element\"><a href=\"https:\/\/www.saporedicina.com\/english\/travel-china\/\"><img decoding=\"async\" src=\"https:\/\/www.saporedicina.com\/wp-content\/uploads\/landingpages\/travel_to_china.jpg\" alt=\"Travel To China\" title=\"Travel To China\" width=\"250\" height=\"250\" \/><\/p>\n<h2>travel to china<\/h2>\n<p>Visas,  Hotels, Flights, Trains, Tours and More<\/p>\n<p><\/a><\/div>\n<div class=\"one-element\"><a href=\"https:\/\/www.saporedicina.com\/english\/live-china\/\"><img decoding=\"async\" src=\"https:\/\/www.saporedicina.com\/wp-content\/uploads\/landingpages\/live_in_china.jpg\" alt=\"Live in China\" title=\"Live in China\" width=\"250\" height=\"250\" \/><\/p>\n<h2>live in china<\/h2>\n<p>Jobs, Universities, Apartments and More<\/p>\n<p><\/a><\/div>\n<div class=\"one-element\"><a href=\"https:\/\/www.saporedicina.com\/english\/learn-chinese\/\"><img decoding=\"async\" src=\"https:\/\/www.saporedicina.com\/wp-content\/uploads\/landingpages\/learn_chinese.jpg\" alt=\"Learn Chinese\" title=\"Learn Chinese\" width=\"250\" height=\"250\" \/><\/p>\n<h2>Learn Chinese<\/h2>\n<p>Free Online Resources, Courses and Tips<\/p>\n<p><\/a><\/div>\n<div class=\"one-element\"><a href=\"https:\/\/www.saporedicina.com\/english\/destinations-china\/\"><img decoding=\"async\" src=\"https:\/\/www.saporedicina.com\/wp-content\/uploads\/landingpages\/destinations.jpg\" alt=\"Destinations\" title=\"Destinations\" width=\"250\" height=\"250\" \/><\/p>\n<h2>Destinations<\/h2>\n<p>Itineraries, City and Province Guides<\/p>\n<p><\/a><\/div>\n<div class=\"one-element\"><a href=\"https:\/\/www.saporedicina.com\/english\/resources-china\/\"><img decoding=\"async\" src=\"https:\/\/www.saporedicina.com\/wp-content\/uploads\/landingpages\/resources.jpg\" alt=\"Resources\" title=\"Resources\" width=\"250\" height=\"250\" \/><\/p>\n<h2>resources<\/h2>\n<p>Everything You Need to Survive in China<\/p>\n<p><\/a><\/div>\n<div class=\"one-element\"><a href=\"https:\/\/www.saporedicina.com\/english\/articles\/\"><img decoding=\"async\" src=\"https:\/\/www.saporedicina.com\/wp-content\/uploads\/landingpages\/last_articles.jpg\" alt=\"Last Articles\" title=\"Last Articles\" width=\"250\" height=\"250\" \/><\/p>\n<h2>Latest Articles<\/h2>\n<p>Read Our Latest Published Articles&#8230;<\/p>\n<p><\/a><\/div>\n<\/div>\n<div class=\"section-as-seen\">\n<h3>as seen in<\/h3>\n<ul>\n<li><img decoding=\"async\" src=\"https:\/\/www.saporedicina.com\/wp-content\/uploads\/landingpages\/theverge1.png\" alt=\"The Verge\" title=\"The Verge\" width=\"73\" height=\"50\"><\/li>\n<li><img decoding=\"async\" src=\"https:\/\/www.saporedicina.com\/wp-content\/uploads\/landingpages\/theguardian1.png\" alt=\"The Guardian\" title=\"The Guardian\" width=\"287\" height=\"50\"><\/li>\n<li><img decoding=\"async\" src=\"https:\/\/www.saporedicina.com\/wp-content\/uploads\/landingpages\/virgin1.png\" alt=\"Virgin\" title=\"Virgin\" width=\"57\" height=\"50\"><\/li>\n<li><img decoding=\"async\" src=\"https:\/\/www.saporedicina.com\/wp-content\/uploads\/landingpages\/thehuffingtonpost1.png\" alt=\"The Huffington Post\" title=\"The Huffington Post\" width=\"129\" height=\"50\"><\/li>\n<li><img decoding=\"async\" src=\"https:\/\/www.saporedicina.com\/wp-content\/uploads\/landingpages\/bbc1.png\" alt=\"BBC\" title=\"BBC\" width=\"140\" height=\"40\"><\/li>\n<li><img decoding=\"async\" src=\"https:\/\/www.saporedicina.com\/wp-content\/uploads\/landingpages\/chinesepod1.png\" alt=\"ChinesePod\" title=\"ChinesePod\" width=\"56\" height=\"50\"><\/li>\n<\/ul>\n<\/div>\n<div class=\"section-four\">\n<h1>Other Destinations<\/h1>\n<div class=\"four-element\"><a href=\"#section5\"><img decoding=\"async\" src=\"https:\/\/www.saporedicina.com\/wp-content\/uploads\/landingpages\/china.jpg\" alt=\"China\" title=\"China\" width=\"241\" height=\"186\" \/><\/p>\n<h2>China<\/h2>\n<p><\/a><\/div>\n<div class=\"four-element\"><a href=\"https:\/\/www.saporedicina.com\/english\/hong-kong\/\"><img decoding=\"async\" src=\"https:\/\/www.saporedicina.com\/wp-content\/uploads\/landingpages\/hong-kong.jpg\" alt=\"Hong Kong\" title=\"Hong Kong\" width=\"241\" height=\"186\" \/><\/p>\n<h2>Hong Kong SAR<\/h2>\n<p><\/a><\/div>\n<div class=\"four-element\"><a href=\"https:\/\/www.saporedicina.com\/english\/taiwan\/\"><img decoding=\"async\" src=\"https:\/\/www.saporedicina.com\/wp-content\/uploads\/landingpages\/taiwan.jpg\" alt=\"Taiwan\" title=\"Taiwan\" width=\"241\" height=\"186\" \/><\/p>\n<h2>Taiwan ROC<\/h2>\n<p><\/a><\/div>\n<div class=\"four-element\"><a href=\"https:\/\/www.saporedicina.com\/english\/singapore\/\"><img decoding=\"async\" src=\"https:\/\/www.saporedicina.com\/wp-content\/uploads\/landingpages\/singapore.jpg\" alt=\"Singapore\" title=\"Singapore\" width=\"241\" height=\"186\" \/><\/p>\n<h2>Singapore<\/h2>\n<p><\/a><\/div>\n<div class=\"four-element\"><a href=\"https:\/\/www.saporedicina.com\/english\/thailand\/\" ><img decoding=\"async\" src=\"https:\/\/www.saporedicina.com\/wp-content\/uploads\/landingpages\/thailand.jpg\" alt=\"Thailand\" title=\"Thailand\" width=\"241\" height=\"186\" \/><\/p>\n<h2>Thailand<\/h2>\n<p><\/a><\/div>\n<div class=\"four-element\"><a href=\"https:\/\/www.saporedicina.com\/english\/vietnam\/\"><img decoding=\"async\" src=\"https:\/\/www.saporedicina.com\/wp-content\/uploads\/landingpages\/vietnam.jpg\" alt=\"Vietnam\" title=\"Vietnam\" width=\"241\" height=\"186\" \/><\/p>\n<h2>Vietnam<\/h2>\n<p><\/a><\/div>\n<\/div>\n<div class=\"five-element\">\n<h2 id=\"section5\">General Information<\/h2>\n<p><img decoding=\"async\" class=\"alignright\" src=\"https:\/\/www.saporedicina.com\/wp-content\/uploads\/landingpages\/china.jpg\" width=\"241\" height=\"186\" alt=\"China\" \/><\/p>\n<ul class=\"spaced-list\">\n<li><strong>Official name<\/strong>: People\u2019s Republic of China (\u4e2d\u534e\u4eba\u6c11\u5171\u548c\u56fd, Zh\u014dnghu\u00e1 R\u00e9nm\u00edn G\u00f2ngh\u00e9gu\u00f3)<\/li>\n<li><strong>Population<\/strong>: 1,439,323,776 (2020)<\/li>\n<li><strong>Capital<\/strong>: Beijing (\u5317\u4eac, B\u011bij\u012bng)<\/li>\n<li><strong>Currency<\/strong>: Renminbi (\u00a5, CNY)<\/li>\n<li><strong>Time zone<\/strong>: GMT +8<\/li>\n<li><strong>Official language<\/strong>: Mandarin Chinese<\/li>\n<li><strong>Country code<\/strong>: +86<\/li>\n<\/ul>\n<\/div>\n<div class=\"five-element\">\n<h2>Traveling to China<\/h2>\n<h3>International Tourism<\/h3>\n<p>China is in fourth place globally in terms of the number of international tourists received.<\/p>\n<h3>Infrastructure<\/h3>\n<p>China has excellent and modern infrastructure.<\/p>\n<h3>Tourism Industry<\/h3>\n<p>China has a highly developed tourism industry but its facilities are often saturated due to the significant growth in domestic tourism.<\/p>\n<h3>Safety<\/h3>\n<p>China is a relatively safe country for international travelers.<\/p>\n<h3>Main Problems Faced by Tourists<\/h3>\n<p>The language barrier and cultural differences.<\/p>\n<h3>Visas<\/h3>\n<p>The majority of nationalities require a visa to enter China. There are some exceptions for travelers in transit.<\/p>\n<h3>Other Important Information<\/h3>\n<p>Foreigners are required to register their stay with the local police station (hotels usually do this).<\/p>\n<h3>Featured Articles<\/h3>\n<ul>\n<li><a href=\"https:\/\/www.saporedicina.com\/english\/travel-to-china\/\">China Travel Guide<\/a><\/li>\n<li><a href=\"https:\/\/www.saporedicina.com\/english\/china-tours-guide\/\">Tours in China<\/a><\/li>\n<li><a href=\"https:\/\/www.saporedicina.com\/english\/travel-insurance-china\/\">Travel Insurance for China<\/a><\/li>\n<li><a href=\"https:\/\/www.saporedicina.com\/english\/best-vpn-china\/\">How to Access Blocked Websites in China with a VPN<\/a><\/li>\n<\/ul>\n<\/div>\n<div class=\"five-element\">\n<h2>Living in China<\/h2>\n<h3>Cost of Living<\/h3>\n<p>There are huge differences in the cost of living depending on the region of the country. While the main Chinese cities have costs of living that are similar to cities in developed countries, third-tier cities are still relatively cheap.<\/p>\n<h3>Job Market<\/h3>\n<p>China continues to offer good job opportunities for qualified workers in certain sectors, including education, science, cutting-edge technologies and trade, among others.<\/p>\n<h3>Wages<\/h3>\n<p>Wages have gone up over the past years but, although with a few exceptions, they are still far below those of the most competitive destinations.<\/p>\n<h3>Health Insurance<\/h3>\n<p>Public health coverage in China is limited and the quality isn\u2019t always comparable to Western systems. Because of this, it\u2019s a good idea to get a reliable health insurance policy that covers medical attention at private centers.<\/p>\n<h3>Visas<\/h3>\n<p>Work visas regulations are quite strict and can be difficult to get. To be able to work in China, it\u2019s necessary to demonstrate that the employee has experience and knowledge in one of the country\u2019s key sectors.<\/p>\n<h3>Featured Articles<\/h3>\n<ul>\n<li><a href=\"https:\/\/www.saporedicina.com\/english\/work-visa-china\/\">Work Visas for China<\/a><\/li>\n<li><a href=\"https:\/\/www.saporedicina.com\/english\/health-insurance-expats-china\/\">Health Insurance for China<\/a><\/li>\n<li><a href=\"https:\/\/www.saporedicina.com\/english\/cost-of-living-in-china\/\">Cost of Living in China<\/a><\/li>\n<li><a href=\"https:\/\/www.saporedicina.com\/english\/moving-companies-for-china\/\">Moving to China from Abroad<\/a><\/li>\n<\/ul>\n<\/div>\n<div class=\"five-element\">\n<h2>Business in China<\/h2>\n<h3>Market Openness<\/h3>\n<p>China has a free-market economy but restrictions on capital transactions and foreign investment exist and its currency is highly regulated.<\/p>\n<h3>Legal Certainty<\/h3>\n<p>This aspect has improved over the past years, but legislation continues to be ambiguous and open to some arbitrariness.<\/p>\n<h3>Setting up a Company<\/h3>\n<p>Setting up a company in China can be complicated due to the bureaucracy, restrictions that exist in certain sectors of activity and the arbitrariness in granting certain permits.<\/p>\n<h3>Imports and Exports<\/h3>\n<p>China is the world\u2019s top exporter both in terms of total and net exports, with exports representing a significant proportion of its GDP. In terms of imports, it comes in second place following the United States.<\/p>\n<h3>Domestic Market<\/h3>\n<p>Despite being the most populated country on earth, its domestic market is still far behind the most developed economies. The Chinese market is relatively closed and it\u2019s difficult for new products and services from abroad to establish a demand.<\/p>\n<h3>Featured Articles<\/h3>\n<ul>\n<li><a href=\"https:\/\/www.saporedicina.com\/english\/how-to-start-a-company-in-china\/\">Setting up a Company in China<\/a><\/li>\n<li><a href=\"https:\/\/www.saporedicina.com\/english\/trade-fairs-in-china\/\">Trade Fairs in China<\/a><\/li>\n<li><a href=\"https:\/\/www.saporedicina.com\/english\/hiring-locally-in-china\/\">Hiring Employees in China<\/a><\/li>\n<li><a href=\"https:\/\/www.saporedicina.com\/english\/business-visas-for-china\/\">Business Visas for China<\/a><\/li>\n<\/ul>\n<\/div>\n<div class=\"five-element\">\n<h2>Learning Chinese<\/h2>\n<h3>Features<\/h3>\n<p>Chinese is a tonal language with a multitude of dialects, some of which are mutually unintelligible. However, all dialects share a common writing system and grammar.<\/p>\n<h3>Time Needed<\/h3>\n<p>This depends on many factors. Generally, one year of exclusive study in an adequate environment is considered sufficient to acquire a level enabling effective communication.<\/p>\n<h3>Easy Aspects<\/h3>\n<p>Chinese grammar isn\u2019t based on strict rules like Western languages, and is usually the part of the language that the majority of students find simple.<\/p>\n<h3>Difficult Aspects<\/h3>\n<p>Writing and pronunciation tend to be the elements that non-native students find the most difficult, especially non-Asians.<\/p>\n<h3>Featured Articles<\/h3>\n<ul>\n<li><a href=\"https:\/\/www.saporedicina.com\/english\/chinese-courses\/\">Chinese Courses<\/a><\/li>\n<li><a href=\"https:\/\/www.saporedicina.com\/english\/chinese-level-test-hsk\/\">Free Chinese Level Test<\/a><\/li>\n<li><a href=\"https:\/\/www.saporedicina.com\/english\/best-apps-to-learn-chinese-on-your-smartphone-or-tablet\/\">The Best Apps for Learning Chinese <\/a><\/li>\n<li><a href=\"https:\/\/www.saporedicina.com\/english\/chinese-grammar-guide\/\">The Complete Guide to Chinese Grammar <\/a><\/li>\n<\/ul>\n<\/div>\n","protected":false},"excerpt":{"rendered":"<p>travel to china Visas, Hotels, Flights, Trains, Tours and More live in china Jobs, Universities, Apartments and More Learn Chinese Free Online Resources, Courses and Tips Destinations Itineraries, City and Province Guides resources Everything You Need to Survive in China Latest Articles Read Our Latest Published Articles&#8230; as seen in Other Destinations China Hong Kong [&hellip;]<\/p>\n","protected":false},"author":1,"featured_media":0,"parent":0,"menu_order":0,"comment_status":"closed","ping_status":"closed","template":"","meta":{"_uag_custom_page_level_css":"","site-sidebar-layout":"default","site-content-layout":"default","ast-site-content-layout":"default","site-content-style":"default","site-sidebar-style":"default","ast-global-header-display":"","ast-banner-title-visibility":"","ast-main-header-display":"","ast-hfb-above-header-display":"","ast-hfb-below-header-display":"","ast-hfb-mobile-header-display":"","site-post-title":"disabled","ast-breadcrumbs-content":"","ast-featured-img":"","footer-sml-layout":"","theme-transparent-header-meta":"default","adv-header-id-meta":"","stick-header-meta":"default","header-above-stick-meta":"","header-main-stick-meta":"","header-below-stick-meta":"","astra-migrate-meta-layouts":"default","ast-page-background-enabled":"default","ast-page-background-meta":{"desktop":{"background-color":"var(--ast-global-color-4)","background-image":"","background-repeat":"repeat","background-position":"center center","background-size":"auto","background-attachment":"scroll","background-type":"","background-media":"","overlay-type":"","overlay-color":"","overlay-opacity":"","overlay-gradient":""},"tablet":{"background-color":"","background-image":"","background-repeat":"repeat","background-position":"center center","background-size":"auto","background-attachment":"scroll","background-type":"","background-media":"","overlay-type":"","overlay-color":"","overlay-opacity":"","overlay-gradient":""},"mobile":{"background-color":"","background-image":"","background-repeat":"repeat","background-position":"center center","background-size":"auto","background-attachment":"scroll","background-type":"","background-media":"","overlay-type":"","overlay-color":"","overlay-opacity":"","overlay-gradient":""}},"ast-content-background-meta":{"desktop":{"background-color":"var(--ast-global-color-5)","background-image":"","background-repeat":"repeat","background-position":"center center","background-size":"auto","background-attachment":"scroll","background-type":"","background-media":"","overlay-type":"","overlay-color":"","overlay-opacity":"","overlay-gradient":""},"tablet":{"background-color":"var(--ast-global-color-5)","background-image":"","background-repeat":"repeat","background-position":"center center","background-size":"auto","background-attachment":"scroll","background-type":"","background-media":"","overlay-type":"","overlay-color":"","overlay-opacity":"","overlay-gradient":""},"mobile":{"background-color":"var(--ast-global-color-5)","background-image":"","background-repeat":"repeat","background-position":"center center","background-size":"auto","background-attachment":"scroll","background-type":"","background-media":"","overlay-type":"","overlay-color":"","overlay-opacity":"","overlay-gradient":""}},"footnotes":""},"class_list":["post-9239","page","type-page","status-publish","hentry"],"yoast_head":"<!-- This site is optimized with the Yoast SEO plugin v27.5 - https:\/\/yoast.com\/product\/yoast-seo-wordpress\/ -->\n<title>Learn Chinese, Live or Travel in China - Sapore di Cina<\/title>\n<meta name=\"description\" content=\"How to learn Mandarin, travel around China, Live, study and work in the country, and understand its culture\" \/>\n<meta name=\"robots\" content=\"index, follow, max-snippet:-1, max-image-preview:large, max-video-preview:-1\" \/>\n<link rel=\"canonical\" href=\"https:\/\/www.saporedicina.com\/english\/\" \/>\n<meta property=\"og:locale\" content=\"en_US\" \/>\n<meta property=\"og:type\" content=\"article\" \/>\n<meta property=\"og:title\" content=\"Learn Chinese, Live or Travel in China - Sapore di Cina\" \/>\n<meta property=\"og:description\" content=\"How to learn Mandarin, travel around China, Live, study and work in the country, and understand its culture\" \/>\n<meta property=\"og:url\" content=\"https:\/\/www.saporedicina.com\/english\/\" \/>\n<meta property=\"og:site_name\" content=\"Sapore di Cina\" \/>\n<meta property=\"article:publisher\" content=\"https:\/\/www.facebook.com\/flavorofchina\" \/>\n<meta property=\"article:modified_time\" content=\"2023-07-23T05:11:43+00:00\" \/>\n<meta property=\"og:image\" content=\"https:\/\/www.saporedicina.com\/wp-content\/uploads\/landingpages\/travel_to_china.jpg\" \/>\n<meta name=\"twitter:card\" content=\"summary_large_image\" \/>\n<meta name=\"twitter:site\" content=\"@saporedicina\" \/>\n<meta name=\"twitter:label1\" content=\"Est. reading time\" \/>\n\t<meta name=\"twitter:data1\" content=\"7 minutes\" \/>\n<script type=\"application\/ld+json\" class=\"yoast-schema-graph\">{\"@context\":\"https:\\\/\\\/schema.org\",\"@graph\":[{\"@type\":\"WebPage\",\"@id\":\"https:\\\/\\\/www.saporedicina.com\\\/english\\\/\",\"url\":\"https:\\\/\\\/www.saporedicina.com\\\/english\\\/\",\"name\":\"Learn Chinese, Live or Travel in China - Sapore di Cina\",\"isPartOf\":{\"@id\":\"https:\\\/\\\/www.saporedicina.com\\\/english\\\/#website\"},\"primaryImageOfPage\":{\"@id\":\"https:\\\/\\\/www.saporedicina.com\\\/english\\\/#primaryimage\"},\"image\":{\"@id\":\"https:\\\/\\\/www.saporedicina.com\\\/english\\\/#primaryimage\"},\"thumbnailUrl\":\"https:\\\/\\\/www.saporedicina.com\\\/wp-content\\\/uploads\\\/landingpages\\\/travel_to_china.jpg\",\"datePublished\":\"2015-08-24T13:49:49+00:00\",\"dateModified\":\"2023-07-23T05:11:43+00:00\",\"description\":\"How to learn Mandarin, travel around China, Live, study and work in the country, and understand its culture\",\"breadcrumb\":{\"@id\":\"https:\\\/\\\/www.saporedicina.com\\\/english\\\/#breadcrumb\"},\"inLanguage\":\"en-US\",\"potentialAction\":[{\"@type\":\"ReadAction\",\"target\":[\"https:\\\/\\\/www.saporedicina.com\\\/english\\\/\"]}]},{\"@type\":\"ImageObject\",\"inLanguage\":\"en-US\",\"@id\":\"https:\\\/\\\/www.saporedicina.com\\\/english\\\/#primaryimage\",\"url\":\"https:\\\/\\\/www.saporedicina.com\\\/wp-content\\\/uploads\\\/landingpages\\\/travel_to_china.jpg\",\"contentUrl\":\"https:\\\/\\\/www.saporedicina.com\\\/wp-content\\\/uploads\\\/landingpages\\\/travel_to_china.jpg\"},{\"@type\":\"BreadcrumbList\",\"@id\":\"https:\\\/\\\/www.saporedicina.com\\\/english\\\/#breadcrumb\",\"itemListElement\":[{\"@type\":\"ListItem\",\"position\":1,\"name\":\"Home\",\"item\":\"https:\\\/\\\/www.saporedicina.com\\\/english\\\/\"},{\"@type\":\"ListItem\",\"position\":2,\"name\":\"Learn Chinese, Live or Travel in China &#8211; Sapore di Cina\"}]},{\"@type\":\"WebSite\",\"@id\":\"https:\\\/\\\/www.saporedicina.com\\\/english\\\/#website\",\"url\":\"https:\\\/\\\/www.saporedicina.com\\\/english\\\/\",\"name\":\"Sapore di Cina\",\"description\":\"Learn Chinese, Travel, Study or Work in China and Asia\",\"publisher\":{\"@id\":\"https:\\\/\\\/www.saporedicina.com\\\/english\\\/#organization\"},\"alternateName\":\"SDC\",\"potentialAction\":[{\"@type\":\"SearchAction\",\"target\":{\"@type\":\"EntryPoint\",\"urlTemplate\":\"https:\\\/\\\/www.saporedicina.com\\\/english\\\/?s={search_term_string}\"},\"query-input\":{\"@type\":\"PropertyValueSpecification\",\"valueRequired\":true,\"valueName\":\"search_term_string\"}}],\"inLanguage\":\"en-US\"},{\"@type\":\"Organization\",\"@id\":\"https:\\\/\\\/www.saporedicina.com\\\/english\\\/#organization\",\"name\":\"Sapore di Cina\",\"alternateName\":\"SDC\",\"url\":\"https:\\\/\\\/www.saporedicina.com\\\/english\\\/\",\"logo\":{\"@type\":\"ImageObject\",\"inLanguage\":\"en-US\",\"@id\":\"https:\\\/\\\/www.saporedicina.com\\\/english\\\/#\\\/schema\\\/logo\\\/image\\\/\",\"url\":\"https:\\\/\\\/www.saporedicina.com\\\/english\\\/wp-content\\\/uploads\\\/2019\\\/04\\\/logo.jpg\",\"contentUrl\":\"https:\\\/\\\/www.saporedicina.com\\\/english\\\/wp-content\\\/uploads\\\/2019\\\/04\\\/logo.jpg\",\"width\":800,\"height\":800,\"caption\":\"Sapore di Cina\"},\"image\":{\"@id\":\"https:\\\/\\\/www.saporedicina.com\\\/english\\\/#\\\/schema\\\/logo\\\/image\\\/\"},\"sameAs\":[\"https:\\\/\\\/www.facebook.com\\\/flavorofchina\",\"https:\\\/\\\/x.com\\\/saporedicina\",\"https:\\\/\\\/www.linkedin.com\\\/company\\\/saporedicina\\\/\",\"https:\\\/\\\/www.youtube.com\\\/channel\\\/UCl2ssfXqNmOeaY6l470UDlQ\"]}]}<\/script>\n<!-- \/ Yoast SEO plugin. -->","yoast_head_json":{"title":"Learn Chinese, Live or Travel in China - Sapore di Cina","description":"How to learn Mandarin, travel around China, Live, study and work in the country, and understand its culture","robots":{"index":"index","follow":"follow","max-snippet":"max-snippet:-1","max-image-preview":"max-image-preview:large","max-video-preview":"max-video-preview:-1"},"canonical":"https:\/\/www.saporedicina.com\/english\/","og_locale":"en_US","og_type":"article","og_title":"Learn Chinese, Live or Travel in China - Sapore di Cina","og_description":"How to learn Mandarin, travel around China, Live, study and work in the country, and understand its culture","og_url":"https:\/\/www.saporedicina.com\/english\/","og_site_name":"Sapore di Cina","article_publisher":"https:\/\/www.facebook.com\/flavorofchina","article_modified_time":"2023-07-23T05:11:43+00:00","og_image":[{"url":"https:\/\/www.saporedicina.com\/wp-content\/uploads\/landingpages\/travel_to_china.jpg","type":"","width":"","height":""}],"twitter_card":"summary_large_image","twitter_site":"@saporedicina","twitter_misc":{"Est. reading time":"7 minutes"},"schema":{"@context":"https:\/\/schema.org","@graph":[{"@type":"WebPage","@id":"https:\/\/www.saporedicina.com\/english\/","url":"https:\/\/www.saporedicina.com\/english\/","name":"Learn Chinese, Live or Travel in China - Sapore di Cina","isPartOf":{"@id":"https:\/\/www.saporedicina.com\/english\/#website"},"primaryImageOfPage":{"@id":"https:\/\/www.saporedicina.com\/english\/#primaryimage"},"image":{"@id":"https:\/\/www.saporedicina.com\/english\/#primaryimage"},"thumbnailUrl":"https:\/\/www.saporedicina.com\/wp-content\/uploads\/landingpages\/travel_to_china.jpg","datePublished":"2015-08-24T13:49:49+00:00","dateModified":"2023-07-23T05:11:43+00:00","description":"How to learn Mandarin, travel around China, Live, study and work in the country, and understand its culture","breadcrumb":{"@id":"https:\/\/www.saporedicina.com\/english\/#breadcrumb"},"inLanguage":"en-US","potentialAction":[{"@type":"ReadAction","target":["https:\/\/www.saporedicina.com\/english\/"]}]},{"@type":"ImageObject","inLanguage":"en-US","@id":"https:\/\/www.saporedicina.com\/english\/#primaryimage","url":"https:\/\/www.saporedicina.com\/wp-content\/uploads\/landingpages\/travel_to_china.jpg","contentUrl":"https:\/\/www.saporedicina.com\/wp-content\/uploads\/landingpages\/travel_to_china.jpg"},{"@type":"BreadcrumbList","@id":"https:\/\/www.saporedicina.com\/english\/#breadcrumb","itemListElement":[{"@type":"ListItem","position":1,"name":"Home","item":"https:\/\/www.saporedicina.com\/english\/"},{"@type":"ListItem","position":2,"name":"Learn Chinese, Live or Travel in China &#8211; Sapore di Cina"}]},{"@type":"WebSite","@id":"https:\/\/www.saporedicina.com\/english\/#website","url":"https:\/\/www.saporedicina.com\/english\/","name":"Sapore di Cina","description":"Learn Chinese, Travel, Study or Work in China and Asia","publisher":{"@id":"https:\/\/www.saporedicina.com\/english\/#organization"},"alternateName":"SDC","potentialAction":[{"@type":"SearchAction","target":{"@type":"EntryPoint","urlTemplate":"https:\/\/www.saporedicina.com\/english\/?s={search_term_string}"},"query-input":{"@type":"PropertyValueSpecification","valueRequired":true,"valueName":"search_term_string"}}],"inLanguage":"en-US"},{"@type":"Organization","@id":"https:\/\/www.saporedicina.com\/english\/#organization","name":"Sapore di Cina","alternateName":"SDC","url":"https:\/\/www.saporedicina.com\/english\/","logo":{"@type":"ImageObject","inLanguage":"en-US","@id":"https:\/\/www.saporedicina.com\/english\/#\/schema\/logo\/image\/","url":"https:\/\/www.saporedicina.com\/english\/wp-content\/uploads\/2019\/04\/logo.jpg","contentUrl":"https:\/\/www.saporedicina.com\/english\/wp-content\/uploads\/2019\/04\/logo.jpg","width":800,"height":800,"caption":"Sapore di Cina"},"image":{"@id":"https:\/\/www.saporedicina.com\/english\/#\/schema\/logo\/image\/"},"sameAs":["https:\/\/www.facebook.com\/flavorofchina","https:\/\/x.com\/saporedicina","https:\/\/www.linkedin.com\/company\/saporedicina\/","https:\/\/www.youtube.com\/channel\/UCl2ssfXqNmOeaY6l470UDlQ"]}]}},"uagb_featured_image_src":{"full":false,"thumbnail":false,"medium":false,"medium_large":false,"large":false,"1536x1536":false,"2048x2048":false},"uagb_author_info":{"display_name":"Sapore di Cina","author_link":"https:\/\/www.saporedicina.com\/english\/author\/furio\/"},"uagb_comment_info":0,"uagb_excerpt":"travel to china Visas, Hotels, Flights, Trains, Tours and More live in china Jobs, Universities, Apartments and More Learn Chinese Free Online Resources, Courses and Tips Destinations Itineraries, City and Province Guides resources Everything You Need to Survive in China Latest Articles Read Our Latest Published Articles&#8230; as seen in Other Destinations China Hong Kong&hellip;","_links":{"self":[{"href":"https:\/\/www.saporedicina.com\/english\/wp-json\/wp\/v2\/pages\/9239","targetHints":{"allow":["GET"]}}],"collection":[{"href":"https:\/\/www.saporedicina.com\/english\/wp-json\/wp\/v2\/pages"}],"about":[{"href":"https:\/\/www.saporedicina.com\/english\/wp-json\/wp\/v2\/types\/page"}],"author":[{"embeddable":true,"href":"https:\/\/www.saporedicina.com\/english\/wp-json\/wp\/v2\/users\/1"}],"replies":[{"embeddable":true,"href":"https:\/\/www.saporedicina.com\/english\/wp-json\/wp\/v2\/comments?post=9239"}],"version-history":[{"count":2,"href":"https:\/\/www.saporedicina.com\/english\/wp-json\/wp\/v2\/pages\/9239\/revisions"}],"predecessor-version":[{"id":30500,"href":"https:\/\/www.saporedicina.com\/english\/wp-json\/wp\/v2\/pages\/9239\/revisions\/30500"}],"wp:attachment":[{"href":"https:\/\/www.saporedicina.com\/english\/wp-json\/wp\/v2\/media?parent=9239"}],"curies":[{"name":"wp","href":"https:\/\/api.w.org\/{rel}","templated":true}]}}