{"id":24203,"date":"2020-02-26T23:05:32","date_gmt":"2020-02-26T22:05:32","guid":{"rendered":"https:\/\/www.saporedicina.com\/english\/?page_id=24203"},"modified":"2021-03-23T10:48:45","modified_gmt":"2021-03-23T09:48:45","slug":"singapore","status":"publish","type":"page","link":"https:\/\/www.saporedicina.com\/english\/singapore\/","title":{"rendered":"Live or Travel in Singapore &#8211; Sapore di Cina"},"content":{"rendered":"<div class=\"section-one\">\n<div class=\"one-element\"><a href=\"https:\/\/www.saporedicina.com\/english\/travel-to-singapore\/\"><img decoding=\"async\" src=\"https:\/\/www.saporedicina.com\/wp-content\/uploads\/landingpages\/travel_to_china.jpg\" alt=\"Travel To Singapore\" title=\"Travel To Singapore\" width=\"250\" height=\"250\" \/><\/p>\n<h2>travel to Singapore<\/h2>\n<p>Visas, Insurances, Hotels, Internet, Money, Tours and More<\/p>\n<p><\/a><\/div>\n<div class=\"one-element\"><a href=\"https:\/\/www.saporedicina.com\/english\/business-asia\/\"><img decoding=\"async\" src=\"https:\/\/www.saporedicina.com\/wp-content\/uploads\/landingpages\/resources.jpg\" alt=\"Business in Asia\" title=\"Business in Asia\" width=\"250\" height=\"250\" \/><\/p>\n<h2>Business in Asia<\/h2>\n<p>Everything You Need to Do Business in Singapore and Asia<\/p>\n<p><\/a><\/div>\n<div class=\"one-element\"><a href=\"https:\/\/www.saporedicina.com\/english\/category\/singapore\/\"><img decoding=\"async\" src=\"https:\/\/www.saporedicina.com\/wp-content\/uploads\/landingpages\/last_articles.jpg\" alt=\"Last Articles about Singapore\" title=\"Last Articles about Singapore\" width=\"250\" height=\"250\" \/><\/p>\n<h2>Latest Articles<\/h2>\n<p>Read Our Latest Published Articles&#8230;<\/p>\n<p><\/a><\/div>\n<\/div>\n<div class=\"section-as-seen\">\n<h3>as seen in<\/h3>\n<ul>\n<li><img decoding=\"async\" src=\"https:\/\/www.saporedicina.com\/wp-content\/uploads\/landingpages\/theverge1.png\" alt=\"The Verge\" title=\"The Verge\" width=\"73\" height=\"50\"><\/li>\n<li><img decoding=\"async\" src=\"https:\/\/www.saporedicina.com\/wp-content\/uploads\/landingpages\/theguardian1.png\" alt=\"The Guardian\" title=\"The Guardian\" width=\"287\" height=\"50\"><\/li>\n<li><img decoding=\"async\" src=\"https:\/\/www.saporedicina.com\/wp-content\/uploads\/landingpages\/virgin1.png\" alt=\"Virgin\" title=\"Virgin\" width=\"57\" height=\"50\"><\/li>\n<li><img decoding=\"async\" src=\"https:\/\/www.saporedicina.com\/wp-content\/uploads\/landingpages\/thehuffingtonpost1.png\" alt=\"The Huffington Post\" title=\"The Huffington Post\" width=\"129\" height=\"50\"><\/li>\n<li><img decoding=\"async\" src=\"https:\/\/www.saporedicina.com\/wp-content\/uploads\/landingpages\/bbc1.png\" alt=\"BBC\" title=\"BBC\" width=\"140\" height=\"40\"><\/li>\n<li><img decoding=\"async\" src=\"https:\/\/www.saporedicina.com\/wp-content\/uploads\/landingpages\/chinesepod1.png\" alt=\"ChinesePod\" title=\"ChinesePod\" width=\"56\" height=\"50\"><\/li>\n<\/ul>\n<\/div>\n<div class=\"section-four\">\n<h1>Other Destinations<\/h1>\n<div class=\"four-element\"><a href=\"https:\/\/www.saporedicina.com\/english\/articles\/\"><img decoding=\"async\" src=\"https:\/\/www.saporedicina.com\/wp-content\/uploads\/landingpages\/china.jpg\" alt=\"China\" title=\"China\" width=\"241\" height=\"186\" \/><\/p>\n<h2>China<\/h2>\n<p><\/a><\/div>\n<div class=\"four-element\"><a href=\"https:\/\/www.saporedicina.com\/english\/hong-kong\/\"><img decoding=\"async\" src=\"https:\/\/www.saporedicina.com\/wp-content\/uploads\/landingpages\/hong-kong.jpg\" alt=\"Hong Kong\" title=\"Hong Kong\" width=\"241\" height=\"186\" \/><\/p>\n<h2>Hong Kong SAR<\/h2>\n<p><\/a><\/div>\n<div class=\"four-element\"><a href=\"https:\/\/www.saporedicina.com\/english\/taiwan\/\"><img decoding=\"async\" src=\"https:\/\/www.saporedicina.com\/wp-content\/uploads\/landingpages\/taiwan.jpg\" alt=\"Taiwan\" title=\"Taiwan\" width=\"241\" height=\"186\" \/><\/p>\n<h2>Taiwan ROC<\/h2>\n<p><\/a><\/div>\n<div class=\"four-element\"><a href=\"#section5\"><img decoding=\"async\" src=\"https:\/\/www.saporedicina.com\/wp-content\/uploads\/landingpages\/singapore.jpg\" alt=\"Singapore\" title=\"Singapore\" width=\"241\" height=\"186\" \/><\/p>\n<h2>Singapore<\/h2>\n<p><\/a><\/div>\n<div class=\"four-element\"><a href=\"https:\/\/www.saporedicina.com\/english\/thailand\/\" ><img decoding=\"async\" src=\"https:\/\/www.saporedicina.com\/wp-content\/uploads\/landingpages\/thailand.jpg\" alt=\"Thailand\" title=\"Thailand\" width=\"241\" height=\"186\" \/><\/p>\n<h2>Thailand<\/h2>\n<p><\/a><\/div>\n<div class=\"four-element\"><a href=\"https:\/\/www.saporedicina.com\/english\/vietnam\/\"><img decoding=\"async\" src=\"https:\/\/www.saporedicina.com\/wp-content\/uploads\/landingpages\/vietnam.jpg\" alt=\"Vietnam\" title=\"Vietnam\" width=\"241\" height=\"186\" \/><\/p>\n<h2>Vietnam<\/h2>\n<p><\/a><\/div>\n<\/div>\n<div class=\"five-element\">\n<h2 id=\"section5\">General Information<\/h2>\n<p><img decoding=\"async\" class=\"alignright\" src=\"https:\/\/www.saporedicina.com\/wp-content\/uploads\/landingpages\/singapore.jpg\" alt=\"Singapur\" width=\"241\" height=\"186\"\/><\/p>\n<ul class=\"spaced-list\">\n<li><strong>Official name<\/strong>: Republic of Singapore (\u65b0\u52a0\u5761\u5171\u548c\u56fd, X\u012bnj\u012bap\u014d G\u00f2ngh\u00e9gu\u00f3, Republik Singapura, \u0b9a\u0bbf\u0b99\u0bcd\u0b95\u0baa\u0bcd\u0baa\u0bc2\u0bb0\u0bcd \u0b95\u0bc1\u0b9f\u0bbf\u0baf\u0bb0\u0b9a\u0bc1, Si\u1e45kapp\u016br Ku\u1e6diyarasu)<\/li>\n<li><strong>Population<\/strong>: 5,850,342 (2020)<\/li>\n<li><strong>Capital<\/strong>: City of Singapore<\/li>\n<li><strong>Currency<\/strong>: Singapore dollar ($, SGD)<\/li>\n<li><strong>Time zone<\/strong>: GMT +8<\/li>\n<li><strong>Official languages<\/strong>: Chinese, English, Malay and Tamil<\/li>\n<li><strong>Country code<\/strong>: +65<\/li>\n<\/ul>\n<\/div>\n<div class=\"five-element\">\n<h2>Traveling to Singapore<\/h2>\n<h3>International Tourism<\/h3>\n<p>Receiving more than 18 million international tourists annually, this small country is one of the top 10 tourism destinations in Asia and is one of the top 5 most-visited cities in the world.<\/p>\n<h3>Infrastructure<\/h3>\n<p>Singapore has modern and efficient infrastructure.<\/p>\n<h3>Tourism Industry<\/h3>\n<p>The tourism industry is well-developed and is an important sector in the country\u2019s economy. Some of the main tourism activities are shopping, casinos and health tourism.<\/p>\n<h3>Safety<\/h3>\n<p>Singapore is an extremely safe country for travelers.<\/p>\n<h3>Main Problems Faced by Tourists<\/h3>\n<p>Legislation in Singapore can be very strict. Socially unacceptable behaviors that are tolerated in many countries can result in hefty fines in Singapore.<\/p>\n<h3>Visas<\/h3>\n<p>Many nationalities can remain 30 or 90 days in Singapore without needing a visa.<\/p>\n<h3>Featured Articles<\/h3>\n<ul>\n<li><a href=\"https:\/\/www.saporedicina.com\/english\/travel-to-singapore\/\">Singapore Travel Guide <\/a><\/li>\n<li><a href=\"https:\/\/www.saporedicina.com\/english\/tour-singapore\/\">Tour in Singapore <\/a><\/li>\n<li><a href=\"https:\/\/www.saporedicina.com\/english\/health-insurance-singapore\/\">Travel Insurance for Singapore<\/a><\/li>\n<li><a href=\"https:\/\/www.saporedicina.com\/english\/best-hotels-in-singapore\/\">Hotels in Singapore <\/a><\/li>\n<\/ul>\n<\/div>\n<div class=\"five-element\">\n<h2>Living in Singapore<\/h2>\n<h3>Cost of Living<\/h3>\n<p>Singapore has one of the highest costs of living in the world, especially for accommodations and leisure.<\/p>\n<h3>Job Market<\/h3>\n<p>Singapore has a highly developed, dynamic and innovative economy, because of which it offers many job opportunities in various sectors.<\/p>\n<h3>Wages<\/h3>\n<p>Singapore does not have a minimum wage and has one of the largest income gaps among developed countries. Because of this, for highly qualified work, Singapore can offer appealing salaries.<\/p>\n<h3>Health Insurance<\/h3>\n<p>Both public and private medical care in Singapore are high-quality but also very expensive. Although a proportion of medical care is partially subsidized by the government, it is only offered to citizens or permanent residents. Because of this, it\u2019s essential to have health insurance in Singapore.<\/p>\n<h3>Visas<\/h3>\n<p>Although it\u2019s not easy to get a work visa, Singapore is less restrictive than many Asian countries when it comes to issuing these types of visas.<\/p>\n<h3>Featured Articles<\/h3>\n<ul>\n<li><a href=\"https:\/\/www.saporedicina.com\/english\/visa-for-singapore\/\">Visa for Singapore<\/a><\/li>\n<li><a href=\"https:\/\/www.saporedicina.com\/english\/cost-of-living-singapore\/\">Cost of Living in Singapore <\/a><\/li>\n<li><a href=\"https:\/\/www.saporedicina.com\/english\/finding-a-job-in-singapore\/\">Finding a Job in Singapore<\/a><\/li>\n<li><a href=\"https:\/\/www.saporedicina.com\/english\/international-moving-companies-singapore\/\">Moving Companies for Singapore<\/a><\/li>\n<\/ul>\n<\/div>\n<div class=\"five-element\">\n<h2>Business in Singapore<\/h2>\n<h3>Market Openness<\/h3>\n<p>Singapore\u2019s economy is considered one of the most liberal, innovative, dynamic, competitive and \u201cbusiness-friendly\u201d economies in the world.<\/p>\n<h3>Legal Certainty<\/h3>\n<p>Singapore\u2019s legal system is based on English law and offers excellent legal certainty with regards to business.<\/p>\n<h3>Setting up a Company<\/h3>\n<p>Creating and managing a company in Singapore is easy and relatively cheap.<\/p>\n<h3>Imports and Exports<\/h3>\n<p>Traditionally, Singapore has been one of the most important transshipping ports in Asia, making it one of the main points of entry into Asia for foreign products.<\/p>\n<h3>Featured Articles<\/h3>\n<ul>\n<li><a href=\"https:\/\/www.saporedicina.com\/english\/how-to-open-a-company-in-singapore\/\">Setting up a Company in Singapore<\/a><\/li>\n<li><a href=\"https:\/\/www.saporedicina.com\/english\/accounting-software-singapore-company\/\">Accounting Software for Singapore<\/a><\/li>\n<\/ul>\n<\/div>\n<div class=\"five-element\">\n<h2>Language<\/h2>\n<h3>Languages Spoken in Singapore<\/h3>\n<p>The two most commonly spoken languages in Singapore are English and Chinese, with 35% native speakers of each. The other official languages are Malay, which is used by 10% of the population, and Tamil, which is used by 3.3%.<\/p>\n<h3>Chinese in Singapore<\/h3>\n<p>Singapore uses simplified Chinese characters and the official dialect is Mandarin. However, almost half of native Chinese speakers speak other dialects, such as Hokkien, Teochew or Cantonese.<\/p>\n<h3>Featured Articles<\/h3>\n<ul>\n<li><a href=\"https:\/\/www.saporedicina.com\/english\/study-chinese-in-singapore\/\">Studying Chinese in Singapore <\/a><\/li>\n<li><a href=\"https:\/\/www.saporedicina.com\/english\/chinese-courses\/\">Chinese Courses<\/a><\/li>\n<li><a href=\"https:\/\/www.saporedicina.com\/english\/best-apps-to-learn-chinese-on-your-smartphone-or-tablet\/\">Apps for Learning Chinese<\/a><\/li>\n<li><a href=\"https:\/\/www.saporedicina.com\/english\/chinese-level-test-hsk\/\">Free Chinese Level Test<\/a><\/li>\n<\/ul>\n<\/div>\n","protected":false},"excerpt":{"rendered":"<p>travel to Singapore Visas, Insurances, Hotels, Internet, Money, Tours and More Business in Asia Everything You Need to Do Business in Singapore and Asia Latest Articles Read Our Latest Published Articles&#8230; as seen in Other Destinations China Hong Kong SAR Taiwan ROC Singapore Thailand Vietnam General Information Official name: Republic of Singapore (\u65b0\u52a0\u5761\u5171\u548c\u56fd, X\u012bnj\u012bap\u014d G\u00f2ngh\u00e9gu\u00f3, [&hellip;]<\/p>\n","protected":false},"author":2,"featured_media":27656,"parent":0,"menu_order":0,"comment_status":"closed","ping_status":"closed","template":"","meta":{"_uag_custom_page_level_css":"","site-sidebar-layout":"default","site-content-layout":"","ast-site-content-layout":"default","site-content-style":"default","site-sidebar-style":"default","ast-global-header-display":"","ast-banner-title-visibility":"","ast-main-header-display":"","ast-hfb-above-header-display":"","ast-hfb-below-header-display":"","ast-hfb-mobile-header-display":"","site-post-title":"","ast-breadcrumbs-content":"","ast-featured-img":"","footer-sml-layout":"","theme-transparent-header-meta":"","adv-header-id-meta":"","stick-header-meta":"","header-above-stick-meta":"","header-main-stick-meta":"","header-below-stick-meta":"","astra-migrate-meta-layouts":"default","ast-page-background-enabled":"default","ast-page-background-meta":{"desktop":{"background-color":"var(--ast-global-color-4)","background-image":"","background-repeat":"repeat","background-position":"center center","background-size":"auto","background-attachment":"scroll","background-type":"","background-media":"","overlay-type":"","overlay-color":"","overlay-opacity":"","overlay-gradient":""},"tablet":{"background-color":"","background-image":"","background-repeat":"repeat","background-position":"center center","background-size":"auto","background-attachment":"scroll","background-type":"","background-media":"","overlay-type":"","overlay-color":"","overlay-opacity":"","overlay-gradient":""},"mobile":{"background-color":"","background-image":"","background-repeat":"repeat","background-position":"center center","background-size":"auto","background-attachment":"scroll","background-type":"","background-media":"","overlay-type":"","overlay-color":"","overlay-opacity":"","overlay-gradient":""}},"ast-content-background-meta":{"desktop":{"background-color":"var(--ast-global-color-5)","background-image":"","background-repeat":"repeat","background-position":"center center","background-size":"auto","background-attachment":"scroll","background-type":"","background-media":"","overlay-type":"","overlay-color":"","overlay-opacity":"","overlay-gradient":""},"tablet":{"background-color":"var(--ast-global-color-5)","background-image":"","background-repeat":"repeat","background-position":"center center","background-size":"auto","background-attachment":"scroll","background-type":"","background-media":"","overlay-type":"","overlay-color":"","overlay-opacity":"","overlay-gradient":""},"mobile":{"background-color":"var(--ast-global-color-5)","background-image":"","background-repeat":"repeat","background-position":"center center","background-size":"auto","background-attachment":"scroll","background-type":"","background-media":"","overlay-type":"","overlay-color":"","overlay-opacity":"","overlay-gradient":""}},"footnotes":""},"class_list":["post-24203","page","type-page","status-publish","has-post-thumbnail","hentry"],"yoast_head":"<!-- This site is optimized with the Yoast SEO plugin v27.5 - https:\/\/yoast.com\/product\/yoast-seo-wordpress\/ -->\n<title>Travel, Live, Work, Study or do Business in Singapore - Sapore di Cina<\/title>\n<meta name=\"description\" content=\"Learn how to travel, live, find a job, study or do business in Singapore\" \/>\n<meta name=\"robots\" content=\"index, follow, max-snippet:-1, max-image-preview:large, max-video-preview:-1\" \/>\n<link rel=\"canonical\" href=\"https:\/\/www.saporedicina.com\/english\/singapore\/\" \/>\n<meta property=\"og:locale\" content=\"en_US\" \/>\n<meta property=\"og:type\" content=\"article\" \/>\n<meta property=\"og:title\" content=\"Travel, Live, Work, Study or do Business in Singapore - Sapore di Cina\" \/>\n<meta property=\"og:description\" content=\"Learn how to travel, live, find a job, study or do business in Singapore\" \/>\n<meta property=\"og:url\" content=\"https:\/\/www.saporedicina.com\/english\/singapore\/\" \/>\n<meta property=\"og:site_name\" content=\"Sapore di Cina\" \/>\n<meta property=\"article:publisher\" content=\"https:\/\/www.facebook.com\/flavorofchina\" \/>\n<meta property=\"article:modified_time\" content=\"2021-03-23T09:48:45+00:00\" \/>\n<meta property=\"og:image\" content=\"https:\/\/www.saporedicina.com\/wp-content\/uploads\/landingpages\/travel_to_china.jpg\" \/>\n<meta name=\"twitter:card\" content=\"summary_large_image\" \/>\n<meta name=\"twitter:site\" content=\"@saporedicina\" \/>\n<meta name=\"twitter:label1\" content=\"Est. reading time\" \/>\n\t<meta name=\"twitter:data1\" content=\"3 minutes\" \/>\n<script type=\"application\/ld+json\" class=\"yoast-schema-graph\">{\"@context\":\"https:\\\/\\\/schema.org\",\"@graph\":[{\"@type\":\"WebPage\",\"@id\":\"https:\\\/\\\/www.saporedicina.com\\\/english\\\/singapore\\\/\",\"url\":\"https:\\\/\\\/www.saporedicina.com\\\/english\\\/singapore\\\/\",\"name\":\"Travel, Live, Work, Study or do Business in Singapore - Sapore di Cina\",\"isPartOf\":{\"@id\":\"https:\\\/\\\/www.saporedicina.com\\\/english\\\/#website\"},\"primaryImageOfPage\":{\"@id\":\"https:\\\/\\\/www.saporedicina.com\\\/english\\\/singapore\\\/#primaryimage\"},\"image\":{\"@id\":\"https:\\\/\\\/www.saporedicina.com\\\/english\\\/singapore\\\/#primaryimage\"},\"thumbnailUrl\":\"https:\\\/\\\/www.saporedicina.com\\\/english\\\/wp-content\\\/uploads\\\/2021\\\/04\\\/internship-singapore.jpg\",\"datePublished\":\"2020-02-26T22:05:32+00:00\",\"dateModified\":\"2021-03-23T09:48:45+00:00\",\"description\":\"Learn how to travel, live, find a job, study or do business in Singapore\",\"breadcrumb\":{\"@id\":\"https:\\\/\\\/www.saporedicina.com\\\/english\\\/singapore\\\/#breadcrumb\"},\"inLanguage\":\"en-US\",\"potentialAction\":[{\"@type\":\"ReadAction\",\"target\":[\"https:\\\/\\\/www.saporedicina.com\\\/english\\\/singapore\\\/\"]}]},{\"@type\":\"ImageObject\",\"inLanguage\":\"en-US\",\"@id\":\"https:\\\/\\\/www.saporedicina.com\\\/english\\\/singapore\\\/#primaryimage\",\"url\":\"https:\\\/\\\/www.saporedicina.com\\\/english\\\/wp-content\\\/uploads\\\/2021\\\/04\\\/internship-singapore.jpg\",\"contentUrl\":\"https:\\\/\\\/www.saporedicina.com\\\/english\\\/wp-content\\\/uploads\\\/2021\\\/04\\\/internship-singapore.jpg\",\"width\":700,\"height\":376,\"caption\":\"Internship Singapore\"},{\"@type\":\"BreadcrumbList\",\"@id\":\"https:\\\/\\\/www.saporedicina.com\\\/english\\\/singapore\\\/#breadcrumb\",\"itemListElement\":[{\"@type\":\"ListItem\",\"position\":1,\"name\":\"Home\",\"item\":\"https:\\\/\\\/www.saporedicina.com\\\/english\\\/\"},{\"@type\":\"ListItem\",\"position\":2,\"name\":\"Live or Travel in Singapore &#8211; Sapore di Cina\"}]},{\"@type\":\"WebSite\",\"@id\":\"https:\\\/\\\/www.saporedicina.com\\\/english\\\/#website\",\"url\":\"https:\\\/\\\/www.saporedicina.com\\\/english\\\/\",\"name\":\"Sapore di Cina\",\"description\":\"Learn Chinese, Travel, Study or Work in China and Asia\",\"publisher\":{\"@id\":\"https:\\\/\\\/www.saporedicina.com\\\/english\\\/#organization\"},\"alternateName\":\"SDC\",\"potentialAction\":[{\"@type\":\"SearchAction\",\"target\":{\"@type\":\"EntryPoint\",\"urlTemplate\":\"https:\\\/\\\/www.saporedicina.com\\\/english\\\/?s={search_term_string}\"},\"query-input\":{\"@type\":\"PropertyValueSpecification\",\"valueRequired\":true,\"valueName\":\"search_term_string\"}}],\"inLanguage\":\"en-US\"},{\"@type\":\"Organization\",\"@id\":\"https:\\\/\\\/www.saporedicina.com\\\/english\\\/#organization\",\"name\":\"Sapore di Cina\",\"alternateName\":\"SDC\",\"url\":\"https:\\\/\\\/www.saporedicina.com\\\/english\\\/\",\"logo\":{\"@type\":\"ImageObject\",\"inLanguage\":\"en-US\",\"@id\":\"https:\\\/\\\/www.saporedicina.com\\\/english\\\/#\\\/schema\\\/logo\\\/image\\\/\",\"url\":\"https:\\\/\\\/www.saporedicina.com\\\/english\\\/wp-content\\\/uploads\\\/2019\\\/04\\\/logo.jpg\",\"contentUrl\":\"https:\\\/\\\/www.saporedicina.com\\\/english\\\/wp-content\\\/uploads\\\/2019\\\/04\\\/logo.jpg\",\"width\":800,\"height\":800,\"caption\":\"Sapore di Cina\"},\"image\":{\"@id\":\"https:\\\/\\\/www.saporedicina.com\\\/english\\\/#\\\/schema\\\/logo\\\/image\\\/\"},\"sameAs\":[\"https:\\\/\\\/www.facebook.com\\\/flavorofchina\",\"https:\\\/\\\/x.com\\\/saporedicina\",\"https:\\\/\\\/www.linkedin.com\\\/company\\\/saporedicina\\\/\",\"https:\\\/\\\/www.youtube.com\\\/channel\\\/UCl2ssfXqNmOeaY6l470UDlQ\"]}]}<\/script>\n<!-- \/ Yoast SEO plugin. -->","yoast_head_json":{"title":"Travel, Live, Work, Study or do Business in Singapore - Sapore di Cina","description":"Learn how to travel, live, find a job, study or do business in Singapore","robots":{"index":"index","follow":"follow","max-snippet":"max-snippet:-1","max-image-preview":"max-image-preview:large","max-video-preview":"max-video-preview:-1"},"canonical":"https:\/\/www.saporedicina.com\/english\/singapore\/","og_locale":"en_US","og_type":"article","og_title":"Travel, Live, Work, Study or do Business in Singapore - Sapore di Cina","og_description":"Learn how to travel, live, find a job, study or do business in Singapore","og_url":"https:\/\/www.saporedicina.com\/english\/singapore\/","og_site_name":"Sapore di Cina","article_publisher":"https:\/\/www.facebook.com\/flavorofchina","article_modified_time":"2021-03-23T09:48:45+00:00","og_image":[{"url":"https:\/\/www.saporedicina.com\/wp-content\/uploads\/landingpages\/travel_to_china.jpg","type":"","width":"","height":""}],"twitter_card":"summary_large_image","twitter_site":"@saporedicina","twitter_misc":{"Est. reading time":"3 minutes"},"schema":{"@context":"https:\/\/schema.org","@graph":[{"@type":"WebPage","@id":"https:\/\/www.saporedicina.com\/english\/singapore\/","url":"https:\/\/www.saporedicina.com\/english\/singapore\/","name":"Travel, Live, Work, Study or do Business in Singapore - Sapore di Cina","isPartOf":{"@id":"https:\/\/www.saporedicina.com\/english\/#website"},"primaryImageOfPage":{"@id":"https:\/\/www.saporedicina.com\/english\/singapore\/#primaryimage"},"image":{"@id":"https:\/\/www.saporedicina.com\/english\/singapore\/#primaryimage"},"thumbnailUrl":"https:\/\/www.saporedicina.com\/english\/wp-content\/uploads\/2021\/04\/internship-singapore.jpg","datePublished":"2020-02-26T22:05:32+00:00","dateModified":"2021-03-23T09:48:45+00:00","description":"Learn how to travel, live, find a job, study or do business in Singapore","breadcrumb":{"@id":"https:\/\/www.saporedicina.com\/english\/singapore\/#breadcrumb"},"inLanguage":"en-US","potentialAction":[{"@type":"ReadAction","target":["https:\/\/www.saporedicina.com\/english\/singapore\/"]}]},{"@type":"ImageObject","inLanguage":"en-US","@id":"https:\/\/www.saporedicina.com\/english\/singapore\/#primaryimage","url":"https:\/\/www.saporedicina.com\/english\/wp-content\/uploads\/2021\/04\/internship-singapore.jpg","contentUrl":"https:\/\/www.saporedicina.com\/english\/wp-content\/uploads\/2021\/04\/internship-singapore.jpg","width":700,"height":376,"caption":"Internship Singapore"},{"@type":"BreadcrumbList","@id":"https:\/\/www.saporedicina.com\/english\/singapore\/#breadcrumb","itemListElement":[{"@type":"ListItem","position":1,"name":"Home","item":"https:\/\/www.saporedicina.com\/english\/"},{"@type":"ListItem","position":2,"name":"Live or Travel in Singapore &#8211; Sapore di Cina"}]},{"@type":"WebSite","@id":"https:\/\/www.saporedicina.com\/english\/#website","url":"https:\/\/www.saporedicina.com\/english\/","name":"Sapore di Cina","description":"Learn Chinese, Travel, Study or Work in China and Asia","publisher":{"@id":"https:\/\/www.saporedicina.com\/english\/#organization"},"alternateName":"SDC","potentialAction":[{"@type":"SearchAction","target":{"@type":"EntryPoint","urlTemplate":"https:\/\/www.saporedicina.com\/english\/?s={search_term_string}"},"query-input":{"@type":"PropertyValueSpecification","valueRequired":true,"valueName":"search_term_string"}}],"inLanguage":"en-US"},{"@type":"Organization","@id":"https:\/\/www.saporedicina.com\/english\/#organization","name":"Sapore di Cina","alternateName":"SDC","url":"https:\/\/www.saporedicina.com\/english\/","logo":{"@type":"ImageObject","inLanguage":"en-US","@id":"https:\/\/www.saporedicina.com\/english\/#\/schema\/logo\/image\/","url":"https:\/\/www.saporedicina.com\/english\/wp-content\/uploads\/2019\/04\/logo.jpg","contentUrl":"https:\/\/www.saporedicina.com\/english\/wp-content\/uploads\/2019\/04\/logo.jpg","width":800,"height":800,"caption":"Sapore di Cina"},"image":{"@id":"https:\/\/www.saporedicina.com\/english\/#\/schema\/logo\/image\/"},"sameAs":["https:\/\/www.facebook.com\/flavorofchina","https:\/\/x.com\/saporedicina","https:\/\/www.linkedin.com\/company\/saporedicina\/","https:\/\/www.youtube.com\/channel\/UCl2ssfXqNmOeaY6l470UDlQ"]}]}},"uagb_featured_image_src":{"full":["https:\/\/www.saporedicina.com\/english\/wp-content\/uploads\/2021\/04\/internship-singapore.jpg",700,376,false],"thumbnail":["https:\/\/www.saporedicina.com\/english\/wp-content\/uploads\/2021\/04\/internship-singapore-150x150.jpg",150,150,true],"medium":["https:\/\/www.saporedicina.com\/english\/wp-content\/uploads\/2021\/04\/internship-singapore-300x161.jpg",300,161,true],"medium_large":["https:\/\/www.saporedicina.com\/english\/wp-content\/uploads\/2021\/04\/internship-singapore.jpg",700,376,false],"large":["https:\/\/www.saporedicina.com\/english\/wp-content\/uploads\/2021\/04\/internship-singapore.jpg",700,376,false],"1536x1536":["https:\/\/www.saporedicina.com\/english\/wp-content\/uploads\/2021\/04\/internship-singapore.jpg",700,376,false],"2048x2048":["https:\/\/www.saporedicina.com\/english\/wp-content\/uploads\/2021\/04\/internship-singapore.jpg",700,376,false]},"uagb_author_info":{"display_name":"Sergi Portol\u00e9s","author_link":"https:\/\/www.saporedicina.com\/english\/author\/sborto\/"},"uagb_comment_info":0,"uagb_excerpt":"travel to Singapore Visas, Insurances, Hotels, Internet, Money, Tours and More Business in Asia Everything You Need to Do Business in Singapore and Asia Latest Articles Read Our Latest Published Articles&#8230; as seen in Other Destinations China Hong Kong SAR Taiwan ROC Singapore Thailand Vietnam General Information Official name: Republic of Singapore (\u65b0\u52a0\u5761\u5171\u548c\u56fd, X\u012bnj\u012bap\u014d G\u00f2ngh\u00e9gu\u00f3,&hellip;","_links":{"self":[{"href":"https:\/\/www.saporedicina.com\/english\/wp-json\/wp\/v2\/pages\/24203","targetHints":{"allow":["GET"]}}],"collection":[{"href":"https:\/\/www.saporedicina.com\/english\/wp-json\/wp\/v2\/pages"}],"about":[{"href":"https:\/\/www.saporedicina.com\/english\/wp-json\/wp\/v2\/types\/page"}],"author":[{"embeddable":true,"href":"https:\/\/www.saporedicina.com\/english\/wp-json\/wp\/v2\/users\/2"}],"replies":[{"embeddable":true,"href":"https:\/\/www.saporedicina.com\/english\/wp-json\/wp\/v2\/comments?post=24203"}],"version-history":[{"count":0,"href":"https:\/\/www.saporedicina.com\/english\/wp-json\/wp\/v2\/pages\/24203\/revisions"}],"wp:featuredmedia":[{"embeddable":true,"href":"https:\/\/www.saporedicina.com\/english\/wp-json\/wp\/v2\/media\/27656"}],"wp:attachment":[{"href":"https:\/\/www.saporedicina.com\/english\/wp-json\/wp\/v2\/media?parent=24203"}],"curies":[{"name":"wp","href":"https:\/\/api.w.org\/{rel}","templated":true}]}}